 
{"id":2537,"date":"2016-11-22T15:33:18","date_gmt":"2016-11-22T14:33:18","guid":{"rendered":"https:\/\/www.edenpalace.ch\/it\/?page_id=2537"},"modified":"2016-12-11T21:52:37","modified_gmt":"2016-12-11T20:52:37","slug":"libro-degli-ospiti","status":"publish","type":"page","link":"https:\/\/www.edenpalace.ch\/it\/montreux\/libro-degli-ospiti\/","title":{"rendered":"Libro degli ospiti"},"content":{"rendered":"<div class=\"wpb-content-wrapper\"><p>[vc_row][vc_column][rev_slider_vc alias=&#8221;histoire&#8221;][\/vc_column][\/vc_row][vc_row css=&#8221;.vc_custom_1471440433646{margin-top: 30px !important;}&#8221;][vc_column width=&#8221;1\/6&#8243;][vc_column_text][\/vc_column_text][\/vc_column][vc_column width=&#8221;2\/3&#8243;]<div class=\"benz_block_title style_9 \">\n\t\t\t\t<h2 class=\"title\" style=\"color:#303030\">Libro degli ospiti<\/h2>\n\t\t\t<\/div>[vc_column_text]<\/p>\n<p style=\"text-align: center;\">Da pi\u00f9 di 100 anni l\u2019Hotel Eden Palace au Lac \u00e9 un punto di riferimento della citt\u00e0 di Montreux. Aperto nell\u2019ottobre 1896, il notro Hotel ha saputo attraversare le epoche conservando tutta la sua autenticit\u00e0.<\/p>\n<p style=\"text-align: center;\">Numerose celebrit\u00e0 hanno soggiornato nel nostr Hotel. Da Charles Aznavour a Umberto Tozzi passando per George Clooney, Kofi Annan, Francis Huster, Van Morrison, Harry Roselmack, Fr\u00e9d\u00e9ric Fran\u00e7ois, Jean-Michel Jarre, Christophe Willem, R\u00e9gine, Pierre Richard. Ognuno ha saputo apprezzare il confort ed il fascino dell\u2019edificio.<\/p>\n<p>[\/vc_column_text][\/vc_column][vc_column width=&#8221;1\/6&#8243;][\/vc_column][\/vc_row][vc_row][vc_column]<div class=\"ult-spacer spacer-69f8d09ec7811\" data-id=\"69f8d09ec7811\" data-height=\"30\" data-height-mobile=\"\" data-height-tab=\"20\" data-height-tab-portrait=\"20\" data-height-mobile-landscape=\"10\" style=\"clear:both;display:block;\"><\/div>[\/vc_column][\/vc_row][vc_row type=&#8221;boxed&#8221; css=&#8221;.vc_custom_1477562952802{margin-top: 30px !important;}&#8221;][vc_column width=&#8221;1\/4&#8243;][vc_single_image image=&#8221;1754&#8243; alignment=&#8221;center&#8221; style=&#8221;vc_box_shadow_border_circle&#8221;]<div class=\"benz_block_title style_7 \">\n\t\t\t\t<h2 class=\"title\" style=\"color:#303030\">1975<\/h2>\n\t\t\t<\/div>[vc_column_text]<\/p>\n<p style=\"text-align: center;\">Charles Aznavour<\/p>\n<p>[\/vc_column_text][\/vc_column][vc_column width=&#8221;1\/4&#8243;][vc_single_image image=&#8221;1753&#8243; alignment=&#8221;center&#8221; style=&#8221;vc_box_shadow_border_circle&#8221;]<div class=\"benz_block_title style_7 \">\n\t\t\t\t<h2 class=\"title\" style=\"color:#303030\">1976<\/h2>\n\t\t\t<\/div>[vc_column_text]<\/p>\n<p style=\"text-align: center;\">Les pianistes Sammy Price et\u00a0Sir Charles Thompson.<br \/>\nVeronique Sanson, Charles Mingues &amp; Dizzy Gillespie<\/p>\n<p>[\/vc_column_text][\/vc_column][vc_column width=&#8221;1\/4&#8243;][vc_single_image image=&#8221;1756&#8243; alignment=&#8221;center&#8221; style=&#8221;vc_box_shadow_border_circle&#8221;]<div class=\"benz_block_title style_7 \">\n\t\t\t\t<h2 class=\"title\" style=\"color:#303030\">1977<\/h2>\n\t\t\t<\/div>[vc_column_text]<\/p>\n<p style=\"text-align: center;\">Le conseil f\u00e9d\u00e9ral suisse (Mr.Chevallaz, Cevey, Gnaegi &amp; Fugler)<\/p>\n<p>[\/vc_column_text][\/vc_column][vc_column width=&#8221;1\/4&#8243;][vc_single_image image=&#8221;1755&#8243; alignment=&#8221;center&#8221; style=&#8221;vc_box_shadow_border_circle&#8221;]<div class=\"benz_block_title style_7 \">\n\t\t\t\t<h2 class=\"title\" style=\"color:#303030\">1979<\/h2>\n\t\t\t<\/div>[vc_column_text]<\/p>\n<p style=\"text-align: center;\">Le groupe Eruption<\/p>\n<p>[\/vc_column_text][\/vc_column][\/vc_row][vc_row type=&#8221;boxed&#8221; css=&#8221;.vc_custom_1477562952802{margin-top: 30px !important;}&#8221;][vc_column width=&#8221;1\/4&#8243;][vc_single_image image=&#8221;1752&#8243; alignment=&#8221;center&#8221; style=&#8221;vc_box_shadow_border_circle&#8221;]<div class=\"benz_block_title style_7 \">\n\t\t\t\t<h2 class=\"title\" style=\"color:#303030\">1983<\/h2>\n\t\t\t<\/div>[vc_column_text]<\/p>\n<p style=\"text-align: center;\">Pop Star Christine Mc Vie<\/p>\n<p>[\/vc_column_text][\/vc_column][vc_column width=&#8221;1\/4&#8243;][vc_single_image image=&#8221;1767&#8243; alignment=&#8221;center&#8221; style=&#8221;vc_box_shadow_border_circle&#8221;]<div class=\"benz_block_title style_7 \">\n\t\t\t\t<h2 class=\"title\" style=\"color:#303030\">1990<\/h2>\n\t\t\t<\/div>[vc_column_text]<\/p>\n<p style=\"text-align: center;\">Roger Moore<\/p>\n<p>[\/vc_column_text][\/vc_column][vc_column width=&#8221;1\/4&#8243;][vc_single_image image=&#8221;1750&#8243; alignment=&#8221;center&#8221; style=&#8221;vc_box_shadow_border_circle&#8221;]<div class=\"benz_block_title style_7 \">\n\t\t\t\t<h2 class=\"title\" style=\"color:#303030\">1996<\/h2>\n\t\t\t<\/div>[vc_column_text]<\/p>\n<p style=\"text-align: center;\">Florent Pagny<\/p>\n<p>[\/vc_column_text][\/vc_column][vc_column width=&#8221;1\/4&#8243;][vc_single_image image=&#8221;1751&#8243; alignment=&#8221;center&#8221; style=&#8221;vc_box_shadow_border_circle&#8221;]<div class=\"benz_block_title style_7 \">\n\t\t\t\t<h2 class=\"title\" style=\"color:#303030\">1998<\/h2>\n\t\t\t<\/div>[vc_column_text]<\/p>\n<p style=\"text-align: center;\">Umberto Tozzi<\/p>\n<p>[\/vc_column_text][\/vc_column][\/vc_row][vc_row][vc_column]<div class=\"ult-spacer spacer-69f8d09ec79e8\" data-id=\"69f8d09ec79e8\" data-height=\"50\" data-height-mobile=\"\" data-height-tab=\"20\" data-height-tab-portrait=\"20\" data-height-mobile-landscape=\"10\" style=\"clear:both;display:block;\"><\/div>[\/vc_column][\/vc_row][vc_row full_width=&#8221;stretch_row&#8221; type=&#8221;boxed&#8221; css=&#8221;.vc_custom_1477593125306{margin-top: 30px !important;background-color: #ffffff !important;}&#8221;][vc_column]<div class=\"benz_block_title style_9 \">\n\t\t\t\t<h2 class=\"title\" style=\"color:#303030\">La nostra storia<\/h2>\n\t\t\t<\/div>[vc_column_text]<\/p>\n<p style=\"text-align: center;\"><strong><span lang=\"FR-CH\">1896<\/span><\/strong><span lang=\"FR-CH\"><br \/>\n1896 L\u2019Apertura officiale dell\u2019Hotel avvenne in Ottobre. \u00c8 in questo il momento che apparve la prima pubblicit\u00e0:<br \/>\n<\/span><\/p>\n<p style=\"text-align: center;\"><em>Hotel International, vicino al Kursaal, MONTREUX, sul viale<\/em><\/p>\n<p style=\"text-align: center;\"><em>Riapertura 10 Settembre 1897<\/em><\/p>\n<p style=\"text-align: center;\"><em>Edificio completamente nuovo, recentemente aperto, dotato di tutti i confort di uno stabilimento di prima classe. Ampia vista sul lago e sulle Alpi. Ascensore, corrente elettrica. Cucina curata, accuratezza continua. Prezzi modici. Famiglia Defago.\u00a0<\/em><em>Stessa Casa: Hotel de la Croix f\u00e9d\u00e9rale (Champ\u00e9ry, Valais)<\/em><\/p>\n<p>&nbsp;<\/p>\n<p style=\"text-align: center;\"><strong>1899<\/strong><\/p>\n<p style=\"text-align: center;\">La struttura montreusiana fu ricomprata da un gruppo di uomini d\u2019affari della regione Montreux-Losanna<\/p>\n<p>&nbsp;<\/p>\n<p style=\"text-align: center;\"><strong>1904<\/strong><\/p>\n<p style=\"text-align: center;\">Con il cambio del secolo, l\u2019edificio venne leggermente rinnovato, cambiando anche il nome: il vecchio \u2018International\u2019 divenne \u2018Eden\u2019.<\/p>\n<p>&nbsp;<\/p>\n<p style=\"text-align: center;\"><strong>1914<\/strong><\/p>\n<p style=\"text-align: center;\">La prima guerra mondiale pose un arresto definitivo all\u2019espansione turistica della citt\u00e0 di Montreux. La clientela tipica dei grandi Hotel diminu\u00ec drasticamente e la generazione di manager che aveva contribuito a creare la ricchezza del territorio spar\u00ec. Per mancanza di fondi, gli edifici vennero abbandonati e, lasciati senza manutenzione, presto deteriorano.<\/p>\n<p style=\"text-align: center;\">Per fortuna, l\u2019Hotel Eden inaspettatamente sfugg\u00ed al destino di molti altri hotel in tutta la Svizzera e non venne utilizzato come convalescenziario per i rifugiati di guerra.<\/p>\n<p>&nbsp;<\/p>\n<p style=\"text-align: center;\"><strong>Anni \u201920<\/strong><\/p>\n<p style=\"text-align: center;\">Durante i difficili anni post conflitto mondiale, l\u2019imprenditore Emile Ebehard-Falleger (1877-1963), gi\u00e0 legato alla gestione aziendale dell\u2019hotel dal 1910, prese il controllo definitivo della struttura e ricopri il ruolo di Direttore Genarale del nuovo\u00a0\u2018GRAND HOTEL EDEN\u2019.<\/p>\n<p>&nbsp;<\/p>\n<p style=\"text-align: center;\"><strong>1937<\/strong><\/p>\n<p style=\"text-align: center;\">Venne a mancare l\u2019architetto Louis Villard. Attore chiave dello sviluppo turistico di Montreux, Villard progett\u00f3\u00a0 e segu\u00ed la realizzazione dell\u2019hotel Eden, cos\u00ed come di altre rinomate strutture, tra le quali l\u2019Hotel Excelsior e Villa Toscane.<\/p>\n<p>&nbsp;<\/p>\n<p style=\"text-align: center;\"><strong>1940<\/strong><\/p>\n<p style=\"text-align: center;\">Lo scoppio della Seconda Guerra Mondiale ridusse drasticamante il turismo in tutta Europa, segnando cos\u00ed anche l\u2019inizio del peggior periodo economico della storia dell\u2019hotel.<\/p>\n<p>&nbsp;<\/p>\n<p style=\"text-align: center;\"><strong>1956<\/strong><\/p>\n<p style=\"text-align: center;\">In data 1 Giugno, alla scomparsa del direttore Ebehard-Fallager, l\u2019hotel venne venduto all\u2019imprenditore svizzero M. Frederic\u00a0 Tissot, gi\u00e0 proprietario del \u2018Grand Hotel\u2019 nella vicina cittadina di Vevey. Durante gli anni che seguirono, l\u2019hotel venne progressivamente rimodernizzato.<\/p>\n<p>&nbsp;<\/p>\n<p style=\"text-align: center;\"><strong>Anni \u201970<\/strong><\/p>\n<p style=\"text-align: center;\">Nonostante le recenti ristrutturazioni, venne presentato un progetto di distruzione completa dell\u2019 Hotel Eden a favore di un nuovo palazzo piu\u2019 all\u2019avvanguardia a 15 piani.<\/p>\n<p>&nbsp;<\/p>\n<p style=\"text-align: center;\"><strong>1974<\/strong><\/p>\n<p style=\"text-align: center;\">Successivamente al primo shock petrolifero, l\u2019hotel Eden si salv\u00f3 dal progetto di demolizione.<\/p>\n<p>&nbsp;<\/p>\n<p style=\"text-align: center;\"><strong>1974-1995<\/strong><\/p>\n<p style=\"text-align: center;\">La gestione della Struttura venne affidata all\u2019imprenditore Carlo De Mercurio, che\u00a0 agli albori degli anni \u201980 del secolo scorso, acquist\u00f3 definitivamente la struttura. Grazie all\u2019esperienza e all\u2019abilit\u00e0 del nuovo presidente, l\u2019hotel registr\u00f3 una progressiva crescita economica e divenne \u2018 HOTEL EDEN AU LAC&#8217;.<\/p>\n<p>&nbsp;<\/p>\n<p style=\"text-align: center;\"><strong>Anni 2000<\/strong><\/p>\n<p style=\"text-align: center;\">Dopo un colpo di fulmine per la cittadina di Montreux, l\u2019imprenditore inglese Gaston Jacques Murray compr\u00f3 l\u2019hotel, che da allora si chiama \u2018EDEN PALACE AU LAC\u2019.<\/p>\n<p>[\/vc_column_text][\/vc_column][\/vc_row]<\/p>\n<\/div>","protected":false},"excerpt":{"rendered":"<p>[vc_row][vc_column][rev_slider_vc alias=&#8221;histoire&#8221;][\/vc_column][\/vc_row][vc_row css=&#8221;.vc_custom_1471440433646{margin-top: 30px !important;}&#8221;][vc_column width=&#8221;1\/6&#8243;][vc_column_text][\/vc_column_text][\/vc_column][vc_column width=&#8221;2\/3&#8243;][vc_column_text] Da pi\u00f9 di 100 anni l\u2019Hotel Eden Palace au Lac \u00e9 un punto di riferimento della citt\u00e0 di Montreux. Aperto nell\u2019ottobre 1896, il notro Hotel ha saputo attraversare le epoche conservando tutta la sua autenticit\u00e0. Numerose celebrit\u00e0 hanno soggiornato nel nostr Hotel. Da Charles Aznavour a Umberto Tozzi [&hellip;]<\/p>\n","protected":false},"author":1,"featured_media":0,"parent":2529,"menu_order":0,"comment_status":"closed","ping_status":"closed","template":"page-full-width.php","meta":{"_acf_changed":false,"footnotes":""},"class_list":["post-2537","page","type-page","status-publish","hentry"],"acf":[],"yoast_head":"<!-- This site is optimized with the Yoast SEO plugin v25.3 - https:\/\/yoast.com\/wordpress\/plugins\/seo\/ -->\n<title>Libro degli ospiti - Eden Palace<\/title>\n<meta name=\"description\" content=\"Da pi\u00f9 di 100 anni l\u2019Hotel Eden Palace au Lac \u00e9 un punto di riferimento della citt\u00e0 di Montreux. Numerose celebrit\u00e0 hanno soggiornato nel nostr Hotel.\" \/>\n<meta name=\"robots\" content=\"index, follow, max-snippet:-1, max-image-preview:large, max-video-preview:-1\" \/>\n<link rel=\"canonical\" href=\"https:\/\/www.edenpalace.ch\/fr\/montreux\/livre-or\/\" \/>\n<meta property=\"og:locale\" content=\"it_IT\" \/>\n<meta property=\"og:type\" content=\"article\" \/>\n<meta property=\"og:title\" content=\"Libro degli ospiti - Eden Palace\" \/>\n<meta property=\"og:description\" content=\"Da pi\u00f9 di 100 anni l\u2019Hotel Eden Palace au Lac \u00e9 un punto di riferimento della citt\u00e0 di Montreux. Numerose celebrit\u00e0 hanno soggiornato nel nostr Hotel.\" \/>\n<meta property=\"og:url\" content=\"https:\/\/www.edenpalace.ch\/fr\/montreux\/livre-or\/\" \/>\n<meta property=\"og:site_name\" content=\"Eden Palace\" \/>\n<meta property=\"article:modified_time\" content=\"2016-12-11T20:52:37+00:00\" \/>\n<meta name=\"twitter:card\" content=\"summary_large_image\" \/>\n<meta name=\"twitter:label1\" content=\"Tempo di lettura stimato\" \/>\n\t<meta name=\"twitter:data1\" content=\"5 minuti\" \/>\n<script type=\"application\/ld+json\" class=\"yoast-schema-graph\">{\"@context\":\"https:\/\/schema.org\",\"@graph\":[{\"@type\":\"WebPage\",\"@id\":\"https:\/\/www.edenpalace.ch\/fr\/montreux\/livre-or\/\",\"url\":\"https:\/\/www.edenpalace.ch\/fr\/montreux\/livre-or\/\",\"name\":\"Libro degli ospiti - Eden Palace\",\"isPartOf\":{\"@id\":\"https:\/\/www.edenpalace.ch\/en\/#website\"},\"datePublished\":\"2016-11-22T14:33:18+00:00\",\"dateModified\":\"2016-12-11T20:52:37+00:00\",\"description\":\"Da pi\u00f9 di 100 anni l\u2019Hotel Eden Palace au Lac \u00e9 un punto di riferimento della citt\u00e0 di Montreux. Numerose celebrit\u00e0 hanno soggiornato nel nostr Hotel.\",\"breadcrumb\":{\"@id\":\"https:\/\/www.edenpalace.ch\/fr\/montreux\/livre-or\/#breadcrumb\"},\"inLanguage\":\"it-IT\",\"potentialAction\":[{\"@type\":\"ReadAction\",\"target\":[\"https:\/\/www.edenpalace.ch\/fr\/montreux\/livre-or\/\"]}]},{\"@type\":\"BreadcrumbList\",\"@id\":\"https:\/\/www.edenpalace.ch\/fr\/montreux\/livre-or\/#breadcrumb\",\"itemListElement\":[{\"@type\":\"ListItem\",\"position\":1,\"name\":\"Accueil\",\"item\":\"https:\/\/www.edenpalace.ch\/it\/\"},{\"@type\":\"ListItem\",\"position\":2,\"name\":\"Montreux\",\"item\":\"https:\/\/www.edenpalace.ch\/fr\/montreux\/\"},{\"@type\":\"ListItem\",\"position\":3,\"name\":\"Libro degli ospiti\"}]},{\"@type\":\"WebSite\",\"@id\":\"https:\/\/www.edenpalace.ch\/en\/#website\",\"url\":\"https:\/\/www.edenpalace.ch\/en\/\",\"name\":\"Eden Palace\",\"description\":\"Un site utilisant WordPress\",\"potentialAction\":[{\"@type\":\"SearchAction\",\"target\":{\"@type\":\"EntryPoint\",\"urlTemplate\":\"https:\/\/www.edenpalace.ch\/en\/?s={search_term_string}\"},\"query-input\":{\"@type\":\"PropertyValueSpecification\",\"valueRequired\":true,\"valueName\":\"search_term_string\"}}],\"inLanguage\":\"it-IT\"}]}<\/script>\n<!-- \/ Yoast SEO plugin. -->","yoast_head_json":{"title":"Libro degli ospiti - Eden Palace","description":"Da pi\u00f9 di 100 anni l\u2019Hotel Eden Palace au Lac \u00e9 un punto di riferimento della citt\u00e0 di Montreux. Numerose celebrit\u00e0 hanno soggiornato nel nostr Hotel.","robots":{"index":"index","follow":"follow","max-snippet":"max-snippet:-1","max-image-preview":"max-image-preview:large","max-video-preview":"max-video-preview:-1"},"canonical":"https:\/\/www.edenpalace.ch\/fr\/montreux\/livre-or\/","og_locale":"it_IT","og_type":"article","og_title":"Libro degli ospiti - Eden Palace","og_description":"Da pi\u00f9 di 100 anni l\u2019Hotel Eden Palace au Lac \u00e9 un punto di riferimento della citt\u00e0 di Montreux. Numerose celebrit\u00e0 hanno soggiornato nel nostr Hotel.","og_url":"https:\/\/www.edenpalace.ch\/fr\/montreux\/livre-or\/","og_site_name":"Eden Palace","article_modified_time":"2016-12-11T20:52:37+00:00","twitter_card":"summary_large_image","twitter_misc":{"Tempo di lettura stimato":"5 minuti"},"schema":{"@context":"https:\/\/schema.org","@graph":[{"@type":"WebPage","@id":"https:\/\/www.edenpalace.ch\/fr\/montreux\/livre-or\/","url":"https:\/\/www.edenpalace.ch\/fr\/montreux\/livre-or\/","name":"Libro degli ospiti - Eden Palace","isPartOf":{"@id":"https:\/\/www.edenpalace.ch\/en\/#website"},"datePublished":"2016-11-22T14:33:18+00:00","dateModified":"2016-12-11T20:52:37+00:00","description":"Da pi\u00f9 di 100 anni l\u2019Hotel Eden Palace au Lac \u00e9 un punto di riferimento della citt\u00e0 di Montreux. Numerose celebrit\u00e0 hanno soggiornato nel nostr Hotel.","breadcrumb":{"@id":"https:\/\/www.edenpalace.ch\/fr\/montreux\/livre-or\/#breadcrumb"},"inLanguage":"it-IT","potentialAction":[{"@type":"ReadAction","target":["https:\/\/www.edenpalace.ch\/fr\/montreux\/livre-or\/"]}]},{"@type":"BreadcrumbList","@id":"https:\/\/www.edenpalace.ch\/fr\/montreux\/livre-or\/#breadcrumb","itemListElement":[{"@type":"ListItem","position":1,"name":"Accueil","item":"https:\/\/www.edenpalace.ch\/it\/"},{"@type":"ListItem","position":2,"name":"Montreux","item":"https:\/\/www.edenpalace.ch\/fr\/montreux\/"},{"@type":"ListItem","position":3,"name":"Libro degli ospiti"}]},{"@type":"WebSite","@id":"https:\/\/www.edenpalace.ch\/en\/#website","url":"https:\/\/www.edenpalace.ch\/en\/","name":"Eden Palace","description":"Un site utilisant WordPress","potentialAction":[{"@type":"SearchAction","target":{"@type":"EntryPoint","urlTemplate":"https:\/\/www.edenpalace.ch\/en\/?s={search_term_string}"},"query-input":{"@type":"PropertyValueSpecification","valueRequired":true,"valueName":"search_term_string"}}],"inLanguage":"it-IT"}]}},"_links":{"self":[{"href":"https:\/\/www.edenpalace.ch\/it\/wp-json\/wp\/v2\/pages\/2537","targetHints":{"allow":["GET"]}}],"collection":[{"href":"https:\/\/www.edenpalace.ch\/it\/wp-json\/wp\/v2\/pages"}],"about":[{"href":"https:\/\/www.edenpalace.ch\/it\/wp-json\/wp\/v2\/types\/page"}],"author":[{"embeddable":true,"href":"https:\/\/www.edenpalace.ch\/it\/wp-json\/wp\/v2\/users\/1"}],"replies":[{"embeddable":true,"href":"https:\/\/www.edenpalace.ch\/it\/wp-json\/wp\/v2\/comments?post=2537"}],"version-history":[{"count":5,"href":"https:\/\/www.edenpalace.ch\/it\/wp-json\/wp\/v2\/pages\/2537\/revisions"}],"predecessor-version":[{"id":2915,"href":"https:\/\/www.edenpalace.ch\/it\/wp-json\/wp\/v2\/pages\/2537\/revisions\/2915"}],"up":[{"embeddable":true,"href":"https:\/\/www.edenpalace.ch\/it\/wp-json\/wp\/v2\/pages\/2529"}],"wp:attachment":[{"href":"https:\/\/www.edenpalace.ch\/it\/wp-json\/wp\/v2\/media?parent=2537"}],"curies":[{"name":"wp","href":"https:\/\/api.w.org\/{rel}","templated":true}]}}