 
{"id":2525,"date":"2016-11-22T15:23:51","date_gmt":"2016-11-22T14:23:51","guid":{"rendered":"https:\/\/www.edenpalace.ch\/it\/?page_id=2525"},"modified":"2016-12-15T19:25:41","modified_gmt":"2016-12-15T18:25:41","slug":"salon-1900","status":"publish","type":"page","link":"https:\/\/www.edenpalace.ch\/it\/i-vostri-eventi\/banchetti\/salon-1900\/","title":{"rendered":"Salon 1900"},"content":{"rendered":"<div class=\"wpb-content-wrapper\"><p>[vc_row full_width=&#8221;stretch_row_content_no_spaces&#8221;][vc_column][vc_single_image image=&#8221;1890&#8243;][\/vc_column][\/vc_row][vc_row][vc_column]<div class=\"ult-spacer spacer-69f8e37a93d62\" data-id=\"69f8e37a93d62\" data-height=\"50\" data-height-mobile=\"\" data-height-tab=\"20\" data-height-tab-portrait=\"20\" data-height-mobile-landscape=\"10\" style=\"clear:both;display:block;\"><\/div>[\/vc_column][\/vc_row][vc_row type=&#8221;boxed&#8221;][vc_column width=&#8221;2\/3&#8243;]<div class=\"benz_block_title style_9 \">\n\t\t\t\t<h2 class=\"title\" style=\"color:#303030\">Salon 1900<\/h2>\n\t\t\t<\/div>[vc_column_text css=&#8221;.vc_custom_1481723761142{margin-bottom: 0px !important;}&#8221;]<\/p>\n<p style=\"text-align: justify;\">Il nostro S<em>alon 1900<\/em>\u00a0di stile <em>Belle Epoque<\/em>, \u00e9 di una superficie di circa 340m2 e pu\u00f2 accogliere fino a 150 invitati; \u00e9 dotato di una splendida vista sulle Alpi e sul lago Lemano.<\/p>\n<p style=\"text-align: justify;\">Non esitate a contattarci per pi\u00f9 ampie informazioni sull\u2019organizzazione di una serata di gala, una festa aziendale o qualsiasi altro evento.<\/p>\n<p>[\/vc_column_text]<div class=\"ult-spacer spacer-69f8e37a93e09\" data-id=\"69f8e37a93e09\" data-height=\"30\" data-height-mobile=\"30\" data-height-tab=\"30\" data-height-tab-portrait=\"30\" data-height-mobile-landscape=\"30\" style=\"clear:both;display:block;\"><\/div>[\/vc_column][vc_column width=&#8221;1\/3&#8243; css=&#8221;.vc_custom_1474639912374{margin-bottom: 0px !important;}&#8221;][vc_single_image image=&#8221;1583&#8243; alignment=&#8221;center&#8221;][\/vc_column][\/vc_row][vc_row full_width=&#8221;stretch_row_content_no_spaces&#8221;][vc_column][vc_btn title=&#8221;Maggiori dettagli&#8221; style=&#8221;outline-custom&#8221; outline_custom_color=&#8221;#0a0a0a&#8221; outline_custom_hover_background=&#8221;#140459&#8243; outline_custom_hover_text=&#8221;#ffffff&#8221; align=&#8221;center&#8221; link=&#8221;url:https%3A%2F%2Fwww.edenpalace.ch%2Fwp-content%2Fuploads%2F2016%2F10%2FEdenPalaceauLac1409752137.pdf||target:%20_blank|rel:nofollow&#8221;][\/vc_column][\/vc_row]<\/p>\n<\/div>","protected":false},"excerpt":{"rendered":"<p>[vc_row full_width=&#8221;stretch_row_content_no_spaces&#8221;][vc_column][vc_single_image image=&#8221;1890&#8243;][\/vc_column][\/vc_row][vc_row][vc_column][\/vc_column][\/vc_row][vc_row type=&#8221;boxed&#8221;][vc_column width=&#8221;2\/3&#8243;][vc_column_text css=&#8221;.vc_custom_1481723761142{margin-bottom: 0px !important;}&#8221;] Il nostro Salon 1900\u00a0di stile Belle Epoque, \u00e9 di una superficie di circa 340m2 e pu\u00f2 accogliere fino a 150 invitati; \u00e9 dotato di una splendida vista sulle Alpi e sul lago Lemano. Non esitate a contattarci per pi\u00f9 ampie informazioni sull\u2019organizzazione di una serata di gala, [&hellip;]<\/p>\n","protected":false},"author":1,"featured_media":0,"parent":2508,"menu_order":0,"comment_status":"closed","ping_status":"closed","template":"page-full-width.php","meta":{"_acf_changed":false,"footnotes":""},"class_list":["post-2525","page","type-page","status-publish","hentry"],"acf":[],"yoast_head":"<!-- This site is optimized with the Yoast SEO plugin v25.3 - https:\/\/yoast.com\/wordpress\/plugins\/seo\/ -->\n<title>Salon 1900 - Eden Palace<\/title>\n<meta name=\"description\" content=\"Il nostro salone 1900 di stile Belle Epoque, \u00e9 di una superficie di circa 340m2 e pu\u00f2 accogliere fino a 150 invitati.\" \/>\n<meta name=\"robots\" content=\"index, follow, max-snippet:-1, max-image-preview:large, max-video-preview:-1\" \/>\n<link rel=\"canonical\" href=\"https:\/\/www.edenpalace.ch\/fr\/votre-evenement\/banquet-et-gala\/salle-1900\/\" \/>\n<meta property=\"og:locale\" content=\"it_IT\" \/>\n<meta property=\"og:type\" content=\"article\" \/>\n<meta property=\"og:title\" content=\"Salon 1900 - Eden Palace\" \/>\n<meta property=\"og:description\" content=\"Il nostro salone 1900 di stile Belle Epoque, \u00e9 di una superficie di circa 340m2 e pu\u00f2 accogliere fino a 150 invitati.\" \/>\n<meta property=\"og:url\" content=\"https:\/\/www.edenpalace.ch\/fr\/votre-evenement\/banquet-et-gala\/salle-1900\/\" \/>\n<meta property=\"og:site_name\" content=\"Eden Palace\" \/>\n<meta property=\"article:modified_time\" content=\"2016-12-15T18:25:41+00:00\" \/>\n<meta name=\"twitter:card\" content=\"summary_large_image\" \/>\n<meta name=\"twitter:label1\" content=\"Tempo di lettura stimato\" \/>\n\t<meta name=\"twitter:data1\" content=\"1 minuto\" \/>\n<script type=\"application\/ld+json\" class=\"yoast-schema-graph\">{\"@context\":\"https:\/\/schema.org\",\"@graph\":[{\"@type\":\"WebPage\",\"@id\":\"https:\/\/www.edenpalace.ch\/fr\/votre-evenement\/banquet-et-gala\/salle-1900\/\",\"url\":\"https:\/\/www.edenpalace.ch\/fr\/votre-evenement\/banquet-et-gala\/salle-1900\/\",\"name\":\"Salon 1900 - Eden Palace\",\"isPartOf\":{\"@id\":\"https:\/\/www.edenpalace.ch\/en\/#website\"},\"datePublished\":\"2016-11-22T14:23:51+00:00\",\"dateModified\":\"2016-12-15T18:25:41+00:00\",\"description\":\"Il nostro salone 1900 di stile Belle Epoque, \u00e9 di una superficie di circa 340m2 e pu\u00f2 accogliere fino a 150 invitati.\",\"breadcrumb\":{\"@id\":\"https:\/\/www.edenpalace.ch\/fr\/votre-evenement\/banquet-et-gala\/salle-1900\/#breadcrumb\"},\"inLanguage\":\"it-IT\",\"potentialAction\":[{\"@type\":\"ReadAction\",\"target\":[\"https:\/\/www.edenpalace.ch\/fr\/votre-evenement\/banquet-et-gala\/salle-1900\/\"]}]},{\"@type\":\"BreadcrumbList\",\"@id\":\"https:\/\/www.edenpalace.ch\/fr\/votre-evenement\/banquet-et-gala\/salle-1900\/#breadcrumb\",\"itemListElement\":[{\"@type\":\"ListItem\",\"position\":1,\"name\":\"Accueil\",\"item\":\"https:\/\/www.edenpalace.ch\/it\/\"},{\"@type\":\"ListItem\",\"position\":2,\"name\":\"I VOSTRI EVENTI\",\"item\":\"https:\/\/www.edenpalace.ch\/fr\/votre-evenement\/\"},{\"@type\":\"ListItem\",\"position\":3,\"name\":\"Banchetti\",\"item\":\"https:\/\/www.edenpalace.ch\/fr\/votre-evenement\/banquet-et-gala\/\"},{\"@type\":\"ListItem\",\"position\":4,\"name\":\"Salon 1900\"}]},{\"@type\":\"WebSite\",\"@id\":\"https:\/\/www.edenpalace.ch\/en\/#website\",\"url\":\"https:\/\/www.edenpalace.ch\/en\/\",\"name\":\"Eden Palace\",\"description\":\"Un site utilisant WordPress\",\"potentialAction\":[{\"@type\":\"SearchAction\",\"target\":{\"@type\":\"EntryPoint\",\"urlTemplate\":\"https:\/\/www.edenpalace.ch\/en\/?s={search_term_string}\"},\"query-input\":{\"@type\":\"PropertyValueSpecification\",\"valueRequired\":true,\"valueName\":\"search_term_string\"}}],\"inLanguage\":\"it-IT\"}]}<\/script>\n<!-- \/ Yoast SEO plugin. -->","yoast_head_json":{"title":"Salon 1900 - Eden Palace","description":"Il nostro salone 1900 di stile Belle Epoque, \u00e9 di una superficie di circa 340m2 e pu\u00f2 accogliere fino a 150 invitati.","robots":{"index":"index","follow":"follow","max-snippet":"max-snippet:-1","max-image-preview":"max-image-preview:large","max-video-preview":"max-video-preview:-1"},"canonical":"https:\/\/www.edenpalace.ch\/fr\/votre-evenement\/banquet-et-gala\/salle-1900\/","og_locale":"it_IT","og_type":"article","og_title":"Salon 1900 - Eden Palace","og_description":"Il nostro salone 1900 di stile Belle Epoque, \u00e9 di una superficie di circa 340m2 e pu\u00f2 accogliere fino a 150 invitati.","og_url":"https:\/\/www.edenpalace.ch\/fr\/votre-evenement\/banquet-et-gala\/salle-1900\/","og_site_name":"Eden Palace","article_modified_time":"2016-12-15T18:25:41+00:00","twitter_card":"summary_large_image","twitter_misc":{"Tempo di lettura stimato":"1 minuto"},"schema":{"@context":"https:\/\/schema.org","@graph":[{"@type":"WebPage","@id":"https:\/\/www.edenpalace.ch\/fr\/votre-evenement\/banquet-et-gala\/salle-1900\/","url":"https:\/\/www.edenpalace.ch\/fr\/votre-evenement\/banquet-et-gala\/salle-1900\/","name":"Salon 1900 - Eden Palace","isPartOf":{"@id":"https:\/\/www.edenpalace.ch\/en\/#website"},"datePublished":"2016-11-22T14:23:51+00:00","dateModified":"2016-12-15T18:25:41+00:00","description":"Il nostro salone 1900 di stile Belle Epoque, \u00e9 di una superficie di circa 340m2 e pu\u00f2 accogliere fino a 150 invitati.","breadcrumb":{"@id":"https:\/\/www.edenpalace.ch\/fr\/votre-evenement\/banquet-et-gala\/salle-1900\/#breadcrumb"},"inLanguage":"it-IT","potentialAction":[{"@type":"ReadAction","target":["https:\/\/www.edenpalace.ch\/fr\/votre-evenement\/banquet-et-gala\/salle-1900\/"]}]},{"@type":"BreadcrumbList","@id":"https:\/\/www.edenpalace.ch\/fr\/votre-evenement\/banquet-et-gala\/salle-1900\/#breadcrumb","itemListElement":[{"@type":"ListItem","position":1,"name":"Accueil","item":"https:\/\/www.edenpalace.ch\/it\/"},{"@type":"ListItem","position":2,"name":"I VOSTRI EVENTI","item":"https:\/\/www.edenpalace.ch\/fr\/votre-evenement\/"},{"@type":"ListItem","position":3,"name":"Banchetti","item":"https:\/\/www.edenpalace.ch\/fr\/votre-evenement\/banquet-et-gala\/"},{"@type":"ListItem","position":4,"name":"Salon 1900"}]},{"@type":"WebSite","@id":"https:\/\/www.edenpalace.ch\/en\/#website","url":"https:\/\/www.edenpalace.ch\/en\/","name":"Eden Palace","description":"Un site utilisant WordPress","potentialAction":[{"@type":"SearchAction","target":{"@type":"EntryPoint","urlTemplate":"https:\/\/www.edenpalace.ch\/en\/?s={search_term_string}"},"query-input":{"@type":"PropertyValueSpecification","valueRequired":true,"valueName":"search_term_string"}}],"inLanguage":"it-IT"}]}},"_links":{"self":[{"href":"https:\/\/www.edenpalace.ch\/it\/wp-json\/wp\/v2\/pages\/2525","targetHints":{"allow":["GET"]}}],"collection":[{"href":"https:\/\/www.edenpalace.ch\/it\/wp-json\/wp\/v2\/pages"}],"about":[{"href":"https:\/\/www.edenpalace.ch\/it\/wp-json\/wp\/v2\/types\/page"}],"author":[{"embeddable":true,"href":"https:\/\/www.edenpalace.ch\/it\/wp-json\/wp\/v2\/users\/1"}],"replies":[{"embeddable":true,"href":"https:\/\/www.edenpalace.ch\/it\/wp-json\/wp\/v2\/comments?post=2525"}],"version-history":[{"count":5,"href":"https:\/\/www.edenpalace.ch\/it\/wp-json\/wp\/v2\/pages\/2525\/revisions"}],"predecessor-version":[{"id":4184,"href":"https:\/\/www.edenpalace.ch\/it\/wp-json\/wp\/v2\/pages\/2525\/revisions\/4184"}],"up":[{"embeddable":true,"href":"https:\/\/www.edenpalace.ch\/it\/wp-json\/wp\/v2\/pages\/2508"}],"wp:attachment":[{"href":"https:\/\/www.edenpalace.ch\/it\/wp-json\/wp\/v2\/media?parent=2525"}],"curies":[{"name":"wp","href":"https:\/\/api.w.org\/{rel}","templated":true}]}}