 
{"id":992,"date":"2016-07-27T12:20:58","date_gmt":"2016-07-27T10:20:58","guid":{"rendered":"https:\/\/www.edenpalace.ch\/?page_id=992"},"modified":"2020-11-25T18:26:39","modified_gmt":"2020-11-25T17:26:39","slug":"montreux","status":"publish","type":"page","link":"https:\/\/www.edenpalace.ch\/fr\/montreux\/","title":{"rendered":"Montreux"},"content":{"rendered":"<div class=\"wpb-content-wrapper\"><p>[vc_row full_width=&#8221;stretch_row_content_no_spaces&#8221;][vc_column]    \t\n\t\t\n\t\t\n\t\t\t<div class=\"benz_products_furniture woocommerce\">\n\t\t<ul id=\"benz-products-furniture-1030971524\" class=\"products product small-block-grid-1 medium-block-grid-2 large-block-grid-3\">\n                                    \n<li class=\"\">\n\n\t<a href=\"https:\/\/www.edenpalace.ch\/fr\/produit\/festivals\/\" class=\"woocommerce-LoopProduct-link woocommerce-loop-product__link\">\n\n\n\t\t\n\t\t\n\t\t<div class=\"product_images_wrapper \">\n\n\t\t\t<div class=\"product_thumbnail\">\n\t\t\t\t\t<div class=\"product_images_hover\">\n\t\t\t\t\t\t<a class=\"read_more_product\" href=\"https:\/\/www.edenpalace.ch\/fr\/produit\/festivals\/\"><\/a>\n\t\t\t\t\t\t\n\t\t\t\t\t<\/div>\n\t\t\t\t\t<img loading=\"lazy\" decoding=\"async\" width=\"350\" height=\"350\" src=\"https:\/\/www.edenpalace.ch\/wp-content\/uploads\/2016\/10\/eden-palace-festivals-2-350x350.jpg\" class=\"attachment-shop_catalog size-shop_catalog wp-post-image\" alt=\"\" srcset=\"https:\/\/www.edenpalace.ch\/wp-content\/uploads\/2016\/10\/eden-palace-festivals-2.jpg 350w, https:\/\/www.edenpalace.ch\/wp-content\/uploads\/2016\/10\/eden-palace-festivals-2-100x100.jpg 100w, https:\/\/www.edenpalace.ch\/wp-content\/uploads\/2016\/10\/eden-palace-festivals-2-150x150.jpg 150w, https:\/\/www.edenpalace.ch\/wp-content\/uploads\/2016\/10\/eden-palace-festivals-2-300x300.jpg 300w, https:\/\/www.edenpalace.ch\/wp-content\/uploads\/2016\/10\/eden-palace-festivals-2-130x130.jpg 130w\" sizes=\"auto, (max-width: 350px) 100vw, 350px\" \/>\t\t\t<\/div><!--.product_thumbnail-->\n\n\t\t\t\n\t\t\t\t\t\t\n\t\t\t<div class=\"product_caption\">\n\t\t\t\t<div class=\"product_list_price\">\n\t\t\t\t\t\t\n\t\t\t\t<\/div>\n\t\t\t\t<div class=\"product-category\">\n\t\t\t\t\tMontreux\t\t\t\t<\/div>\n\t\t\t\t<h3><a class=\"product-title-link\" href=\"https:\/\/www.edenpalace.ch\/fr\/produit\/festivals\/\">Festivals<\/a><\/h3>\n\n\t\t\t\t\n\t\t\t<\/div>\n\n\t\t<\/div><!--.product_images_wrapper-->\n\n<\/li>                            \n<li class=\"\">\n\n\t<a href=\"https:\/\/www.edenpalace.ch\/fr\/produit\/activites\/\" class=\"woocommerce-LoopProduct-link woocommerce-loop-product__link\">\n\n\n\t\t\n\t\t\n\t\t<div class=\"product_images_wrapper \">\n\n\t\t\t<div class=\"product_thumbnail\">\n\t\t\t\t\t<div class=\"product_images_hover\">\n\t\t\t\t\t\t<a class=\"read_more_product\" href=\"https:\/\/www.edenpalace.ch\/fr\/produit\/activites\/\"><\/a>\n\t\t\t\t\t\t\n\t\t\t\t\t<\/div>\n\t\t\t\t\t<img loading=\"lazy\" decoding=\"async\" width=\"350\" height=\"350\" src=\"https:\/\/www.edenpalace.ch\/wp-content\/uploads\/2016\/08\/Eden-Palace-activites-box-350x350.jpg\" class=\"attachment-shop_catalog size-shop_catalog wp-post-image\" alt=\"\" srcset=\"https:\/\/www.edenpalace.ch\/wp-content\/uploads\/2016\/08\/Eden-Palace-activites-box.jpg 350w, https:\/\/www.edenpalace.ch\/wp-content\/uploads\/2016\/08\/Eden-Palace-activites-box-100x100.jpg 100w, https:\/\/www.edenpalace.ch\/wp-content\/uploads\/2016\/08\/Eden-Palace-activites-box-150x150.jpg 150w, https:\/\/www.edenpalace.ch\/wp-content\/uploads\/2016\/08\/Eden-Palace-activites-box-300x300.jpg 300w, https:\/\/www.edenpalace.ch\/wp-content\/uploads\/2016\/08\/Eden-Palace-activites-box-130x130.jpg 130w\" sizes=\"auto, (max-width: 350px) 100vw, 350px\" \/>\t\t\t<\/div><!--.product_thumbnail-->\n\n\t\t\t\n\t\t\t\t\t\t\n\t\t\t<div class=\"product_caption\">\n\t\t\t\t<div class=\"product_list_price\">\n\t\t\t\t\t\t\n\t\t\t\t<\/div>\n\t\t\t\t<div class=\"product-category\">\n\t\t\t\t\tMontreux\t\t\t\t<\/div>\n\t\t\t\t<h3><a class=\"product-title-link\" href=\"https:\/\/www.edenpalace.ch\/fr\/produit\/activites\/\">Activit\u00e9s<\/a><\/h3>\n\n\t\t\t\t\n\t\t\t<\/div>\n\n\t\t<\/div><!--.product_images_wrapper-->\n\n<\/li>                            \n<li class=\"\">\n\n\t<a href=\"https:\/\/www.edenpalace.ch\/fr\/produit\/livre_d_or\/\" class=\"woocommerce-LoopProduct-link woocommerce-loop-product__link\">\n\n\n\t\t\n\t\t\n\t\t<div class=\"product_images_wrapper \">\n\n\t\t\t<div class=\"product_thumbnail\">\n\t\t\t\t\t<div class=\"product_images_hover\">\n\t\t\t\t\t\t<a class=\"read_more_product\" href=\"https:\/\/www.edenpalace.ch\/fr\/produit\/livre_d_or\/\"><\/a>\n\t\t\t\t\t\t\n\t\t\t\t\t<\/div>\n\t\t\t\t\t<img loading=\"lazy\" decoding=\"async\" width=\"350\" height=\"350\" src=\"https:\/\/www.edenpalace.ch\/wp-content\/uploads\/2015\/11\/Eden-Palace-festivals-box-350x350.jpg\" class=\"attachment-shop_catalog size-shop_catalog wp-post-image\" alt=\"\" srcset=\"https:\/\/www.edenpalace.ch\/wp-content\/uploads\/2015\/11\/Eden-Palace-festivals-box.jpg 350w, https:\/\/www.edenpalace.ch\/wp-content\/uploads\/2015\/11\/Eden-Palace-festivals-box-100x100.jpg 100w, https:\/\/www.edenpalace.ch\/wp-content\/uploads\/2015\/11\/Eden-Palace-festivals-box-150x150.jpg 150w, https:\/\/www.edenpalace.ch\/wp-content\/uploads\/2015\/11\/Eden-Palace-festivals-box-300x300.jpg 300w, https:\/\/www.edenpalace.ch\/wp-content\/uploads\/2015\/11\/Eden-Palace-festivals-box-130x130.jpg 130w\" sizes=\"auto, (max-width: 350px) 100vw, 350px\" \/>\t\t\t<\/div><!--.product_thumbnail-->\n\n\t\t\t\n\t\t\t\t\t\t\n\t\t\t<div class=\"product_caption\">\n\t\t\t\t<div class=\"product_list_price\">\n\t\t\t\t\t\t\n\t\t\t\t<\/div>\n\t\t\t\t<div class=\"product-category\">\n\t\t\t\t\tMontreux\t\t\t\t<\/div>\n\t\t\t\t<h3><a class=\"product-title-link\" href=\"https:\/\/www.edenpalace.ch\/fr\/produit\/livre_d_or\/\">Livre d&#8217;Or<\/a><\/h3>\n\n\t\t\t\t\n\t\t\t<\/div>\n\n\t\t<\/div><!--.product_images_wrapper-->\n\n<\/li>                    \t\t<\/ul>\n\t<\/div>\n\t<div class=\"ult-spacer spacer-69f8adba614ae\" data-id=\"69f8adba614ae\" data-height=\"30\" data-height-mobile=\"\" data-height-tab=\"20\" data-height-tab-portrait=\"20\" data-height-mobile-landscape=\"10\" style=\"clear:both;display:block;\"><\/div>[\/vc_column][\/vc_row][vc_row css=&#8221;.vc_custom_1471440433646{margin-top: 30px !important;}&#8221;][vc_column width=&#8221;1\/6&#8243;][vc_column_text][\/vc_column_text][\/vc_column][vc_column width=&#8221;2\/3&#8243;]<div class=\"benz_block_title style_9 \">\n\t\t\t\t<h2 class=\"title\" style=\"color:#303030\">Montreux<br \/>\nCarrefour culturel, historique et gastronomique<\/h2>\n\t\t\t<\/div>[vc_column_text]<\/p>\n<p style=\"text-align: justify;\">Montreux et sa r\u00e9gion sont renomm\u00e9s dans le monde entier pour ses festivals et la richesse de l\u2019offre culturelle locale. Le Montreux Jazz Festival comme figure de proue mais aussi \u00a0le Montreux Comedy ou encore le Cully Jazz sont des \u00e9v\u00e9nements d\u2019envergure internationale. L\u2019h\u00f4tel Eden Palace au Lac est id\u00e9alement situ\u00e9 sur les bords du lac L\u00e9man \u00e0 quelques encablures seulement de toutes ces manifestations culturelles d&#8217;envergure.<\/p>\n<p style=\"text-align: justify;\">La r\u00e9gion poss\u00e8de aussi un patrimoine historique remarquable, une gastronomie de haut rang et des activit\u00e9s en tous genres pour satisfaire chacun. Que ce soit le <a href=\"http:\/\/www.chillon.ch\/fr\">ch\u00e2teau de Chillon<\/a>, les <a href=\"http:\/\/www.lavaux.ch\/SRC\/2010\/index.html\">vignobles en terrasse de Lavaux<\/a> ou encore le <a href=\"https:\/\/www.casinosbarriere.com\/fr\/montreux.html\">casino de Montreux<\/a>, il y a toujours quelque chose \u00e0 visiter ou \u00e0 faire \u00e0 Montreux. Des activit\u00e9s facilement accessibles depuis notre palace sur les bords du Lac L\u00e9man. Nous vous invitons \u00e0 consulter les diff\u00e9rents <a href=\"https:\/\/www.edenpalace.ch\/fr\/montreux\/festivals-2\/\">\u00e9v\u00e8nements<\/a> et <a href=\"https:\/\/www.edenpalace.ch\/fr\/montreux\/activites\/\">activit\u00e9s<\/a> qui animent Montreux tout au long de l\u2019ann\u00e9e.<\/p>\n<p style=\"text-align: justify;\">Les nombreuses c\u00e9l\u00e9brit\u00e9s qui se sont succ\u00e9d\u00e9es dans notre h\u00f4tel de luxe ne s\u2019y sont pas tromp\u00e9es. Retrouvez <a href=\"https:\/\/www.edenpalace.ch\/fr\/montreux\/livre-or\/\">ici<\/a> le livre d\u2019or de l\u2019Eden Palace au Lac.<\/p>\n<p>[\/vc_column_text]<div class=\"ult-spacer spacer-69f8adba61561\" data-id=\"69f8adba61561\" data-height=\"30\" data-height-mobile=\"\" data-height-tab=\"20\" data-height-tab-portrait=\"20\" data-height-mobile-landscape=\"10\" style=\"clear:both;display:block;\"><\/div>[\/vc_column][vc_column width=&#8221;1\/6&#8243;][\/vc_column][\/vc_row][vc_row disable_element=&#8221;yes&#8221; css=&#8221;.vc_custom_1606323736608{border-top-width: 1px !important;border-right-width: 0px !important;border-bottom-width: 1px !important;border-left-width: 0px !important;padding-top: 25px !important;padding-bottom: 15px !important;border-left-color: #e8e8e8 !important;border-left-style: none !important;border-right-color: #e8e8e8 !important;border-right-style: none !important;border-top-color: #e8e8e8 !important;border-top-style: none !important;border-bottom-color: #e8e8e8 !important;border-bottom-style: none !important;}&#8221; el_class=&#8221;bloc-compteurs&#8221;][vc_column]<div id=\"ult-carousel-161285845969f8adba61a10\" class=\"ult-carousel-wrapper  vc_custom_1477496783075 counter-benz-style-2 ult_horizontal\" data-gutter=\"15\" data-rtl=\"false\" ><div class=\"ult-carousel-364223378369f8adba61647 \" ><div class=\"ult-item-wrap\" data-animation=\"animated no-animation\"><div class=\"stats-block stats-top  \"><div class=\"aio-icon-top\"><div class=\"ult-item-wrap\" data-animation=\"animated no-animation\"><div class=\"ult-just-icon-wrapper  \"><div class=\"align-icon\" style=\"text-align:center;\">\n<div class=\"aio-icon-img \" style=\"font-size:60px;display:inline-block;\" >\n\t<img decoding=\"async\" class=\"img-icon\" alt=\"\" src=\"https:\/\/www.edenpalace.ch\/wp-content\/uploads\/2016\/07\/walking-with-dog.png\"\/>\n<\/div><\/div><\/div><\/div><\/div><div class=\"stats-desc\" id=\"counter-responsv-wrap-8673\"><div class=\"counter_prefix mycust ult-responsive\"  data-ultimate-target='#counter-responsv-wrap-8673 .mycust'  data-responsive-json-new='{\"font-size\":\"\",\"line-height\":\"\"}'  style=\" color:\">Pr\u00e8s de<br \/>\n<\/div><div id=\"counter_410970174469f8adba6261f\" data-id=\"counter_410970174469f8adba6261f\"  data-ultimate-target='#counter-responsv-wrap-8673 .stats-number'  data-responsive-json-new='{\"font-size\":\"desktop:36px;\",\"line-height\":\"desktop:36px;\"}'  class=\"stats-number ult-responsive\" style=\" color:#515151; font-family:&#039;Raleway&#039;;font-weight:800;color:#303030;\" data-speed=\"3\" data-counter-value=\"7\" data-separator=\"none\" data-decimal=\".\">0<\/div><div id=\"title-counter_410970174469f8adba6261f\"  data-ultimate-target='#counter-responsv-wrap-8673 .stats-text'  data-responsive-json-new='{\"font-size\":\"desktop:18px;\",\"line-height\":\"desktop:24px;\"}'  class=\"stats-text ult-responsive\" style=\"font-size:px; color:#515151; font-family:&#039;Playfair Display&#039;;font-style:italic;font-weight:normal;\">km de balade sur la Riviera<\/div><\/div><\/div><\/div><div class=\"ult-item-wrap\" data-animation=\"animated no-animation\"><div class=\"stats-block stats-top  \"><div class=\"aio-icon-top\"><div class=\"ult-item-wrap\" data-animation=\"animated no-animation\"><div class=\"ult-just-icon-wrapper  \"><div class=\"align-icon\" style=\"text-align:center;\">\n<div class=\"aio-icon-img \" style=\"font-size:60px;display:inline-block;\" >\n\t<img decoding=\"async\" class=\"img-icon\" alt=\"\" src=\"https:\/\/www.edenpalace.ch\/wp-content\/uploads\/2016\/07\/jazz-saxophone.png\"\/>\n<\/div><\/div><\/div><\/div><\/div><div class=\"stats-desc\" id=\"counter-responsv-wrap-6780\"><div class=\"counter_prefix mycust ult-responsive\"  data-ultimate-target='#counter-responsv-wrap-6780 .mycust'  data-responsive-json-new='{\"font-size\":\"\",\"line-height\":\"\"}'  style=\" color:\">Plus de<br \/>\n<\/div><div id=\"counter_13777660469f8adba63076\" data-id=\"counter_13777660469f8adba63076\"  data-ultimate-target='#counter-responsv-wrap-6780 .stats-number'  data-responsive-json-new='{\"font-size\":\"desktop:36px;\",\"line-height\":\"desktop:36px;\"}'  class=\"stats-number ult-responsive\" style=\" color:#515151; font-family:&#039;Raleway&#039;;font-weight:800;color:#303030;\" data-speed=\"3\" data-counter-value=\"500\" data-separator=\"none\" data-decimal=\".\">0<\/div><div id=\"title-counter_13777660469f8adba63076\"  data-ultimate-target='#counter-responsv-wrap-6780 .stats-text'  data-responsive-json-new='{\"font-size\":\"desktop:18px;\",\"line-height\":\"desktop:24px;\"}'  class=\"stats-text ult-responsive\" style=\"font-size:px; color:#515151; font-family:&#039;Playfair Display&#039;;font-style:italic;font-weight:normal;\">Festivals et \u00e9v\u00e9nements par an<\/div><\/div><\/div><\/div><div class=\"ult-item-wrap\" data-animation=\"animated no-animation\"><div class=\"stats-block stats-top  \"><div class=\"aio-icon-top\"><div class=\"ult-item-wrap\" data-animation=\"animated no-animation\"><div class=\"ult-just-icon-wrapper  \"><div class=\"align-icon\" style=\"text-align:center;\">\n<div class=\"aio-icon-img \" style=\"font-size:80px;display:inline-block;\" >\n\t<img decoding=\"async\" class=\"img-icon\" alt=\"\" src=\"https:\/\/www.edenpalace.ch\/wp-content\/uploads\/2016\/07\/family-with-balloons.png\"\/>\n<\/div><\/div><\/div><\/div><\/div><div class=\"stats-desc\" id=\"counter-responsv-wrap-4088\"><div class=\"counter_prefix mycust ult-responsive\"  data-ultimate-target='#counter-responsv-wrap-4088 .mycust'  data-responsive-json-new='{\"font-size\":\"\",\"line-height\":\"\"}'  style=\" color:\">Plus de<br \/>\n<\/div><div id=\"counter_11245639569f8adba63a87\" data-id=\"counter_11245639569f8adba63a87\"  data-ultimate-target='#counter-responsv-wrap-4088 .stats-number'  data-responsive-json-new='{\"font-size\":\"desktop:36px;\",\"line-height\":\"desktop:36px;\"}'  class=\"stats-number ult-responsive\" style=\" color:#515151; font-family:&#039;Raleway&#039;;font-weight:800;color:#303030;\" data-speed=\"3\" data-counter-value=\"200\" data-separator=\"none\" data-decimal=\".\">0<\/div><div id=\"title-counter_11245639569f8adba63a87\"  data-ultimate-target='#counter-responsv-wrap-4088 .stats-text'  data-responsive-json-new='{\"font-size\":\"desktop:18px;\",\"line-height\":\"desktop:24px;\"}'  class=\"stats-text ult-responsive\" style=\"font-size:px; color:#515151; font-family:&#039;Playfair Display&#039;;font-style:italic;font-weight:normal;\">Activit\u00e9s et visites pour tous les \u00e2ges<\/div><\/div><\/div><\/div><\/div><\/div>\t\t\t<script type=\"text\/javascript\">\n\t\t\t\tjQuery(document).ready(function ($) {\n\t\t\t\t\tif( typeof jQuery('.ult-carousel-364223378369f8adba61647').slick == \"function\"){\n\t\t\t\t\t\t$('.ult-carousel-364223378369f8adba61647').slick({dots: false,autoplay: true,autoplaySpeed: \"5000\",speed: \"300\",infinite: true,arrows: false,slidesToScroll:3,slidesToShow:3,swipe: true,draggable: true,touchMove: true,pauseOnHover: true,pauseOnFocus: false,responsive: [\n\t\t\t\t\t\t\t{\n\t\t\t\t\t\t\t  breakpoint: 1026,\n\t\t\t\t\t\t\t  settings: {\n\t\t\t\t\t\t\t\tslidesToShow: 3,\n\t\t\t\t\t\t\t\tslidesToScroll: 3,  \n\t\t\t\t\t\t\t  }\n\t\t\t\t\t\t\t},\n\t\t\t\t\t\t\t{\n\t\t\t\t\t\t\t  breakpoint: 1025,\n\t\t\t\t\t\t\t  settings: {\n\t\t\t\t\t\t\t\tslidesToShow: 3,\n\t\t\t\t\t\t\t\tslidesToScroll: 3\n\t\t\t\t\t\t\t  }\n\t\t\t\t\t\t\t},\n\t\t\t\t\t\t\t{\n\t\t\t\t\t\t\t  breakpoint: 760,\n\t\t\t\t\t\t\t  settings: {\n\t\t\t\t\t\t\t\tslidesToShow: 3,\n\t\t\t\t\t\t\t\tslidesToScroll: 3\n\t\t\t\t\t\t\t  }\n\t\t\t\t\t\t\t}\n\t\t\t\t\t\t],pauseOnDotsHover: true,customPaging: function(slider, i) {\n                   return '<i type=\"button\" style= \"color:#333333;\" class=\"ultsl-record\" data-role=\"none\"><\/i>';\n                },});\n\t\t\t\t\t}\n\t\t\t\t});\n\t\t\t<\/script>\n\t\t\t[\/vc_column][\/vc_row][vc_row disable_element=&#8221;yes&#8221;][vc_column offset=&#8221;vc_hidden-lg vc_hidden-md vc_hidden-sm vc_hidden-xs&#8221;]<div class=\"ult-spacer spacer-69f8adba63b5c\" data-id=\"69f8adba63b5c\" data-height=\"60\" data-height-mobile=\"\" data-height-tab=\"40\" data-height-tab-portrait=\"40\" data-height-mobile-landscape=\"20\" style=\"clear:both;display:block;\"><\/div><div class=\"benz_block_title style_9 \">\n\t\t\t\t<h2 class=\"title\" style=\"color:#303030\">Prochain \u00e9v\u00e8nement \u00e0 Montreux<\/h2>\n\t\t\t<\/div><div class=\"ult-spacer spacer-69f8adba63bf6\" data-id=\"69f8adba63bf6\" data-height=\"40\" data-height-mobile=\"20\" data-height-tab=\"30\" data-height-tab-portrait=\"30\" data-height-mobile-landscape=\"20\" style=\"clear:both;display:block;\"><\/div>[\/vc_column][\/vc_row][vc_row disable_element=&#8221;yes&#8221; columns_height=&#8221;columns_auto_height&#8221; css=&#8221;.vc_custom_1548231509542{background-image: url(https:\/\/www.edenpalace.ch\/wp-content\/uploads\/2017\/02\/eden-palace-evenement-ouverture-billetterie-Montreux-Jazz-Festival.jpg?id=4370) !important;background-position: center !important;background-repeat: no-repeat !important;background-size: cover !important;}&#8221; el_class=&#8221;countdown-restaurant&#8221;][vc_column el_class=&#8221;text-align-center&#8221; offset=&#8221;vc_hidden-lg vc_hidden-md vc_hidden-sm vc_hidden-xs&#8221;]<div class=\"ult-spacer spacer-69f8adba63c57\" data-id=\"69f8adba63c57\" data-height=\"55\" data-height-mobile=\"30\" data-height-tab=\"40\" data-height-tab-portrait=\"40\" data-height-mobile-landscape=\"30\" style=\"clear:both;display:block;\"><\/div>[vc_column_text el_class=&#8221;bloc-evenement titre&#8221;]<\/p>\n<p style=\"text-align: center;\">Nouvel an<\/p>\n<p>[\/vc_column_text]<div class=\"ult-spacer spacer-69f8adba63ca3\" data-id=\"69f8adba63ca3\" data-height=\"60\" data-height-mobile=\"0\" data-height-tab=\"30\" data-height-tab-portrait=\"30\" data-height-mobile-landscape=\"0\" style=\"clear:both;display:block;\"><\/div><a href=\"https:\/\/www.edenpalace.ch\/wp-content\/uploads\/2018\/11\/eden-palace-forfait-nouvel-an-FR.pdf\" target=\"_blank\" data-hover-background-color=#140459 data-hover-border-color=#140459 data-hover-color=#ffffff class=\"nova-button  small default\" style=\"font-size: 15px; line-height: 48px; color: #020202; background-color: #eaeaea;border-style:solid;border-color:#000000;border-width:3px;border-radius: 10px;-moz-border-radius: 10px;-webkit-border-radius: 10px; margin: 0 auto 0 30px; \"><span> Forfait nouvel an<\/span><\/a><div class=\"ult-spacer spacer-69f8adba63d6c\" data-id=\"69f8adba63d6c\" data-height=\"30\" data-height-mobile=\"30\" data-height-tab=\"30\" data-height-tab-portrait=\"30\" data-height-mobile-landscape=\"30\" style=\"clear:both;display:block;\"><\/div>[\/vc_column][\/vc_row][vc_row][vc_column][\/vc_column][\/vc_row]<\/p>\n<\/div>","protected":false},"excerpt":{"rendered":"<p>[vc_row full_width=&#8221;stretch_row_content_no_spaces&#8221;][vc_column][\/vc_column][\/vc_row][vc_row css=&#8221;.vc_custom_1471440433646{margin-top: 30px !important;}&#8221;][vc_column width=&#8221;1\/6&#8243;][vc_column_text][\/vc_column_text][\/vc_column][vc_column width=&#8221;2\/3&#8243;][vc_column_text] Montreux et sa r\u00e9gion sont renomm\u00e9s dans le monde entier pour ses festivals et la richesse de l\u2019offre culturelle locale. Le Montreux Jazz Festival comme figure de proue mais aussi \u00a0le Montreux Comedy ou encore le Cully Jazz sont des \u00e9v\u00e9nements d\u2019envergure internationale. L\u2019h\u00f4tel Eden Palace au Lac [&hellip;]<\/p>\n","protected":false},"author":1,"featured_media":0,"parent":0,"menu_order":0,"comment_status":"closed","ping_status":"closed","template":"page-full-width.php","meta":{"_acf_changed":false,"footnotes":""},"class_list":["post-992","page","type-page","status-publish","hentry"],"acf":[],"yoast_head":"<!-- This site is optimized with the Yoast SEO plugin v25.3 - https:\/\/yoast.com\/wordpress\/plugins\/seo\/ -->\n<title>MONTREUX - Eden Palace<\/title>\n<meta name=\"description\" content=\"Montreux et sa r\u00e9gion sont renomm\u00e9s dans le monde entier pour ses festivals et la richesse de l\u2019offre culturelle locale.\" \/>\n<meta name=\"robots\" content=\"index, follow, max-snippet:-1, max-image-preview:large, max-video-preview:-1\" \/>\n<link rel=\"canonical\" href=\"https:\/\/www.edenpalace.ch\/fr\/montreux\/\" \/>\n<meta property=\"og:locale\" content=\"fr_FR\" \/>\n<meta property=\"og:type\" content=\"article\" \/>\n<meta property=\"og:title\" content=\"MONTREUX - Eden Palace\" \/>\n<meta property=\"og:description\" content=\"Montreux et sa r\u00e9gion sont renomm\u00e9s dans le monde entier pour ses festivals et la richesse de l\u2019offre culturelle locale.\" \/>\n<meta property=\"og:url\" content=\"https:\/\/www.edenpalace.ch\/fr\/montreux\/\" \/>\n<meta property=\"og:site_name\" content=\"Eden Palace\" \/>\n<meta property=\"article:modified_time\" content=\"2020-11-25T17:26:39+00:00\" \/>\n<meta name=\"twitter:card\" content=\"summary_large_image\" \/>\n<meta name=\"twitter:label1\" content=\"Dur\u00e9e de lecture estim\u00e9e\" \/>\n\t<meta name=\"twitter:data1\" content=\"5 minutes\" \/>\n<script type=\"application\/ld+json\" class=\"yoast-schema-graph\">{\"@context\":\"https:\/\/schema.org\",\"@graph\":[{\"@type\":\"WebPage\",\"@id\":\"https:\/\/www.edenpalace.ch\/fr\/montreux\/\",\"url\":\"https:\/\/www.edenpalace.ch\/fr\/montreux\/\",\"name\":\"MONTREUX - Eden Palace\",\"isPartOf\":{\"@id\":\"https:\/\/www.edenpalace.ch\/en\/#website\"},\"datePublished\":\"2016-07-27T10:20:58+00:00\",\"dateModified\":\"2020-11-25T17:26:39+00:00\",\"description\":\"Montreux et sa r\u00e9gion sont renomm\u00e9s dans le monde entier pour ses festivals et la richesse de l\u2019offre culturelle locale.\",\"breadcrumb\":{\"@id\":\"https:\/\/www.edenpalace.ch\/fr\/montreux\/#breadcrumb\"},\"inLanguage\":\"fr-FR\",\"potentialAction\":[{\"@type\":\"ReadAction\",\"target\":[\"https:\/\/www.edenpalace.ch\/fr\/montreux\/\"]}]},{\"@type\":\"BreadcrumbList\",\"@id\":\"https:\/\/www.edenpalace.ch\/fr\/montreux\/#breadcrumb\",\"itemListElement\":[{\"@type\":\"ListItem\",\"position\":1,\"name\":\"Accueil\",\"item\":\"https:\/\/www.edenpalace.ch\/fr\/\"},{\"@type\":\"ListItem\",\"position\":2,\"name\":\"Montreux\"}]},{\"@type\":\"WebSite\",\"@id\":\"https:\/\/www.edenpalace.ch\/en\/#website\",\"url\":\"https:\/\/www.edenpalace.ch\/en\/\",\"name\":\"Eden Palace\",\"description\":\"H\u00f4tel d&#039;exception sur les bords du lac de Montreux\",\"potentialAction\":[{\"@type\":\"SearchAction\",\"target\":{\"@type\":\"EntryPoint\",\"urlTemplate\":\"https:\/\/www.edenpalace.ch\/en\/?s={search_term_string}\"},\"query-input\":{\"@type\":\"PropertyValueSpecification\",\"valueRequired\":true,\"valueName\":\"search_term_string\"}}],\"inLanguage\":\"fr-FR\"}]}<\/script>\n<!-- \/ Yoast SEO plugin. -->","yoast_head_json":{"title":"MONTREUX - Eden Palace","description":"Montreux et sa r\u00e9gion sont renomm\u00e9s dans le monde entier pour ses festivals et la richesse de l\u2019offre culturelle locale.","robots":{"index":"index","follow":"follow","max-snippet":"max-snippet:-1","max-image-preview":"max-image-preview:large","max-video-preview":"max-video-preview:-1"},"canonical":"https:\/\/www.edenpalace.ch\/fr\/montreux\/","og_locale":"fr_FR","og_type":"article","og_title":"MONTREUX - Eden Palace","og_description":"Montreux et sa r\u00e9gion sont renomm\u00e9s dans le monde entier pour ses festivals et la richesse de l\u2019offre culturelle locale.","og_url":"https:\/\/www.edenpalace.ch\/fr\/montreux\/","og_site_name":"Eden Palace","article_modified_time":"2020-11-25T17:26:39+00:00","twitter_card":"summary_large_image","twitter_misc":{"Dur\u00e9e de lecture estim\u00e9e":"5 minutes"},"schema":{"@context":"https:\/\/schema.org","@graph":[{"@type":"WebPage","@id":"https:\/\/www.edenpalace.ch\/fr\/montreux\/","url":"https:\/\/www.edenpalace.ch\/fr\/montreux\/","name":"MONTREUX - Eden Palace","isPartOf":{"@id":"https:\/\/www.edenpalace.ch\/en\/#website"},"datePublished":"2016-07-27T10:20:58+00:00","dateModified":"2020-11-25T17:26:39+00:00","description":"Montreux et sa r\u00e9gion sont renomm\u00e9s dans le monde entier pour ses festivals et la richesse de l\u2019offre culturelle locale.","breadcrumb":{"@id":"https:\/\/www.edenpalace.ch\/fr\/montreux\/#breadcrumb"},"inLanguage":"fr-FR","potentialAction":[{"@type":"ReadAction","target":["https:\/\/www.edenpalace.ch\/fr\/montreux\/"]}]},{"@type":"BreadcrumbList","@id":"https:\/\/www.edenpalace.ch\/fr\/montreux\/#breadcrumb","itemListElement":[{"@type":"ListItem","position":1,"name":"Accueil","item":"https:\/\/www.edenpalace.ch\/fr\/"},{"@type":"ListItem","position":2,"name":"Montreux"}]},{"@type":"WebSite","@id":"https:\/\/www.edenpalace.ch\/en\/#website","url":"https:\/\/www.edenpalace.ch\/en\/","name":"Eden Palace","description":"H\u00f4tel d&#039;exception sur les bords du lac de Montreux","potentialAction":[{"@type":"SearchAction","target":{"@type":"EntryPoint","urlTemplate":"https:\/\/www.edenpalace.ch\/en\/?s={search_term_string}"},"query-input":{"@type":"PropertyValueSpecification","valueRequired":true,"valueName":"search_term_string"}}],"inLanguage":"fr-FR"}]}},"_links":{"self":[{"href":"https:\/\/www.edenpalace.ch\/fr\/wp-json\/wp\/v2\/pages\/992","targetHints":{"allow":["GET"]}}],"collection":[{"href":"https:\/\/www.edenpalace.ch\/fr\/wp-json\/wp\/v2\/pages"}],"about":[{"href":"https:\/\/www.edenpalace.ch\/fr\/wp-json\/wp\/v2\/types\/page"}],"author":[{"embeddable":true,"href":"https:\/\/www.edenpalace.ch\/fr\/wp-json\/wp\/v2\/users\/1"}],"replies":[{"embeddable":true,"href":"https:\/\/www.edenpalace.ch\/fr\/wp-json\/wp\/v2\/comments?post=992"}],"version-history":[{"count":63,"href":"https:\/\/www.edenpalace.ch\/fr\/wp-json\/wp\/v2\/pages\/992\/revisions"}],"predecessor-version":[{"id":5231,"href":"https:\/\/www.edenpalace.ch\/fr\/wp-json\/wp\/v2\/pages\/992\/revisions\/5231"}],"wp:attachment":[{"href":"https:\/\/www.edenpalace.ch\/fr\/wp-json\/wp\/v2\/media?parent=992"}],"curies":[{"name":"wp","href":"https:\/\/api.w.org\/{rel}","templated":true}]}}