 
{"id":1883,"date":"2016-10-30T22:42:07","date_gmt":"2016-10-30T21:42:07","guid":{"rendered":"https:\/\/www.edenpalace.ch\/?page_id=1883"},"modified":"2025-07-10T13:09:24","modified_gmt":"2025-07-10T11:09:24","slug":"salon-belle-epoque","status":"publish","type":"page","link":"https:\/\/www.edenpalace.ch\/fr\/votre-evenement\/banquet-et-gala\/salon-belle-epoque\/","title":{"rendered":"Salon Belle Epoque"},"content":{"rendered":"<div class=\"wpb-content-wrapper\"><p>[vc_row full_width=&#8221;stretch_row_content_no_spaces&#8221;][vc_column][vc_row_inner][vc_column_inner]\n\t\t\t<!-- START Slider 1 REVOLUTION SLIDER 6.7.34 --><p class=\"rs-p-wp-fix\"><\/p>\n\t\t\t<rs-module-wrap id=\"rev_slider_39_1_wrapper\" data-source=\"gallery\" style=\"visibility:hidden;background:transparent;padding:0;margin:0px auto;margin-top:0;margin-bottom:0;\">\n\t\t\t\t<rs-module id=\"rev_slider_39_1\" style=\"\" data-version=\"6.7.34\">\n\t\t\t\t\t<rs-slides style=\"overflow: hidden; position: absolute;\">\n\t\t\t\t\t\t<rs-slide style=\"position: absolute;\" data-key=\"rs-160\" data-title=\"Slide\" data-in=\"o:0;\" data-out=\"a:false;\">\n\t\t\t\t\t\t\t<img decoding=\"async\" src=\"\/\/www.edenpalace.ch\/wp-content\/plugins\/revslider\/sr6\/assets\/assets\/dummy.png\" alt=\"\" title=\"salon\" width=\"1600\" height=\"1200\" class=\"rev-slidebg tp-rs-img rs-lazyload\" data-lazyload=\"\/\/www.edenpalace.ch\/wp-content\/uploads\/2016\/11\/salon-1.jpg\" data-no-retina>\n<!---->\t\t\t\t\t<\/rs-slide>\n\t\t\t\t\t<\/rs-slides>\n\t\t\t\t<\/rs-module>\n\t\t\t\t<script>\n\t\t\t\t\tsetREVStartSize({c: 'rev_slider_39_1',rl:[1240,1024,778,480],el:[900],gw:[1240],gh:[900],type:'standard',justify:'',layout:'fullwidth',mh:\"0\"});if (window.RS_MODULES!==undefined && window.RS_MODULES.modules!==undefined && window.RS_MODULES.modules[\"revslider391\"]!==undefined) {window.RS_MODULES.modules[\"revslider391\"].once = false;window.revapi39 = undefined;if (window.RS_MODULES.checkMinimal!==undefined) window.RS_MODULES.checkMinimal()}\n\t\t\t\t<\/script>\n\t\t\t<\/rs-module-wrap>\n\t\t\t<!-- END REVOLUTION SLIDER -->\n[\/vc_column_inner][\/vc_row_inner][\/vc_column][\/vc_row][vc_row][vc_column]<div class=\"ult-spacer spacer-69d4bbec8b9c1\" data-id=\"69d4bbec8b9c1\" data-height=\"50\" data-height-mobile=\"\" data-height-tab=\"20\" data-height-tab-portrait=\"20\" data-height-mobile-landscape=\"10\" style=\"clear:both;display:block;\"><\/div>[\/vc_column][\/vc_row][vc_row type=&#8221;boxed&#8221;][vc_column width=&#8221;2\/3&#8243;]<div class=\"benz_block_title style_9 \">\n\t\t\t\t<h2 class=\"title\" style=\"color:#303030\">Salon Belle Epoque<\/h2>\n\t\t\t<\/div>[vc_column_text css=&#8221;.vc_custom_1478274126453{margin-bottom: 0px !important;}&#8221;]Notre \u00e9tablissement vous propose son salon Belle-Epoque d\u2019une dimension de 40m2. B\u00e9n\u00e9ficiant d\u2019un acc\u00e8s \u00e0 une terrasse privative, d\u2019une lumi\u00e8re naturelle en journ\u00e9e et avec une vue sur le lac, ce salon est le lieu id\u00e9al pour un ap\u00e9ritif ou un cocktail.[\/vc_column_text]<div class=\"ult-spacer spacer-69d4bbec8ba2c\" data-id=\"69d4bbec8ba2c\" data-height=\"30\" data-height-mobile=\"30\" data-height-tab=\"30\" data-height-tab-portrait=\"30\" data-height-mobile-landscape=\"30\" style=\"clear:both;display:block;\"><\/div>[\/vc_column][vc_column width=&#8221;1\/3&#8243; css=&#8221;.vc_custom_1474639912374{margin-bottom: 0px !important;}&#8221;][vc_single_image image=&#8221;6540&#8243; alignment=&#8221;center&#8221; css=&#8221;&#8221;][\/vc_column][\/vc_row][vc_row full_width=&#8221;stretch_row_content_no_spaces&#8221;][vc_column][vc_btn title=&#8221;Voir les d\u00e9tails de nos salles&#8221; style=&#8221;outline-custom&#8221; outline_custom_color=&#8221;#0a0a0a&#8221; outline_custom_hover_background=&#8221;#140459&#8243; outline_custom_hover_text=&#8221;#ffffff&#8221; align=&#8221;center&#8221; css=&#8221;&#8221; link=&#8221;url:https%3A%2F%2Fwww.edenpalace.ch%2Fwp-content%2Fuploads%2F2025%2F07%2FHotel-Eden-Palace-au-Lac-Plan-Salles.pdf|target:_blank|rel:nofollow&#8221;][\/vc_column][\/vc_row]<\/p>\n<\/div>","protected":false},"excerpt":{"rendered":"<p>[vc_row full_width=&#8221;stretch_row_content_no_spaces&#8221;][vc_column][vc_row_inner][vc_column_inner][\/vc_column_inner][\/vc_row_inner][\/vc_column][\/vc_row][vc_row][vc_column][\/vc_column][\/vc_row][vc_row type=&#8221;boxed&#8221;][vc_column width=&#8221;2\/3&#8243;][vc_column_text css=&#8221;.vc_custom_1478274126453{margin-bottom: 0px !important;}&#8221;]Notre \u00e9tablissement vous propose son salon Belle-Epoque d\u2019une dimension de 40m2. B\u00e9n\u00e9ficiant d\u2019un acc\u00e8s \u00e0 une terrasse privative, d\u2019une lumi\u00e8re naturelle en journ\u00e9e et avec une vue sur le lac, ce salon est le lieu id\u00e9al pour un ap\u00e9ritif ou un cocktail.[\/vc_column_text][\/vc_column][vc_column width=&#8221;1\/3&#8243; css=&#8221;.vc_custom_1474639912374{margin-bottom: 0px !important;}&#8221;][vc_single_image image=&#8221;6540&#8243; alignment=&#8221;center&#8221; css=&#8221;&#8221;][\/vc_column][\/vc_row][vc_row [&hellip;]<\/p>\n","protected":false},"author":1,"featured_media":0,"parent":1462,"menu_order":0,"comment_status":"closed","ping_status":"closed","template":"page-full-width.php","meta":{"_acf_changed":false,"footnotes":""},"class_list":["post-1883","page","type-page","status-publish","hentry"],"acf":[],"yoast_head":"<!-- This site is optimized with the Yoast SEO plugin v25.3 - https:\/\/yoast.com\/wordpress\/plugins\/seo\/ -->\n<title>SALON BELLE EPOQUE - Eden Palace<\/title>\n<meta name=\"description\" content=\"Notre \u00e9tablissement vous propose son salon Belle-Epoque d\u2019une dimension de 40m2.\" \/>\n<meta name=\"robots\" content=\"index, follow, max-snippet:-1, max-image-preview:large, max-video-preview:-1\" \/>\n<link rel=\"canonical\" href=\"https:\/\/www.edenpalace.ch\/fr\/votre-evenement\/banquet-et-gala\/salon-belle-epoque\/\" \/>\n<meta property=\"og:locale\" content=\"fr_FR\" \/>\n<meta property=\"og:type\" content=\"article\" \/>\n<meta property=\"og:title\" content=\"SALON BELLE EPOQUE - Eden Palace\" \/>\n<meta property=\"og:description\" content=\"Notre \u00e9tablissement vous propose son salon Belle-Epoque d\u2019une dimension de 40m2.\" \/>\n<meta property=\"og:url\" content=\"https:\/\/www.edenpalace.ch\/fr\/votre-evenement\/banquet-et-gala\/salon-belle-epoque\/\" \/>\n<meta property=\"og:site_name\" content=\"Eden Palace\" \/>\n<meta property=\"article:modified_time\" content=\"2025-07-10T11:09:24+00:00\" \/>\n<meta name=\"twitter:card\" content=\"summary_large_image\" \/>\n<meta name=\"twitter:label1\" content=\"Dur\u00e9e de lecture estim\u00e9e\" \/>\n\t<meta name=\"twitter:data1\" content=\"1 minute\" \/>\n<script type=\"application\/ld+json\" class=\"yoast-schema-graph\">{\"@context\":\"https:\/\/schema.org\",\"@graph\":[{\"@type\":\"WebPage\",\"@id\":\"https:\/\/www.edenpalace.ch\/fr\/votre-evenement\/banquet-et-gala\/salon-belle-epoque\/\",\"url\":\"https:\/\/www.edenpalace.ch\/fr\/votre-evenement\/banquet-et-gala\/salon-belle-epoque\/\",\"name\":\"SALON BELLE EPOQUE - Eden Palace\",\"isPartOf\":{\"@id\":\"https:\/\/www.edenpalace.ch\/en\/#website\"},\"datePublished\":\"2016-10-30T21:42:07+00:00\",\"dateModified\":\"2025-07-10T11:09:24+00:00\",\"description\":\"Notre \u00e9tablissement vous propose son salon Belle-Epoque d\u2019une dimension de 40m2.\",\"breadcrumb\":{\"@id\":\"https:\/\/www.edenpalace.ch\/fr\/votre-evenement\/banquet-et-gala\/salon-belle-epoque\/#breadcrumb\"},\"inLanguage\":\"fr-FR\",\"potentialAction\":[{\"@type\":\"ReadAction\",\"target\":[\"https:\/\/www.edenpalace.ch\/fr\/votre-evenement\/banquet-et-gala\/salon-belle-epoque\/\"]}]},{\"@type\":\"BreadcrumbList\",\"@id\":\"https:\/\/www.edenpalace.ch\/fr\/votre-evenement\/banquet-et-gala\/salon-belle-epoque\/#breadcrumb\",\"itemListElement\":[{\"@type\":\"ListItem\",\"position\":1,\"name\":\"Accueil\",\"item\":\"https:\/\/www.edenpalace.ch\/fr\/\"},{\"@type\":\"ListItem\",\"position\":2,\"name\":\"Votre \u00e9v\u00e9nement\",\"item\":\"https:\/\/www.edenpalace.ch\/fr\/votre-evenement\/\"},{\"@type\":\"ListItem\",\"position\":3,\"name\":\"Banquet et gala\",\"item\":\"https:\/\/www.edenpalace.ch\/fr\/votre-evenement\/banquet-et-gala\/\"},{\"@type\":\"ListItem\",\"position\":4,\"name\":\"Salon Belle Epoque\"}]},{\"@type\":\"WebSite\",\"@id\":\"https:\/\/www.edenpalace.ch\/en\/#website\",\"url\":\"https:\/\/www.edenpalace.ch\/en\/\",\"name\":\"Eden Palace\",\"description\":\"H\u00f4tel d&#039;exception sur les bords du lac de Montreux\",\"potentialAction\":[{\"@type\":\"SearchAction\",\"target\":{\"@type\":\"EntryPoint\",\"urlTemplate\":\"https:\/\/www.edenpalace.ch\/en\/?s={search_term_string}\"},\"query-input\":{\"@type\":\"PropertyValueSpecification\",\"valueRequired\":true,\"valueName\":\"search_term_string\"}}],\"inLanguage\":\"fr-FR\"}]}<\/script>\n<!-- \/ Yoast SEO plugin. -->","yoast_head_json":{"title":"SALON BELLE EPOQUE - Eden Palace","description":"Notre \u00e9tablissement vous propose son salon Belle-Epoque d\u2019une dimension de 40m2.","robots":{"index":"index","follow":"follow","max-snippet":"max-snippet:-1","max-image-preview":"max-image-preview:large","max-video-preview":"max-video-preview:-1"},"canonical":"https:\/\/www.edenpalace.ch\/fr\/votre-evenement\/banquet-et-gala\/salon-belle-epoque\/","og_locale":"fr_FR","og_type":"article","og_title":"SALON BELLE EPOQUE - Eden Palace","og_description":"Notre \u00e9tablissement vous propose son salon Belle-Epoque d\u2019une dimension de 40m2.","og_url":"https:\/\/www.edenpalace.ch\/fr\/votre-evenement\/banquet-et-gala\/salon-belle-epoque\/","og_site_name":"Eden Palace","article_modified_time":"2025-07-10T11:09:24+00:00","twitter_card":"summary_large_image","twitter_misc":{"Dur\u00e9e de lecture estim\u00e9e":"1 minute"},"schema":{"@context":"https:\/\/schema.org","@graph":[{"@type":"WebPage","@id":"https:\/\/www.edenpalace.ch\/fr\/votre-evenement\/banquet-et-gala\/salon-belle-epoque\/","url":"https:\/\/www.edenpalace.ch\/fr\/votre-evenement\/banquet-et-gala\/salon-belle-epoque\/","name":"SALON BELLE EPOQUE - Eden Palace","isPartOf":{"@id":"https:\/\/www.edenpalace.ch\/en\/#website"},"datePublished":"2016-10-30T21:42:07+00:00","dateModified":"2025-07-10T11:09:24+00:00","description":"Notre \u00e9tablissement vous propose son salon Belle-Epoque d\u2019une dimension de 40m2.","breadcrumb":{"@id":"https:\/\/www.edenpalace.ch\/fr\/votre-evenement\/banquet-et-gala\/salon-belle-epoque\/#breadcrumb"},"inLanguage":"fr-FR","potentialAction":[{"@type":"ReadAction","target":["https:\/\/www.edenpalace.ch\/fr\/votre-evenement\/banquet-et-gala\/salon-belle-epoque\/"]}]},{"@type":"BreadcrumbList","@id":"https:\/\/www.edenpalace.ch\/fr\/votre-evenement\/banquet-et-gala\/salon-belle-epoque\/#breadcrumb","itemListElement":[{"@type":"ListItem","position":1,"name":"Accueil","item":"https:\/\/www.edenpalace.ch\/fr\/"},{"@type":"ListItem","position":2,"name":"Votre \u00e9v\u00e9nement","item":"https:\/\/www.edenpalace.ch\/fr\/votre-evenement\/"},{"@type":"ListItem","position":3,"name":"Banquet et gala","item":"https:\/\/www.edenpalace.ch\/fr\/votre-evenement\/banquet-et-gala\/"},{"@type":"ListItem","position":4,"name":"Salon Belle Epoque"}]},{"@type":"WebSite","@id":"https:\/\/www.edenpalace.ch\/en\/#website","url":"https:\/\/www.edenpalace.ch\/en\/","name":"Eden Palace","description":"H\u00f4tel d&#039;exception sur les bords du lac de Montreux","potentialAction":[{"@type":"SearchAction","target":{"@type":"EntryPoint","urlTemplate":"https:\/\/www.edenpalace.ch\/en\/?s={search_term_string}"},"query-input":{"@type":"PropertyValueSpecification","valueRequired":true,"valueName":"search_term_string"}}],"inLanguage":"fr-FR"}]}},"_links":{"self":[{"href":"https:\/\/www.edenpalace.ch\/fr\/wp-json\/wp\/v2\/pages\/1883","targetHints":{"allow":["GET"]}}],"collection":[{"href":"https:\/\/www.edenpalace.ch\/fr\/wp-json\/wp\/v2\/pages"}],"about":[{"href":"https:\/\/www.edenpalace.ch\/fr\/wp-json\/wp\/v2\/types\/page"}],"author":[{"embeddable":true,"href":"https:\/\/www.edenpalace.ch\/fr\/wp-json\/wp\/v2\/users\/1"}],"replies":[{"embeddable":true,"href":"https:\/\/www.edenpalace.ch\/fr\/wp-json\/wp\/v2\/comments?post=1883"}],"version-history":[{"count":13,"href":"https:\/\/www.edenpalace.ch\/fr\/wp-json\/wp\/v2\/pages\/1883\/revisions"}],"predecessor-version":[{"id":1887,"href":"https:\/\/www.edenpalace.ch\/fr\/wp-json\/wp\/v2\/pages\/1883\/revisions\/1887"}],"up":[{"embeddable":true,"href":"https:\/\/www.edenpalace.ch\/fr\/wp-json\/wp\/v2\/pages\/1462"}],"wp:attachment":[{"href":"https:\/\/www.edenpalace.ch\/fr\/wp-json\/wp\/v2\/media?parent=1883"}],"curies":[{"name":"wp","href":"https:\/\/api.w.org\/{rel}","templated":true}]}}