 
{"id":1882,"date":"2016-10-30T22:39:36","date_gmt":"2016-10-30T21:39:36","guid":{"rendered":"https:\/\/www.edenpalace.ch\/?page_id=1882"},"modified":"2025-07-10T13:07:01","modified_gmt":"2025-07-10T11:07:01","slug":"salle-1900","status":"publish","type":"page","link":"https:\/\/www.edenpalace.ch\/fr\/votre-evenement\/banquet-et-gala\/salle-1900\/","title":{"rendered":"Salon 1900"},"content":{"rendered":"<div class=\"wpb-content-wrapper\"><p>[vc_row full_width=&#8221;stretch_row_content_no_spaces&#8221;][vc_column]\n\t\t\t<!-- START Slider 2 REVOLUTION SLIDER 6.7.34 --><p class=\"rs-p-wp-fix\"><\/p>\n\t\t\t<rs-module-wrap id=\"rev_slider_40_1_wrapper\" data-source=\"gallery\" style=\"visibility:hidden;background:transparent;padding:0;margin:0px auto;margin-top:0;margin-bottom:0;\">\n\t\t\t\t<rs-module id=\"rev_slider_40_1\" style=\"\" data-version=\"6.7.34\">\n\t\t\t\t\t<rs-slides style=\"overflow: hidden; position: absolute;\">\n\t\t\t\t\t\t<rs-slide style=\"position: absolute;\" data-key=\"rs-161\" data-title=\"Slide\" data-in=\"o:0;\" data-out=\"a:false;\">\n\t\t\t\t\t\t\t<img decoding=\"async\" src=\"\/\/www.edenpalace.ch\/wp-content\/plugins\/revslider\/sr6\/assets\/assets\/dummy.png\" alt=\"\" title=\"DSC05974\" width=\"1707\" height=\"2560\" class=\"rev-slidebg tp-rs-img rs-lazyload\" data-lazyload=\"\/\/www.edenpalace.ch\/wp-content\/uploads\/2025\/05\/DSC05974-scaled.jpg\" data-bg=\"f:100% 100%;\" data-no-retina>\n<!---->\t\t\t\t\t<\/rs-slide>\n\t\t\t\t\t\t<rs-slide style=\"position: absolute;\" data-key=\"rs-162\" data-title=\"Slide\" data-in=\"o:0;\" data-out=\"a:false;\">\n\t\t\t\t\t\t\t<img decoding=\"async\" src=\"\/\/www.edenpalace.ch\/wp-content\/plugins\/revslider\/sr6\/assets\/assets\/dummy.png\" alt=\"\" title=\"26\" width=\"2016\" height=\"1512\" class=\"rev-slidebg tp-rs-img rs-lazyload\" data-lazyload=\"\/\/www.edenpalace.ch\/wp-content\/uploads\/2025\/05\/26-1.jpg\" data-no-retina>\n<!---->\t\t\t\t\t<\/rs-slide>\n\t\t\t\t\t\t<rs-slide style=\"position: absolute;\" data-key=\"rs-163\" data-title=\"Slide\" data-in=\"o:0;\" data-out=\"a:false;\">\n\t\t\t\t\t\t\t<img decoding=\"async\" src=\"\/\/www.edenpalace.ch\/wp-content\/plugins\/revslider\/sr6\/assets\/assets\/dummy.png\" alt=\"\" title=\"DSC05856\" width=\"1707\" height=\"2560\" class=\"rev-slidebg tp-rs-img rs-lazyload\" data-lazyload=\"\/\/www.edenpalace.ch\/wp-content\/uploads\/2025\/05\/DSC05856-1-scaled.jpg\" data-no-retina>\n<!---->\t\t\t\t\t<\/rs-slide>\n\t\t\t\t\t<\/rs-slides>\n\t\t\t\t<\/rs-module>\n\t\t\t\t<script>\n\t\t\t\t\tsetREVStartSize({c: 'rev_slider_40_1',rl:[1240,1024,778,480],el:[900],gw:[1240],gh:[900],type:'standard',justify:'',layout:'fullwidth',mh:\"0\"});if (window.RS_MODULES!==undefined && window.RS_MODULES.modules!==undefined && window.RS_MODULES.modules[\"revslider401\"]!==undefined) {window.RS_MODULES.modules[\"revslider401\"].once = false;window.revapi40 = undefined;if (window.RS_MODULES.checkMinimal!==undefined) window.RS_MODULES.checkMinimal()}\n\t\t\t\t<\/script>\n\t\t\t<\/rs-module-wrap>\n\t\t\t<!-- END REVOLUTION SLIDER -->\n[\/vc_column][\/vc_row][vc_row][vc_column]<div class=\"ult-spacer spacer-69d4bceb6bc5d\" data-id=\"69d4bceb6bc5d\" data-height=\"50\" data-height-mobile=\"\" data-height-tab=\"20\" data-height-tab-portrait=\"20\" data-height-mobile-landscape=\"10\" style=\"clear:both;display:block;\"><\/div>[\/vc_column][\/vc_row][vc_row type=&#8221;boxed&#8221;][vc_column width=&#8221;2\/3&#8243;]<div class=\"benz_block_title style_9 \">\n\t\t\t\t<h2 class=\"title\" style=\"color:#303030\">Salon 1900<\/h2>\n\t\t\t<\/div>[vc_column_text css=&#8221;.vc_custom_1746690806971{margin-bottom: 0px !important;}&#8221;]Notre \u00ab Salon 1900\u00bb de style \u00abBelle Epoque\u00bb, est d\u2019une superficie d\u2019environ 340 m2 pouvant accueillir jusqu\u2019\u00e0\u00a0 300 invit\u00e9s. Il est dot\u00e9 d\u2019une splendide vue sur les Alpes ainsi que sur le lac L\u00e9man.<\/p>\n<p>N\u2019h\u00e9sitez pas \u00e0 nous contacter pour de plus amples renseignements sur nos locations de salles pour organiser une soir\u00e9e de gala, un repas d\u2019entreprise ou tout autre \u00e9v\u00e8nement.[\/vc_column_text]<div class=\"ult-spacer spacer-69d4bceb6bd37\" data-id=\"69d4bceb6bd37\" data-height=\"30\" data-height-mobile=\"30\" data-height-tab=\"30\" data-height-tab-portrait=\"30\" data-height-mobile-landscape=\"30\" style=\"clear:both;display:block;\"><\/div>[\/vc_column][vc_column width=&#8221;1\/3&#8243; css=&#8221;.vc_custom_1474639912374{margin-bottom: 0px !important;}&#8221;][vc_single_image image=&#8221;1583&#8243; alignment=&#8221;center&#8221;][\/vc_column][\/vc_row][vc_row full_width=&#8221;stretch_row_content_no_spaces&#8221;][vc_column][vc_btn title=&#8221;Voir les d\u00e9tails de nos salles&#8221; style=&#8221;outline-custom&#8221; outline_custom_color=&#8221;#0a0a0a&#8221; outline_custom_hover_background=&#8221;#140459&#8243; outline_custom_hover_text=&#8221;#ffffff&#8221; align=&#8221;center&#8221; css=&#8221;&#8221; link=&#8221;url:https%3A%2F%2Fwww.edenpalace.ch%2Fwp-content%2Fuploads%2F2025%2F07%2FHotel-Eden-Palace-au-Lac-Plan-Salles.pdf|target:_blank|rel:nofollow&#8221;][\/vc_column][\/vc_row]<\/p>\n<\/div>","protected":false},"excerpt":{"rendered":"<p>[vc_row full_width=&#8221;stretch_row_content_no_spaces&#8221;][vc_column][\/vc_column][\/vc_row][vc_row][vc_column][\/vc_column][\/vc_row][vc_row type=&#8221;boxed&#8221;][vc_column width=&#8221;2\/3&#8243;][vc_column_text css=&#8221;.vc_custom_1746690806971{margin-bottom: 0px !important;}&#8221;]Notre \u00ab Salon 1900\u00bb de style \u00abBelle Epoque\u00bb, est d\u2019une superficie d\u2019environ 340 m2 pouvant accueillir jusqu\u2019\u00e0\u00a0 300 invit\u00e9s. Il est dot\u00e9 d\u2019une splendide vue sur les Alpes ainsi que sur le lac L\u00e9man. N\u2019h\u00e9sitez pas \u00e0 nous contacter pour de plus amples renseignements sur nos locations de salles [&hellip;]<\/p>\n","protected":false},"author":1,"featured_media":0,"parent":1462,"menu_order":0,"comment_status":"closed","ping_status":"closed","template":"page-full-width.php","meta":{"_acf_changed":false,"footnotes":""},"class_list":["post-1882","page","type-page","status-publish","hentry"],"acf":[],"yoast_head":"<!-- This site is optimized with the Yoast SEO plugin v25.3 - https:\/\/yoast.com\/wordpress\/plugins\/seo\/ -->\n<title>SALON 1900 - Eden Palace<\/title>\n<meta name=\"description\" content=\"Notre \u00ab Salon 1900\u00bb de style \u00abBelle Epoque\u00bb, est d\u2019une superficie d\u2019environ 340 m2 pouvant accueillir jusqu\u2019\u00e0 150 invit\u00e9s.\" \/>\n<meta name=\"robots\" content=\"index, follow, max-snippet:-1, max-image-preview:large, max-video-preview:-1\" \/>\n<link rel=\"canonical\" href=\"https:\/\/www.edenpalace.ch\/fr\/votre-evenement\/banquet-et-gala\/salle-1900\/\" \/>\n<meta property=\"og:locale\" content=\"fr_FR\" \/>\n<meta property=\"og:type\" content=\"article\" \/>\n<meta property=\"og:title\" content=\"SALON 1900 - Eden Palace\" \/>\n<meta property=\"og:description\" content=\"Notre \u00ab Salon 1900\u00bb de style \u00abBelle Epoque\u00bb, est d\u2019une superficie d\u2019environ 340 m2 pouvant accueillir jusqu\u2019\u00e0 150 invit\u00e9s.\" \/>\n<meta property=\"og:url\" content=\"https:\/\/www.edenpalace.ch\/fr\/votre-evenement\/banquet-et-gala\/salle-1900\/\" \/>\n<meta property=\"og:site_name\" content=\"Eden Palace\" \/>\n<meta property=\"article:modified_time\" content=\"2025-07-10T11:07:01+00:00\" \/>\n<meta name=\"twitter:card\" content=\"summary_large_image\" \/>\n<meta name=\"twitter:label1\" content=\"Dur\u00e9e de lecture estim\u00e9e\" \/>\n\t<meta name=\"twitter:data1\" content=\"1 minute\" \/>\n<script type=\"application\/ld+json\" class=\"yoast-schema-graph\">{\"@context\":\"https:\/\/schema.org\",\"@graph\":[{\"@type\":\"WebPage\",\"@id\":\"https:\/\/www.edenpalace.ch\/fr\/votre-evenement\/banquet-et-gala\/salle-1900\/\",\"url\":\"https:\/\/www.edenpalace.ch\/fr\/votre-evenement\/banquet-et-gala\/salle-1900\/\",\"name\":\"SALON 1900 - Eden Palace\",\"isPartOf\":{\"@id\":\"https:\/\/www.edenpalace.ch\/en\/#website\"},\"datePublished\":\"2016-10-30T21:39:36+00:00\",\"dateModified\":\"2025-07-10T11:07:01+00:00\",\"description\":\"Notre \u00ab Salon 1900\u00bb de style \u00abBelle Epoque\u00bb, est d\u2019une superficie d\u2019environ 340 m2 pouvant accueillir jusqu\u2019\u00e0 150 invit\u00e9s.\",\"breadcrumb\":{\"@id\":\"https:\/\/www.edenpalace.ch\/fr\/votre-evenement\/banquet-et-gala\/salle-1900\/#breadcrumb\"},\"inLanguage\":\"fr-FR\",\"potentialAction\":[{\"@type\":\"ReadAction\",\"target\":[\"https:\/\/www.edenpalace.ch\/fr\/votre-evenement\/banquet-et-gala\/salle-1900\/\"]}]},{\"@type\":\"BreadcrumbList\",\"@id\":\"https:\/\/www.edenpalace.ch\/fr\/votre-evenement\/banquet-et-gala\/salle-1900\/#breadcrumb\",\"itemListElement\":[{\"@type\":\"ListItem\",\"position\":1,\"name\":\"Accueil\",\"item\":\"https:\/\/www.edenpalace.ch\/fr\/\"},{\"@type\":\"ListItem\",\"position\":2,\"name\":\"Votre \u00e9v\u00e9nement\",\"item\":\"https:\/\/www.edenpalace.ch\/fr\/votre-evenement\/\"},{\"@type\":\"ListItem\",\"position\":3,\"name\":\"Banquet et gala\",\"item\":\"https:\/\/www.edenpalace.ch\/fr\/votre-evenement\/banquet-et-gala\/\"},{\"@type\":\"ListItem\",\"position\":4,\"name\":\"Salon 1900\"}]},{\"@type\":\"WebSite\",\"@id\":\"https:\/\/www.edenpalace.ch\/en\/#website\",\"url\":\"https:\/\/www.edenpalace.ch\/en\/\",\"name\":\"Eden Palace\",\"description\":\"H\u00f4tel d&#039;exception sur les bords du lac de Montreux\",\"potentialAction\":[{\"@type\":\"SearchAction\",\"target\":{\"@type\":\"EntryPoint\",\"urlTemplate\":\"https:\/\/www.edenpalace.ch\/en\/?s={search_term_string}\"},\"query-input\":{\"@type\":\"PropertyValueSpecification\",\"valueRequired\":true,\"valueName\":\"search_term_string\"}}],\"inLanguage\":\"fr-FR\"}]}<\/script>\n<!-- \/ Yoast SEO plugin. -->","yoast_head_json":{"title":"SALON 1900 - Eden Palace","description":"Notre \u00ab Salon 1900\u00bb de style \u00abBelle Epoque\u00bb, est d\u2019une superficie d\u2019environ 340 m2 pouvant accueillir jusqu\u2019\u00e0 150 invit\u00e9s.","robots":{"index":"index","follow":"follow","max-snippet":"max-snippet:-1","max-image-preview":"max-image-preview:large","max-video-preview":"max-video-preview:-1"},"canonical":"https:\/\/www.edenpalace.ch\/fr\/votre-evenement\/banquet-et-gala\/salle-1900\/","og_locale":"fr_FR","og_type":"article","og_title":"SALON 1900 - Eden Palace","og_description":"Notre \u00ab Salon 1900\u00bb de style \u00abBelle Epoque\u00bb, est d\u2019une superficie d\u2019environ 340 m2 pouvant accueillir jusqu\u2019\u00e0 150 invit\u00e9s.","og_url":"https:\/\/www.edenpalace.ch\/fr\/votre-evenement\/banquet-et-gala\/salle-1900\/","og_site_name":"Eden Palace","article_modified_time":"2025-07-10T11:07:01+00:00","twitter_card":"summary_large_image","twitter_misc":{"Dur\u00e9e de lecture estim\u00e9e":"1 minute"},"schema":{"@context":"https:\/\/schema.org","@graph":[{"@type":"WebPage","@id":"https:\/\/www.edenpalace.ch\/fr\/votre-evenement\/banquet-et-gala\/salle-1900\/","url":"https:\/\/www.edenpalace.ch\/fr\/votre-evenement\/banquet-et-gala\/salle-1900\/","name":"SALON 1900 - Eden Palace","isPartOf":{"@id":"https:\/\/www.edenpalace.ch\/en\/#website"},"datePublished":"2016-10-30T21:39:36+00:00","dateModified":"2025-07-10T11:07:01+00:00","description":"Notre \u00ab Salon 1900\u00bb de style \u00abBelle Epoque\u00bb, est d\u2019une superficie d\u2019environ 340 m2 pouvant accueillir jusqu\u2019\u00e0 150 invit\u00e9s.","breadcrumb":{"@id":"https:\/\/www.edenpalace.ch\/fr\/votre-evenement\/banquet-et-gala\/salle-1900\/#breadcrumb"},"inLanguage":"fr-FR","potentialAction":[{"@type":"ReadAction","target":["https:\/\/www.edenpalace.ch\/fr\/votre-evenement\/banquet-et-gala\/salle-1900\/"]}]},{"@type":"BreadcrumbList","@id":"https:\/\/www.edenpalace.ch\/fr\/votre-evenement\/banquet-et-gala\/salle-1900\/#breadcrumb","itemListElement":[{"@type":"ListItem","position":1,"name":"Accueil","item":"https:\/\/www.edenpalace.ch\/fr\/"},{"@type":"ListItem","position":2,"name":"Votre \u00e9v\u00e9nement","item":"https:\/\/www.edenpalace.ch\/fr\/votre-evenement\/"},{"@type":"ListItem","position":3,"name":"Banquet et gala","item":"https:\/\/www.edenpalace.ch\/fr\/votre-evenement\/banquet-et-gala\/"},{"@type":"ListItem","position":4,"name":"Salon 1900"}]},{"@type":"WebSite","@id":"https:\/\/www.edenpalace.ch\/en\/#website","url":"https:\/\/www.edenpalace.ch\/en\/","name":"Eden Palace","description":"H\u00f4tel d&#039;exception sur les bords du lac de Montreux","potentialAction":[{"@type":"SearchAction","target":{"@type":"EntryPoint","urlTemplate":"https:\/\/www.edenpalace.ch\/en\/?s={search_term_string}"},"query-input":{"@type":"PropertyValueSpecification","valueRequired":true,"valueName":"search_term_string"}}],"inLanguage":"fr-FR"}]}},"_links":{"self":[{"href":"https:\/\/www.edenpalace.ch\/fr\/wp-json\/wp\/v2\/pages\/1882","targetHints":{"allow":["GET"]}}],"collection":[{"href":"https:\/\/www.edenpalace.ch\/fr\/wp-json\/wp\/v2\/pages"}],"about":[{"href":"https:\/\/www.edenpalace.ch\/fr\/wp-json\/wp\/v2\/types\/page"}],"author":[{"embeddable":true,"href":"https:\/\/www.edenpalace.ch\/fr\/wp-json\/wp\/v2\/users\/1"}],"replies":[{"embeddable":true,"href":"https:\/\/www.edenpalace.ch\/fr\/wp-json\/wp\/v2\/comments?post=1882"}],"version-history":[{"count":14,"href":"https:\/\/www.edenpalace.ch\/fr\/wp-json\/wp\/v2\/pages\/1882\/revisions"}],"predecessor-version":[{"id":6834,"href":"https:\/\/www.edenpalace.ch\/fr\/wp-json\/wp\/v2\/pages\/1882\/revisions\/6834"}],"up":[{"embeddable":true,"href":"https:\/\/www.edenpalace.ch\/fr\/wp-json\/wp\/v2\/pages\/1462"}],"wp:attachment":[{"href":"https:\/\/www.edenpalace.ch\/fr\/wp-json\/wp\/v2\/media?parent=1882"}],"curies":[{"name":"wp","href":"https:\/\/api.w.org\/{rel}","templated":true}]}}