 
{"id":1868,"date":"2016-10-30T22:21:58","date_gmt":"2016-10-30T21:21:58","guid":{"rendered":"https:\/\/www.edenpalace.ch\/?page_id=1868"},"modified":"2025-07-10T13:12:17","modified_gmt":"2025-07-10T11:12:17","slug":"salon-victoria-et-regence","status":"publish","type":"page","link":"https:\/\/www.edenpalace.ch\/fr\/votre-evenement\/conferences-et-seminaires\/salon-victoria-et-regence\/","title":{"rendered":"Salon Victoria et R\u00e9gence"},"content":{"rendered":"<div class=\"wpb-content-wrapper\"><p>[vc_row full_width=&#8221;stretch_row_content_no_spaces&#8221;][vc_column][vc_single_image image=&#8221;1577&#8243;][\/vc_column][\/vc_row][vc_row][vc_column]<div class=\"ult-spacer spacer-6a01ced488937\" data-id=\"6a01ced488937\" data-height=\"50\" data-height-mobile=\"\" data-height-tab=\"20\" data-height-tab-portrait=\"20\" data-height-mobile-landscape=\"10\" style=\"clear:both;display:block;\"><\/div>[\/vc_column][\/vc_row][vc_row type=&#8221;boxed&#8221;][vc_column width=&#8221;2\/3&#8243;]<div class=\"benz_block_title style_9 \">\n\t\t\t\t<h2 class=\"title\" style=\"color:#303030\">Salon Victoria et R\u00e9gence<\/h2>\n\t\t\t<\/div>[vc_column_text css=&#8221;.vc_custom_1481724757261{margin-bottom: 0px !important;}&#8221;]Notre h\u00f4tel \u00a0vous propose son <em>Salon Victoria &amp; R\u00e9gence<\/em> pour l\u2019organisation de vos \u00e9v\u00e8nements.<\/p>\n<p>D\u2019une capacit\u00e9 maximale de \u00a050 personnes, ce salon de 63 m2 b\u00e9n\u00e9ficie de la lumi\u00e8re naturelle du jour, d\u2019une vue sur le lac L\u00e9man et d\u2019un acc\u00e8s direct sur la terrasse. Il est enti\u00e8rement \u00e9quip\u00e9 techniquement et offre une connexion Internet gratuite.[\/vc_column_text]<div class=\"ult-spacer spacer-6a01ced4889bc\" data-id=\"6a01ced4889bc\" data-height=\"30\" data-height-mobile=\"30\" data-height-tab=\"30\" data-height-tab-portrait=\"30\" data-height-mobile-landscape=\"30\" style=\"clear:both;display:block;\"><\/div>[\/vc_column][vc_column width=&#8221;1\/3&#8243; css=&#8221;.vc_custom_1474639912374{margin-bottom: 0px !important;}&#8221;][vc_single_image image=&#8221;3281&#8243; alignment=&#8221;center&#8221;][\/vc_column][\/vc_row][vc_row full_width=&#8221;stretch_row_content_no_spaces&#8221;][vc_column][vc_btn title=&#8221;Voir les d\u00e9tails de nos salles&#8221; style=&#8221;outline-custom&#8221; outline_custom_color=&#8221;#0a0a0a&#8221; outline_custom_hover_background=&#8221;#140459&#8243; outline_custom_hover_text=&#8221;#ffffff&#8221; align=&#8221;center&#8221; css=&#8221;&#8221; link=&#8221;url:https%3A%2F%2Fwww.edenpalace.ch%2Fwp-content%2Fuploads%2F2025%2F07%2FHotel-Eden-Palace-au-Lac-Plan-Salles.pdf|target:_blank|rel:nofollow&#8221;][\/vc_column][\/vc_row]<\/p>\n<\/div>","protected":false},"excerpt":{"rendered":"<p>[vc_row full_width=&#8221;stretch_row_content_no_spaces&#8221;][vc_column][vc_single_image image=&#8221;1577&#8243;][\/vc_column][\/vc_row][vc_row][vc_column][\/vc_column][\/vc_row][vc_row type=&#8221;boxed&#8221;][vc_column width=&#8221;2\/3&#8243;][vc_column_text css=&#8221;.vc_custom_1481724757261{margin-bottom: 0px !important;}&#8221;]Notre h\u00f4tel \u00a0vous propose son Salon Victoria &amp; R\u00e9gence pour l\u2019organisation de vos \u00e9v\u00e8nements. D\u2019une capacit\u00e9 maximale de \u00a050 personnes, ce salon de 63 m2 b\u00e9n\u00e9ficie de la lumi\u00e8re naturelle du jour, d\u2019une vue sur le lac L\u00e9man et d\u2019un acc\u00e8s direct sur la terrasse. Il est enti\u00e8rement [&hellip;]<\/p>\n","protected":false},"author":1,"featured_media":0,"parent":1078,"menu_order":0,"comment_status":"closed","ping_status":"closed","template":"page-full-width.php","meta":{"_acf_changed":false,"footnotes":""},"class_list":["post-1868","page","type-page","status-publish","hentry"],"acf":[],"yoast_head":"<!-- This site is optimized with the Yoast SEO plugin v25.3 - https:\/\/yoast.com\/wordpress\/plugins\/seo\/ -->\n<title>Salon Victoria et R\u00e9gence - Eden Palace<\/title>\n<meta name=\"description\" content=\"Notre h\u00f4tel vous propose son salon Victoria &amp; R\u00e9gence pour l\u2019organisation de vos \u00e9v\u00e8nements.\" \/>\n<meta name=\"robots\" content=\"index, follow, max-snippet:-1, max-image-preview:large, max-video-preview:-1\" \/>\n<link rel=\"canonical\" href=\"https:\/\/www.edenpalace.ch\/fr\/votre-evenement\/conferences-et-seminaires\/salon-victoria-et-regence\/\" \/>\n<meta property=\"og:locale\" content=\"fr_FR\" \/>\n<meta property=\"og:type\" content=\"article\" \/>\n<meta property=\"og:title\" content=\"Salon Victoria et R\u00e9gence - Eden Palace\" \/>\n<meta property=\"og:description\" content=\"Notre h\u00f4tel vous propose son salon Victoria &amp; R\u00e9gence pour l\u2019organisation de vos \u00e9v\u00e8nements.\" \/>\n<meta property=\"og:url\" content=\"https:\/\/www.edenpalace.ch\/fr\/votre-evenement\/conferences-et-seminaires\/salon-victoria-et-regence\/\" \/>\n<meta property=\"og:site_name\" content=\"Eden Palace\" \/>\n<meta property=\"article:modified_time\" content=\"2025-07-10T11:12:17+00:00\" \/>\n<meta name=\"twitter:card\" content=\"summary_large_image\" \/>\n<meta name=\"twitter:label1\" content=\"Dur\u00e9e de lecture estim\u00e9e\" \/>\n\t<meta name=\"twitter:data1\" content=\"1 minute\" \/>\n<script type=\"application\/ld+json\" class=\"yoast-schema-graph\">{\"@context\":\"https:\/\/schema.org\",\"@graph\":[{\"@type\":\"WebPage\",\"@id\":\"https:\/\/www.edenpalace.ch\/fr\/votre-evenement\/conferences-et-seminaires\/salon-victoria-et-regence\/\",\"url\":\"https:\/\/www.edenpalace.ch\/fr\/votre-evenement\/conferences-et-seminaires\/salon-victoria-et-regence\/\",\"name\":\"Salon Victoria et R\u00e9gence - Eden Palace\",\"isPartOf\":{\"@id\":\"https:\/\/www.edenpalace.ch\/en\/#website\"},\"datePublished\":\"2016-10-30T21:21:58+00:00\",\"dateModified\":\"2025-07-10T11:12:17+00:00\",\"description\":\"Notre h\u00f4tel vous propose son salon Victoria & R\u00e9gence pour l\u2019organisation de vos \u00e9v\u00e8nements.\",\"breadcrumb\":{\"@id\":\"https:\/\/www.edenpalace.ch\/fr\/votre-evenement\/conferences-et-seminaires\/salon-victoria-et-regence\/#breadcrumb\"},\"inLanguage\":\"fr-FR\",\"potentialAction\":[{\"@type\":\"ReadAction\",\"target\":[\"https:\/\/www.edenpalace.ch\/fr\/votre-evenement\/conferences-et-seminaires\/salon-victoria-et-regence\/\"]}]},{\"@type\":\"BreadcrumbList\",\"@id\":\"https:\/\/www.edenpalace.ch\/fr\/votre-evenement\/conferences-et-seminaires\/salon-victoria-et-regence\/#breadcrumb\",\"itemListElement\":[{\"@type\":\"ListItem\",\"position\":1,\"name\":\"Accueil\",\"item\":\"https:\/\/www.edenpalace.ch\/fr\/\"},{\"@type\":\"ListItem\",\"position\":2,\"name\":\"Votre \u00e9v\u00e9nement\",\"item\":\"https:\/\/www.edenpalace.ch\/fr\/votre-evenement\/\"},{\"@type\":\"ListItem\",\"position\":3,\"name\":\"Conf\u00e9rences et s\u00e9minaires\",\"item\":\"https:\/\/www.edenpalace.ch\/fr\/votre-evenement\/conferences-et-seminaires\/\"},{\"@type\":\"ListItem\",\"position\":4,\"name\":\"Salon Victoria et R\u00e9gence\"}]},{\"@type\":\"WebSite\",\"@id\":\"https:\/\/www.edenpalace.ch\/en\/#website\",\"url\":\"https:\/\/www.edenpalace.ch\/en\/\",\"name\":\"Eden Palace\",\"description\":\"H\u00f4tel d&#039;exception sur les bords du lac de Montreux\",\"potentialAction\":[{\"@type\":\"SearchAction\",\"target\":{\"@type\":\"EntryPoint\",\"urlTemplate\":\"https:\/\/www.edenpalace.ch\/en\/?s={search_term_string}\"},\"query-input\":{\"@type\":\"PropertyValueSpecification\",\"valueRequired\":true,\"valueName\":\"search_term_string\"}}],\"inLanguage\":\"fr-FR\"}]}<\/script>\n<!-- \/ Yoast SEO plugin. -->","yoast_head_json":{"title":"Salon Victoria et R\u00e9gence - Eden Palace","description":"Notre h\u00f4tel vous propose son salon Victoria & R\u00e9gence pour l\u2019organisation de vos \u00e9v\u00e8nements.","robots":{"index":"index","follow":"follow","max-snippet":"max-snippet:-1","max-image-preview":"max-image-preview:large","max-video-preview":"max-video-preview:-1"},"canonical":"https:\/\/www.edenpalace.ch\/fr\/votre-evenement\/conferences-et-seminaires\/salon-victoria-et-regence\/","og_locale":"fr_FR","og_type":"article","og_title":"Salon Victoria et R\u00e9gence - Eden Palace","og_description":"Notre h\u00f4tel vous propose son salon Victoria & R\u00e9gence pour l\u2019organisation de vos \u00e9v\u00e8nements.","og_url":"https:\/\/www.edenpalace.ch\/fr\/votre-evenement\/conferences-et-seminaires\/salon-victoria-et-regence\/","og_site_name":"Eden Palace","article_modified_time":"2025-07-10T11:12:17+00:00","twitter_card":"summary_large_image","twitter_misc":{"Dur\u00e9e de lecture estim\u00e9e":"1 minute"},"schema":{"@context":"https:\/\/schema.org","@graph":[{"@type":"WebPage","@id":"https:\/\/www.edenpalace.ch\/fr\/votre-evenement\/conferences-et-seminaires\/salon-victoria-et-regence\/","url":"https:\/\/www.edenpalace.ch\/fr\/votre-evenement\/conferences-et-seminaires\/salon-victoria-et-regence\/","name":"Salon Victoria et R\u00e9gence - Eden Palace","isPartOf":{"@id":"https:\/\/www.edenpalace.ch\/en\/#website"},"datePublished":"2016-10-30T21:21:58+00:00","dateModified":"2025-07-10T11:12:17+00:00","description":"Notre h\u00f4tel vous propose son salon Victoria & R\u00e9gence pour l\u2019organisation de vos \u00e9v\u00e8nements.","breadcrumb":{"@id":"https:\/\/www.edenpalace.ch\/fr\/votre-evenement\/conferences-et-seminaires\/salon-victoria-et-regence\/#breadcrumb"},"inLanguage":"fr-FR","potentialAction":[{"@type":"ReadAction","target":["https:\/\/www.edenpalace.ch\/fr\/votre-evenement\/conferences-et-seminaires\/salon-victoria-et-regence\/"]}]},{"@type":"BreadcrumbList","@id":"https:\/\/www.edenpalace.ch\/fr\/votre-evenement\/conferences-et-seminaires\/salon-victoria-et-regence\/#breadcrumb","itemListElement":[{"@type":"ListItem","position":1,"name":"Accueil","item":"https:\/\/www.edenpalace.ch\/fr\/"},{"@type":"ListItem","position":2,"name":"Votre \u00e9v\u00e9nement","item":"https:\/\/www.edenpalace.ch\/fr\/votre-evenement\/"},{"@type":"ListItem","position":3,"name":"Conf\u00e9rences et s\u00e9minaires","item":"https:\/\/www.edenpalace.ch\/fr\/votre-evenement\/conferences-et-seminaires\/"},{"@type":"ListItem","position":4,"name":"Salon Victoria et R\u00e9gence"}]},{"@type":"WebSite","@id":"https:\/\/www.edenpalace.ch\/en\/#website","url":"https:\/\/www.edenpalace.ch\/en\/","name":"Eden Palace","description":"H\u00f4tel d&#039;exception sur les bords du lac de Montreux","potentialAction":[{"@type":"SearchAction","target":{"@type":"EntryPoint","urlTemplate":"https:\/\/www.edenpalace.ch\/en\/?s={search_term_string}"},"query-input":{"@type":"PropertyValueSpecification","valueRequired":true,"valueName":"search_term_string"}}],"inLanguage":"fr-FR"}]}},"_links":{"self":[{"href":"https:\/\/www.edenpalace.ch\/fr\/wp-json\/wp\/v2\/pages\/1868","targetHints":{"allow":["GET"]}}],"collection":[{"href":"https:\/\/www.edenpalace.ch\/fr\/wp-json\/wp\/v2\/pages"}],"about":[{"href":"https:\/\/www.edenpalace.ch\/fr\/wp-json\/wp\/v2\/types\/page"}],"author":[{"embeddable":true,"href":"https:\/\/www.edenpalace.ch\/fr\/wp-json\/wp\/v2\/users\/1"}],"replies":[{"embeddable":true,"href":"https:\/\/www.edenpalace.ch\/fr\/wp-json\/wp\/v2\/comments?post=1868"}],"version-history":[{"count":9,"href":"https:\/\/www.edenpalace.ch\/fr\/wp-json\/wp\/v2\/pages\/1868\/revisions"}],"predecessor-version":[{"id":6840,"href":"https:\/\/www.edenpalace.ch\/fr\/wp-json\/wp\/v2\/pages\/1868\/revisions\/6840"}],"up":[{"embeddable":true,"href":"https:\/\/www.edenpalace.ch\/fr\/wp-json\/wp\/v2\/pages\/1078"}],"wp:attachment":[{"href":"https:\/\/www.edenpalace.ch\/fr\/wp-json\/wp\/v2\/media?parent=1868"}],"curies":[{"name":"wp","href":"https:\/\/api.w.org\/{rel}","templated":true}]}}