 
{"id":1713,"date":"2016-10-27T16:01:57","date_gmt":"2016-10-27T14:01:57","guid":{"rendered":"https:\/\/www.edenpalace.ch\/?page_id=1713"},"modified":"2016-12-12T18:39:26","modified_gmt":"2016-12-12T17:39:26","slug":"livre-or","status":"publish","type":"page","link":"https:\/\/www.edenpalace.ch\/fr\/montreux\/livre-or\/","title":{"rendered":"Livre d&#8217;or"},"content":{"rendered":"<div class=\"wpb-content-wrapper\"><p>[vc_row][vc_column][rev_slider_vc alias=&#8221;histoire&#8221;][\/vc_column][\/vc_row][vc_row css=&#8221;.vc_custom_1471440433646{margin-top: 30px !important;}&#8221;][vc_column width=&#8221;1\/6&#8243;][vc_column_text][\/vc_column_text][\/vc_column][vc_column width=&#8221;2\/3&#8243;]<div class=\"benz_block_title style_9 \">\n\t\t\t\t<h2 class=\"title\" style=\"color:#303030\">Livre d'or<\/h2>\n\t\t\t<\/div>[vc_column_text]<\/p>\n<p style=\"text-align: center;\">Depuis plus de 100 ans l\u2019Eden Palace au Lac est un haut lieu de la ville de Montreux. \u00a0Ouvert en octobre 1896, notre palace a su traverser les \u00e9poques en conservant son identit\u00e9.<\/p>\n<p style=\"text-align: center;\">De nombreuses c\u00e9l\u00e9brit\u00e9s ont s\u00e9journ\u00e9 dans nos chambres. De Charles Aznavour \u00e0 Umberto Tozzi en passant par George Clooney, Kofi Annan, Francis Huster, Van Morrison , Harry Roselmack, Fr\u00e9d\u00e9ric Fran\u00e7ois, Jean-Michel Jarre, Christophe Willem, R\u00e9gine, Pierre Richard, chacun a pu appr\u00e9cier le confort et le charme de notre \u00e9tablissement.<\/p>\n<p>[\/vc_column_text][\/vc_column][vc_column width=&#8221;1\/6&#8243;][\/vc_column][\/vc_row][vc_row][vc_column]<div class=\"ult-spacer spacer-69e49b77a6d7d\" data-id=\"69e49b77a6d7d\" data-height=\"30\" data-height-mobile=\"\" data-height-tab=\"20\" data-height-tab-portrait=\"20\" data-height-mobile-landscape=\"10\" style=\"clear:both;display:block;\"><\/div>[\/vc_column][\/vc_row][vc_row type=&#8221;boxed&#8221; css=&#8221;.vc_custom_1477562952802{margin-top: 30px !important;}&#8221;][vc_column width=&#8221;1\/4&#8243;][vc_single_image image=&#8221;1754&#8243; alignment=&#8221;center&#8221; style=&#8221;vc_box_shadow_border_circle&#8221;]<div class=\"benz_block_title style_7 \">\n\t\t\t\t<h2 class=\"title\" style=\"color:#303030\">1975<\/h2>\n\t\t\t<\/div>[vc_column_text]<\/p>\n<p style=\"text-align: center;\">Charles Aznavour<\/p>\n<p>[\/vc_column_text][\/vc_column][vc_column width=&#8221;1\/4&#8243;][vc_single_image image=&#8221;1753&#8243; alignment=&#8221;center&#8221; style=&#8221;vc_box_shadow_border_circle&#8221;]<div class=\"benz_block_title style_7 \">\n\t\t\t\t<h2 class=\"title\" style=\"color:#303030\">1976<\/h2>\n\t\t\t<\/div>[vc_column_text]<\/p>\n<p style=\"text-align: center;\">Les pianistes Sammy Price et\u00a0Sir Charles Thompson.<br \/>\nVeronique Sanson, Charles Mingues &amp; Dizzy Gillespie<\/p>\n<p>[\/vc_column_text][\/vc_column][vc_column width=&#8221;1\/4&#8243;][vc_single_image image=&#8221;1756&#8243; alignment=&#8221;center&#8221; style=&#8221;vc_box_shadow_border_circle&#8221;]<div class=\"benz_block_title style_7 \">\n\t\t\t\t<h2 class=\"title\" style=\"color:#303030\">1977<\/h2>\n\t\t\t<\/div>[vc_column_text]<\/p>\n<p style=\"text-align: center;\">Le conseil f\u00e9d\u00e9ral suisse (Mr.Chevallaz, Cevey, Gnaegi &amp; Fugler)<\/p>\n<p>[\/vc_column_text][\/vc_column][vc_column width=&#8221;1\/4&#8243;][vc_single_image image=&#8221;1755&#8243; alignment=&#8221;center&#8221; style=&#8221;vc_box_shadow_border_circle&#8221;]<div class=\"benz_block_title style_7 \">\n\t\t\t\t<h2 class=\"title\" style=\"color:#303030\">1979<\/h2>\n\t\t\t<\/div>[vc_column_text]<\/p>\n<p style=\"text-align: center;\">Le groupe Eruption<\/p>\n<p>[\/vc_column_text][\/vc_column][\/vc_row][vc_row type=&#8221;boxed&#8221; css=&#8221;.vc_custom_1477562952802{margin-top: 30px !important;}&#8221;][vc_column width=&#8221;1\/4&#8243;][vc_single_image image=&#8221;1752&#8243; alignment=&#8221;center&#8221; style=&#8221;vc_box_shadow_border_circle&#8221;]<div class=\"benz_block_title style_7 \">\n\t\t\t\t<h2 class=\"title\" style=\"color:#303030\">1983<\/h2>\n\t\t\t<\/div>[vc_column_text]<\/p>\n<p style=\"text-align: center;\">Pop Star Christine Mc Vie<\/p>\n<p>[\/vc_column_text][\/vc_column][vc_column width=&#8221;1\/4&#8243;][vc_single_image image=&#8221;1767&#8243; alignment=&#8221;center&#8221; style=&#8221;vc_box_shadow_border_circle&#8221;]<div class=\"benz_block_title style_7 \">\n\t\t\t\t<h2 class=\"title\" style=\"color:#303030\">1990<\/h2>\n\t\t\t<\/div>[vc_column_text]<\/p>\n<p style=\"text-align: center;\">Roger Moore<\/p>\n<p>[\/vc_column_text][\/vc_column][vc_column width=&#8221;1\/4&#8243;][vc_single_image image=&#8221;1750&#8243; alignment=&#8221;center&#8221; style=&#8221;vc_box_shadow_border_circle&#8221;]<div class=\"benz_block_title style_7 \">\n\t\t\t\t<h2 class=\"title\" style=\"color:#303030\">1996<\/h2>\n\t\t\t<\/div>[vc_column_text]<\/p>\n<p style=\"text-align: center;\">Florent Pagny<\/p>\n<p>[\/vc_column_text][\/vc_column][vc_column width=&#8221;1\/4&#8243;][vc_single_image image=&#8221;1751&#8243; alignment=&#8221;center&#8221; style=&#8221;vc_box_shadow_border_circle&#8221;]<div class=\"benz_block_title style_7 \">\n\t\t\t\t<h2 class=\"title\" style=\"color:#303030\">1998<\/h2>\n\t\t\t<\/div>[vc_column_text]<\/p>\n<p style=\"text-align: center;\">Umberto Tozzi<\/p>\n<p>[\/vc_column_text][\/vc_column][\/vc_row][vc_row][vc_column]<div class=\"ult-spacer spacer-69e49b77a6ea4\" data-id=\"69e49b77a6ea4\" data-height=\"50\" data-height-mobile=\"\" data-height-tab=\"20\" data-height-tab-portrait=\"20\" data-height-mobile-landscape=\"10\" style=\"clear:both;display:block;\"><\/div>[\/vc_column][\/vc_row][vc_row full_width=&#8221;stretch_row&#8221; type=&#8221;boxed&#8221; css=&#8221;.vc_custom_1477593125306{margin-top: 30px !important;background-color: #ffffff !important;}&#8221;][vc_column]<div class=\"benz_block_title style_9 \">\n\t\t\t\t<h2 class=\"title\" style=\"color:#303030\">Notre histoire<\/h2>\n\t\t\t<\/div>[vc_column_text]<\/p>\n<p style=\"text-align: center;\"><strong><span lang=\"FR-CH\">1896<\/span><\/strong><span lang=\"FR-CH\"><br \/>\nOuverture officielle de l\u2019h\u00f4tel en octobre, une premi\u00e8re publicit\u00e9 parut alors :<\/span><\/p>\n<p style=\"text-align: center;\" align=\"center\"><em><span lang=\"FR-CH\">H\u00f4tel International, pr\u00e8s du kursaal. MONTREUX, sur le quai. <\/span><\/em><\/p>\n<p>&nbsp;<\/p>\n<p style=\"text-align: center;\" align=\"center\"><em><span lang=\"FR-CH\">R\u00e9ouverture 10 septembre 1897<\/span><\/em><\/p>\n<p style=\"text-align: center;\" align=\"center\"><em><span lang=\"FR-CH\">Maison enti\u00e8rement neuve, r\u00e9cemment ouverte, am\u00e9nag\u00e9e avec tout le confort d\u2019un \u00e9tablissement de 1er ordre. Vue \u00e9tendue sur le lac et les Alpes. Ascenseur, lumi\u00e8re \u00e9lectrique. Pension. Cuisine soign\u00e9e, soins assidus. Prix mod\u00e9r\u00e9s. FAMILLE DEFAGO. M\u00eame maison : H\u00f4tel de la Croix F\u00e9d\u00e9rale (Champ\u00e9ry, Valais)<\/span><\/em><\/p>\n<p>&nbsp;<\/p>\n<p style=\"text-align: center;\"><strong><span lang=\"FR-CH\">1899<\/span><\/strong><span lang=\"FR-CH\"><br \/>\nL\u2019\u00e9tablissement montreusien fut rachet\u00e9 par groupe d&#8217;hommes d&#8217;affaires de la r\u00e9gion Montreux-Lausanne.<\/span><\/p>\n<p>&nbsp;<\/p>\n<p style=\"text-align: center;\"><strong><span lang=\"FR-CH\">1904<\/span><\/strong><span lang=\"FR-CH\"><br \/>\nAu tournant du si\u00e8cle, l\u2019\u00e9difice fut quelque peu retouch\u00e9 et l\u2019ancien \u00ab International\u00bb devient \u00ab Eden \u00bb.<\/span><\/p>\n<p>&nbsp;<\/p>\n<p style=\"text-align: center;\"><strong><span lang=\"FR-CH\">1914<\/span><\/strong><span lang=\"FR-CH\"><br \/>\nLa 1\u00e8re Guerre Mondiale vient mettre un terme d\u00e9finitif \u00e0 l\u2019expansion touristique de Montreux. La client\u00e8le type des grands h\u00f4tels est ruin\u00e9e ou d\u00e9cim\u00e9e et la g\u00e9n\u00e9ration qui a cr\u00e9\u00e9 Montreux dispara\u00eet. Les \u00e9tablissements voient leurs installations vieillir sans que leurs propri\u00e9taires interviennent, faute d\u2019argent. L\u2019h\u00e9bergement d\u2019intern\u00e9s de guerre d\u00e9grade rapidement les b\u00e2timents. L\u2019Eden, par bonheur, ne recourut, jamais \u00e0 cette solution extr\u00eame.<\/span><\/p>\n<p>&nbsp;<\/p>\n<p style=\"text-align: center;\"><strong><span lang=\"FR-CH\">Ann\u00e9es 1920<\/span><\/strong><span lang=\"FR-CH\"><br \/>\nEn ces ann\u00e9es d&#8217;apr\u00e8s-guerre, M. Emile Eberhard-Fallegeer (1877 \u2013 1963) assume toutes les charges de propri\u00e9taire et de directeur du \u00ab Grand H\u00f4tel Eden \u00bb auquel il avait \u00e9t\u00e9 associ\u00e9 d\u00e8s 1910.<\/span><\/p>\n<p>&nbsp;<\/p>\n<p style=\"text-align: center;\"><strong><span lang=\"FR-CH\">1937<\/span><\/strong><span lang=\"FR-CH\"><br \/>\nD\u00e9c\u00e8s de l\u2019architecte Louis Villard en juin. On peut citer parmi ses \u0153uvres (les H\u00f4tels Suisse, l\u2019Excelsior, Villa Toscane et l\u2019Eden)<\/span><\/p>\n<p>&nbsp;<\/p>\n<p style=\"text-align: center;\"><strong><span lang=\"FR-CH\">1940<\/span><\/strong><span lang=\"FR-CH\"><br \/>\nLa 2nd Guerre Mondiale r\u00e9duit l\u2019afflux de touristes de fa\u00e7on drastique et l\u2019h\u00f4tel a connu les plus mauvaises ann\u00e9es de son histoire.<\/span><span lang=\"FR-CH\">\u00a0<\/span><\/p>\n<p>&nbsp;<\/p>\n<p style=\"text-align: center;\"><strong><span lang=\"FR-CH\">1956<\/span><\/strong><span lang=\"FR-CH\"><br \/>\nLa date du 1er juin marque la fin de r\u00e8gne de M. E. Eberhard et le rachat de l\u2019h\u00f4tel par M. Fr\u00e9d\u00e9ric Tissot du Grand-H\u00f4tel de Vevey. Au cours des ann\u00e9es qui suivirent, l\u2019\u00e9tablissement fut progressivement modernis\u00e9.<\/span><\/p>\n<p>&nbsp;<\/p>\n<p style=\"text-align: center;\"><strong><span lang=\"FR-CH\">Ann\u00e9es 1970<\/span><\/strong><span lang=\"FR-CH\"><br \/>\nUn projet de destruction de l\u2019H\u00f4tel Eden voit le jour. Il pr\u00e9voit de le remplacer par un \u00e9tablissement ultra-moderne, comprenant une tour de 15 \u00e9tages.<\/span><\/p>\n<p>&nbsp;<\/p>\n<p style=\"text-align: center;\"><strong><span lang=\"FR-CH\">1974<\/span><\/strong><span lang=\"FR-CH\"><br \/>\nApr\u00e8s le 1er choc p\u00e9trolier, les projets de transformation se font rares et l\u2019H\u00f4tel Eden \u00e9chappe \u00e0 la d\u00e9molition.<\/span><\/p>\n<p>&nbsp;<\/p>\n<p style=\"text-align: center;\"><strong><span lang=\"FR-CH\">1974 \u2013 1995<\/span><\/strong><span lang=\"FR-CH\"><br \/>\nGestion de l&#8217;h\u00f4tel par Carlo de Mercurio qui acquerra l\u2019\u00e9tablissement d\u00e9finitivement au d\u00e9but des ann\u00e9es 1980. Il devient de ce fait l\u2019H\u00f4tel Eden au Lac.<\/span><\/p>\n<p>&nbsp;<\/p>\n<p style=\"text-align: center;\"><strong><span lang=\"FR-CH\">Ann\u00e9es 2000<br \/>\n<\/span><\/strong><span lang=\"FR-CH\">Apr\u00e8s un coup de foudre pour Montreux, Monsieur Gaston Jacques Murray, industriel anglais, rach\u00e8te l\u2019Eden au Lac qui devient d\u00e8s lors Eden Palace au Lac.<\/span><\/p>\n<p>[\/vc_column_text][\/vc_column][\/vc_row]<\/p>\n<\/div>","protected":false},"excerpt":{"rendered":"<p>[vc_row][vc_column][rev_slider_vc alias=&#8221;histoire&#8221;][\/vc_column][\/vc_row][vc_row css=&#8221;.vc_custom_1471440433646{margin-top: 30px !important;}&#8221;][vc_column width=&#8221;1\/6&#8243;][vc_column_text][\/vc_column_text][\/vc_column][vc_column width=&#8221;2\/3&#8243;][vc_column_text] Depuis plus de 100 ans l\u2019Eden Palace au Lac est un haut lieu de la ville de Montreux. \u00a0Ouvert en octobre 1896, notre palace a su traverser les \u00e9poques en conservant son identit\u00e9. De nombreuses c\u00e9l\u00e9brit\u00e9s ont s\u00e9journ\u00e9 dans nos chambres. De Charles Aznavour \u00e0 Umberto Tozzi en [&hellip;]<\/p>\n","protected":false},"author":1,"featured_media":0,"parent":992,"menu_order":0,"comment_status":"closed","ping_status":"closed","template":"page-full-width.php","meta":{"_acf_changed":false,"footnotes":""},"class_list":["post-1713","page","type-page","status-publish","hentry"],"acf":[],"yoast_head":"<!-- This site is optimized with the Yoast SEO plugin v25.3 - https:\/\/yoast.com\/wordpress\/plugins\/seo\/ -->\n<title>LIVRE D&#039;OR - Eden Palace<\/title>\n<meta name=\"description\" content=\"Depuis plus de 100 ans l\u2019Eden Palace au Lac est un haut lieu de la ville de Montreux. De nombreuses c\u00e9l\u00e9brit\u00e9s ont s\u00e9journ\u00e9 dans nos chambres.\" \/>\n<meta name=\"robots\" content=\"index, follow, max-snippet:-1, max-image-preview:large, max-video-preview:-1\" \/>\n<link rel=\"canonical\" href=\"https:\/\/www.edenpalace.ch\/fr\/montreux\/livre-or\/\" \/>\n<meta property=\"og:locale\" content=\"fr_FR\" \/>\n<meta property=\"og:type\" content=\"article\" \/>\n<meta property=\"og:title\" content=\"LIVRE D&#039;OR - Eden Palace\" \/>\n<meta property=\"og:description\" content=\"Depuis plus de 100 ans l\u2019Eden Palace au Lac est un haut lieu de la ville de Montreux. De nombreuses c\u00e9l\u00e9brit\u00e9s ont s\u00e9journ\u00e9 dans nos chambres.\" \/>\n<meta property=\"og:url\" content=\"https:\/\/www.edenpalace.ch\/fr\/montreux\/livre-or\/\" \/>\n<meta property=\"og:site_name\" content=\"Eden Palace\" \/>\n<meta property=\"article:modified_time\" content=\"2016-12-12T17:39:26+00:00\" \/>\n<meta name=\"twitter:card\" content=\"summary_large_image\" \/>\n<meta name=\"twitter:label1\" content=\"Dur\u00e9e de lecture estim\u00e9e\" \/>\n\t<meta name=\"twitter:data1\" content=\"5 minutes\" \/>\n<script type=\"application\/ld+json\" class=\"yoast-schema-graph\">{\"@context\":\"https:\/\/schema.org\",\"@graph\":[{\"@type\":\"WebPage\",\"@id\":\"https:\/\/www.edenpalace.ch\/fr\/montreux\/livre-or\/\",\"url\":\"https:\/\/www.edenpalace.ch\/fr\/montreux\/livre-or\/\",\"name\":\"LIVRE D'OR - Eden Palace\",\"isPartOf\":{\"@id\":\"https:\/\/www.edenpalace.ch\/en\/#website\"},\"datePublished\":\"2016-10-27T14:01:57+00:00\",\"dateModified\":\"2016-12-12T17:39:26+00:00\",\"description\":\"Depuis plus de 100 ans l\u2019Eden Palace au Lac est un haut lieu de la ville de Montreux. De nombreuses c\u00e9l\u00e9brit\u00e9s ont s\u00e9journ\u00e9 dans nos chambres.\",\"breadcrumb\":{\"@id\":\"https:\/\/www.edenpalace.ch\/fr\/montreux\/livre-or\/#breadcrumb\"},\"inLanguage\":\"fr-FR\",\"potentialAction\":[{\"@type\":\"ReadAction\",\"target\":[\"https:\/\/www.edenpalace.ch\/fr\/montreux\/livre-or\/\"]}]},{\"@type\":\"BreadcrumbList\",\"@id\":\"https:\/\/www.edenpalace.ch\/fr\/montreux\/livre-or\/#breadcrumb\",\"itemListElement\":[{\"@type\":\"ListItem\",\"position\":1,\"name\":\"Accueil\",\"item\":\"https:\/\/www.edenpalace.ch\/fr\/\"},{\"@type\":\"ListItem\",\"position\":2,\"name\":\"Montreux\",\"item\":\"https:\/\/www.edenpalace.ch\/fr\/montreux\/\"},{\"@type\":\"ListItem\",\"position\":3,\"name\":\"Livre d&#8217;or\"}]},{\"@type\":\"WebSite\",\"@id\":\"https:\/\/www.edenpalace.ch\/en\/#website\",\"url\":\"https:\/\/www.edenpalace.ch\/en\/\",\"name\":\"Eden Palace\",\"description\":\"H\u00f4tel d&#039;exception sur les bords du lac de Montreux\",\"potentialAction\":[{\"@type\":\"SearchAction\",\"target\":{\"@type\":\"EntryPoint\",\"urlTemplate\":\"https:\/\/www.edenpalace.ch\/en\/?s={search_term_string}\"},\"query-input\":{\"@type\":\"PropertyValueSpecification\",\"valueRequired\":true,\"valueName\":\"search_term_string\"}}],\"inLanguage\":\"fr-FR\"}]}<\/script>\n<!-- \/ Yoast SEO plugin. -->","yoast_head_json":{"title":"LIVRE D'OR - Eden Palace","description":"Depuis plus de 100 ans l\u2019Eden Palace au Lac est un haut lieu de la ville de Montreux. De nombreuses c\u00e9l\u00e9brit\u00e9s ont s\u00e9journ\u00e9 dans nos chambres.","robots":{"index":"index","follow":"follow","max-snippet":"max-snippet:-1","max-image-preview":"max-image-preview:large","max-video-preview":"max-video-preview:-1"},"canonical":"https:\/\/www.edenpalace.ch\/fr\/montreux\/livre-or\/","og_locale":"fr_FR","og_type":"article","og_title":"LIVRE D'OR - Eden Palace","og_description":"Depuis plus de 100 ans l\u2019Eden Palace au Lac est un haut lieu de la ville de Montreux. De nombreuses c\u00e9l\u00e9brit\u00e9s ont s\u00e9journ\u00e9 dans nos chambres.","og_url":"https:\/\/www.edenpalace.ch\/fr\/montreux\/livre-or\/","og_site_name":"Eden Palace","article_modified_time":"2016-12-12T17:39:26+00:00","twitter_card":"summary_large_image","twitter_misc":{"Dur\u00e9e de lecture estim\u00e9e":"5 minutes"},"schema":{"@context":"https:\/\/schema.org","@graph":[{"@type":"WebPage","@id":"https:\/\/www.edenpalace.ch\/fr\/montreux\/livre-or\/","url":"https:\/\/www.edenpalace.ch\/fr\/montreux\/livre-or\/","name":"LIVRE D'OR - Eden Palace","isPartOf":{"@id":"https:\/\/www.edenpalace.ch\/en\/#website"},"datePublished":"2016-10-27T14:01:57+00:00","dateModified":"2016-12-12T17:39:26+00:00","description":"Depuis plus de 100 ans l\u2019Eden Palace au Lac est un haut lieu de la ville de Montreux. De nombreuses c\u00e9l\u00e9brit\u00e9s ont s\u00e9journ\u00e9 dans nos chambres.","breadcrumb":{"@id":"https:\/\/www.edenpalace.ch\/fr\/montreux\/livre-or\/#breadcrumb"},"inLanguage":"fr-FR","potentialAction":[{"@type":"ReadAction","target":["https:\/\/www.edenpalace.ch\/fr\/montreux\/livre-or\/"]}]},{"@type":"BreadcrumbList","@id":"https:\/\/www.edenpalace.ch\/fr\/montreux\/livre-or\/#breadcrumb","itemListElement":[{"@type":"ListItem","position":1,"name":"Accueil","item":"https:\/\/www.edenpalace.ch\/fr\/"},{"@type":"ListItem","position":2,"name":"Montreux","item":"https:\/\/www.edenpalace.ch\/fr\/montreux\/"},{"@type":"ListItem","position":3,"name":"Livre d&#8217;or"}]},{"@type":"WebSite","@id":"https:\/\/www.edenpalace.ch\/en\/#website","url":"https:\/\/www.edenpalace.ch\/en\/","name":"Eden Palace","description":"H\u00f4tel d&#039;exception sur les bords du lac de Montreux","potentialAction":[{"@type":"SearchAction","target":{"@type":"EntryPoint","urlTemplate":"https:\/\/www.edenpalace.ch\/en\/?s={search_term_string}"},"query-input":{"@type":"PropertyValueSpecification","valueRequired":true,"valueName":"search_term_string"}}],"inLanguage":"fr-FR"}]}},"_links":{"self":[{"href":"https:\/\/www.edenpalace.ch\/fr\/wp-json\/wp\/v2\/pages\/1713","targetHints":{"allow":["GET"]}}],"collection":[{"href":"https:\/\/www.edenpalace.ch\/fr\/wp-json\/wp\/v2\/pages"}],"about":[{"href":"https:\/\/www.edenpalace.ch\/fr\/wp-json\/wp\/v2\/types\/page"}],"author":[{"embeddable":true,"href":"https:\/\/www.edenpalace.ch\/fr\/wp-json\/wp\/v2\/users\/1"}],"replies":[{"embeddable":true,"href":"https:\/\/www.edenpalace.ch\/fr\/wp-json\/wp\/v2\/comments?post=1713"}],"version-history":[{"count":22,"href":"https:\/\/www.edenpalace.ch\/fr\/wp-json\/wp\/v2\/pages\/1713\/revisions"}],"predecessor-version":[{"id":4064,"href":"https:\/\/www.edenpalace.ch\/fr\/wp-json\/wp\/v2\/pages\/1713\/revisions\/4064"}],"up":[{"embeddable":true,"href":"https:\/\/www.edenpalace.ch\/fr\/wp-json\/wp\/v2\/pages\/992"}],"wp:attachment":[{"href":"https:\/\/www.edenpalace.ch\/fr\/wp-json\/wp\/v2\/media?parent=1713"}],"curies":[{"name":"wp","href":"https:\/\/api.w.org\/{rel}","templated":true}]}}