 
{"id":1709,"date":"2016-10-27T14:20:45","date_gmt":"2016-10-27T12:20:45","guid":{"rendered":"https:\/\/www.edenpalace.ch\/?page_id=1709"},"modified":"2017-10-20T15:33:20","modified_gmt":"2017-10-20T13:33:20","slug":"activites","status":"publish","type":"page","link":"https:\/\/www.edenpalace.ch\/fr\/montreux\/activites\/","title":{"rendered":"Activit\u00e9s"},"content":{"rendered":"<div class=\"wpb-content-wrapper\"><p>[vc_row][vc_column][rev_slider_vc alias=&#8221;activite&#8221;][\/vc_column][\/vc_row][vc_row css=&#8221;.vc_custom_1471440433646{margin-top: 30px !important;}&#8221;][vc_column width=&#8221;1\/6&#8243;][vc_column_text][\/vc_column_text][\/vc_column][vc_column width=&#8221;2\/3&#8243;]<div class=\"benz_block_title style_9 \">\n\t\t\t\t<h2 class=\"title\" style=\"color:#303030\">Les activit\u00e9s \u00e0 Montreux<\/h2>\n\t\t\t<\/div>[vc_column_text]<\/p>\n<p style=\"text-align: center;\">Montreux et sa r\u00e9gion sont renomm\u00e9s dans le monde entier pour ses festivals et la richesse de l\u2019offre culturelle locale.<\/p>\n<p style=\"text-align: center;\">Vous pourrez profiter seul, en famille ou entre amis de toutes les activit\u00e9s qu&#8217;offre la r\u00e9gion, quelles que soient vos envies.<\/p>\n<p>[\/vc_column_text][\/vc_column][vc_column width=&#8221;1\/6&#8243;][\/vc_column][\/vc_row][vc_row][vc_column]<div class=\"ult-spacer spacer-69f557a045b61\" data-id=\"69f557a045b61\" data-height=\"50\" data-height-mobile=\"\" data-height-tab=\"20\" data-height-tab-portrait=\"20\" data-height-mobile-landscape=\"10\" style=\"clear:both;display:block;\"><\/div>[\/vc_column][\/vc_row][vc_row type=&#8221;boxed&#8221; css=&#8221;.vc_custom_1480608115124{margin-top: 30px !important;}&#8221;][vc_column width=&#8221;1\/2&#8243;][vc_single_image image=&#8221;1747&#8243; alignment=&#8221;center&#8221;][\/vc_column][vc_column width=&#8221;1\/2&#8243;]<div class=\"benz_block_title style_9 \">\n\t\t\t\t<h2 class=\"title\" style=\"color:#303030\">March\u00e9 de No\u00ebl<\/h2>\n\t\t\t<\/div>[vc_column_text]<\/p>\n<p style=\"text-align: center;\">De fin novembre jusqu\u2019au 24 d\u00e9cembre Montreux rev\u00eat sa parure de No\u00ebl. Le march\u00e9 de No\u00ebl de Montreux, situ\u00e9 sur les bords du Lac L\u00e9man est l\u2019un des march\u00e9s les plus r\u00e9put\u00e9s de Suisse et d\u2019Europe. Avec plus de 150 chalets valorisant l\u2019artisanat, les produits locaux et vous proposant de nombreuses id\u00e9es cadeaux, c\u2019est le lieu id\u00e9al pour pr\u00e9parer vos f\u00eates de fin d\u2019ann\u00e9e. De nombreuses animations musicales et festives sont aussi propos\u00e9es pour \u00e9gayer vos soir\u00e9es d\u2019hiver. Notre h\u00f4tel de luxe vous propose ses chambres tout confort id\u00e9alement situ\u00e9es \u00e0 deux pas du march\u00e9 de No\u00ebl de Montreux.<\/p>\n<p>[\/vc_column_text][\/vc_column][\/vc_row][vc_row][vc_column]<div class=\"ult-spacer spacer-69f557a045be5\" data-id=\"69f557a045be5\" data-height=\"50\" data-height-mobile=\"\" data-height-tab=\"20\" data-height-tab-portrait=\"20\" data-height-mobile-landscape=\"10\" style=\"clear:both;display:block;\"><\/div>[\/vc_column][\/vc_row][vc_row type=&#8221;boxed&#8221; ult_hide_row=&#8221;ult_hide_row_value&#8221; ult_hide_row_tablet=&#8221;tablet&#8221; ult_hide_row_tablet_small=&#8221;xs_tablet&#8221; ult_hide_row_mobile=&#8221;mobile&#8221; ult_hide_row_mobile_large=&#8221;xl_mobile&#8221; css=&#8221;.vc_custom_1480608102365{margin-top: 30px !important;}&#8221;][vc_column width=&#8221;1\/2&#8243; offset=&#8221;vc_hidden-lg&#8221;][vc_single_image image=&#8221;1745&#8243; alignment=&#8221;center&#8221;][\/vc_column][vc_column width=&#8221;1\/2&#8243;]<div class=\"benz_block_title style_9 \">\n\t\t\t\t<h2 class=\"title\" style=\"color:#303030\">Ch\u00e2teau de Chillon<\/h2>\n\t\t\t<\/div><div class=\"benz_block_sub_title style_9 \">\n\t\t\t\t<h2 class=\"title\" style=\"color:#515151\">Un rendez-vous incontournable pour les amateurs de jazz<\/h2>\n\t\t\t<\/div>\n\t\t\t[vc_column_text]<\/p>\n<p style=\"text-align: center;\">Le ch\u00e2teau de Chillon est un joyau architectural nich\u00e9 entre le lac L\u00e9man et les Alpes. Situ\u00e9 \u00e0 5 min de l\u2019Eden Palace au Lac, ce ch\u00e2teau class\u00e9 monument historique a inspir\u00e9 les plus grands auteurs romantiques d\u2019Alexandre Dumas \u00e0 Victor Hugo en passant par Lord Byron. Il abrita successivement les comtes de Savoie, les Bernois et enfin les Vaudois. Le ch\u00e2teau peut se visiter librement ou avec l\u2019aide d\u2019un guide. En outre, de nombreuses expositions et manifestations sont organis\u00e9es \u00e0 l\u2019int\u00e9rieur du Ch\u00e2teau de Chillon. Notre h\u00f4tel \u00e0 Montreux vous offre un h\u00e9bergement de standing relaxant \u00e0 quelques encablures seulement de ce monument phare de la culture suisse.<\/p>\n<p>[\/vc_column_text][vc_btn title=&#8221;En savoir plus&#8221; style=&#8221;outline-custom&#8221; outline_custom_color=&#8221;#0a0a0a&#8221; outline_custom_hover_background=&#8221;#140459&#8243; outline_custom_hover_text=&#8221;#ffffff&#8221; align=&#8221;center&#8221; link=&#8221;url:http%3A%2F%2Fwww.montreuxriviera.com%2Ffr%2FP742%2Fchateau-de-chillon%3Fgroup%3D194||target:%20_blank|&#8221;][\/vc_column][vc_column width=&#8221;1\/2&#8243; offset=&#8221;vc_hidden-md vc_hidden-sm vc_hidden-xs&#8221;][vc_single_image image=&#8221;1745&#8243; alignment=&#8221;center&#8221;][\/vc_column][\/vc_row][vc_row][vc_column]<div class=\"ult-spacer spacer-69f557a045c61\" data-id=\"69f557a045c61\" data-height=\"50\" data-height-mobile=\"\" data-height-tab=\"20\" data-height-tab-portrait=\"20\" data-height-mobile-landscape=\"10\" style=\"clear:both;display:block;\"><\/div>[\/vc_column][\/vc_row][vc_row type=&#8221;boxed&#8221; css=&#8221;.vc_custom_1477562952802{margin-top: 30px !important;}&#8221;][vc_column width=&#8221;1\/2&#8243;][vc_single_image image=&#8221;1744&#8243; alignment=&#8221;center&#8221;][\/vc_column][vc_column width=&#8221;1\/2&#8243;]<div class=\"benz_block_title style_9 \">\n\t\t\t\t<h2 class=\"title\" style=\"color:#303030\">Vignobles de Lavaux et Epesses<\/h2>\n\t\t\t<\/div>[vc_column_text]<\/p>\n<p style=\"text-align: center;\">La r\u00e9gion de Montreux est renomm\u00e9e mondialement pour ses vignobles en terrasse. Regroupant de nombreuses appellations et c\u00e9pages, les vignobles en terrasse de Lavaux, d\u2019Epesses et de la Riviera vaudoise sont notamment inscrits au patrimoine mondial de l\u2019Unesco. De nombreux \u00e9v\u00e8nements tels que la visite des caves et des d\u00e9gustations sont organis\u00e9s tout au long de l\u2019ann\u00e9e. L\u2019Eden Palace au Lac vous offre un h\u00e9bergement tout confort \u00e0 proximit\u00e9, pour partir \u00e0 la d\u00e9couverte de ses vignobles d\u2019exception.<\/p>\n<p>[\/vc_column_text][vc_btn title=&#8221;En savoir plus&#8221; style=&#8221;outline-custom&#8221; outline_custom_color=&#8221;#0a0a0a&#8221; outline_custom_hover_background=&#8221;#140459&#8243; outline_custom_hover_text=&#8221;#ffffff&#8221; align=&#8221;center&#8221; link=&#8221;url:http%3A%2F%2Fwww.montreuxriviera.com%2Ffr%2FY42%2Fgastronomie-et-vin||target:%20_blank|&#8221;][\/vc_column][\/vc_row][vc_row][vc_column]<div class=\"ult-spacer spacer-69f557a045cba\" data-id=\"69f557a045cba\" data-height=\"50\" data-height-mobile=\"\" data-height-tab=\"20\" data-height-tab-portrait=\"20\" data-height-mobile-landscape=\"10\" style=\"clear:both;display:block;\"><\/div>[\/vc_column][\/vc_row][vc_row type=&#8221;boxed&#8221; css=&#8221;.vc_custom_1477562952802{margin-top: 30px !important;}&#8221;][vc_column width=&#8221;1\/2&#8243; offset=&#8221;vc_hidden-lg&#8221;][vc_single_image image=&#8221;1746&#8243; alignment=&#8221;center&#8221;][\/vc_column][vc_column width=&#8221;1\/2&#8243;]<div class=\"benz_block_title style_9 \">\n\t\t\t\t<h2 class=\"title\" style=\"color:#303030\">Casino de Montreux<\/h2>\n\t\t\t<\/div>[vc_column_text]<\/p>\n<p style=\"text-align: center;\">L\u2019Eden Palace au Lac se situe \u00e0 proximit\u00e9 imm\u00e9diate du Casino de Montreux. Pour vous d\u00e9tendre et passer une soir\u00e9e sous le signe du jeu le Casino de Montreux vous propose ses machines \u00e0 sous, jeux de table, jeux \u00e9lectroniques ou encore parties de poker. De nombreux spectacles et animations sont \u00e9galement propos\u00e9s au Casino Barri\u00e8re de Montreux. Notre \u00e9tablissement vous offre un pied \u00e0 terre id\u00e9alement situ\u00e9, \u00e0 proximit\u00e9 de l\u2019\u00e9tablissement et de toutes ses attractions.<\/p>\n<p>[\/vc_column_text][vc_btn title=&#8221;En savoir plus&#8221; style=&#8221;outline-custom&#8221; outline_custom_color=&#8221;#0a0a0a&#8221; outline_custom_hover_background=&#8221;#140459&#8243; outline_custom_hover_text=&#8221;#ffffff&#8221; align=&#8221;center&#8221; link=&#8221;url:http%3A%2F%2Fwww.montreuxriviera.com%2Ffr%2FP790%2Fcasino-barriere-de-montreux||target:%20_blank|&#8221;][\/vc_column][vc_column width=&#8221;1\/2&#8243; offset=&#8221;vc_hidden-md vc_hidden-sm vc_hidden-xs&#8221;][vc_single_image image=&#8221;1746&#8243; alignment=&#8221;center&#8221;][\/vc_column][\/vc_row][vc_row][vc_column]<div class=\"ult-spacer spacer-69f557a045d03\" data-id=\"69f557a045d03\" data-height=\"70\" data-height-mobile=\"\" data-height-tab=\"20\" data-height-tab-portrait=\"20\" data-height-mobile-landscape=\"10\" style=\"clear:both;display:block;\"><\/div>[\/vc_column][\/vc_row][vc_row][vc_column][vc_btn title=&#8221;D\u00e9couvrir plus d&#8217;activit\u00e9s&#8221; style=&#8221;outline-custom&#8221; outline_custom_color=&#8221;#0a0a0a&#8221; outline_custom_hover_background=&#8221;#140459&#8243; outline_custom_hover_text=&#8221;#ffffff&#8221; size=&#8221;lg&#8221; align=&#8221;center&#8221; link=&#8221;url:http%3A%2F%2Fwww.montreuxriviera.com%2Ffr%2FY42%2Fculture-et-loisirs||target:%20_blank|&#8221;][\/vc_column][\/vc_row]<\/p>\n<\/div>","protected":false},"excerpt":{"rendered":"<p>[vc_row][vc_column][rev_slider_vc alias=&#8221;activite&#8221;][\/vc_column][\/vc_row][vc_row css=&#8221;.vc_custom_1471440433646{margin-top: 30px !important;}&#8221;][vc_column width=&#8221;1\/6&#8243;][vc_column_text][\/vc_column_text][\/vc_column][vc_column width=&#8221;2\/3&#8243;][vc_column_text] Montreux et sa r\u00e9gion sont renomm\u00e9s dans le monde entier pour ses festivals et la richesse de l\u2019offre culturelle locale. Vous pourrez profiter seul, en famille ou entre amis de toutes les activit\u00e9s qu&#8217;offre la r\u00e9gion, quelles que soient vos envies. [\/vc_column_text][\/vc_column][vc_column width=&#8221;1\/6&#8243;][\/vc_column][\/vc_row][vc_row][vc_column][\/vc_column][\/vc_row][vc_row type=&#8221;boxed&#8221; css=&#8221;.vc_custom_1480608115124{margin-top: 30px !important;}&#8221;][vc_column width=&#8221;1\/2&#8243;][vc_single_image [&hellip;]<\/p>\n","protected":false},"author":1,"featured_media":0,"parent":992,"menu_order":0,"comment_status":"closed","ping_status":"closed","template":"page-full-width.php","meta":{"_acf_changed":false,"footnotes":""},"class_list":["post-1709","page","type-page","status-publish","hentry"],"acf":[],"yoast_head":"<!-- This site is optimized with the Yoast SEO plugin v25.3 - https:\/\/yoast.com\/wordpress\/plugins\/seo\/ -->\n<title>ACTIVITES - Eden Palace<\/title>\n<meta name=\"description\" content=\"Vous pourrez profiter seul, en famille ou entre amis de toutes les activit\u00e9s qu\u2019offre la r\u00e9gion, quelles que soient vos envies.\" \/>\n<meta name=\"robots\" content=\"index, follow, max-snippet:-1, max-image-preview:large, max-video-preview:-1\" \/>\n<link rel=\"canonical\" href=\"https:\/\/www.edenpalace.ch\/fr\/montreux\/activites\/\" \/>\n<meta property=\"og:locale\" content=\"fr_FR\" \/>\n<meta property=\"og:type\" content=\"article\" \/>\n<meta property=\"og:title\" content=\"ACTIVITES - Eden Palace\" \/>\n<meta property=\"og:description\" content=\"Vous pourrez profiter seul, en famille ou entre amis de toutes les activit\u00e9s qu\u2019offre la r\u00e9gion, quelles que soient vos envies.\" \/>\n<meta property=\"og:url\" content=\"https:\/\/www.edenpalace.ch\/fr\/montreux\/activites\/\" \/>\n<meta property=\"og:site_name\" content=\"Eden Palace\" \/>\n<meta property=\"article:modified_time\" content=\"2017-10-20T13:33:20+00:00\" \/>\n<meta name=\"twitter:card\" content=\"summary_large_image\" \/>\n<meta name=\"twitter:label1\" content=\"Dur\u00e9e de lecture estim\u00e9e\" \/>\n\t<meta name=\"twitter:data1\" content=\"5 minutes\" \/>\n<script type=\"application\/ld+json\" class=\"yoast-schema-graph\">{\"@context\":\"https:\/\/schema.org\",\"@graph\":[{\"@type\":\"WebPage\",\"@id\":\"https:\/\/www.edenpalace.ch\/fr\/montreux\/activites\/\",\"url\":\"https:\/\/www.edenpalace.ch\/fr\/montreux\/activites\/\",\"name\":\"ACTIVITES - Eden Palace\",\"isPartOf\":{\"@id\":\"https:\/\/www.edenpalace.ch\/en\/#website\"},\"datePublished\":\"2016-10-27T12:20:45+00:00\",\"dateModified\":\"2017-10-20T13:33:20+00:00\",\"description\":\"Vous pourrez profiter seul, en famille ou entre amis de toutes les activit\u00e9s qu\u2019offre la r\u00e9gion, quelles que soient vos envies.\",\"breadcrumb\":{\"@id\":\"https:\/\/www.edenpalace.ch\/fr\/montreux\/activites\/#breadcrumb\"},\"inLanguage\":\"fr-FR\",\"potentialAction\":[{\"@type\":\"ReadAction\",\"target\":[\"https:\/\/www.edenpalace.ch\/fr\/montreux\/activites\/\"]}]},{\"@type\":\"BreadcrumbList\",\"@id\":\"https:\/\/www.edenpalace.ch\/fr\/montreux\/activites\/#breadcrumb\",\"itemListElement\":[{\"@type\":\"ListItem\",\"position\":1,\"name\":\"Accueil\",\"item\":\"https:\/\/www.edenpalace.ch\/fr\/\"},{\"@type\":\"ListItem\",\"position\":2,\"name\":\"Montreux\",\"item\":\"https:\/\/www.edenpalace.ch\/fr\/montreux\/\"},{\"@type\":\"ListItem\",\"position\":3,\"name\":\"Activit\u00e9s\"}]},{\"@type\":\"WebSite\",\"@id\":\"https:\/\/www.edenpalace.ch\/en\/#website\",\"url\":\"https:\/\/www.edenpalace.ch\/en\/\",\"name\":\"Eden Palace\",\"description\":\"H\u00f4tel d&#039;exception sur les bords du lac de Montreux\",\"potentialAction\":[{\"@type\":\"SearchAction\",\"target\":{\"@type\":\"EntryPoint\",\"urlTemplate\":\"https:\/\/www.edenpalace.ch\/en\/?s={search_term_string}\"},\"query-input\":{\"@type\":\"PropertyValueSpecification\",\"valueRequired\":true,\"valueName\":\"search_term_string\"}}],\"inLanguage\":\"fr-FR\"}]}<\/script>\n<!-- \/ Yoast SEO plugin. -->","yoast_head_json":{"title":"ACTIVITES - Eden Palace","description":"Vous pourrez profiter seul, en famille ou entre amis de toutes les activit\u00e9s qu\u2019offre la r\u00e9gion, quelles que soient vos envies.","robots":{"index":"index","follow":"follow","max-snippet":"max-snippet:-1","max-image-preview":"max-image-preview:large","max-video-preview":"max-video-preview:-1"},"canonical":"https:\/\/www.edenpalace.ch\/fr\/montreux\/activites\/","og_locale":"fr_FR","og_type":"article","og_title":"ACTIVITES - Eden Palace","og_description":"Vous pourrez profiter seul, en famille ou entre amis de toutes les activit\u00e9s qu\u2019offre la r\u00e9gion, quelles que soient vos envies.","og_url":"https:\/\/www.edenpalace.ch\/fr\/montreux\/activites\/","og_site_name":"Eden Palace","article_modified_time":"2017-10-20T13:33:20+00:00","twitter_card":"summary_large_image","twitter_misc":{"Dur\u00e9e de lecture estim\u00e9e":"5 minutes"},"schema":{"@context":"https:\/\/schema.org","@graph":[{"@type":"WebPage","@id":"https:\/\/www.edenpalace.ch\/fr\/montreux\/activites\/","url":"https:\/\/www.edenpalace.ch\/fr\/montreux\/activites\/","name":"ACTIVITES - Eden Palace","isPartOf":{"@id":"https:\/\/www.edenpalace.ch\/en\/#website"},"datePublished":"2016-10-27T12:20:45+00:00","dateModified":"2017-10-20T13:33:20+00:00","description":"Vous pourrez profiter seul, en famille ou entre amis de toutes les activit\u00e9s qu\u2019offre la r\u00e9gion, quelles que soient vos envies.","breadcrumb":{"@id":"https:\/\/www.edenpalace.ch\/fr\/montreux\/activites\/#breadcrumb"},"inLanguage":"fr-FR","potentialAction":[{"@type":"ReadAction","target":["https:\/\/www.edenpalace.ch\/fr\/montreux\/activites\/"]}]},{"@type":"BreadcrumbList","@id":"https:\/\/www.edenpalace.ch\/fr\/montreux\/activites\/#breadcrumb","itemListElement":[{"@type":"ListItem","position":1,"name":"Accueil","item":"https:\/\/www.edenpalace.ch\/fr\/"},{"@type":"ListItem","position":2,"name":"Montreux","item":"https:\/\/www.edenpalace.ch\/fr\/montreux\/"},{"@type":"ListItem","position":3,"name":"Activit\u00e9s"}]},{"@type":"WebSite","@id":"https:\/\/www.edenpalace.ch\/en\/#website","url":"https:\/\/www.edenpalace.ch\/en\/","name":"Eden Palace","description":"H\u00f4tel d&#039;exception sur les bords du lac de Montreux","potentialAction":[{"@type":"SearchAction","target":{"@type":"EntryPoint","urlTemplate":"https:\/\/www.edenpalace.ch\/en\/?s={search_term_string}"},"query-input":{"@type":"PropertyValueSpecification","valueRequired":true,"valueName":"search_term_string"}}],"inLanguage":"fr-FR"}]}},"_links":{"self":[{"href":"https:\/\/www.edenpalace.ch\/fr\/wp-json\/wp\/v2\/pages\/1709","targetHints":{"allow":["GET"]}}],"collection":[{"href":"https:\/\/www.edenpalace.ch\/fr\/wp-json\/wp\/v2\/pages"}],"about":[{"href":"https:\/\/www.edenpalace.ch\/fr\/wp-json\/wp\/v2\/types\/page"}],"author":[{"embeddable":true,"href":"https:\/\/www.edenpalace.ch\/fr\/wp-json\/wp\/v2\/users\/1"}],"replies":[{"embeddable":true,"href":"https:\/\/www.edenpalace.ch\/fr\/wp-json\/wp\/v2\/comments?post=1709"}],"version-history":[{"count":15,"href":"https:\/\/www.edenpalace.ch\/fr\/wp-json\/wp\/v2\/pages\/1709\/revisions"}],"predecessor-version":[{"id":4737,"href":"https:\/\/www.edenpalace.ch\/fr\/wp-json\/wp\/v2\/pages\/1709\/revisions\/4737"}],"up":[{"embeddable":true,"href":"https:\/\/www.edenpalace.ch\/fr\/wp-json\/wp\/v2\/pages\/992"}],"wp:attachment":[{"href":"https:\/\/www.edenpalace.ch\/fr\/wp-json\/wp\/v2\/media?parent=1709"}],"curies":[{"name":"wp","href":"https:\/\/api.w.org\/{rel}","templated":true}]}}