 
{"id":1606,"date":"2016-10-20T18:32:20","date_gmt":"2016-10-20T16:32:20","guid":{"rendered":"https:\/\/www.edenpalace.ch\/?page_id=1606"},"modified":"2025-05-21T14:40:06","modified_gmt":"2025-05-21T12:40:06","slug":"vacances-famille","status":"publish","type":"page","link":"https:\/\/www.edenpalace.ch\/fr\/hebergement\/vacances-famille\/","title":{"rendered":"Chambre Vacances en Famille"},"content":{"rendered":"<div class=\"wpb-content-wrapper\"><p>[vc_row][vc_column][rev_slider_vc alias=&#8221;eden-palace-hebergement-vacances-famille&#8221;][\/vc_column][\/vc_row][vc_row type=&#8221;boxed&#8221; css=&#8221;.vc_custom_1474299116211{margin-top: 120px !important;}&#8221;][vc_column width=&#8221;1\/2&#8243;][vc_single_image image=&#8221;6570&#8243; alignment=&#8221;center&#8221; style=&#8221;vc_box_border&#8221; border_color=&#8221;chino&#8221; css=&#8221;.vc_custom_1747831201105{margin-bottom: 0px !important;}&#8221;][\/vc_column][vc_column width=&#8221;1\/2&#8243; el_class=&#8221;text-align-center&#8221;]<div class=\"benz_block_title style_9 \">\n\t\t\t\t<h2 class=\"title\" style=\"color:#303030\">Chambres familiales<\/h2>\n\t\t\t<\/div>[vc_column_text]<\/p>\n<p style=\"text-align: justify;\">Montreux, son lac et ses paysages \u00e0 couper le souffle sont le lieu id\u00e9al pour des vacances en famille. La r\u00e9gion, son patrimoine et ses nombreuses activit\u00e9s sauront contenter du plus petit au plus grand. L\u2019Eden Palace au lac vous propose une offre compl\u00e8te de chambres, standards ou deluxes ainsi que des junior suites pour r\u00e9pondre \u00e0 vos envies de s\u00e9jours en famille. R\u00e9servez une chambre familiale et profitez du confort de notre h\u00f4tel pour vos vacances en famille.<\/p>\n<p>[\/vc_column_text]<a href=\"https:\/\/www.edenpalace.ch\/reserver\/\" target=\"_self\" data-hover-background-color=#140459 data-hover-border-color=#140459 data-hover-color=#ffffff class=\"nova-button  medium default\" style=\"font-size: 12px; line-height: 24px; color: #000000; background-color: rgba(255,255,255,0.01);border-style:solid;border-color:#000000;border-width:3px;border-radius: 10px;-moz-border-radius: 10px;-webkit-border-radius: 10px; \"><span> R\u00e9servez<\/span><\/a>[\/vc_column][\/vc_row][vc_row][vc_column]<div class=\"ult-spacer spacer-69e385bd85a41\" data-id=\"69e385bd85a41\" data-height=\"60\" data-height-mobile=\"30\" data-height-tab=\"60\" data-height-tab-portrait=\"60\" data-height-mobile-landscape=\"30\" style=\"clear:both;display:block;\"><\/div><div class=\"benz_block_title style_9 \">\n\t\t\t\t<h2 class=\"title\" style=\"color:#000000\">Votre s\u00e9jour<\/h2>\n\t\t\t<\/div>    \t\n\t\t\n\t\t\n\t\t\t<div class=\"benz_products_furniture woocommerce\">\n\t\t<ul id=\"benz-products-furniture-731607836\" class=\"products product small-block-grid-1 medium-block-grid-2 large-block-grid-4\">\n                                    \n<li class=\"\">\n\n\t<a href=\"https:\/\/www.edenpalace.ch\/fr\/produit\/restaurant-chez-gaston-page-accueil\/\" class=\"woocommerce-LoopProduct-link woocommerce-loop-product__link\">\n\n\n\t\t\n\t\t\n\t\t<div class=\"product_images_wrapper \">\n\n\t\t\t<div class=\"product_thumbnail\">\n\t\t\t\t\t<div class=\"product_images_hover\">\n\t\t\t\t\t\t<a class=\"read_more_product\" href=\"https:\/\/www.edenpalace.ch\/fr\/produit\/restaurant-chez-gaston-page-accueil\/\"><\/a>\n\t\t\t\t\t\t\n\t\t\t\t\t<\/div>\n\t\t\t\t\t<img loading=\"lazy\" decoding=\"async\" width=\"350\" height=\"350\" src=\"https:\/\/www.edenpalace.ch\/wp-content\/uploads\/2016\/10\/eden-palace-restauration-gaston-box-350x350.jpg\" class=\"attachment-shop_catalog size-shop_catalog wp-post-image\" alt=\"\" srcset=\"https:\/\/www.edenpalace.ch\/wp-content\/uploads\/2016\/10\/eden-palace-restauration-gaston-box.jpg 350w, https:\/\/www.edenpalace.ch\/wp-content\/uploads\/2016\/10\/eden-palace-restauration-gaston-box-100x100.jpg 100w, https:\/\/www.edenpalace.ch\/wp-content\/uploads\/2016\/10\/eden-palace-restauration-gaston-box-150x150.jpg 150w, https:\/\/www.edenpalace.ch\/wp-content\/uploads\/2016\/10\/eden-palace-restauration-gaston-box-300x300.jpg 300w, https:\/\/www.edenpalace.ch\/wp-content\/uploads\/2016\/10\/eden-palace-restauration-gaston-box-130x130.jpg 130w\" sizes=\"auto, (max-width: 350px) 100vw, 350px\" \/>\t\t\t<\/div><!--.product_thumbnail-->\n\n\t\t\t\n\t\t\t\t\t\t\n\t\t\t<div class=\"product_caption\">\n\t\t\t\t<div class=\"product_list_price\">\n\t\t\t\t\t\t\n\t\t\t\t<\/div>\n\t\t\t\t<div class=\"product-category\">\n\t\t\t\t\tVotre s\u00e9jour\t\t\t\t<\/div>\n\t\t\t\t<h3><a class=\"product-title-link\" href=\"https:\/\/www.edenpalace.ch\/fr\/produit\/restaurant-chez-gaston-page-accueil\/\">Restaurant Chez Gaston<\/a><\/h3>\n\n\t\t\t\t\n\t\t\t<\/div>\n\n\t\t<\/div><!--.product_images_wrapper-->\n\n<\/li>                            \n<li class=\"\">\n\n\t<a href=\"https:\/\/www.edenpalace.ch\/fr\/produit\/hebergement\/\" class=\"woocommerce-LoopProduct-link woocommerce-loop-product__link\">\n\n\n\t\t\n\t\t\n\t\t<div class=\"product_images_wrapper \">\n\n\t\t\t<div class=\"product_thumbnail\">\n\t\t\t\t\t<div class=\"product_images_hover\">\n\t\t\t\t\t\t<a class=\"read_more_product\" href=\"https:\/\/www.edenpalace.ch\/fr\/produit\/hebergement\/\"><\/a>\n\t\t\t\t\t\t\n\t\t\t\t\t<\/div>\n\t\t\t\t\t<img loading=\"lazy\" decoding=\"async\" width=\"350\" height=\"533\" src=\"https:\/\/www.edenpalace.ch\/wp-content\/uploads\/2025\/05\/chambre-23-scaled-350x533.jpg\" class=\"attachment-shop_catalog size-shop_catalog wp-post-image\" alt=\"\" \/>\t\t\t<\/div><!--.product_thumbnail-->\n\n\t\t\t\n\t\t\t\t\t\t\n\t\t\t<div class=\"product_caption\">\n\t\t\t\t<div class=\"product_list_price\">\n\t\t\t\t\t\t\n\t\t\t\t<\/div>\n\t\t\t\t<div class=\"product-category\">\n\t\t\t\t\tVotre s\u00e9jour\t\t\t\t<\/div>\n\t\t\t\t<h3><a class=\"product-title-link\" href=\"https:\/\/www.edenpalace.ch\/fr\/produit\/hebergement\/\">H\u00e9bergement<\/a><\/h3>\n\n\t\t\t\t\n\t\t\t<\/div>\n\n\t\t<\/div><!--.product_images_wrapper-->\n\n<\/li>                            \n<li class=\"\">\n\n\t<a href=\"https:\/\/www.edenpalace.ch\/fr\/produit\/evenements-professionnels-votre-sejour\/\" class=\"woocommerce-LoopProduct-link woocommerce-loop-product__link\">\n\n\n\t\t\n\t\t\n\t\t<div class=\"product_images_wrapper \">\n\n\t\t\t<div class=\"product_thumbnail\">\n\t\t\t\t\t<div class=\"product_images_hover\">\n\t\t\t\t\t\t<a class=\"read_more_product\" href=\"https:\/\/www.edenpalace.ch\/fr\/produit\/evenements-professionnels-votre-sejour\/\"><\/a>\n\t\t\t\t\t\t\n\t\t\t\t\t<\/div>\n\t\t\t\t\t<img loading=\"lazy\" decoding=\"async\" width=\"350\" height=\"350\" src=\"https:\/\/www.edenpalace.ch\/wp-content\/uploads\/2015\/11\/Eden-Palace-salle-conferences-box4-350x350.jpg\" class=\"attachment-shop_catalog size-shop_catalog wp-post-image\" alt=\"\" srcset=\"https:\/\/www.edenpalace.ch\/wp-content\/uploads\/2015\/11\/Eden-Palace-salle-conferences-box4.jpg 350w, https:\/\/www.edenpalace.ch\/wp-content\/uploads\/2015\/11\/Eden-Palace-salle-conferences-box4-100x100.jpg 100w, https:\/\/www.edenpalace.ch\/wp-content\/uploads\/2015\/11\/Eden-Palace-salle-conferences-box4-150x150.jpg 150w, https:\/\/www.edenpalace.ch\/wp-content\/uploads\/2015\/11\/Eden-Palace-salle-conferences-box4-300x300.jpg 300w, https:\/\/www.edenpalace.ch\/wp-content\/uploads\/2015\/11\/Eden-Palace-salle-conferences-box4-130x130.jpg 130w\" sizes=\"auto, (max-width: 350px) 100vw, 350px\" \/>\t\t\t<\/div><!--.product_thumbnail-->\n\n\t\t\t\n\t\t\t\t\t\t\n\t\t\t<div class=\"product_caption\">\n\t\t\t\t<div class=\"product_list_price\">\n\t\t\t\t\t\t\n\t\t\t\t<\/div>\n\t\t\t\t<div class=\"product-category\">\n\t\t\t\t\tVotre s\u00e9jour\t\t\t\t<\/div>\n\t\t\t\t<h3><a class=\"product-title-link\" href=\"https:\/\/www.edenpalace.ch\/fr\/produit\/evenements-professionnels-votre-sejour\/\">\u00c9v\u00e8nements professionnels\u00a0<\/a><\/h3>\n\n\t\t\t\t\n\t\t\t<\/div>\n\n\t\t<\/div><!--.product_images_wrapper-->\n\n<\/li>                            \n<li class=\"\">\n\n\t<a href=\"https:\/\/www.edenpalace.ch\/fr\/produit\/montreux\/\" class=\"woocommerce-LoopProduct-link woocommerce-loop-product__link\">\n\n\n\t\t\n\t\t\n\t\t<div class=\"product_images_wrapper \">\n\n\t\t\t<div class=\"product_thumbnail\">\n\t\t\t\t\t<div class=\"product_images_hover\">\n\t\t\t\t\t\t<a class=\"read_more_product\" href=\"https:\/\/www.edenpalace.ch\/fr\/produit\/montreux\/\"><\/a>\n\t\t\t\t\t\t\n\t\t\t\t\t<\/div>\n\t\t\t\t\t<img loading=\"lazy\" decoding=\"async\" width=\"337\" height=\"337\" src=\"https:\/\/www.edenpalace.ch\/wp-content\/uploads\/2016\/09\/eden-palace-chambre-montreux.png\" class=\"attachment-shop_catalog size-shop_catalog wp-post-image\" alt=\"\" srcset=\"https:\/\/www.edenpalace.ch\/wp-content\/uploads\/2016\/09\/eden-palace-chambre-montreux.png 337w, https:\/\/www.edenpalace.ch\/wp-content\/uploads\/2016\/09\/eden-palace-chambre-montreux-100x100.png 100w, https:\/\/www.edenpalace.ch\/wp-content\/uploads\/2016\/09\/eden-palace-chambre-montreux-150x150.png 150w, https:\/\/www.edenpalace.ch\/wp-content\/uploads\/2016\/09\/eden-palace-chambre-montreux-300x300.png 300w, https:\/\/www.edenpalace.ch\/wp-content\/uploads\/2016\/09\/eden-palace-chambre-montreux-130x130.png 130w\" sizes=\"auto, (max-width: 337px) 100vw, 337px\" \/>\t\t\t<\/div><!--.product_thumbnail-->\n\n\t\t\t\n\t\t\t\t\t\t\n\t\t\t<div class=\"product_caption\">\n\t\t\t\t<div class=\"product_list_price\">\n\t\t\t\t\t\t\n\t\t\t\t<\/div>\n\t\t\t\t<div class=\"product-category\">\n\t\t\t\t\tVotre s\u00e9jour\t\t\t\t<\/div>\n\t\t\t\t<h3><a class=\"product-title-link\" href=\"https:\/\/www.edenpalace.ch\/fr\/produit\/montreux\/\">Montreux<\/a><\/h3>\n\n\t\t\t\t\n\t\t\t<\/div>\n\n\t\t<\/div><!--.product_images_wrapper-->\n\n<\/li>                    \t\t<\/ul>\n\t<\/div>\n\t[\/vc_column][\/vc_row]<\/p>\n<\/div>","protected":false},"excerpt":{"rendered":"<p>[vc_row][vc_column][rev_slider_vc alias=&#8221;eden-palace-hebergement-vacances-famille&#8221;][\/vc_column][\/vc_row][vc_row type=&#8221;boxed&#8221; css=&#8221;.vc_custom_1474299116211{margin-top: 120px !important;}&#8221;][vc_column width=&#8221;1\/2&#8243;][vc_single_image image=&#8221;6570&#8243; alignment=&#8221;center&#8221; style=&#8221;vc_box_border&#8221; border_color=&#8221;chino&#8221; css=&#8221;.vc_custom_1747831201105{margin-bottom: 0px !important;}&#8221;][\/vc_column][vc_column width=&#8221;1\/2&#8243; el_class=&#8221;text-align-center&#8221;][vc_column_text] Montreux, son lac et ses paysages \u00e0 couper le souffle sont le lieu id\u00e9al pour des vacances en famille. La r\u00e9gion, son patrimoine et ses nombreuses activit\u00e9s sauront contenter du plus petit au plus grand. L\u2019Eden Palace au lac [&hellip;]<\/p>\n","protected":false},"author":1,"featured_media":0,"parent":976,"menu_order":0,"comment_status":"closed","ping_status":"closed","template":"page-full-width.php","meta":{"_acf_changed":false,"footnotes":""},"class_list":["post-1606","page","type-page","status-publish","hentry"],"acf":[],"yoast_head":"<!-- This site is optimized with the Yoast SEO plugin v25.3 - https:\/\/yoast.com\/wordpress\/plugins\/seo\/ -->\n<title>VACANCES EN FAMILLE - Eden Palace<\/title>\n<meta name=\"description\" content=\"Montreux, son lac et ses paysages \u00e0 couper le souffle sont le lieu id\u00e9al pour des vacances en famille.\" \/>\n<meta name=\"robots\" content=\"index, follow, max-snippet:-1, max-image-preview:large, max-video-preview:-1\" \/>\n<link rel=\"canonical\" href=\"https:\/\/www.edenpalace.ch\/fr\/hebergement\/vacances-famille\/\" \/>\n<meta property=\"og:locale\" content=\"fr_FR\" \/>\n<meta property=\"og:type\" content=\"article\" \/>\n<meta property=\"og:title\" content=\"VACANCES EN FAMILLE - Eden Palace\" \/>\n<meta property=\"og:description\" content=\"Montreux, son lac et ses paysages \u00e0 couper le souffle sont le lieu id\u00e9al pour des vacances en famille.\" \/>\n<meta property=\"og:url\" content=\"https:\/\/www.edenpalace.ch\/fr\/hebergement\/vacances-famille\/\" \/>\n<meta property=\"og:site_name\" content=\"Eden Palace\" \/>\n<meta property=\"article:modified_time\" content=\"2025-05-21T12:40:06+00:00\" \/>\n<meta name=\"twitter:card\" content=\"summary_large_image\" \/>\n<meta name=\"twitter:label1\" content=\"Dur\u00e9e de lecture estim\u00e9e\" \/>\n\t<meta name=\"twitter:data1\" content=\"1 minute\" \/>\n<script type=\"application\/ld+json\" class=\"yoast-schema-graph\">{\"@context\":\"https:\/\/schema.org\",\"@graph\":[{\"@type\":\"WebPage\",\"@id\":\"https:\/\/www.edenpalace.ch\/fr\/hebergement\/vacances-famille\/\",\"url\":\"https:\/\/www.edenpalace.ch\/fr\/hebergement\/vacances-famille\/\",\"name\":\"VACANCES EN FAMILLE - Eden Palace\",\"isPartOf\":{\"@id\":\"https:\/\/www.edenpalace.ch\/en\/#website\"},\"datePublished\":\"2016-10-20T16:32:20+00:00\",\"dateModified\":\"2025-05-21T12:40:06+00:00\",\"description\":\"Montreux, son lac et ses paysages \u00e0 couper le souffle sont le lieu id\u00e9al pour des vacances en famille.\",\"breadcrumb\":{\"@id\":\"https:\/\/www.edenpalace.ch\/fr\/hebergement\/vacances-famille\/#breadcrumb\"},\"inLanguage\":\"fr-FR\",\"potentialAction\":[{\"@type\":\"ReadAction\",\"target\":[\"https:\/\/www.edenpalace.ch\/fr\/hebergement\/vacances-famille\/\"]}]},{\"@type\":\"BreadcrumbList\",\"@id\":\"https:\/\/www.edenpalace.ch\/fr\/hebergement\/vacances-famille\/#breadcrumb\",\"itemListElement\":[{\"@type\":\"ListItem\",\"position\":1,\"name\":\"Accueil\",\"item\":\"https:\/\/www.edenpalace.ch\/fr\/\"},{\"@type\":\"ListItem\",\"position\":2,\"name\":\"H\u00e9bergement\",\"item\":\"https:\/\/www.edenpalace.ch\/fr\/hebergement\/\"},{\"@type\":\"ListItem\",\"position\":3,\"name\":\"Chambre Vacances en Famille\"}]},{\"@type\":\"WebSite\",\"@id\":\"https:\/\/www.edenpalace.ch\/en\/#website\",\"url\":\"https:\/\/www.edenpalace.ch\/en\/\",\"name\":\"Eden Palace\",\"description\":\"H\u00f4tel d&#039;exception sur les bords du lac de Montreux\",\"potentialAction\":[{\"@type\":\"SearchAction\",\"target\":{\"@type\":\"EntryPoint\",\"urlTemplate\":\"https:\/\/www.edenpalace.ch\/en\/?s={search_term_string}\"},\"query-input\":{\"@type\":\"PropertyValueSpecification\",\"valueRequired\":true,\"valueName\":\"search_term_string\"}}],\"inLanguage\":\"fr-FR\"}]}<\/script>\n<!-- \/ Yoast SEO plugin. -->","yoast_head_json":{"title":"VACANCES EN FAMILLE - Eden Palace","description":"Montreux, son lac et ses paysages \u00e0 couper le souffle sont le lieu id\u00e9al pour des vacances en famille.","robots":{"index":"index","follow":"follow","max-snippet":"max-snippet:-1","max-image-preview":"max-image-preview:large","max-video-preview":"max-video-preview:-1"},"canonical":"https:\/\/www.edenpalace.ch\/fr\/hebergement\/vacances-famille\/","og_locale":"fr_FR","og_type":"article","og_title":"VACANCES EN FAMILLE - Eden Palace","og_description":"Montreux, son lac et ses paysages \u00e0 couper le souffle sont le lieu id\u00e9al pour des vacances en famille.","og_url":"https:\/\/www.edenpalace.ch\/fr\/hebergement\/vacances-famille\/","og_site_name":"Eden Palace","article_modified_time":"2025-05-21T12:40:06+00:00","twitter_card":"summary_large_image","twitter_misc":{"Dur\u00e9e de lecture estim\u00e9e":"1 minute"},"schema":{"@context":"https:\/\/schema.org","@graph":[{"@type":"WebPage","@id":"https:\/\/www.edenpalace.ch\/fr\/hebergement\/vacances-famille\/","url":"https:\/\/www.edenpalace.ch\/fr\/hebergement\/vacances-famille\/","name":"VACANCES EN FAMILLE - Eden Palace","isPartOf":{"@id":"https:\/\/www.edenpalace.ch\/en\/#website"},"datePublished":"2016-10-20T16:32:20+00:00","dateModified":"2025-05-21T12:40:06+00:00","description":"Montreux, son lac et ses paysages \u00e0 couper le souffle sont le lieu id\u00e9al pour des vacances en famille.","breadcrumb":{"@id":"https:\/\/www.edenpalace.ch\/fr\/hebergement\/vacances-famille\/#breadcrumb"},"inLanguage":"fr-FR","potentialAction":[{"@type":"ReadAction","target":["https:\/\/www.edenpalace.ch\/fr\/hebergement\/vacances-famille\/"]}]},{"@type":"BreadcrumbList","@id":"https:\/\/www.edenpalace.ch\/fr\/hebergement\/vacances-famille\/#breadcrumb","itemListElement":[{"@type":"ListItem","position":1,"name":"Accueil","item":"https:\/\/www.edenpalace.ch\/fr\/"},{"@type":"ListItem","position":2,"name":"H\u00e9bergement","item":"https:\/\/www.edenpalace.ch\/fr\/hebergement\/"},{"@type":"ListItem","position":3,"name":"Chambre Vacances en Famille"}]},{"@type":"WebSite","@id":"https:\/\/www.edenpalace.ch\/en\/#website","url":"https:\/\/www.edenpalace.ch\/en\/","name":"Eden Palace","description":"H\u00f4tel d&#039;exception sur les bords du lac de Montreux","potentialAction":[{"@type":"SearchAction","target":{"@type":"EntryPoint","urlTemplate":"https:\/\/www.edenpalace.ch\/en\/?s={search_term_string}"},"query-input":{"@type":"PropertyValueSpecification","valueRequired":true,"valueName":"search_term_string"}}],"inLanguage":"fr-FR"}]}},"_links":{"self":[{"href":"https:\/\/www.edenpalace.ch\/fr\/wp-json\/wp\/v2\/pages\/1606","targetHints":{"allow":["GET"]}}],"collection":[{"href":"https:\/\/www.edenpalace.ch\/fr\/wp-json\/wp\/v2\/pages"}],"about":[{"href":"https:\/\/www.edenpalace.ch\/fr\/wp-json\/wp\/v2\/types\/page"}],"author":[{"embeddable":true,"href":"https:\/\/www.edenpalace.ch\/fr\/wp-json\/wp\/v2\/users\/1"}],"replies":[{"embeddable":true,"href":"https:\/\/www.edenpalace.ch\/fr\/wp-json\/wp\/v2\/comments?post=1606"}],"version-history":[{"count":11,"href":"https:\/\/www.edenpalace.ch\/fr\/wp-json\/wp\/v2\/pages\/1606\/revisions"}],"predecessor-version":[{"id":6575,"href":"https:\/\/www.edenpalace.ch\/fr\/wp-json\/wp\/v2\/pages\/1606\/revisions\/6575"}],"up":[{"embeddable":true,"href":"https:\/\/www.edenpalace.ch\/fr\/wp-json\/wp\/v2\/pages\/976"}],"wp:attachment":[{"href":"https:\/\/www.edenpalace.ch\/fr\/wp-json\/wp\/v2\/media?parent=1606"}],"curies":[{"name":"wp","href":"https:\/\/api.w.org\/{rel}","templated":true}]}}