 
{"id":1455,"date":"2021-05-12T08:05:02","date_gmt":"2021-05-12T06:05:02","guid":{"rendered":"https:\/\/www.edenpalace.ch\/?page_id=1455"},"modified":"2022-05-18T08:51:40","modified_gmt":"2022-05-18T06:51:40","slug":"bien-etre","status":"publish","type":"page","link":"https:\/\/www.edenpalace.ch\/fr\/hebergement\/bien-etre\/","title":{"rendered":"Bien-\u00eatre"},"content":{"rendered":"<div class=\"wpb-content-wrapper\"><p>[vc_row][vc_column][rev_slider_vc alias=&#8221;bien-etre&#8221;][\/vc_column][\/vc_row][vc_row][vc_column]<div class=\"ult-spacer spacer-6a01cf09c055c\" data-id=\"6a01cf09c055c\" data-height=\"40\" data-height-mobile=\"\" data-height-tab=\"35\" data-height-tab-portrait=\"35\" data-height-mobile-landscape=\"25\" style=\"clear:both;display:block;\"><\/div>[\/vc_column][\/vc_row][vc_row type=&#8221;boxed&#8221;][vc_column]<div class=\"benz_block_title style_9 \">\n\t\t\t\t<h2 class=\"title\" style=\"color:#303030\">Bien-\u00eatre<\/h2>\n\t\t\t<\/div>[vc_column_text]<\/p>\n<p style=\"text-align: center;\" align=\"center\">L\u2019Eden Palace au Lac vous propose un environnement de bien-\u00eatre et de qui\u00e9tude en plein c\u0153ur de Montreux. Situ\u00e9 au bord du lac, le jardin de l\u2019Eden Palace au Lac invite \u00e0 la d\u00e9tente et au farniente.<\/p>\n<p style=\"text-align: center;\" align=\"center\">L\u2019h\u00f4tel dispose d\u2019une piscine ext\u00e9rieure (ouverte uniquement pendant la belle saison), d\u2019une salle de fitness et d\u2019un sauna.<\/p>\n<p>[\/vc_column_text][\/vc_column][\/vc_row][vc_row equal_height=&#8221;yes&#8221; type=&#8221;boxed&#8221; el_class=&#8221;nova-icon-home-1 bloc-avantages&#8221;][vc_column width=&#8221;1\/4&#8243;]<div class=\"nova-icon-component   style_2\"><div class=\"nova-icon-box square_box-icon\" style=\"border-color:#e8e8e8;border-style:solid;border-width:1px;background-color:rgba(255,255,255,0.01);\" data-min-height='200px' data-hover-icon-color=#ffffff data-hover-icon-color-bg=#140459 data-hover-icon-color-border=#303030 ><div class=\"nova-icon-square_box\"><div class=\"ult-just-icon-wrapper  \"><div class=\"align-icon\" style=\"text-align:center;\">\n<div class=\"aio-icon advanced \"  style=\"color:#ffffff;background:#303030;border-style:solid;border-color:#303030;border-width:0px;width:75px;height:75px;line-height:75px;border-radius:75px;font-size:24px;display:inline-block;\">\n\t<i class=\"Defaults-tint\"><\/i>\n<\/div><\/div><\/div><\/div><div class=\"nova-icon-header\"><h3 class=\"nova-icon-title\" style=\"font-size:14px;line-height:24px;color:#303030;\">Piscine<\/h3><\/div> <!-- header --><div class=\"nova-icon-description\" style=\"font-size:12px;line-height:24px;color:#515151;\">Profitez de notre piscine et appr\u00e9ciez un moment de d\u00e9tente.<\/div> <!-- description --><\/div> <!-- nova-icon-box --><\/div><!-- nova-icon-component -->[\/vc_column][vc_column width=&#8221;1\/4&#8243;]<div class=\"nova-icon-component   style_2\"><div class=\"nova-icon-box square_box-icon\" style=\"border-color:#e8e8e8;border-style:solid;border-width:1px;background-color:rgba(255,255,255,0.01);\" data-min-height='200px' data-hover-icon-color=#ffffff data-hover-icon-color-bg=#140459 data-hover-icon-color-border=#140459 ><div class=\"nova-icon-square_box\"><div class=\"ult-just-icon-wrapper  \"><div class=\"align-icon\" style=\"text-align:center;\">\n<div class=\"aio-icon advanced \"  style=\"color:#ffffff;background:#303030;border-style:solid;border-color:#303030;border-width:0px;width:75px;height:75px;line-height:75px;border-radius:75px;font-size:24px;display:inline-block;\">\n\t<i class=\"Defaults-certificate\"><\/i>\n<\/div><\/div><\/div><\/div><div class=\"nova-icon-header\"><h3 class=\"nova-icon-title\" style=\"font-size:14px;line-height:24px;color:#303030;\">Sauna<\/h3><\/div> <!-- header --><div class=\"nova-icon-description\" style=\"font-size:12px;line-height:24px;color:#515151;\">D\u00e9tendez-vous dans notre espace sauna intime et d\u00e9di\u00e9 \u00e0 nos clients.<\/div> <!-- description --><\/div> <!-- nova-icon-box --><\/div><!-- nova-icon-component -->[\/vc_column][vc_column width=&#8221;1\/4&#8243;]<div class=\"nova-icon-component   style_2\"><div class=\"nova-icon-box square_box-icon\" style=\"border-color:#e8e8e8;border-style:solid;border-width:1px;background-color:rgba(255,255,255,0.01);\" data-min-height='200px' data-hover-icon-color=#ffffff data-hover-icon-color-bg=#140459  ><div class=\"nova-icon-square_box\"><div class=\"ult-just-icon-wrapper  \"><div class=\"align-icon\" style=\"text-align:center;\">\n<div class=\"aio-icon advanced \"  style=\"color:#ffffff;background:#303030;border-style:;border-color:;border-width:1px;width:75px;height:75px;line-height:75px;border-radius:500px;font-size:24px;display:inline-block;\">\n\t<i class=\"Defaults-trophy\"><\/i>\n<\/div><\/div><\/div><\/div><div class=\"nova-icon-header\"><h3 class=\"nova-icon-title\" style=\"font-size:14px;line-height:24px;color:#303030;\">Fitness <\/h3><\/div> <!-- header --><div class=\"nova-icon-description\" style=\"font-size:12px;line-height:24px;color:#515151;\">L\u2019Eden Palace au Lac vous propose sa salle de fitness moderne toute \u00e9quip\u00e9e.<\/div> <!-- description --><\/div> <!-- nova-icon-box --><\/div><!-- nova-icon-component -->[\/vc_column][vc_column width=&#8221;1\/4&#8243;]<div class=\"nova-icon-component   style_2\"><div class=\"nova-icon-box square_box-icon\" style=\"border-color:#e8e8e8;border-style:solid;border-width:1px;background-color:rgba(255,255,255,0.01);\" data-min-height='200px' data-hover-icon-color=#ffffff data-hover-icon-color-bg=#140459 data-hover-icon-color-border=#303030 ><div class=\"nova-icon-square_box\"><div class=\"ult-just-icon-wrapper  \"><div class=\"align-icon\" style=\"text-align:center;\">\n<div class=\"aio-icon advanced \"  style=\"color:#ffffff;background:#303030;border-style:solid;border-color:#303030;border-width:0px;width:75px;height:75px;line-height:75px;border-radius:75px;font-size:24px;display:inline-block;\">\n\t<i class=\"Defaults-pagelines\"><\/i>\n<\/div><\/div><\/div><\/div><div class=\"nova-icon-header\"><h3 class=\"nova-icon-title\" style=\"font-size:14px;line-height:24px;color:#303030;\">Jardin<\/h3><\/div> <!-- header --><div class=\"nova-icon-description\" style=\"font-size:12px;line-height:24px;color:#515151;\">Situ\u00e9 au bord du lac, le jardin de l\u2019Eden Palace au Lac invite \u00e0 la d\u00e9tente et au farniente.<\/div> <!-- description --><\/div> <!-- nova-icon-box --><\/div><!-- nova-icon-component -->[\/vc_column][\/vc_row][vc_row][vc_column]<div class=\"ult-spacer spacer-6a01cf09c0984\" data-id=\"6a01cf09c0984\" data-height=\"30\" data-height-mobile=\"30\" data-height-tab=\"30\" data-height-tab-portrait=\"30\" data-height-mobile-landscape=\"30\" style=\"clear:both;display:block;\"><\/div>[\/vc_column][\/vc_row]<\/p>\n<\/div>","protected":false},"excerpt":{"rendered":"<p>[vc_row][vc_column][rev_slider_vc alias=&#8221;bien-etre&#8221;][\/vc_column][\/vc_row][vc_row][vc_column][\/vc_column][\/vc_row][vc_row type=&#8221;boxed&#8221;][vc_column][vc_column_text] L\u2019Eden Palace au Lac vous propose un environnement de bien-\u00eatre et de qui\u00e9tude en plein c\u0153ur de Montreux. Situ\u00e9 au bord du lac, le jardin de l\u2019Eden Palace au Lac invite \u00e0 la d\u00e9tente et au farniente. L\u2019h\u00f4tel dispose d\u2019une piscine ext\u00e9rieure (ouverte uniquement pendant la belle saison), d\u2019une salle de fitness [&hellip;]<\/p>\n","protected":false},"author":1,"featured_media":0,"parent":976,"menu_order":0,"comment_status":"closed","ping_status":"closed","template":"page-full-width.php","meta":{"_acf_changed":false,"footnotes":""},"class_list":["post-1455","page","type-page","status-publish","hentry"],"acf":[],"yoast_head":"<!-- This site is optimized with the Yoast SEO plugin v25.3 - https:\/\/yoast.com\/wordpress\/plugins\/seo\/ -->\n<title>BIEN-ETRE - Eden Palace<\/title>\n<meta name=\"description\" content=\"L\u2019Eden Palace vous propose un environnement de bien-\u00eatre et de qui\u00e9tude en plein c\u0153ur de Montreux (piscine ext\u00e9rieure, salle de fitness, sauna).\" \/>\n<meta name=\"robots\" content=\"index, follow, max-snippet:-1, max-image-preview:large, max-video-preview:-1\" \/>\n<link rel=\"canonical\" href=\"https:\/\/www.edenpalace.ch\/fr\/hebergement\/bien-etre\/\" \/>\n<meta property=\"og:locale\" content=\"fr_FR\" \/>\n<meta property=\"og:type\" content=\"article\" \/>\n<meta property=\"og:title\" content=\"BIEN-ETRE - Eden Palace\" \/>\n<meta property=\"og:description\" content=\"L\u2019Eden Palace vous propose un environnement de bien-\u00eatre et de qui\u00e9tude en plein c\u0153ur de Montreux (piscine ext\u00e9rieure, salle de fitness, sauna).\" \/>\n<meta property=\"og:url\" content=\"https:\/\/www.edenpalace.ch\/fr\/hebergement\/bien-etre\/\" \/>\n<meta property=\"og:site_name\" content=\"Eden Palace\" \/>\n<meta property=\"article:modified_time\" content=\"2022-05-18T06:51:40+00:00\" \/>\n<meta name=\"twitter:card\" content=\"summary_large_image\" \/>\n<meta name=\"twitter:label1\" content=\"Dur\u00e9e de lecture estim\u00e9e\" \/>\n\t<meta name=\"twitter:data1\" content=\"2 minutes\" \/>\n<script type=\"application\/ld+json\" class=\"yoast-schema-graph\">{\"@context\":\"https:\/\/schema.org\",\"@graph\":[{\"@type\":\"WebPage\",\"@id\":\"https:\/\/www.edenpalace.ch\/fr\/hebergement\/bien-etre\/\",\"url\":\"https:\/\/www.edenpalace.ch\/fr\/hebergement\/bien-etre\/\",\"name\":\"BIEN-ETRE - Eden Palace\",\"isPartOf\":{\"@id\":\"https:\/\/www.edenpalace.ch\/en\/#website\"},\"datePublished\":\"2021-05-12T06:05:02+00:00\",\"dateModified\":\"2022-05-18T06:51:40+00:00\",\"description\":\"L\u2019Eden Palace vous propose un environnement de bien-\u00eatre et de qui\u00e9tude en plein c\u0153ur de Montreux (piscine ext\u00e9rieure, salle de fitness, sauna).\",\"breadcrumb\":{\"@id\":\"https:\/\/www.edenpalace.ch\/fr\/hebergement\/bien-etre\/#breadcrumb\"},\"inLanguage\":\"fr-FR\",\"potentialAction\":[{\"@type\":\"ReadAction\",\"target\":[\"https:\/\/www.edenpalace.ch\/fr\/hebergement\/bien-etre\/\"]}]},{\"@type\":\"BreadcrumbList\",\"@id\":\"https:\/\/www.edenpalace.ch\/fr\/hebergement\/bien-etre\/#breadcrumb\",\"itemListElement\":[{\"@type\":\"ListItem\",\"position\":1,\"name\":\"Accueil\",\"item\":\"https:\/\/www.edenpalace.ch\/fr\/\"},{\"@type\":\"ListItem\",\"position\":2,\"name\":\"H\u00e9bergement\",\"item\":\"https:\/\/www.edenpalace.ch\/fr\/hebergement\/\"},{\"@type\":\"ListItem\",\"position\":3,\"name\":\"Bien-\u00eatre\"}]},{\"@type\":\"WebSite\",\"@id\":\"https:\/\/www.edenpalace.ch\/en\/#website\",\"url\":\"https:\/\/www.edenpalace.ch\/en\/\",\"name\":\"Eden Palace\",\"description\":\"H\u00f4tel d&#039;exception sur les bords du lac de Montreux\",\"potentialAction\":[{\"@type\":\"SearchAction\",\"target\":{\"@type\":\"EntryPoint\",\"urlTemplate\":\"https:\/\/www.edenpalace.ch\/en\/?s={search_term_string}\"},\"query-input\":{\"@type\":\"PropertyValueSpecification\",\"valueRequired\":true,\"valueName\":\"search_term_string\"}}],\"inLanguage\":\"fr-FR\"}]}<\/script>\n<!-- \/ Yoast SEO plugin. -->","yoast_head_json":{"title":"BIEN-ETRE - Eden Palace","description":"L\u2019Eden Palace vous propose un environnement de bien-\u00eatre et de qui\u00e9tude en plein c\u0153ur de Montreux (piscine ext\u00e9rieure, salle de fitness, sauna).","robots":{"index":"index","follow":"follow","max-snippet":"max-snippet:-1","max-image-preview":"max-image-preview:large","max-video-preview":"max-video-preview:-1"},"canonical":"https:\/\/www.edenpalace.ch\/fr\/hebergement\/bien-etre\/","og_locale":"fr_FR","og_type":"article","og_title":"BIEN-ETRE - Eden Palace","og_description":"L\u2019Eden Palace vous propose un environnement de bien-\u00eatre et de qui\u00e9tude en plein c\u0153ur de Montreux (piscine ext\u00e9rieure, salle de fitness, sauna).","og_url":"https:\/\/www.edenpalace.ch\/fr\/hebergement\/bien-etre\/","og_site_name":"Eden Palace","article_modified_time":"2022-05-18T06:51:40+00:00","twitter_card":"summary_large_image","twitter_misc":{"Dur\u00e9e de lecture estim\u00e9e":"2 minutes"},"schema":{"@context":"https:\/\/schema.org","@graph":[{"@type":"WebPage","@id":"https:\/\/www.edenpalace.ch\/fr\/hebergement\/bien-etre\/","url":"https:\/\/www.edenpalace.ch\/fr\/hebergement\/bien-etre\/","name":"BIEN-ETRE - Eden Palace","isPartOf":{"@id":"https:\/\/www.edenpalace.ch\/en\/#website"},"datePublished":"2021-05-12T06:05:02+00:00","dateModified":"2022-05-18T06:51:40+00:00","description":"L\u2019Eden Palace vous propose un environnement de bien-\u00eatre et de qui\u00e9tude en plein c\u0153ur de Montreux (piscine ext\u00e9rieure, salle de fitness, sauna).","breadcrumb":{"@id":"https:\/\/www.edenpalace.ch\/fr\/hebergement\/bien-etre\/#breadcrumb"},"inLanguage":"fr-FR","potentialAction":[{"@type":"ReadAction","target":["https:\/\/www.edenpalace.ch\/fr\/hebergement\/bien-etre\/"]}]},{"@type":"BreadcrumbList","@id":"https:\/\/www.edenpalace.ch\/fr\/hebergement\/bien-etre\/#breadcrumb","itemListElement":[{"@type":"ListItem","position":1,"name":"Accueil","item":"https:\/\/www.edenpalace.ch\/fr\/"},{"@type":"ListItem","position":2,"name":"H\u00e9bergement","item":"https:\/\/www.edenpalace.ch\/fr\/hebergement\/"},{"@type":"ListItem","position":3,"name":"Bien-\u00eatre"}]},{"@type":"WebSite","@id":"https:\/\/www.edenpalace.ch\/en\/#website","url":"https:\/\/www.edenpalace.ch\/en\/","name":"Eden Palace","description":"H\u00f4tel d&#039;exception sur les bords du lac de Montreux","potentialAction":[{"@type":"SearchAction","target":{"@type":"EntryPoint","urlTemplate":"https:\/\/www.edenpalace.ch\/en\/?s={search_term_string}"},"query-input":{"@type":"PropertyValueSpecification","valueRequired":true,"valueName":"search_term_string"}}],"inLanguage":"fr-FR"}]}},"_links":{"self":[{"href":"https:\/\/www.edenpalace.ch\/fr\/wp-json\/wp\/v2\/pages\/1455","targetHints":{"allow":["GET"]}}],"collection":[{"href":"https:\/\/www.edenpalace.ch\/fr\/wp-json\/wp\/v2\/pages"}],"about":[{"href":"https:\/\/www.edenpalace.ch\/fr\/wp-json\/wp\/v2\/types\/page"}],"author":[{"embeddable":true,"href":"https:\/\/www.edenpalace.ch\/fr\/wp-json\/wp\/v2\/users\/1"}],"replies":[{"embeddable":true,"href":"https:\/\/www.edenpalace.ch\/fr\/wp-json\/wp\/v2\/comments?post=1455"}],"version-history":[{"count":29,"href":"https:\/\/www.edenpalace.ch\/fr\/wp-json\/wp\/v2\/pages\/1455\/revisions"}],"predecessor-version":[{"id":5779,"href":"https:\/\/www.edenpalace.ch\/fr\/wp-json\/wp\/v2\/pages\/1455\/revisions\/5779"}],"up":[{"embeddable":true,"href":"https:\/\/www.edenpalace.ch\/fr\/wp-json\/wp\/v2\/pages\/976"}],"wp:attachment":[{"href":"https:\/\/www.edenpalace.ch\/fr\/wp-json\/wp\/v2\/media?parent=1455"}],"curies":[{"name":"wp","href":"https:\/\/api.w.org\/{rel}","templated":true}]}}