 
{"id":3080,"date":"2016-11-29T16:06:28","date_gmt":"2016-11-29T15:06:28","guid":{"rendered":"https:\/\/www.edenpalace.ch\/fr\/?post_type=product&#038;p=3080"},"modified":"2016-11-29T16:06:28","modified_gmt":"2016-11-29T15:06:28","slug":"organisations-devenements-prives-2","status":"publish","type":"product","link":"https:\/\/www.edenpalace.ch\/en\/produit\/organisations-devenements-prives-2\/","title":{"rendered":"Organisations d\u2019\u00e9v\u00e9nements priv\u00e9s"},"content":{"rendered":"","protected":false},"excerpt":{"rendered":"<p>At vero eos et accusamus et iusto odio dignissimos ducimus qui blanditiis praesentium voluptatum deleniti atque corrupti quos dolores et quas molestias excepturi sint occaecati cupiditate non provident, similique sunt in<br \/>\nculpa qui officia deserunt molltitia animi, id est laborum et dolorum fuga. Et harum quidem rerum facilis est et expedita distinctio.<\/p>\n","protected":false},"featured_media":1583,"comment_status":"open","ping_status":"closed","template":"","meta":{"_acf_changed":false},"product_brand":[],"product_cat":[59],"product_tag":[],"class_list":{"0":"post-3080","1":"product","2":"type-product","3":"status-publish","4":"has-post-thumbnail","6":"product_cat-restauration","8":"first","9":"instock","10":"shipping-taxable","11":"product-type-simple"},"acf":[],"yoast_head":"<!-- This site is optimized with the Yoast SEO plugin v25.3 - https:\/\/yoast.com\/wordpress\/plugins\/seo\/ -->\n<title>Organisations d\u2019\u00e9v\u00e9nements priv\u00e9s - Eden Palace<\/title>\n<meta name=\"robots\" content=\"index, follow, max-snippet:-1, max-image-preview:large, max-video-preview:-1\" \/>\n<link rel=\"canonical\" href=\"https:\/\/www.edenpalace.ch\/fr\/produit\/organisations-devenements-prives-2\/\" \/>\n<meta property=\"og:locale\" content=\"en_US\" \/>\n<meta property=\"og:type\" content=\"article\" \/>\n<meta property=\"og:title\" content=\"Organisations d\u2019\u00e9v\u00e9nements priv\u00e9s - Eden Palace\" \/>\n<meta property=\"og:description\" content=\"At vero eos et accusamus et iusto odio dignissimos ducimus qui blanditiis praesentium voluptatum deleniti atque corrupti quos dolores et quas molestias excepturi sint occaecati cupiditate non provident, similique sunt in culpa qui officia deserunt molltitia animi, id est laborum et dolorum fuga. Et harum quidem rerum facilis est et expedita distinctio.\" \/>\n<meta property=\"og:url\" content=\"https:\/\/www.edenpalace.ch\/fr\/produit\/organisations-devenements-prives-2\/\" \/>\n<meta property=\"og:site_name\" content=\"Eden Palace\" \/>\n<meta property=\"og:image\" content=\"https:\/\/www.edenpalace.ch\/wp-content\/uploads\/2015\/11\/Eden-Palace-evenement-prive-box.jpg\" \/>\n\t<meta property=\"og:image:width\" content=\"350\" \/>\n\t<meta property=\"og:image:height\" content=\"350\" \/>\n\t<meta property=\"og:image:type\" content=\"image\/jpeg\" \/>\n<meta name=\"twitter:card\" content=\"summary_large_image\" \/>\n<script type=\"application\/ld+json\" class=\"yoast-schema-graph\">{\"@context\":\"https:\/\/schema.org\",\"@graph\":[{\"@type\":\"WebPage\",\"@id\":\"https:\/\/www.edenpalace.ch\/fr\/produit\/organisations-devenements-prives-2\/\",\"url\":\"https:\/\/www.edenpalace.ch\/fr\/produit\/organisations-devenements-prives-2\/\",\"name\":\"Organisations d\u2019\u00e9v\u00e9nements priv\u00e9s - Eden Palace\",\"isPartOf\":{\"@id\":\"https:\/\/www.edenpalace.ch\/en\/#website\"},\"primaryImageOfPage\":{\"@id\":\"https:\/\/www.edenpalace.ch\/fr\/produit\/organisations-devenements-prives-2\/#primaryimage\"},\"image\":{\"@id\":\"https:\/\/www.edenpalace.ch\/fr\/produit\/organisations-devenements-prives-2\/#primaryimage\"},\"thumbnailUrl\":\"https:\/\/www.edenpalace.ch\/wp-content\/uploads\/2015\/11\/Eden-Palace-evenement-prive-box.jpg\",\"datePublished\":\"2016-11-29T15:06:28+00:00\",\"breadcrumb\":{\"@id\":\"https:\/\/www.edenpalace.ch\/fr\/produit\/organisations-devenements-prives-2\/#breadcrumb\"},\"inLanguage\":\"en-US\",\"potentialAction\":[{\"@type\":\"ReadAction\",\"target\":[\"https:\/\/www.edenpalace.ch\/fr\/produit\/organisations-devenements-prives-2\/\"]}]},{\"@type\":\"ImageObject\",\"inLanguage\":\"en-US\",\"@id\":\"https:\/\/www.edenpalace.ch\/fr\/produit\/organisations-devenements-prives-2\/#primaryimage\",\"url\":\"https:\/\/www.edenpalace.ch\/wp-content\/uploads\/2015\/11\/Eden-Palace-evenement-prive-box.jpg\",\"contentUrl\":\"https:\/\/www.edenpalace.ch\/wp-content\/uploads\/2015\/11\/Eden-Palace-evenement-prive-box.jpg\",\"width\":350,\"height\":350},{\"@type\":\"BreadcrumbList\",\"@id\":\"https:\/\/www.edenpalace.ch\/fr\/produit\/organisations-devenements-prives-2\/#breadcrumb\",\"itemListElement\":[{\"@type\":\"ListItem\",\"position\":1,\"name\":\"Accueil\",\"item\":\"https:\/\/www.edenpalace.ch\/en\/\"},{\"@type\":\"ListItem\",\"position\":2,\"name\":\"Boutique\",\"item\":\"https:\/\/www.edenpalace.ch\/fr\/boutique\/\"},{\"@type\":\"ListItem\",\"position\":3,\"name\":\"Organisations d\u2019\u00e9v\u00e9nements priv\u00e9s\"}]},{\"@type\":\"WebSite\",\"@id\":\"https:\/\/www.edenpalace.ch\/en\/#website\",\"url\":\"https:\/\/www.edenpalace.ch\/en\/\",\"name\":\"Eden Palace\",\"description\":\"Un site utilisant WordPress\",\"potentialAction\":[{\"@type\":\"SearchAction\",\"target\":{\"@type\":\"EntryPoint\",\"urlTemplate\":\"https:\/\/www.edenpalace.ch\/en\/?s={search_term_string}\"},\"query-input\":{\"@type\":\"PropertyValueSpecification\",\"valueRequired\":true,\"valueName\":\"search_term_string\"}}],\"inLanguage\":\"en-US\"}]}<\/script>\n<!-- \/ Yoast SEO plugin. -->","yoast_head_json":{"title":"Organisations d\u2019\u00e9v\u00e9nements priv\u00e9s - Eden Palace","robots":{"index":"index","follow":"follow","max-snippet":"max-snippet:-1","max-image-preview":"max-image-preview:large","max-video-preview":"max-video-preview:-1"},"canonical":"https:\/\/www.edenpalace.ch\/fr\/produit\/organisations-devenements-prives-2\/","og_locale":"en_US","og_type":"article","og_title":"Organisations d\u2019\u00e9v\u00e9nements priv\u00e9s - Eden Palace","og_description":"At vero eos et accusamus et iusto odio dignissimos ducimus qui blanditiis praesentium voluptatum deleniti atque corrupti quos dolores et quas molestias excepturi sint occaecati cupiditate non provident, similique sunt in culpa qui officia deserunt molltitia animi, id est laborum et dolorum fuga. Et harum quidem rerum facilis est et expedita distinctio.","og_url":"https:\/\/www.edenpalace.ch\/fr\/produit\/organisations-devenements-prives-2\/","og_site_name":"Eden Palace","og_image":[{"width":350,"height":350,"url":"https:\/\/www.edenpalace.ch\/wp-content\/uploads\/2015\/11\/Eden-Palace-evenement-prive-box.jpg","type":"image\/jpeg"}],"twitter_card":"summary_large_image","schema":{"@context":"https:\/\/schema.org","@graph":[{"@type":"WebPage","@id":"https:\/\/www.edenpalace.ch\/fr\/produit\/organisations-devenements-prives-2\/","url":"https:\/\/www.edenpalace.ch\/fr\/produit\/organisations-devenements-prives-2\/","name":"Organisations d\u2019\u00e9v\u00e9nements priv\u00e9s - Eden Palace","isPartOf":{"@id":"https:\/\/www.edenpalace.ch\/en\/#website"},"primaryImageOfPage":{"@id":"https:\/\/www.edenpalace.ch\/fr\/produit\/organisations-devenements-prives-2\/#primaryimage"},"image":{"@id":"https:\/\/www.edenpalace.ch\/fr\/produit\/organisations-devenements-prives-2\/#primaryimage"},"thumbnailUrl":"https:\/\/www.edenpalace.ch\/wp-content\/uploads\/2015\/11\/Eden-Palace-evenement-prive-box.jpg","datePublished":"2016-11-29T15:06:28+00:00","breadcrumb":{"@id":"https:\/\/www.edenpalace.ch\/fr\/produit\/organisations-devenements-prives-2\/#breadcrumb"},"inLanguage":"en-US","potentialAction":[{"@type":"ReadAction","target":["https:\/\/www.edenpalace.ch\/fr\/produit\/organisations-devenements-prives-2\/"]}]},{"@type":"ImageObject","inLanguage":"en-US","@id":"https:\/\/www.edenpalace.ch\/fr\/produit\/organisations-devenements-prives-2\/#primaryimage","url":"https:\/\/www.edenpalace.ch\/wp-content\/uploads\/2015\/11\/Eden-Palace-evenement-prive-box.jpg","contentUrl":"https:\/\/www.edenpalace.ch\/wp-content\/uploads\/2015\/11\/Eden-Palace-evenement-prive-box.jpg","width":350,"height":350},{"@type":"BreadcrumbList","@id":"https:\/\/www.edenpalace.ch\/fr\/produit\/organisations-devenements-prives-2\/#breadcrumb","itemListElement":[{"@type":"ListItem","position":1,"name":"Accueil","item":"https:\/\/www.edenpalace.ch\/en\/"},{"@type":"ListItem","position":2,"name":"Boutique","item":"https:\/\/www.edenpalace.ch\/fr\/boutique\/"},{"@type":"ListItem","position":3,"name":"Organisations d\u2019\u00e9v\u00e9nements priv\u00e9s"}]},{"@type":"WebSite","@id":"https:\/\/www.edenpalace.ch\/en\/#website","url":"https:\/\/www.edenpalace.ch\/en\/","name":"Eden Palace","description":"Un site utilisant WordPress","potentialAction":[{"@type":"SearchAction","target":{"@type":"EntryPoint","urlTemplate":"https:\/\/www.edenpalace.ch\/en\/?s={search_term_string}"},"query-input":{"@type":"PropertyValueSpecification","valueRequired":true,"valueName":"search_term_string"}}],"inLanguage":"en-US"}]}},"_links":{"self":[{"href":"https:\/\/www.edenpalace.ch\/en\/wp-json\/wp\/v2\/product\/3080","targetHints":{"allow":["GET"]}}],"collection":[{"href":"https:\/\/www.edenpalace.ch\/en\/wp-json\/wp\/v2\/product"}],"about":[{"href":"https:\/\/www.edenpalace.ch\/en\/wp-json\/wp\/v2\/types\/product"}],"replies":[{"embeddable":true,"href":"https:\/\/www.edenpalace.ch\/en\/wp-json\/wp\/v2\/comments?post=3080"}],"wp:featuredmedia":[{"embeddable":true,"href":"https:\/\/www.edenpalace.ch\/en\/wp-json\/wp\/v2\/media\/1583"}],"wp:attachment":[{"href":"https:\/\/www.edenpalace.ch\/en\/wp-json\/wp\/v2\/media?parent=3080"}],"wp:term":[{"taxonomy":"product_brand","embeddable":true,"href":"https:\/\/www.edenpalace.ch\/en\/wp-json\/wp\/v2\/product_brand?post=3080"},{"taxonomy":"product_cat","embeddable":true,"href":"https:\/\/www.edenpalace.ch\/en\/wp-json\/wp\/v2\/product_cat?post=3080"},{"taxonomy":"product_tag","embeddable":true,"href":"https:\/\/www.edenpalace.ch\/en\/wp-json\/wp\/v2\/product_tag?post=3080"}],"curies":[{"name":"wp","href":"https:\/\/api.w.org\/{rel}","templated":true}]}}