 
{"id":2571,"date":"2016-11-22T15:49:07","date_gmt":"2016-11-22T14:49:07","guid":{"rendered":"https:\/\/www.edenpalace.ch\/de\/?page_id=2571"},"modified":"2016-12-15T19:29:45","modified_gmt":"2016-12-15T18:29:45","slug":"salle-villa-eden","status":"publish","type":"page","link":"https:\/\/www.edenpalace.ch\/de\/ihr-event\/konferenzen-und-seminare\/salle-villa-eden\/","title":{"rendered":"Salle Villa Eden"},"content":{"rendered":"<div class=\"wpb-content-wrapper\"><p>[vc_row full_width=&#8221;stretch_row_content_no_spaces&#8221;][vc_column][vc_single_image image=&#8221;1576&#8243;][\/vc_column][\/vc_row][vc_row][vc_column]<div class=\"ult-spacer spacer-69fa9a0913733\" data-id=\"69fa9a0913733\" data-height=\"50\" data-height-mobile=\"\" data-height-tab=\"20\" data-height-tab-portrait=\"20\" data-height-mobile-landscape=\"10\" style=\"clear:both;display:block;\"><\/div>[\/vc_column][\/vc_row][vc_row type=&#8221;boxed&#8221;][vc_column width=&#8221;2\/3&#8243;]<div class=\"benz_block_title style_9 \">\n\t\t\t\t<h2 class=\"title\" style=\"color:#303030\">Salle Villa Eden<\/h2>\n\t\t\t<\/div>[vc_column_text css=&#8221;.vc_custom_1481724354908{margin-bottom: 0px !important;}&#8221;]In unserem Nebengeb\u00e4ude schlagen wir Ihnen f\u00fcr Ihre Ereignisse einen privaten Raum vor.<\/p>\n<p>Sie verf\u00fcgen \u00fcber einen bequemen Raum mit panoramischen Aussicht auf den See.<\/p>\n<p>[\/vc_column_text]<div class=\"ult-spacer spacer-69fa9a09137bd\" data-id=\"69fa9a09137bd\" data-height=\"30\" data-height-mobile=\"30\" data-height-tab=\"30\" data-height-tab-portrait=\"30\" data-height-mobile-landscape=\"30\" style=\"clear:both;display:block;\"><\/div>[\/vc_column][vc_column width=&#8221;1\/3&#8243; css=&#8221;.vc_custom_1474639912374{margin-bottom: 0px !important;}&#8221;][vc_single_image image=&#8221;3250&#8243; alignment=&#8221;center&#8221;][\/vc_column][\/vc_row][vc_row full_width=&#8221;stretch_row_content_no_spaces&#8221;][vc_column][vc_btn title=&#8221;Weitere Einzelheiten &#8221; style=&#8221;outline-custom&#8221; outline_custom_color=&#8221;#0a0a0a&#8221; outline_custom_hover_background=&#8221;#140459&#8243; outline_custom_hover_text=&#8221;#ffffff&#8221; align=&#8221;center&#8221; link=&#8221;url:https%3A%2F%2Fwww.edenpalace.ch%2Fwp-content%2Fuploads%2F2016%2F10%2FEdenPalaceauLac1409752137.pdf||target:%20_blank|rel:nofollow&#8221;][\/vc_column][\/vc_row]<\/p>\n<\/div>","protected":false},"excerpt":{"rendered":"<p>[vc_row full_width=&#8221;stretch_row_content_no_spaces&#8221;][vc_column][vc_single_image image=&#8221;1576&#8243;][\/vc_column][\/vc_row][vc_row][vc_column][\/vc_column][\/vc_row][vc_row type=&#8221;boxed&#8221;][vc_column width=&#8221;2\/3&#8243;][vc_column_text css=&#8221;.vc_custom_1481724354908{margin-bottom: 0px !important;}&#8221;]In unserem Nebengeb\u00e4ude schlagen wir Ihnen f\u00fcr Ihre Ereignisse einen privaten Raum vor. Sie verf\u00fcgen \u00fcber einen bequemen Raum mit panoramischen Aussicht auf den See. [\/vc_column_text][\/vc_column][vc_column width=&#8221;1\/3&#8243; css=&#8221;.vc_custom_1474639912374{margin-bottom: 0px !important;}&#8221;][vc_single_image image=&#8221;3250&#8243; alignment=&#8221;center&#8221;][\/vc_column][\/vc_row][vc_row full_width=&#8221;stretch_row_content_no_spaces&#8221;][vc_column][vc_btn title=&#8221;Weitere Einzelheiten &#8221; style=&#8221;outline-custom&#8221; outline_custom_color=&#8221;#0a0a0a&#8221; outline_custom_hover_background=&#8221;#140459&#8243; outline_custom_hover_text=&#8221;#ffffff&#8221; align=&#8221;center&#8221; link=&#8221;url:https%3A%2F%2Fwww.edenpalace.ch%2Fwp-content%2Fuploads%2F2016%2F10%2FEdenPalaceauLac1409752137.pdf||target:%20_blank|rel:nofollow&#8221;][\/vc_column][\/vc_row]<\/p>\n","protected":false},"author":1,"featured_media":0,"parent":2417,"menu_order":0,"comment_status":"closed","ping_status":"closed","template":"page-full-width.php","meta":{"_acf_changed":false,"footnotes":""},"class_list":["post-2571","page","type-page","status-publish","hentry"],"acf":[],"yoast_head":"<!-- This site is optimized with the Yoast SEO plugin v25.3 - https:\/\/yoast.com\/wordpress\/plugins\/seo\/ -->\n<title>SALLE VILLA EDEN - Eden Palace<\/title>\n<meta name=\"description\" content=\"Der Eden Palace au Lac empf\u00e4ngt Sie und Ihre Veranstaltungen im Salon Villa Eden.\" \/>\n<meta name=\"robots\" content=\"index, follow, max-snippet:-1, max-image-preview:large, max-video-preview:-1\" \/>\n<link rel=\"canonical\" href=\"https:\/\/www.edenpalace.ch\/fr\/votre-evenement\/conferences-et-seminaires\/salle-villa-eden\/\" \/>\n<meta property=\"og:locale\" content=\"de_DE\" \/>\n<meta property=\"og:type\" content=\"article\" \/>\n<meta property=\"og:title\" content=\"SALLE VILLA EDEN - Eden Palace\" \/>\n<meta property=\"og:description\" content=\"Der Eden Palace au Lac empf\u00e4ngt Sie und Ihre Veranstaltungen im Salon Villa Eden.\" \/>\n<meta property=\"og:url\" content=\"https:\/\/www.edenpalace.ch\/fr\/votre-evenement\/conferences-et-seminaires\/salle-villa-eden\/\" \/>\n<meta property=\"og:site_name\" content=\"Eden Palace\" \/>\n<meta property=\"article:modified_time\" content=\"2016-12-15T18:29:45+00:00\" \/>\n<meta name=\"twitter:card\" content=\"summary_large_image\" \/>\n<meta name=\"twitter:label1\" content=\"Gesch\u00e4tzte Lesezeit\" \/>\n\t<meta name=\"twitter:data1\" content=\"1\u00a0Minute\" \/>\n<script type=\"application\/ld+json\" class=\"yoast-schema-graph\">{\"@context\":\"https:\/\/schema.org\",\"@graph\":[{\"@type\":\"WebPage\",\"@id\":\"https:\/\/www.edenpalace.ch\/fr\/votre-evenement\/conferences-et-seminaires\/salle-villa-eden\/\",\"url\":\"https:\/\/www.edenpalace.ch\/fr\/votre-evenement\/conferences-et-seminaires\/salle-villa-eden\/\",\"name\":\"SALLE VILLA EDEN - Eden Palace\",\"isPartOf\":{\"@id\":\"https:\/\/www.edenpalace.ch\/en\/#website\"},\"datePublished\":\"2016-11-22T14:49:07+00:00\",\"dateModified\":\"2016-12-15T18:29:45+00:00\",\"description\":\"Der Eden Palace au Lac empf\u00e4ngt Sie und Ihre Veranstaltungen im Salon Villa Eden.\",\"breadcrumb\":{\"@id\":\"https:\/\/www.edenpalace.ch\/fr\/votre-evenement\/conferences-et-seminaires\/salle-villa-eden\/#breadcrumb\"},\"inLanguage\":\"de\",\"potentialAction\":[{\"@type\":\"ReadAction\",\"target\":[\"https:\/\/www.edenpalace.ch\/fr\/votre-evenement\/conferences-et-seminaires\/salle-villa-eden\/\"]}]},{\"@type\":\"BreadcrumbList\",\"@id\":\"https:\/\/www.edenpalace.ch\/fr\/votre-evenement\/conferences-et-seminaires\/salle-villa-eden\/#breadcrumb\",\"itemListElement\":[{\"@type\":\"ListItem\",\"position\":1,\"name\":\"Accueil\",\"item\":\"https:\/\/www.edenpalace.ch\/de\/\"},{\"@type\":\"ListItem\",\"position\":2,\"name\":\"Ihr Event\",\"item\":\"https:\/\/www.edenpalace.ch\/fr\/votre-evenement\/\"},{\"@type\":\"ListItem\",\"position\":3,\"name\":\"Konferenzen und Seminare\",\"item\":\"https:\/\/www.edenpalace.ch\/fr\/votre-evenement\/conferences-et-seminaires\/\"},{\"@type\":\"ListItem\",\"position\":4,\"name\":\"Salle Villa Eden\"}]},{\"@type\":\"WebSite\",\"@id\":\"https:\/\/www.edenpalace.ch\/en\/#website\",\"url\":\"https:\/\/www.edenpalace.ch\/en\/\",\"name\":\"Eden Palace\",\"description\":\"Un site utilisant WordPress\",\"potentialAction\":[{\"@type\":\"SearchAction\",\"target\":{\"@type\":\"EntryPoint\",\"urlTemplate\":\"https:\/\/www.edenpalace.ch\/en\/?s={search_term_string}\"},\"query-input\":{\"@type\":\"PropertyValueSpecification\",\"valueRequired\":true,\"valueName\":\"search_term_string\"}}],\"inLanguage\":\"de\"}]}<\/script>\n<!-- \/ Yoast SEO plugin. -->","yoast_head_json":{"title":"SALLE VILLA EDEN - Eden Palace","description":"Der Eden Palace au Lac empf\u00e4ngt Sie und Ihre Veranstaltungen im Salon Villa Eden.","robots":{"index":"index","follow":"follow","max-snippet":"max-snippet:-1","max-image-preview":"max-image-preview:large","max-video-preview":"max-video-preview:-1"},"canonical":"https:\/\/www.edenpalace.ch\/fr\/votre-evenement\/conferences-et-seminaires\/salle-villa-eden\/","og_locale":"de_DE","og_type":"article","og_title":"SALLE VILLA EDEN - Eden Palace","og_description":"Der Eden Palace au Lac empf\u00e4ngt Sie und Ihre Veranstaltungen im Salon Villa Eden.","og_url":"https:\/\/www.edenpalace.ch\/fr\/votre-evenement\/conferences-et-seminaires\/salle-villa-eden\/","og_site_name":"Eden Palace","article_modified_time":"2016-12-15T18:29:45+00:00","twitter_card":"summary_large_image","twitter_misc":{"Gesch\u00e4tzte Lesezeit":"1\u00a0Minute"},"schema":{"@context":"https:\/\/schema.org","@graph":[{"@type":"WebPage","@id":"https:\/\/www.edenpalace.ch\/fr\/votre-evenement\/conferences-et-seminaires\/salle-villa-eden\/","url":"https:\/\/www.edenpalace.ch\/fr\/votre-evenement\/conferences-et-seminaires\/salle-villa-eden\/","name":"SALLE VILLA EDEN - Eden Palace","isPartOf":{"@id":"https:\/\/www.edenpalace.ch\/en\/#website"},"datePublished":"2016-11-22T14:49:07+00:00","dateModified":"2016-12-15T18:29:45+00:00","description":"Der Eden Palace au Lac empf\u00e4ngt Sie und Ihre Veranstaltungen im Salon Villa Eden.","breadcrumb":{"@id":"https:\/\/www.edenpalace.ch\/fr\/votre-evenement\/conferences-et-seminaires\/salle-villa-eden\/#breadcrumb"},"inLanguage":"de","potentialAction":[{"@type":"ReadAction","target":["https:\/\/www.edenpalace.ch\/fr\/votre-evenement\/conferences-et-seminaires\/salle-villa-eden\/"]}]},{"@type":"BreadcrumbList","@id":"https:\/\/www.edenpalace.ch\/fr\/votre-evenement\/conferences-et-seminaires\/salle-villa-eden\/#breadcrumb","itemListElement":[{"@type":"ListItem","position":1,"name":"Accueil","item":"https:\/\/www.edenpalace.ch\/de\/"},{"@type":"ListItem","position":2,"name":"Ihr Event","item":"https:\/\/www.edenpalace.ch\/fr\/votre-evenement\/"},{"@type":"ListItem","position":3,"name":"Konferenzen und Seminare","item":"https:\/\/www.edenpalace.ch\/fr\/votre-evenement\/conferences-et-seminaires\/"},{"@type":"ListItem","position":4,"name":"Salle Villa Eden"}]},{"@type":"WebSite","@id":"https:\/\/www.edenpalace.ch\/en\/#website","url":"https:\/\/www.edenpalace.ch\/en\/","name":"Eden Palace","description":"Un site utilisant WordPress","potentialAction":[{"@type":"SearchAction","target":{"@type":"EntryPoint","urlTemplate":"https:\/\/www.edenpalace.ch\/en\/?s={search_term_string}"},"query-input":{"@type":"PropertyValueSpecification","valueRequired":true,"valueName":"search_term_string"}}],"inLanguage":"de"}]}},"_links":{"self":[{"href":"https:\/\/www.edenpalace.ch\/de\/wp-json\/wp\/v2\/pages\/2571","targetHints":{"allow":["GET"]}}],"collection":[{"href":"https:\/\/www.edenpalace.ch\/de\/wp-json\/wp\/v2\/pages"}],"about":[{"href":"https:\/\/www.edenpalace.ch\/de\/wp-json\/wp\/v2\/types\/page"}],"author":[{"embeddable":true,"href":"https:\/\/www.edenpalace.ch\/de\/wp-json\/wp\/v2\/users\/1"}],"replies":[{"embeddable":true,"href":"https:\/\/www.edenpalace.ch\/de\/wp-json\/wp\/v2\/comments?post=2571"}],"version-history":[{"count":8,"href":"https:\/\/www.edenpalace.ch\/de\/wp-json\/wp\/v2\/pages\/2571\/revisions"}],"predecessor-version":[{"id":4194,"href":"https:\/\/www.edenpalace.ch\/de\/wp-json\/wp\/v2\/pages\/2571\/revisions\/4194"}],"up":[{"embeddable":true,"href":"https:\/\/www.edenpalace.ch\/de\/wp-json\/wp\/v2\/pages\/2417"}],"wp:attachment":[{"href":"https:\/\/www.edenpalace.ch\/de\/wp-json\/wp\/v2\/media?parent=2571"}],"curies":[{"name":"wp","href":"https:\/\/api.w.org\/{rel}","templated":true}]}}