 
{"id":2446,"date":"2016-11-22T14:57:15","date_gmt":"2016-11-22T13:57:15","guid":{"rendered":"https:\/\/www.edenpalace.ch\/de\/?page_id=2446"},"modified":"2016-12-11T21:51:37","modified_gmt":"2016-12-11T20:51:37","slug":"sie-waren-unsere-gaeste","status":"publish","type":"page","link":"https:\/\/www.edenpalace.ch\/de\/montreux\/sie-waren-unsere-gaeste\/","title":{"rendered":"Sie waren unsere G\u00e4ste"},"content":{"rendered":"<div class=\"wpb-content-wrapper\"><p>[vc_row][vc_column][rev_slider_vc alias=&#8221;histoire&#8221;][\/vc_column][\/vc_row][vc_row css=&#8221;.vc_custom_1471440433646{margin-top: 30px !important;}&#8221;][vc_column width=&#8221;1\/6&#8243;][vc_column_text][\/vc_column_text][\/vc_column][vc_column width=&#8221;2\/3&#8243;]<div class=\"benz_block_title style_9 \">\n\t\t\t\t<h2 class=\"title\" style=\"color:#303030\">Sie waren unsere G\u00e4ste<\/h2>\n\t\t\t<\/div>[vc_column_text]<\/p>\n<p style=\"text-align: center;\">Seit \u00fcber 100 Jahren ist der Eden Palace au Lac eine der bekanntesten Adressen in Montreux.\u00a0 Unser Palace Hotel wurde 1896 er\u00f6ffnet und hat all die Jahre hindurch seine Identit\u00e4t wahren k\u00f6nnen.<\/p>\n<p style=\"text-align: center;\">Viele ber\u00fchmte G\u00e4ste genossen bereits den Komfort unserer Zimmer. Charles Aznavour und Umberto Tozzi, George Clooney, Kofi Annan, Francis Huster, Van Morrison , Harry Roselmack, Fr\u00e9d\u00e9ric Fran\u00e7ois, Jean-Michel Jarre, Christophe Willem, R\u00e9gine und Pierre Richard, ein jeder mochte den Charme und Komfort unseres Hauses.<\/p>\n<p>[\/vc_column_text][\/vc_column][vc_column width=&#8221;1\/6&#8243;][\/vc_column][\/vc_row][vc_row][vc_column]<div class=\"ult-spacer spacer-69fde04f8461f\" data-id=\"69fde04f8461f\" data-height=\"30\" data-height-mobile=\"\" data-height-tab=\"20\" data-height-tab-portrait=\"20\" data-height-mobile-landscape=\"10\" style=\"clear:both;display:block;\"><\/div>[\/vc_column][\/vc_row][vc_row type=&#8221;boxed&#8221; css=&#8221;.vc_custom_1477562952802{margin-top: 30px !important;}&#8221;][vc_column width=&#8221;1\/4&#8243;][vc_single_image image=&#8221;1754&#8243; alignment=&#8221;center&#8221; style=&#8221;vc_box_shadow_border_circle&#8221;]<div class=\"benz_block_title style_7 \">\n\t\t\t\t<h2 class=\"title\" style=\"color:#303030\">1975<\/h2>\n\t\t\t<\/div>[vc_column_text]<\/p>\n<p style=\"text-align: center;\">Charles Aznavour<\/p>\n<p>[\/vc_column_text][\/vc_column][vc_column width=&#8221;1\/4&#8243;][vc_single_image image=&#8221;1753&#8243; alignment=&#8221;center&#8221; style=&#8221;vc_box_shadow_border_circle&#8221;]<div class=\"benz_block_title style_7 \">\n\t\t\t\t<h2 class=\"title\" style=\"color:#303030\">1976<\/h2>\n\t\t\t<\/div>[vc_column_text]<\/p>\n<p style=\"text-align: center;\">Les pianistes Sammy Price et\u00a0Sir Charles Thompson.<br \/>\nVeronique Sanson, Charles Mingues &amp; Dizzy Gillespie<\/p>\n<p>[\/vc_column_text][\/vc_column][vc_column width=&#8221;1\/4&#8243;][vc_single_image image=&#8221;1756&#8243; alignment=&#8221;center&#8221; style=&#8221;vc_box_shadow_border_circle&#8221;]<div class=\"benz_block_title style_7 \">\n\t\t\t\t<h2 class=\"title\" style=\"color:#303030\">1977<\/h2>\n\t\t\t<\/div>[vc_column_text]<\/p>\n<p style=\"text-align: center;\">Le conseil f\u00e9d\u00e9ral suisse (Mr.Chevallaz, Cevey, Gnaegi &amp; Fugler)<\/p>\n<p>[\/vc_column_text][\/vc_column][vc_column width=&#8221;1\/4&#8243;][vc_single_image image=&#8221;1755&#8243; alignment=&#8221;center&#8221; style=&#8221;vc_box_shadow_border_circle&#8221;]<div class=\"benz_block_title style_7 \">\n\t\t\t\t<h2 class=\"title\" style=\"color:#303030\">1979<\/h2>\n\t\t\t<\/div>[vc_column_text]<\/p>\n<p style=\"text-align: center;\">Le groupe Eruption<\/p>\n<p>[\/vc_column_text][\/vc_column][\/vc_row][vc_row type=&#8221;boxed&#8221; css=&#8221;.vc_custom_1477562952802{margin-top: 30px !important;}&#8221;][vc_column width=&#8221;1\/4&#8243;][vc_single_image image=&#8221;1752&#8243; alignment=&#8221;center&#8221; style=&#8221;vc_box_shadow_border_circle&#8221;]<div class=\"benz_block_title style_7 \">\n\t\t\t\t<h2 class=\"title\" style=\"color:#303030\">1983<\/h2>\n\t\t\t<\/div>[vc_column_text]<\/p>\n<p style=\"text-align: center;\">Pop Star Christine Mc Vie<\/p>\n<p>[\/vc_column_text][\/vc_column][vc_column width=&#8221;1\/4&#8243;][vc_single_image image=&#8221;1767&#8243; alignment=&#8221;center&#8221; style=&#8221;vc_box_shadow_border_circle&#8221;]<div class=\"benz_block_title style_7 \">\n\t\t\t\t<h2 class=\"title\" style=\"color:#303030\">1990<\/h2>\n\t\t\t<\/div>[vc_column_text]<\/p>\n<p style=\"text-align: center;\">Roger Moore<\/p>\n<p>[\/vc_column_text][\/vc_column][vc_column width=&#8221;1\/4&#8243;][vc_single_image image=&#8221;1750&#8243; alignment=&#8221;center&#8221; style=&#8221;vc_box_shadow_border_circle&#8221;]<div class=\"benz_block_title style_7 \">\n\t\t\t\t<h2 class=\"title\" style=\"color:#303030\">1996<\/h2>\n\t\t\t<\/div>[vc_column_text]<\/p>\n<p style=\"text-align: center;\">Florent Pagny<\/p>\n<p>[\/vc_column_text][\/vc_column][vc_column width=&#8221;1\/4&#8243;][vc_single_image image=&#8221;1751&#8243; alignment=&#8221;center&#8221; style=&#8221;vc_box_shadow_border_circle&#8221;]<div class=\"benz_block_title style_7 \">\n\t\t\t\t<h2 class=\"title\" style=\"color:#303030\">1998<\/h2>\n\t\t\t<\/div>[vc_column_text]<\/p>\n<p style=\"text-align: center;\">Umberto Tozzi<\/p>\n<p>[\/vc_column_text][\/vc_column][\/vc_row][vc_row][vc_column]<div class=\"ult-spacer spacer-69fde04f84762\" data-id=\"69fde04f84762\" data-height=\"50\" data-height-mobile=\"\" data-height-tab=\"20\" data-height-tab-portrait=\"20\" data-height-mobile-landscape=\"10\" style=\"clear:both;display:block;\"><\/div>[\/vc_column][\/vc_row][vc_row full_width=&#8221;stretch_row&#8221; type=&#8221;boxed&#8221; css=&#8221;.vc_custom_1477593125306{margin-top: 30px !important;background-color: #ffffff !important;}&#8221;][vc_column]<div class=\"benz_block_title style_9 \">\n\t\t\t\t<h2 class=\"title\" style=\"color:#303030\">Unsere Geschichte<\/h2>\n\t\t\t<\/div>[vc_column_text]<\/p>\n<p style=\"text-align: center;\"><strong><span lang=\"FR-CH\">1896<\/span><\/strong><span lang=\"FR-CH\"><br \/>\nOffizielle Er\u00f6ffnung des Hotels im Oktober, es erscheint zu dem Anlass eine erste Werbeanzeige:<br \/>\n<\/span><\/p>\n<p style=\"text-align: center;\"><em>Hotel International, nahe des Kursaals. MONTREUX, am Kai. <\/em><\/p>\n<p style=\"text-align: center;\"><em>Neuer\u00f6ffnung am 10. September 1897<\/em><\/p>\n<p style=\"text-align: center;\"><em>Das Haus wurde komplett renoviert und bietet allen Komfort eines Hotels der ersten Klasse. Sicht \u00fcber den See und die Alpen. Aufz\u00fcge, elektrisches Licht. Pension. Ausgesuchte K\u00fcche, gepflegtes Ambiente. Moderate Preise. Familie Defago. Dasselbe Haus: Hotel de la Croix F\u00e9d\u00e9rale (Champ\u00e9ry, Valais)<\/em><\/p>\n<p style=\"text-align: center;\"><strong>1899<\/strong><\/p>\n<p style=\"text-align: center;\">Das Haus in Montreux wurde von einer Gruppe Gesch\u00e4ftsm\u00e4nner aus der Region Montreux-Lausanne aufgekauft.<\/p>\n<p style=\"text-align: center;\"><strong>1904<\/strong><\/p>\n<p style=\"text-align: center;\">Zu Beginn des Jahrhunderts wurden einige Renovierungsarbeiten vorgenommen und das ehemalige \u00ab\u00a0International\u00a0\u00bb wird zum \u00ab\u00a0Eden\u00a0\u00bb.<\/p>\n<p style=\"text-align: center;\"><strong>1914<\/strong><\/p>\n<p style=\"text-align: center;\">Der erste Weltkrieg setzt der Entwicklung des Tourismus in Montreux ein vorl\u00e4ufiges Ende. Die Kundschaft der Grand Hotels ist ruiniert oder verstorben und die Generation, die das moderne Montreux geschaffen hat, betritt die B\u00fchne. Die Hotels und ihre Ausstattung altern, ohne dass die Besitzer etwas dagegen tun, es fehlt an Geld. In den Geb\u00e4uden wurde interniertes Milit\u00e4rpersonal untergebracht, was zus\u00e4tzlich zum Verfall der Geb\u00e4ude beitrug. Das Eden entkam gl\u00fccklicherweise dieses Schicksal.<\/p>\n<p style=\"text-align: center;\"><strong>In den 1920ern<\/strong><\/p>\n<p style=\"text-align: center;\">In den Jahren nach dem Krieg \u00fcbernahm Herr Emile Eberhard-Fallegeer (1877 \u2013 1963) die Verantwortung f\u00fcr das \u201eGrand Hotel Eden\u201c, an dem er seit 1910 beteiligt war.<\/p>\n<p style=\"text-align: center;\"><strong>1937<\/strong><\/p>\n<p style=\"text-align: center;\">Der Architekt Louis Villard stirbt im Juni. Zu seinen Arbeiten geh\u00f6ren die Hotels Suisse, das Excelsior, Villa Toscane und das Eden.<\/p>\n<p style=\"text-align: center;\"><strong>1940<\/strong><\/p>\n<p style=\"text-align: center;\">Der zweite Weltkrieg stellt einen erneuten Einschnitt dar und die Zahl der Besucher sank drastisch, das Hotel erlebt die schwierigste Zeit seiner langen Geschichte.<\/p>\n<p style=\"text-align: center;\"><strong>1956<\/strong><\/p>\n<p style=\"text-align: center;\">Am ersten Juni endet die Regentschaft von Herrn E. Eberhard und Herr Fr\u00e9d\u00e9ric Tissot vom Grand-Hotel de Vevey erwirbt das Eden. In den folgenden Jahren wird das Hotel schrittweise renoviert und modernisiert.<\/p>\n<p style=\"text-align: center;\"><strong>In den 1970ern<\/strong><\/p>\n<p style=\"text-align: center;\">Der Abriss des Hotels Eden wird geplant. Das Haus soll durch ein ultramodernes Geb\u00e4ude mit 15 Stockwerken ersetzt werden.<\/p>\n<p style=\"text-align: center;\"><strong>1974<\/strong><\/p>\n<p style=\"text-align: center;\">Nach der ersten \u00d6lkrise werden viele Umbaupl\u00e4ne verworfen und das Hotel Eden entkommt dem Abriss.<\/p>\n<p style=\"text-align: center;\"><strong>1974 \u2013 1995<\/strong><\/p>\n<p style=\"text-align: center;\">Carlo de Mercurio \u00fcbernimmt das Management des Hotels und erwirbt es schlie\u00dflich in den 80ern. Es wird zum Hotel Eden du Lac.<\/p>\n<p style=\"text-align: center;\"><strong>In den Jahren 2000\u00a0<\/strong><strong>Herr Gaston Jacques Murray, ein englischer Industrieller, verliebt sich in Montreux und kauft das Eden du Lac, welches zum Eden Palace du Lac wird.<\/strong><\/p>\n<p>[\/vc_column_text][\/vc_column][\/vc_row]<\/p>\n<\/div>","protected":false},"excerpt":{"rendered":"<p>[vc_row][vc_column][rev_slider_vc alias=&#8221;histoire&#8221;][\/vc_column][\/vc_row][vc_row css=&#8221;.vc_custom_1471440433646{margin-top: 30px !important;}&#8221;][vc_column width=&#8221;1\/6&#8243;][vc_column_text][\/vc_column_text][\/vc_column][vc_column width=&#8221;2\/3&#8243;][vc_column_text] Seit \u00fcber 100 Jahren ist der Eden Palace au Lac eine der bekanntesten Adressen in Montreux.\u00a0 Unser Palace Hotel wurde 1896 er\u00f6ffnet und hat all die Jahre hindurch seine Identit\u00e4t wahren k\u00f6nnen. Viele ber\u00fchmte G\u00e4ste genossen bereits den Komfort unserer Zimmer. Charles Aznavour und Umberto Tozzi, George Clooney, [&hellip;]<\/p>\n","protected":false},"author":1,"featured_media":0,"parent":2441,"menu_order":0,"comment_status":"closed","ping_status":"closed","template":"page-full-width.php","meta":{"_acf_changed":false,"footnotes":""},"class_list":["post-2446","page","type-page","status-publish","hentry"],"acf":[],"yoast_head":"<!-- This site is optimized with the Yoast SEO plugin v25.3 - https:\/\/yoast.com\/wordpress\/plugins\/seo\/ -->\n<title>Sie waren unsere G\u00e4ste - Eden Palace<\/title>\n<meta name=\"description\" content=\"Seit \u00fcber 100 Jahren ist der Eden Palace au Lac eine der bekanntesten Adressen in Montreux.\" \/>\n<meta name=\"robots\" content=\"index, follow, max-snippet:-1, max-image-preview:large, max-video-preview:-1\" \/>\n<link rel=\"canonical\" href=\"https:\/\/www.edenpalace.ch\/fr\/montreux\/livre-or\/\" \/>\n<meta property=\"og:locale\" content=\"de_DE\" \/>\n<meta property=\"og:type\" content=\"article\" \/>\n<meta property=\"og:title\" content=\"Sie waren unsere G\u00e4ste - Eden Palace\" \/>\n<meta property=\"og:description\" content=\"Seit \u00fcber 100 Jahren ist der Eden Palace au Lac eine der bekanntesten Adressen in Montreux.\" \/>\n<meta property=\"og:url\" content=\"https:\/\/www.edenpalace.ch\/fr\/montreux\/livre-or\/\" \/>\n<meta property=\"og:site_name\" content=\"Eden Palace\" \/>\n<meta property=\"article:modified_time\" content=\"2016-12-11T20:51:37+00:00\" \/>\n<meta name=\"twitter:card\" content=\"summary_large_image\" \/>\n<meta name=\"twitter:label1\" content=\"Gesch\u00e4tzte Lesezeit\" \/>\n\t<meta name=\"twitter:data1\" content=\"5\u00a0Minuten\" \/>\n<script type=\"application\/ld+json\" class=\"yoast-schema-graph\">{\"@context\":\"https:\/\/schema.org\",\"@graph\":[{\"@type\":\"WebPage\",\"@id\":\"https:\/\/www.edenpalace.ch\/fr\/montreux\/livre-or\/\",\"url\":\"https:\/\/www.edenpalace.ch\/fr\/montreux\/livre-or\/\",\"name\":\"Sie waren unsere G\u00e4ste - Eden Palace\",\"isPartOf\":{\"@id\":\"https:\/\/www.edenpalace.ch\/en\/#website\"},\"datePublished\":\"2016-11-22T13:57:15+00:00\",\"dateModified\":\"2016-12-11T20:51:37+00:00\",\"description\":\"Seit \u00fcber 100 Jahren ist der Eden Palace au Lac eine der bekanntesten Adressen in Montreux.\",\"breadcrumb\":{\"@id\":\"https:\/\/www.edenpalace.ch\/fr\/montreux\/livre-or\/#breadcrumb\"},\"inLanguage\":\"de\",\"potentialAction\":[{\"@type\":\"ReadAction\",\"target\":[\"https:\/\/www.edenpalace.ch\/fr\/montreux\/livre-or\/\"]}]},{\"@type\":\"BreadcrumbList\",\"@id\":\"https:\/\/www.edenpalace.ch\/fr\/montreux\/livre-or\/#breadcrumb\",\"itemListElement\":[{\"@type\":\"ListItem\",\"position\":1,\"name\":\"Accueil\",\"item\":\"https:\/\/www.edenpalace.ch\/de\/\"},{\"@type\":\"ListItem\",\"position\":2,\"name\":\"Montreux\",\"item\":\"https:\/\/www.edenpalace.ch\/de\/montreux\/\"},{\"@type\":\"ListItem\",\"position\":3,\"name\":\"Sie waren unsere G\u00e4ste\"}]},{\"@type\":\"WebSite\",\"@id\":\"https:\/\/www.edenpalace.ch\/en\/#website\",\"url\":\"https:\/\/www.edenpalace.ch\/en\/\",\"name\":\"Eden Palace\",\"description\":\"Un site utilisant WordPress\",\"potentialAction\":[{\"@type\":\"SearchAction\",\"target\":{\"@type\":\"EntryPoint\",\"urlTemplate\":\"https:\/\/www.edenpalace.ch\/en\/?s={search_term_string}\"},\"query-input\":{\"@type\":\"PropertyValueSpecification\",\"valueRequired\":true,\"valueName\":\"search_term_string\"}}],\"inLanguage\":\"de\"}]}<\/script>\n<!-- \/ Yoast SEO plugin. -->","yoast_head_json":{"title":"Sie waren unsere G\u00e4ste - Eden Palace","description":"Seit \u00fcber 100 Jahren ist der Eden Palace au Lac eine der bekanntesten Adressen in Montreux.","robots":{"index":"index","follow":"follow","max-snippet":"max-snippet:-1","max-image-preview":"max-image-preview:large","max-video-preview":"max-video-preview:-1"},"canonical":"https:\/\/www.edenpalace.ch\/fr\/montreux\/livre-or\/","og_locale":"de_DE","og_type":"article","og_title":"Sie waren unsere G\u00e4ste - Eden Palace","og_description":"Seit \u00fcber 100 Jahren ist der Eden Palace au Lac eine der bekanntesten Adressen in Montreux.","og_url":"https:\/\/www.edenpalace.ch\/fr\/montreux\/livre-or\/","og_site_name":"Eden Palace","article_modified_time":"2016-12-11T20:51:37+00:00","twitter_card":"summary_large_image","twitter_misc":{"Gesch\u00e4tzte Lesezeit":"5\u00a0Minuten"},"schema":{"@context":"https:\/\/schema.org","@graph":[{"@type":"WebPage","@id":"https:\/\/www.edenpalace.ch\/fr\/montreux\/livre-or\/","url":"https:\/\/www.edenpalace.ch\/fr\/montreux\/livre-or\/","name":"Sie waren unsere G\u00e4ste - Eden Palace","isPartOf":{"@id":"https:\/\/www.edenpalace.ch\/en\/#website"},"datePublished":"2016-11-22T13:57:15+00:00","dateModified":"2016-12-11T20:51:37+00:00","description":"Seit \u00fcber 100 Jahren ist der Eden Palace au Lac eine der bekanntesten Adressen in Montreux.","breadcrumb":{"@id":"https:\/\/www.edenpalace.ch\/fr\/montreux\/livre-or\/#breadcrumb"},"inLanguage":"de","potentialAction":[{"@type":"ReadAction","target":["https:\/\/www.edenpalace.ch\/fr\/montreux\/livre-or\/"]}]},{"@type":"BreadcrumbList","@id":"https:\/\/www.edenpalace.ch\/fr\/montreux\/livre-or\/#breadcrumb","itemListElement":[{"@type":"ListItem","position":1,"name":"Accueil","item":"https:\/\/www.edenpalace.ch\/de\/"},{"@type":"ListItem","position":2,"name":"Montreux","item":"https:\/\/www.edenpalace.ch\/de\/montreux\/"},{"@type":"ListItem","position":3,"name":"Sie waren unsere G\u00e4ste"}]},{"@type":"WebSite","@id":"https:\/\/www.edenpalace.ch\/en\/#website","url":"https:\/\/www.edenpalace.ch\/en\/","name":"Eden Palace","description":"Un site utilisant WordPress","potentialAction":[{"@type":"SearchAction","target":{"@type":"EntryPoint","urlTemplate":"https:\/\/www.edenpalace.ch\/en\/?s={search_term_string}"},"query-input":{"@type":"PropertyValueSpecification","valueRequired":true,"valueName":"search_term_string"}}],"inLanguage":"de"}]}},"_links":{"self":[{"href":"https:\/\/www.edenpalace.ch\/de\/wp-json\/wp\/v2\/pages\/2446","targetHints":{"allow":["GET"]}}],"collection":[{"href":"https:\/\/www.edenpalace.ch\/de\/wp-json\/wp\/v2\/pages"}],"about":[{"href":"https:\/\/www.edenpalace.ch\/de\/wp-json\/wp\/v2\/types\/page"}],"author":[{"embeddable":true,"href":"https:\/\/www.edenpalace.ch\/de\/wp-json\/wp\/v2\/users\/1"}],"replies":[{"embeddable":true,"href":"https:\/\/www.edenpalace.ch\/de\/wp-json\/wp\/v2\/comments?post=2446"}],"version-history":[{"count":7,"href":"https:\/\/www.edenpalace.ch\/de\/wp-json\/wp\/v2\/pages\/2446\/revisions"}],"predecessor-version":[{"id":2918,"href":"https:\/\/www.edenpalace.ch\/de\/wp-json\/wp\/v2\/pages\/2446\/revisions\/2918"}],"up":[{"embeddable":true,"href":"https:\/\/www.edenpalace.ch\/de\/wp-json\/wp\/v2\/pages\/2441"}],"wp:attachment":[{"href":"https:\/\/www.edenpalace.ch\/de\/wp-json\/wp\/v2\/media?parent=2446"}],"curies":[{"name":"wp","href":"https:\/\/api.w.org\/{rel}","templated":true}]}}