 
{"id":2441,"date":"2016-11-22T14:53:51","date_gmt":"2016-11-22T13:53:51","guid":{"rendered":"https:\/\/www.edenpalace.ch\/de\/?page_id=2441"},"modified":"2020-11-25T18:26:51","modified_gmt":"2020-11-25T17:26:51","slug":"montreux","status":"publish","type":"page","link":"https:\/\/www.edenpalace.ch\/de\/montreux\/","title":{"rendered":"Montreux"},"content":{"rendered":"<div class=\"wpb-content-wrapper\"><p>[vc_row full_width=&#8221;stretch_row_content_no_spaces&#8221;][vc_column]    \t\n\t\t\n\t\t\n\t\t\t<div class=\"benz_products_furniture woocommerce\">\n\t\t<ul id=\"benz-products-furniture-947736264\" class=\"products product small-block-grid-1 medium-block-grid-2 large-block-grid-3\">\n                                    \n<li class=\"\">\n\n\t<a href=\"https:\/\/www.edenpalace.ch\/de\/produit\/sie-waren-unsere-gaeste\/\" class=\"woocommerce-LoopProduct-link woocommerce-loop-product__link\">\n\n\n\t\t\n\t\t\n\t\t<div class=\"product_images_wrapper \">\n\n\t\t\t<div class=\"product_thumbnail\">\n\t\t\t\t\t<div class=\"product_images_hover\">\n\t\t\t\t\t\t<a class=\"read_more_product\" href=\"https:\/\/www.edenpalace.ch\/de\/produit\/sie-waren-unsere-gaeste\/\"><\/a>\n\t\t\t\t\t\t\n\t\t\t\t\t<\/div>\n\t\t\t\t\t<img loading=\"lazy\" decoding=\"async\" width=\"350\" height=\"350\" src=\"https:\/\/www.edenpalace.ch\/wp-content\/uploads\/2015\/11\/Eden-Palace-festivals-box-350x350.jpg\" class=\"attachment-shop_catalog size-shop_catalog wp-post-image\" alt=\"\" srcset=\"https:\/\/www.edenpalace.ch\/wp-content\/uploads\/2015\/11\/Eden-Palace-festivals-box.jpg 350w, https:\/\/www.edenpalace.ch\/wp-content\/uploads\/2015\/11\/Eden-Palace-festivals-box-100x100.jpg 100w, https:\/\/www.edenpalace.ch\/wp-content\/uploads\/2015\/11\/Eden-Palace-festivals-box-150x150.jpg 150w, https:\/\/www.edenpalace.ch\/wp-content\/uploads\/2015\/11\/Eden-Palace-festivals-box-300x300.jpg 300w, https:\/\/www.edenpalace.ch\/wp-content\/uploads\/2015\/11\/Eden-Palace-festivals-box-130x130.jpg 130w\" sizes=\"auto, (max-width: 350px) 100vw, 350px\" \/>\t\t\t<\/div><!--.product_thumbnail-->\n\n\t\t\t\n\t\t\t\t\t\t\n\t\t\t<div class=\"product_caption\">\n\t\t\t\t<div class=\"product_list_price\">\n\t\t\t\t\t\t\n\t\t\t\t<\/div>\n\t\t\t\t<div class=\"product-category\">\n\t\t\t\t\tMontreux\t\t\t\t<\/div>\n\t\t\t\t<h3><a class=\"product-title-link\" href=\"https:\/\/www.edenpalace.ch\/de\/produit\/sie-waren-unsere-gaeste\/\">Sie waren unsere G\u00e4ste<\/a><\/h3>\n\n\t\t\t\t\n\t\t\t<\/div>\n\n\t\t<\/div><!--.product_images_wrapper-->\n\n<\/li>                            \n<li class=\"\">\n\n\t<a href=\"https:\/\/www.edenpalace.ch\/de\/produit\/festivals-3\/\" class=\"woocommerce-LoopProduct-link woocommerce-loop-product__link\">\n\n\n\t\t\n\t\t\n\t\t<div class=\"product_images_wrapper \">\n\n\t\t\t<div class=\"product_thumbnail\">\n\t\t\t\t\t<div class=\"product_images_hover\">\n\t\t\t\t\t\t<a class=\"read_more_product\" href=\"https:\/\/www.edenpalace.ch\/de\/produit\/festivals-3\/\"><\/a>\n\t\t\t\t\t\t\n\t\t\t\t\t<\/div>\n\t\t\t\t\t<img loading=\"lazy\" decoding=\"async\" width=\"350\" height=\"350\" src=\"https:\/\/www.edenpalace.ch\/wp-content\/uploads\/2016\/10\/eden-palace-festivals-2-350x350.jpg\" class=\"attachment-shop_catalog size-shop_catalog wp-post-image\" alt=\"\" srcset=\"https:\/\/www.edenpalace.ch\/wp-content\/uploads\/2016\/10\/eden-palace-festivals-2.jpg 350w, https:\/\/www.edenpalace.ch\/wp-content\/uploads\/2016\/10\/eden-palace-festivals-2-100x100.jpg 100w, https:\/\/www.edenpalace.ch\/wp-content\/uploads\/2016\/10\/eden-palace-festivals-2-150x150.jpg 150w, https:\/\/www.edenpalace.ch\/wp-content\/uploads\/2016\/10\/eden-palace-festivals-2-300x300.jpg 300w, https:\/\/www.edenpalace.ch\/wp-content\/uploads\/2016\/10\/eden-palace-festivals-2-130x130.jpg 130w\" sizes=\"auto, (max-width: 350px) 100vw, 350px\" \/>\t\t\t<\/div><!--.product_thumbnail-->\n\n\t\t\t\n\t\t\t\t\t\t\n\t\t\t<div class=\"product_caption\">\n\t\t\t\t<div class=\"product_list_price\">\n\t\t\t\t\t\t\n\t\t\t\t<\/div>\n\t\t\t\t<div class=\"product-category\">\n\t\t\t\t\tMontreux\t\t\t\t<\/div>\n\t\t\t\t<h3><a class=\"product-title-link\" href=\"https:\/\/www.edenpalace.ch\/de\/produit\/festivals-3\/\">Festivals<\/a><\/h3>\n\n\t\t\t\t\n\t\t\t<\/div>\n\n\t\t<\/div><!--.product_images_wrapper-->\n\n<\/li>                            \n<li class=\"\">\n\n\t<a href=\"https:\/\/www.edenpalace.ch\/de\/produit\/aktivitaeten\/\" class=\"woocommerce-LoopProduct-link woocommerce-loop-product__link\">\n\n\n\t\t\n\t\t\n\t\t<div class=\"product_images_wrapper \">\n\n\t\t\t<div class=\"product_thumbnail\">\n\t\t\t\t\t<div class=\"product_images_hover\">\n\t\t\t\t\t\t<a class=\"read_more_product\" href=\"https:\/\/www.edenpalace.ch\/de\/produit\/aktivitaeten\/\"><\/a>\n\t\t\t\t\t\t\n\t\t\t\t\t<\/div>\n\t\t\t\t\t<img loading=\"lazy\" decoding=\"async\" width=\"350\" height=\"350\" src=\"https:\/\/www.edenpalace.ch\/wp-content\/uploads\/2016\/08\/Eden-Palace-activites-box-350x350.jpg\" class=\"attachment-shop_catalog size-shop_catalog wp-post-image\" alt=\"\" srcset=\"https:\/\/www.edenpalace.ch\/wp-content\/uploads\/2016\/08\/Eden-Palace-activites-box.jpg 350w, https:\/\/www.edenpalace.ch\/wp-content\/uploads\/2016\/08\/Eden-Palace-activites-box-100x100.jpg 100w, https:\/\/www.edenpalace.ch\/wp-content\/uploads\/2016\/08\/Eden-Palace-activites-box-150x150.jpg 150w, https:\/\/www.edenpalace.ch\/wp-content\/uploads\/2016\/08\/Eden-Palace-activites-box-300x300.jpg 300w, https:\/\/www.edenpalace.ch\/wp-content\/uploads\/2016\/08\/Eden-Palace-activites-box-130x130.jpg 130w\" sizes=\"auto, (max-width: 350px) 100vw, 350px\" \/>\t\t\t<\/div><!--.product_thumbnail-->\n\n\t\t\t\n\t\t\t\t\t\t\n\t\t\t<div class=\"product_caption\">\n\t\t\t\t<div class=\"product_list_price\">\n\t\t\t\t\t\t\n\t\t\t\t<\/div>\n\t\t\t\t<div class=\"product-category\">\n\t\t\t\t\tMontreux\t\t\t\t<\/div>\n\t\t\t\t<h3><a class=\"product-title-link\" href=\"https:\/\/www.edenpalace.ch\/de\/produit\/aktivitaeten\/\">Aktivit\u00e4ten<\/a><\/h3>\n\n\t\t\t\t\n\t\t\t<\/div>\n\n\t\t<\/div><!--.product_images_wrapper-->\n\n<\/li>                    \t\t<\/ul>\n\t<\/div>\n\t<div class=\"ult-spacer spacer-6a09926329a16\" data-id=\"6a09926329a16\" data-height=\"30\" data-height-mobile=\"\" data-height-tab=\"20\" data-height-tab-portrait=\"20\" data-height-mobile-landscape=\"10\" style=\"clear:both;display:block;\"><\/div>[\/vc_column][\/vc_row][vc_row css=&#8221;.vc_custom_1471440433646{margin-top: 30px !important;}&#8221;][vc_column width=&#8221;1\/6&#8243;][vc_column_text][\/vc_column_text][\/vc_column][vc_column width=&#8221;2\/3&#8243;]<div class=\"benz_block_title style_9 \">\n\t\t\t\t<h2 class=\"title\" style=\"color:#303030\">Montreux: Am Schnittpunkt von Geschichte, Kultur und Gastronomie<\/h2>\n\t\t\t<\/div>[vc_column_text]<\/p>\n<p style=\"text-align: justify;\">Montreux und die Region sind weltweit ber\u00fchmt f\u00fcr die Festivals und ein reiches, kulturelles Angebot. Das Montreux Jazz Festival, Montreux Comedy und Cully Jazz sind Veranstaltungen von internationalem Rang. Der Eden Palace au Lac liegt ideal am Ufer des Genfer Sees und nahe der Veranstaltungsorte der bedeutendsten kulturellen Events.<\/p>\n<p style=\"text-align: justify;\">Die Region verf\u00fcgt auch \u00fcber ein reiches, historisches Erbe, eine hochwertige gastronomische Kultur und bietet zahlreiche Aktivit\u00e4ten aller Art. Ob das <a href=\"http:\/\/www.chillon.ch\/de\/\" target=\"_blank\" rel=\"noopener noreferrer\"><u>Ch\u00e2teau de Chillon<\/u><\/a>, <a href=\"http:\/\/www.lavaux.ch\/SRC\/2010\/index.html\" target=\"_blank\" rel=\"noopener noreferrer\"><u>die Terrassen der Weinberge von Lavaux<\/u><\/a> oder <u><a href=\"https:\/\/www.casinosbarriere.com\/fr\/montreux.html\">das Casino de Montreux<\/a>,<\/u> es gibt immer etwas zu tun und zu sehen in Montreux. Und unser Palace am Ufer des Genfer Sees ist der ideale Ausgangsort. Sie finden <u>hier<\/u> ein Programm mit den <a href=\"https:\/\/www.edenpalace.ch\/de\/seiten-ihr-event\/\">Veranstaltungen<\/a> und <a href=\"https:\/\/www.edenpalace.ch\/de\/seiten-montreux\/aktivitaeten\/\">Aktivit\u00e4ten<\/a>, die das ganze Jahr \u00fcber in Montreux stattfinden.<\/p>\n<p style=\"text-align: justify;\">Viele ber\u00fchmte G\u00e4ste haben unser Hotel schon besucht, und Sie waren nicht entt\u00e4uscht. Sie finden <a href=\"https:\/\/www.edenpalace.ch\/de\/seiten-montreux\/livre-dor\/\"><u>hier<\/u><\/a> das Livre d\u2019Or des Eden Palace au Lac.<\/p>\n<p>[\/vc_column_text]<div class=\"ult-spacer spacer-6a09926329a88\" data-id=\"6a09926329a88\" data-height=\"30\" data-height-mobile=\"\" data-height-tab=\"20\" data-height-tab-portrait=\"20\" data-height-mobile-landscape=\"10\" style=\"clear:both;display:block;\"><\/div>[\/vc_column][vc_column width=&#8221;1\/6&#8243;][\/vc_column][\/vc_row][vc_row disable_element=&#8221;yes&#8221; css=&#8221;.vc_custom_1606323188612{border-top-width: 1px !important;border-right-width: 0px !important;border-bottom-width: 1px !important;border-left-width: 0px !important;padding-top: 25px !important;padding-bottom: 15px !important;border-left-color: #e8e8e8 !important;border-left-style: none !important;border-right-color: #e8e8e8 !important;border-right-style: none !important;border-top-color: #e8e8e8 !important;border-top-style: none !important;border-bottom-color: #e8e8e8 !important;border-bottom-style: none !important;}&#8221; el_class=&#8221;bloc-compteurs&#8221;][vc_column]<div id=\"ult-carousel-18261159286a09926329eb0\" class=\"ult-carousel-wrapper  vc_custom_1477496783075 counter-benz-style-2 ult_horizontal\" data-gutter=\"15\" data-rtl=\"false\" ><div class=\"ult-carousel-4969212046a09926329b24 \" ><div class=\"ult-item-wrap\" data-animation=\"animated no-animation\"><div class=\"stats-block stats-top  \"><div class=\"aio-icon-top\"><div class=\"ult-item-wrap\" data-animation=\"animated no-animation\"><div class=\"ult-just-icon-wrapper  \"><div class=\"align-icon\" style=\"text-align:center;\">\n<div class=\"aio-icon-img \" style=\"font-size:60px;display:inline-block;\" >\n\t<img decoding=\"async\" class=\"img-icon\" alt=\"\" src=\"https:\/\/www.edenpalace.ch\/wp-content\/uploads\/2016\/07\/walking-with-dog.png\"\/>\n<\/div><\/div><\/div><\/div><\/div><div class=\"stats-desc\" id=\"counter-responsv-wrap-3917\"><div class=\"counter_prefix mycust ult-responsive\"  data-ultimate-target='#counter-responsv-wrap-3917 .mycust'  data-responsive-json-new='{\"font-size\":\"\",\"line-height\":\"\"}'  style=\" color:\">Fast<br \/>\n<\/div><div id=\"counter_20803435406a0992632a8e7\" data-id=\"counter_20803435406a0992632a8e7\"  data-ultimate-target='#counter-responsv-wrap-3917 .stats-number'  data-responsive-json-new='{\"font-size\":\"desktop:36px;\",\"line-height\":\"desktop:36px;\"}'  class=\"stats-number ult-responsive\" style=\" color:#515151; font-family:&#039;Raleway&#039;;font-weight:800;color:#303030;\" data-speed=\"3\" data-counter-value=\"7\" data-separator=\"none\" data-decimal=\".\">0<\/div><div id=\"title-counter_20803435406a0992632a8e7\"  data-ultimate-target='#counter-responsv-wrap-3917 .stats-text'  data-responsive-json-new='{\"font-size\":\"desktop:18px;\",\"line-height\":\"desktop:24px;\"}'  class=\"stats-text ult-responsive\" style=\"font-size:px; color:#515151; font-family:&#039;Playfair Display&#039;;font-style:italic;font-weight:normal;\">km an der langen Riviera<\/div><\/div><\/div><\/div><div class=\"ult-item-wrap\" data-animation=\"animated no-animation\"><div class=\"stats-block stats-top  \"><div class=\"aio-icon-top\"><div class=\"ult-item-wrap\" data-animation=\"animated no-animation\"><div class=\"ult-just-icon-wrapper  \"><div class=\"align-icon\" style=\"text-align:center;\">\n<div class=\"aio-icon-img \" style=\"font-size:60px;display:inline-block;\" >\n\t<img decoding=\"async\" class=\"img-icon\" alt=\"\" src=\"https:\/\/www.edenpalace.ch\/wp-content\/uploads\/2016\/07\/jazz-saxophone.png\"\/>\n<\/div><\/div><\/div><\/div><\/div><div class=\"stats-desc\" id=\"counter-responsv-wrap-9514\"><div class=\"counter_prefix mycust ult-responsive\"  data-ultimate-target='#counter-responsv-wrap-9514 .mycust'  data-responsive-json-new='{\"font-size\":\"\",\"line-height\":\"\"}'  style=\" color:\">Von mehr<br \/>\n<\/div><div id=\"counter_10602530336a0992632b19b\" data-id=\"counter_10602530336a0992632b19b\"  data-ultimate-target='#counter-responsv-wrap-9514 .stats-number'  data-responsive-json-new='{\"font-size\":\"desktop:36px;\",\"line-height\":\"desktop:36px;\"}'  class=\"stats-number ult-responsive\" style=\" color:#515151; font-family:&#039;Raleway&#039;;font-weight:800;color:#303030;\" data-speed=\"3\" data-counter-value=\"500\" data-separator=\"none\" data-decimal=\".\">0<\/div><div id=\"title-counter_10602530336a0992632b19b\"  data-ultimate-target='#counter-responsv-wrap-9514 .stats-text'  data-responsive-json-new='{\"font-size\":\"desktop:18px;\",\"line-height\":\"desktop:24px;\"}'  class=\"stats-text ult-responsive\" style=\"font-size:px; color:#515151; font-family:&#039;Playfair Display&#039;;font-style:italic;font-weight:normal;\">Festivals und event j\u00e4hrlich<\/div><\/div><\/div><\/div><div class=\"ult-item-wrap\" data-animation=\"animated no-animation\"><div class=\"stats-block stats-top  \"><div class=\"aio-icon-top\"><div class=\"ult-item-wrap\" data-animation=\"animated no-animation\"><div class=\"ult-just-icon-wrapper  \"><div class=\"align-icon\" style=\"text-align:center;\">\n<div class=\"aio-icon-img \" style=\"font-size:80px;display:inline-block;\" >\n\t<img decoding=\"async\" class=\"img-icon\" alt=\"\" src=\"https:\/\/www.edenpalace.ch\/wp-content\/uploads\/2016\/07\/family-with-balloons.png\"\/>\n<\/div><\/div><\/div><\/div><\/div><div class=\"stats-desc\" id=\"counter-responsv-wrap-7811\"><div class=\"counter_prefix mycust ult-responsive\"  data-ultimate-target='#counter-responsv-wrap-7811 .mycust'  data-responsive-json-new='{\"font-size\":\"\",\"line-height\":\"\"}'  style=\" color:\">Von mehr<br \/>\n<\/div><div id=\"counter_12574777856a0992632ba97\" data-id=\"counter_12574777856a0992632ba97\"  data-ultimate-target='#counter-responsv-wrap-7811 .stats-number'  data-responsive-json-new='{\"font-size\":\"desktop:36px;\",\"line-height\":\"desktop:36px;\"}'  class=\"stats-number ult-responsive\" style=\" color:#515151; font-family:&#039;Raleway&#039;;font-weight:800;color:#303030;\" data-speed=\"3\" data-counter-value=\"200\" data-separator=\"none\" data-decimal=\".\">0<\/div><div id=\"title-counter_12574777856a0992632ba97\"  data-ultimate-target='#counter-responsv-wrap-7811 .stats-text'  data-responsive-json-new='{\"font-size\":\"desktop:18px;\",\"line-height\":\"desktop:24px;\"}'  class=\"stats-text ult-responsive\" style=\"font-size:px; color:#515151; font-family:&#039;Playfair Display&#039;;font-style:italic;font-weight:normal;\">Aktivit\u00e4ten f\u00fcr alle<\/div><\/div><\/div><\/div><\/div><\/div>\t\t\t<script type=\"text\/javascript\">\n\t\t\t\tjQuery(document).ready(function ($) {\n\t\t\t\t\tif( typeof jQuery('.ult-carousel-4969212046a09926329b24').slick == \"function\"){\n\t\t\t\t\t\t$('.ult-carousel-4969212046a09926329b24').slick({dots: false,autoplay: true,autoplaySpeed: \"5000\",speed: \"300\",infinite: true,arrows: false,slidesToScroll:3,slidesToShow:3,swipe: true,draggable: true,touchMove: true,pauseOnHover: true,pauseOnFocus: false,responsive: [\n\t\t\t\t\t\t\t{\n\t\t\t\t\t\t\t  breakpoint: 1026,\n\t\t\t\t\t\t\t  settings: {\n\t\t\t\t\t\t\t\tslidesToShow: 3,\n\t\t\t\t\t\t\t\tslidesToScroll: 3,  \n\t\t\t\t\t\t\t  }\n\t\t\t\t\t\t\t},\n\t\t\t\t\t\t\t{\n\t\t\t\t\t\t\t  breakpoint: 1025,\n\t\t\t\t\t\t\t  settings: {\n\t\t\t\t\t\t\t\tslidesToShow: 3,\n\t\t\t\t\t\t\t\tslidesToScroll: 3\n\t\t\t\t\t\t\t  }\n\t\t\t\t\t\t\t},\n\t\t\t\t\t\t\t{\n\t\t\t\t\t\t\t  breakpoint: 760,\n\t\t\t\t\t\t\t  settings: {\n\t\t\t\t\t\t\t\tslidesToShow: 3,\n\t\t\t\t\t\t\t\tslidesToScroll: 3\n\t\t\t\t\t\t\t  }\n\t\t\t\t\t\t\t}\n\t\t\t\t\t\t],pauseOnDotsHover: true,customPaging: function(slider, i) {\n                   return '<i type=\"button\" style= \"color:#333333;\" class=\"ultsl-record\" data-role=\"none\"><\/i>';\n                },});\n\t\t\t\t\t}\n\t\t\t\t});\n\t\t\t<\/script>\n\t\t\t[\/vc_column][\/vc_row][vc_row][vc_column offset=&#8221;vc_hidden-lg vc_hidden-md vc_hidden-sm vc_hidden-xs&#8221;]<div class=\"ult-spacer spacer-6a0992632bb1d\" data-id=\"6a0992632bb1d\" data-height=\"60\" data-height-mobile=\"\" data-height-tab=\"40\" data-height-tab-portrait=\"40\" data-height-mobile-landscape=\"20\" style=\"clear:both;display:block;\"><\/div><div class=\"benz_block_title style_9 \">\n\t\t\t\t<h2 class=\"title\" style=\"color:#303030\">Die n\u00e4chste Veranstallung<\/h2>\n\t\t\t<\/div><div class=\"ult-spacer spacer-6a0992632bb77\" data-id=\"6a0992632bb77\" data-height=\"40\" data-height-mobile=\"20\" data-height-tab=\"30\" data-height-tab-portrait=\"30\" data-height-mobile-landscape=\"20\" style=\"clear:both;display:block;\"><\/div>[\/vc_column][\/vc_row][vc_row columns_height=&#8221;columns_auto_height&#8221; css=&#8221;.vc_custom_1523275271942{background-image: url(https:\/\/www.edenpalace.ch\/wp-content\/uploads\/2017\/02\/eden-palace-evenement-ouverture-billetterie-Montreux-Jazz-Festival.jpg?id=4370) !important;background-position: center !important;background-repeat: no-repeat !important;background-size: cover !important;}&#8221; el_class=&#8221;countdown-restaurant&#8221;][vc_column el_class=&#8221;text-align-center&#8221; offset=&#8221;vc_hidden-lg vc_hidden-md vc_hidden-sm vc_hidden-xs&#8221;]<div class=\"ult-spacer spacer-6a0992632bba2\" data-id=\"6a0992632bba2\" data-height=\"55\" data-height-mobile=\"30\" data-height-tab=\"40\" data-height-tab-portrait=\"40\" data-height-mobile-landscape=\"30\" style=\"clear:both;display:block;\"><\/div>[vc_column_text el_class=&#8221;bloc-evenement titre&#8221;]<\/p>\n<p style=\"text-align: center;\">Neues jahr<\/p>\n<p>[\/vc_column_text]<div class=\"ult-spacer spacer-6a0992632bbc9\" data-id=\"6a0992632bbc9\" data-height=\"100\" data-height-mobile=\"30\" data-height-tab=\"60\" data-height-tab-portrait=\"60\" data-height-mobile-landscape=\"30\" style=\"clear:both;display:block;\"><\/div><style>#count-down-wrap-8657 .ult_countdown-amount { font-weight:normal;  font-family : ;\tcolor: #ffffff; } #count-down-wrap-8657 .ult_countdown-period{font-weight:normal;\tcolor: #ffffff;\tfont-family: ;font-style:italic;italic}<\/style><div  data-ultimate-target='#count-down-wrap-8657 .ult_countdown-period'  data-responsive-json-new='{\"font-size\":\"desktop:40px;\",\"line-height\":\"\"}'  class=\"ult-responsive ult_countdown   ult-cd-s2\"><div id=\"count-down-wrap-8657\"  class=\"ult-responsive ult_countdown-div ult_countdown-dateAndTime ult-wptz\" data-labels=\"Years,Months,Weeks,Tage,Stunden,Minuten,Sekunden\" data-labels2=\"Year,Month,Week,Tag,Stunde,Minute,Sekunde\"  data-terminal-date=\"2019\/01\/01 00:00:00\" data-countformat=\"DHMS\" data-time-zone=\"2\" data-time-now=\"2026\/05\/17 12:03:15\"  data-tick-col=\"#ffffff\"   data-ultimate-target='#count-down-wrap-8657 .ult_countdown-amount'  data-responsive-json-new='{\"font-size\":\"desktop:80px;\",\"line-height\":\"\"}'  data-tick-p-col=\"#ffffff\"  data-tick-style=\"font-weight:normal;\"  data-tick-p-style=\"italic\"  data-bg-color=\"rgba(255,255,255,0.01)\" data-br-radius=\"\" data-padd=\"0\" >2019\/01\/01 00:00:00<\/div><\/div>[\/vc_column][vc_column offset=&#8221;vc_hidden-lg vc_hidden-md vc_hidden-sm vc_hidden-xs&#8221;]<a href=\"\/de\/montreux\/festivals\/\" target=\"_blank\" data-hover-background-color=#140459 data-hover-border-color=#140459 data-hover-color=#ffffff class=\"nova-button  small default\" style=\"font-size: 15px; line-height: 48px; color: #020202; background-color: #eaeaea;border-style:solid;border-color:#000000;border-width:3px;border-radius: 10px;-moz-border-radius: 10px;-webkit-border-radius: 10px; \"><span> Informationen<\/span><\/a>[\/vc_column][\/vc_row]<\/p>\n<\/div>","protected":false},"excerpt":{"rendered":"<p>[vc_row full_width=&#8221;stretch_row_content_no_spaces&#8221;][vc_column][\/vc_column][\/vc_row][vc_row css=&#8221;.vc_custom_1471440433646{margin-top: 30px !important;}&#8221;][vc_column width=&#8221;1\/6&#8243;][vc_column_text][\/vc_column_text][\/vc_column][vc_column width=&#8221;2\/3&#8243;][vc_column_text] Montreux und die Region sind weltweit ber\u00fchmt f\u00fcr die Festivals und ein reiches, kulturelles Angebot. Das Montreux Jazz Festival, Montreux Comedy und Cully Jazz sind Veranstaltungen von internationalem Rang. Der Eden Palace au Lac liegt ideal am Ufer des Genfer Sees und nahe der Veranstaltungsorte der bedeutendsten kulturellen [&hellip;]<\/p>\n","protected":false},"author":1,"featured_media":0,"parent":0,"menu_order":0,"comment_status":"closed","ping_status":"closed","template":"page-full-width.php","meta":{"_acf_changed":false,"footnotes":""},"class_list":["post-2441","page","type-page","status-publish","hentry"],"acf":[],"yoast_head":"<!-- This site is optimized with the Yoast SEO plugin v25.3 - https:\/\/yoast.com\/wordpress\/plugins\/seo\/ -->\n<title>MONTREUX - Eden Palace<\/title>\n<meta name=\"description\" content=\"Montreux und die Region sind weltweit ber\u00fchmt f\u00fcr die Festivals und ein reiches, kulturelles Angebot.\" \/>\n<meta name=\"robots\" content=\"index, follow, max-snippet:-1, max-image-preview:large, max-video-preview:-1\" \/>\n<link rel=\"canonical\" href=\"https:\/\/www.edenpalace.ch\/de\/montreux\/\" \/>\n<meta property=\"og:locale\" content=\"de_DE\" \/>\n<meta property=\"og:type\" content=\"article\" \/>\n<meta property=\"og:title\" content=\"MONTREUX - Eden Palace\" \/>\n<meta property=\"og:description\" content=\"Montreux und die Region sind weltweit ber\u00fchmt f\u00fcr die Festivals und ein reiches, kulturelles Angebot.\" \/>\n<meta property=\"og:url\" content=\"https:\/\/www.edenpalace.ch\/de\/montreux\/\" \/>\n<meta property=\"og:site_name\" content=\"Eden Palace\" \/>\n<meta property=\"article:modified_time\" content=\"2020-11-25T17:26:51+00:00\" \/>\n<meta name=\"twitter:card\" content=\"summary_large_image\" \/>\n<meta name=\"twitter:label1\" content=\"Gesch\u00e4tzte Lesezeit\" \/>\n\t<meta name=\"twitter:data1\" content=\"4\u00a0Minuten\" \/>\n<script type=\"application\/ld+json\" class=\"yoast-schema-graph\">{\"@context\":\"https:\/\/schema.org\",\"@graph\":[{\"@type\":\"WebPage\",\"@id\":\"https:\/\/www.edenpalace.ch\/de\/montreux\/\",\"url\":\"https:\/\/www.edenpalace.ch\/de\/montreux\/\",\"name\":\"MONTREUX - Eden Palace\",\"isPartOf\":{\"@id\":\"https:\/\/www.edenpalace.ch\/en\/#website\"},\"datePublished\":\"2016-11-22T13:53:51+00:00\",\"dateModified\":\"2020-11-25T17:26:51+00:00\",\"description\":\"Montreux und die Region sind weltweit ber\u00fchmt f\u00fcr die Festivals und ein reiches, kulturelles Angebot.\",\"breadcrumb\":{\"@id\":\"https:\/\/www.edenpalace.ch\/de\/montreux\/#breadcrumb\"},\"inLanguage\":\"de\",\"potentialAction\":[{\"@type\":\"ReadAction\",\"target\":[\"https:\/\/www.edenpalace.ch\/de\/montreux\/\"]}]},{\"@type\":\"BreadcrumbList\",\"@id\":\"https:\/\/www.edenpalace.ch\/de\/montreux\/#breadcrumb\",\"itemListElement\":[{\"@type\":\"ListItem\",\"position\":1,\"name\":\"Accueil\",\"item\":\"https:\/\/www.edenpalace.ch\/de\/\"},{\"@type\":\"ListItem\",\"position\":2,\"name\":\"Montreux\"}]},{\"@type\":\"WebSite\",\"@id\":\"https:\/\/www.edenpalace.ch\/en\/#website\",\"url\":\"https:\/\/www.edenpalace.ch\/en\/\",\"name\":\"Eden Palace\",\"description\":\"Un site utilisant WordPress\",\"potentialAction\":[{\"@type\":\"SearchAction\",\"target\":{\"@type\":\"EntryPoint\",\"urlTemplate\":\"https:\/\/www.edenpalace.ch\/en\/?s={search_term_string}\"},\"query-input\":{\"@type\":\"PropertyValueSpecification\",\"valueRequired\":true,\"valueName\":\"search_term_string\"}}],\"inLanguage\":\"de\"}]}<\/script>\n<!-- \/ Yoast SEO plugin. -->","yoast_head_json":{"title":"MONTREUX - Eden Palace","description":"Montreux und die Region sind weltweit ber\u00fchmt f\u00fcr die Festivals und ein reiches, kulturelles Angebot.","robots":{"index":"index","follow":"follow","max-snippet":"max-snippet:-1","max-image-preview":"max-image-preview:large","max-video-preview":"max-video-preview:-1"},"canonical":"https:\/\/www.edenpalace.ch\/de\/montreux\/","og_locale":"de_DE","og_type":"article","og_title":"MONTREUX - Eden Palace","og_description":"Montreux und die Region sind weltweit ber\u00fchmt f\u00fcr die Festivals und ein reiches, kulturelles Angebot.","og_url":"https:\/\/www.edenpalace.ch\/de\/montreux\/","og_site_name":"Eden Palace","article_modified_time":"2020-11-25T17:26:51+00:00","twitter_card":"summary_large_image","twitter_misc":{"Gesch\u00e4tzte Lesezeit":"4\u00a0Minuten"},"schema":{"@context":"https:\/\/schema.org","@graph":[{"@type":"WebPage","@id":"https:\/\/www.edenpalace.ch\/de\/montreux\/","url":"https:\/\/www.edenpalace.ch\/de\/montreux\/","name":"MONTREUX - Eden Palace","isPartOf":{"@id":"https:\/\/www.edenpalace.ch\/en\/#website"},"datePublished":"2016-11-22T13:53:51+00:00","dateModified":"2020-11-25T17:26:51+00:00","description":"Montreux und die Region sind weltweit ber\u00fchmt f\u00fcr die Festivals und ein reiches, kulturelles Angebot.","breadcrumb":{"@id":"https:\/\/www.edenpalace.ch\/de\/montreux\/#breadcrumb"},"inLanguage":"de","potentialAction":[{"@type":"ReadAction","target":["https:\/\/www.edenpalace.ch\/de\/montreux\/"]}]},{"@type":"BreadcrumbList","@id":"https:\/\/www.edenpalace.ch\/de\/montreux\/#breadcrumb","itemListElement":[{"@type":"ListItem","position":1,"name":"Accueil","item":"https:\/\/www.edenpalace.ch\/de\/"},{"@type":"ListItem","position":2,"name":"Montreux"}]},{"@type":"WebSite","@id":"https:\/\/www.edenpalace.ch\/en\/#website","url":"https:\/\/www.edenpalace.ch\/en\/","name":"Eden Palace","description":"Un site utilisant WordPress","potentialAction":[{"@type":"SearchAction","target":{"@type":"EntryPoint","urlTemplate":"https:\/\/www.edenpalace.ch\/en\/?s={search_term_string}"},"query-input":{"@type":"PropertyValueSpecification","valueRequired":true,"valueName":"search_term_string"}}],"inLanguage":"de"}]}},"_links":{"self":[{"href":"https:\/\/www.edenpalace.ch\/de\/wp-json\/wp\/v2\/pages\/2441","targetHints":{"allow":["GET"]}}],"collection":[{"href":"https:\/\/www.edenpalace.ch\/de\/wp-json\/wp\/v2\/pages"}],"about":[{"href":"https:\/\/www.edenpalace.ch\/de\/wp-json\/wp\/v2\/types\/page"}],"author":[{"embeddable":true,"href":"https:\/\/www.edenpalace.ch\/de\/wp-json\/wp\/v2\/users\/1"}],"replies":[{"embeddable":true,"href":"https:\/\/www.edenpalace.ch\/de\/wp-json\/wp\/v2\/comments?post=2441"}],"version-history":[{"count":41,"href":"https:\/\/www.edenpalace.ch\/de\/wp-json\/wp\/v2\/pages\/2441\/revisions"}],"predecessor-version":[{"id":5228,"href":"https:\/\/www.edenpalace.ch\/de\/wp-json\/wp\/v2\/pages\/2441\/revisions\/5228"}],"wp:attachment":[{"href":"https:\/\/www.edenpalace.ch\/de\/wp-json\/wp\/v2\/media?parent=2441"}],"curies":[{"name":"wp","href":"https:\/\/api.w.org\/{rel}","templated":true}]}}