 
{"id":2428,"date":"2016-11-22T14:46:21","date_gmt":"2016-11-22T13:46:21","guid":{"rendered":"https:\/\/www.edenpalace.ch\/de\/?page_id=2428"},"modified":"2016-12-15T19:31:22","modified_gmt":"2016-12-15T18:31:22","slug":"salon-victoria-regence","status":"publish","type":"page","link":"https:\/\/www.edenpalace.ch\/de\/ihr-event\/konferenzen-und-seminare\/salon-victoria-regence\/","title":{"rendered":"Salon Victoria &#038; R\u00e9gence"},"content":{"rendered":"<div class=\"wpb-content-wrapper\"><p>[vc_row full_width=&#8221;stretch_row_content_no_spaces&#8221;][vc_column][vc_single_image image=&#8221;1577&#8243;][\/vc_column][\/vc_row][vc_row][vc_column]<div class=\"ult-spacer spacer-69e721fde2374\" data-id=\"69e721fde2374\" data-height=\"50\" data-height-mobile=\"\" data-height-tab=\"20\" data-height-tab-portrait=\"20\" data-height-mobile-landscape=\"10\" style=\"clear:both;display:block;\"><\/div>[\/vc_column][\/vc_row][vc_row type=&#8221;boxed&#8221;][vc_column width=&#8221;2\/3&#8243;]<div class=\"benz_block_title style_9 \">\n\t\t\t\t<h2 class=\"title\" style=\"color:#303030\">Salon Victoria &amp; R\u00e9gence<\/h2>\n\t\t\t<\/div>[vc_column_text css=&#8221;.vc_custom_1481724723373{margin-bottom: 0px !important;}&#8221;]<\/p>\n<p style=\"text-align: justify;\"><strong>Bis zu 50 Personen <\/strong><\/p>\n<p style=\"text-align: justify;\">Der Eden Palace au Lac empf\u00e4ngt Sie und Ihre Veranstaltungen im <em>Salon Victoria &amp; R\u00e9gence.<\/em><\/p>\n<p style=\"text-align: justify;\">Der Salon mit 63m2 bietet Platz f\u00fcr maximal 50 Personen, ist Tags von Sonnenlicht erhellt, bietet einen Blick \u00fcber den Genfer See und einen direkten Zugang zur Terrasse. Zudem ist er technisch komplett ausgestattet und bietet kostenlosen Internetzugang.<\/p>\n<p>[\/vc_column_text]<div class=\"ult-spacer spacer-69e721fde2425\" data-id=\"69e721fde2425\" data-height=\"30\" data-height-mobile=\"30\" data-height-tab=\"30\" data-height-tab-portrait=\"30\" data-height-mobile-landscape=\"30\" style=\"clear:both;display:block;\"><\/div>[\/vc_column][vc_column width=&#8221;1\/3&#8243; css=&#8221;.vc_custom_1474639912374{margin-bottom: 0px !important;}&#8221;][vc_single_image image=&#8221;3244&#8243; alignment=&#8221;center&#8221;][\/vc_column][\/vc_row][vc_row full_width=&#8221;stretch_row_content_no_spaces&#8221;][vc_column][vc_btn title=&#8221;Weitere Einzelheiten &#8221; style=&#8221;outline-custom&#8221; outline_custom_color=&#8221;#0a0a0a&#8221; outline_custom_hover_background=&#8221;#140459&#8243; outline_custom_hover_text=&#8221;#ffffff&#8221; align=&#8221;center&#8221; link=&#8221;url:https%3A%2F%2Fwww.edenpalace.ch%2Fwp-content%2Fuploads%2F2016%2F10%2FEdenPalaceauLac1409752137.pdf||target:%20_blank|rel:nofollow&#8221;][\/vc_column][\/vc_row]<\/p>\n<\/div>","protected":false},"excerpt":{"rendered":"<p>[vc_row full_width=&#8221;stretch_row_content_no_spaces&#8221;][vc_column][vc_single_image image=&#8221;1577&#8243;][\/vc_column][\/vc_row][vc_row][vc_column][\/vc_column][\/vc_row][vc_row type=&#8221;boxed&#8221;][vc_column width=&#8221;2\/3&#8243;][vc_column_text css=&#8221;.vc_custom_1481724723373{margin-bottom: 0px !important;}&#8221;] Bis zu 50 Personen Der Eden Palace au Lac empf\u00e4ngt Sie und Ihre Veranstaltungen im Salon Victoria &amp; R\u00e9gence. Der Salon mit 63m2 bietet Platz f\u00fcr maximal 50 Personen, ist Tags von Sonnenlicht erhellt, bietet einen Blick \u00fcber den Genfer See und einen direkten Zugang zur Terrasse. [&hellip;]<\/p>\n","protected":false},"author":1,"featured_media":0,"parent":2417,"menu_order":0,"comment_status":"closed","ping_status":"closed","template":"page-full-width.php","meta":{"_acf_changed":false,"footnotes":""},"class_list":["post-2428","page","type-page","status-publish","hentry"],"acf":[],"yoast_head":"<!-- This site is optimized with the Yoast SEO plugin v25.3 - https:\/\/yoast.com\/wordpress\/plugins\/seo\/ -->\n<title>Salon Victoria &amp; R\u00e9gence - Eden Palace<\/title>\n<meta name=\"description\" content=\"Der Eden Palace au Lac empf\u00e4ngt Sie und Ihre Veranstaltungen im Salon Victoria &amp; R\u00e9gence.\" \/>\n<meta name=\"robots\" content=\"index, follow, max-snippet:-1, max-image-preview:large, max-video-preview:-1\" \/>\n<link rel=\"canonical\" href=\"https:\/\/www.edenpalace.ch\/fr\/votre-evenement\/conferences-et-seminaires\/salon-victoria-et-regence\/\" \/>\n<meta property=\"og:locale\" content=\"de_DE\" \/>\n<meta property=\"og:type\" content=\"article\" \/>\n<meta property=\"og:title\" content=\"Salon Victoria &amp; R\u00e9gence - Eden Palace\" \/>\n<meta property=\"og:description\" content=\"Der Eden Palace au Lac empf\u00e4ngt Sie und Ihre Veranstaltungen im Salon Victoria &amp; R\u00e9gence.\" \/>\n<meta property=\"og:url\" content=\"https:\/\/www.edenpalace.ch\/fr\/votre-evenement\/conferences-et-seminaires\/salon-victoria-et-regence\/\" \/>\n<meta property=\"og:site_name\" content=\"Eden Palace\" \/>\n<meta property=\"article:modified_time\" content=\"2016-12-15T18:31:22+00:00\" \/>\n<meta name=\"twitter:card\" content=\"summary_large_image\" \/>\n<meta name=\"twitter:label1\" content=\"Gesch\u00e4tzte Lesezeit\" \/>\n\t<meta name=\"twitter:data1\" content=\"1\u00a0Minute\" \/>\n<script type=\"application\/ld+json\" class=\"yoast-schema-graph\">{\"@context\":\"https:\/\/schema.org\",\"@graph\":[{\"@type\":\"WebPage\",\"@id\":\"https:\/\/www.edenpalace.ch\/fr\/votre-evenement\/conferences-et-seminaires\/salon-victoria-et-regence\/\",\"url\":\"https:\/\/www.edenpalace.ch\/fr\/votre-evenement\/conferences-et-seminaires\/salon-victoria-et-regence\/\",\"name\":\"Salon Victoria & R\u00e9gence - Eden Palace\",\"isPartOf\":{\"@id\":\"https:\/\/www.edenpalace.ch\/en\/#website\"},\"datePublished\":\"2016-11-22T13:46:21+00:00\",\"dateModified\":\"2016-12-15T18:31:22+00:00\",\"description\":\"Der Eden Palace au Lac empf\u00e4ngt Sie und Ihre Veranstaltungen im Salon Victoria & R\u00e9gence.\",\"breadcrumb\":{\"@id\":\"https:\/\/www.edenpalace.ch\/fr\/votre-evenement\/conferences-et-seminaires\/salon-victoria-et-regence\/#breadcrumb\"},\"inLanguage\":\"de\",\"potentialAction\":[{\"@type\":\"ReadAction\",\"target\":[\"https:\/\/www.edenpalace.ch\/fr\/votre-evenement\/conferences-et-seminaires\/salon-victoria-et-regence\/\"]}]},{\"@type\":\"BreadcrumbList\",\"@id\":\"https:\/\/www.edenpalace.ch\/fr\/votre-evenement\/conferences-et-seminaires\/salon-victoria-et-regence\/#breadcrumb\",\"itemListElement\":[{\"@type\":\"ListItem\",\"position\":1,\"name\":\"Accueil\",\"item\":\"https:\/\/www.edenpalace.ch\/de\/\"},{\"@type\":\"ListItem\",\"position\":2,\"name\":\"Ihr Event\",\"item\":\"https:\/\/www.edenpalace.ch\/fr\/votre-evenement\/\"},{\"@type\":\"ListItem\",\"position\":3,\"name\":\"Konferenzen und Seminare\",\"item\":\"https:\/\/www.edenpalace.ch\/fr\/votre-evenement\/conferences-et-seminaires\/\"},{\"@type\":\"ListItem\",\"position\":4,\"name\":\"Salon Victoria &#038; R\u00e9gence\"}]},{\"@type\":\"WebSite\",\"@id\":\"https:\/\/www.edenpalace.ch\/en\/#website\",\"url\":\"https:\/\/www.edenpalace.ch\/en\/\",\"name\":\"Eden Palace\",\"description\":\"Un site utilisant WordPress\",\"potentialAction\":[{\"@type\":\"SearchAction\",\"target\":{\"@type\":\"EntryPoint\",\"urlTemplate\":\"https:\/\/www.edenpalace.ch\/en\/?s={search_term_string}\"},\"query-input\":{\"@type\":\"PropertyValueSpecification\",\"valueRequired\":true,\"valueName\":\"search_term_string\"}}],\"inLanguage\":\"de\"}]}<\/script>\n<!-- \/ Yoast SEO plugin. -->","yoast_head_json":{"title":"Salon Victoria & R\u00e9gence - Eden Palace","description":"Der Eden Palace au Lac empf\u00e4ngt Sie und Ihre Veranstaltungen im Salon Victoria & R\u00e9gence.","robots":{"index":"index","follow":"follow","max-snippet":"max-snippet:-1","max-image-preview":"max-image-preview:large","max-video-preview":"max-video-preview:-1"},"canonical":"https:\/\/www.edenpalace.ch\/fr\/votre-evenement\/conferences-et-seminaires\/salon-victoria-et-regence\/","og_locale":"de_DE","og_type":"article","og_title":"Salon Victoria & R\u00e9gence - Eden Palace","og_description":"Der Eden Palace au Lac empf\u00e4ngt Sie und Ihre Veranstaltungen im Salon Victoria & R\u00e9gence.","og_url":"https:\/\/www.edenpalace.ch\/fr\/votre-evenement\/conferences-et-seminaires\/salon-victoria-et-regence\/","og_site_name":"Eden Palace","article_modified_time":"2016-12-15T18:31:22+00:00","twitter_card":"summary_large_image","twitter_misc":{"Gesch\u00e4tzte Lesezeit":"1\u00a0Minute"},"schema":{"@context":"https:\/\/schema.org","@graph":[{"@type":"WebPage","@id":"https:\/\/www.edenpalace.ch\/fr\/votre-evenement\/conferences-et-seminaires\/salon-victoria-et-regence\/","url":"https:\/\/www.edenpalace.ch\/fr\/votre-evenement\/conferences-et-seminaires\/salon-victoria-et-regence\/","name":"Salon Victoria & R\u00e9gence - Eden Palace","isPartOf":{"@id":"https:\/\/www.edenpalace.ch\/en\/#website"},"datePublished":"2016-11-22T13:46:21+00:00","dateModified":"2016-12-15T18:31:22+00:00","description":"Der Eden Palace au Lac empf\u00e4ngt Sie und Ihre Veranstaltungen im Salon Victoria & R\u00e9gence.","breadcrumb":{"@id":"https:\/\/www.edenpalace.ch\/fr\/votre-evenement\/conferences-et-seminaires\/salon-victoria-et-regence\/#breadcrumb"},"inLanguage":"de","potentialAction":[{"@type":"ReadAction","target":["https:\/\/www.edenpalace.ch\/fr\/votre-evenement\/conferences-et-seminaires\/salon-victoria-et-regence\/"]}]},{"@type":"BreadcrumbList","@id":"https:\/\/www.edenpalace.ch\/fr\/votre-evenement\/conferences-et-seminaires\/salon-victoria-et-regence\/#breadcrumb","itemListElement":[{"@type":"ListItem","position":1,"name":"Accueil","item":"https:\/\/www.edenpalace.ch\/de\/"},{"@type":"ListItem","position":2,"name":"Ihr Event","item":"https:\/\/www.edenpalace.ch\/fr\/votre-evenement\/"},{"@type":"ListItem","position":3,"name":"Konferenzen und Seminare","item":"https:\/\/www.edenpalace.ch\/fr\/votre-evenement\/conferences-et-seminaires\/"},{"@type":"ListItem","position":4,"name":"Salon Victoria &#038; R\u00e9gence"}]},{"@type":"WebSite","@id":"https:\/\/www.edenpalace.ch\/en\/#website","url":"https:\/\/www.edenpalace.ch\/en\/","name":"Eden Palace","description":"Un site utilisant WordPress","potentialAction":[{"@type":"SearchAction","target":{"@type":"EntryPoint","urlTemplate":"https:\/\/www.edenpalace.ch\/en\/?s={search_term_string}"},"query-input":{"@type":"PropertyValueSpecification","valueRequired":true,"valueName":"search_term_string"}}],"inLanguage":"de"}]}},"_links":{"self":[{"href":"https:\/\/www.edenpalace.ch\/de\/wp-json\/wp\/v2\/pages\/2428","targetHints":{"allow":["GET"]}}],"collection":[{"href":"https:\/\/www.edenpalace.ch\/de\/wp-json\/wp\/v2\/pages"}],"about":[{"href":"https:\/\/www.edenpalace.ch\/de\/wp-json\/wp\/v2\/types\/page"}],"author":[{"embeddable":true,"href":"https:\/\/www.edenpalace.ch\/de\/wp-json\/wp\/v2\/users\/1"}],"replies":[{"embeddable":true,"href":"https:\/\/www.edenpalace.ch\/de\/wp-json\/wp\/v2\/comments?post=2428"}],"version-history":[{"count":9,"href":"https:\/\/www.edenpalace.ch\/de\/wp-json\/wp\/v2\/pages\/2428\/revisions"}],"predecessor-version":[{"id":4205,"href":"https:\/\/www.edenpalace.ch\/de\/wp-json\/wp\/v2\/pages\/2428\/revisions\/4205"}],"up":[{"embeddable":true,"href":"https:\/\/www.edenpalace.ch\/de\/wp-json\/wp\/v2\/pages\/2417"}],"wp:attachment":[{"href":"https:\/\/www.edenpalace.ch\/de\/wp-json\/wp\/v2\/media?parent=2428"}],"curies":[{"name":"wp","href":"https:\/\/api.w.org\/{rel}","templated":true}]}}