 
{"id":2419,"date":"2016-11-22T14:41:50","date_gmt":"2016-11-22T13:41:50","guid":{"rendered":"https:\/\/www.edenpalace.ch\/de\/?page_id=2419"},"modified":"2016-12-14T15:43:43","modified_gmt":"2016-12-14T14:43:43","slug":"banketts-und-galaabende","status":"publish","type":"page","link":"https:\/\/www.edenpalace.ch\/de\/ihr-event\/banketts-und-galaabende\/","title":{"rendered":"Banketts und Galaabende"},"content":{"rendered":"<div class=\"wpb-content-wrapper\"><p>[vc_row][vc_column][rev_slider_vc alias=&#8221;banquet&#8221;][\/vc_column][\/vc_row][vc_row][vc_column]<div class=\"ult-spacer spacer-69e4c2a81d8d5\" data-id=\"69e4c2a81d8d5\" data-height=\"25\" data-height-mobile=\"15\" data-height-tab=\"15\" data-height-tab-portrait=\"15\" data-height-mobile-landscape=\"15\" style=\"clear:both;display:block;\"><\/div><div class=\"benz_block_title style_9 \">\n\t\t\t\t<h2 class=\"title\" style=\"color:#303030\">Banketts und Galaabende<\/h2>\n\t\t\t<\/div><div class=\"ult-spacer spacer-69e4c2a81d9b4\" data-id=\"69e4c2a81d9b4\" data-height=\"15\" data-height-mobile=\"15\" data-height-tab=\"15\" data-height-tab-portrait=\"15\" data-height-mobile-landscape=\"15\" style=\"clear:both;display:block;\"><\/div>[vc_row_inner][vc_column_inner width=&#8221;1\/6&#8243;][\/vc_column_inner][vc_column_inner width=&#8221;2\/3&#8243;][vc_column_text]<\/p>\n<p style=\"text-align: center;\">Der Eden Palace au Lac stellt Ihnen seine R\u00e4umlichkeiten f\u00fcr Ihre Banketts, Galaabende oder Unternehmensfeiern zur Verf\u00fcgung. Genie\u00dfen Sie eine raffinierte K\u00fcche in einem eleganten Rahmen, der sich harmonisch in die Landschaft einf\u00fcgt.<\/p>\n<p>[\/vc_column_text][\/vc_column_inner][vc_column_inner width=&#8221;1\/6&#8243;][\/vc_column_inner][\/vc_row_inner][\/vc_column][\/vc_row][vc_row css=&#8221;.vc_custom_1471443292398{margin-top: 30px !important;}&#8221;][vc_column]    \t\n\t\t\n\t\t\n\t\t\t<div class=\"benz_products_furniture woocommerce\">\n\t\t<ul id=\"benz-products-furniture-2129058555\" class=\"products product small-block-grid-1 medium-block-grid-2 large-block-grid-4\">\n                                    \n<li class=\"\">\n\n\t<a href=\"https:\/\/www.edenpalace.ch\/de\/produit\/salon-belle-epoque-2\/\" class=\"woocommerce-LoopProduct-link woocommerce-loop-product__link\">\n\n\n\t\t\n\t\t\n\t\t<div class=\"product_images_wrapper \">\n\n\t\t\t<div class=\"product_thumbnail\">\n\t\t\t\t\t<div class=\"product_images_hover\">\n\t\t\t\t\t\t<a class=\"read_more_product\" href=\"https:\/\/www.edenpalace.ch\/de\/produit\/salon-belle-epoque-2\/\"><\/a>\n\t\t\t\t\t\t\n\t\t\t\t\t<\/div>\n\t\t\t\t\t<img loading=\"lazy\" decoding=\"async\" width=\"350\" height=\"533\" src=\"https:\/\/www.edenpalace.ch\/wp-content\/uploads\/2016\/11\/salon-1-350x533.jpg\" class=\"attachment-shop_catalog size-shop_catalog wp-post-image\" alt=\"\" \/>\t\t\t<\/div><!--.product_thumbnail-->\n\n\t\t\t\n\t\t\t\t\t\t\n\t\t\t<div class=\"product_caption\">\n\t\t\t\t<div class=\"product_list_price\">\n\t\t\t\t\t\t\n\t\t\t\t<\/div>\n\t\t\t\t<div class=\"product-category\">\n\t\t\t\t\tPrivaten Events\t\t\t\t<\/div>\n\t\t\t\t<h3><a class=\"product-title-link\" href=\"https:\/\/www.edenpalace.ch\/de\/produit\/salon-belle-epoque-2\/\">Salon \u00ab Belle Epoque \u00bb<\/a><\/h3>\n\n\t\t\t\t\n\t\t\t<\/div>\n\n\t\t<\/div><!--.product_images_wrapper-->\n\n<\/li>                            \n<li class=\"\">\n\n\t<a href=\"https:\/\/www.edenpalace.ch\/de\/produit\/der-saal-1900\/\" class=\"woocommerce-LoopProduct-link woocommerce-loop-product__link\">\n\n\n\t\t\n\t\t\n\t\t<div class=\"product_images_wrapper \">\n\n\t\t\t<div class=\"product_thumbnail\">\n\t\t\t\t\t<div class=\"product_images_hover\">\n\t\t\t\t\t\t<a class=\"read_more_product\" href=\"https:\/\/www.edenpalace.ch\/de\/produit\/der-saal-1900\/\"><\/a>\n\t\t\t\t\t\t\n\t\t\t\t\t<\/div>\n\t\t\t\t\t<img loading=\"lazy\" decoding=\"async\" width=\"350\" height=\"350\" src=\"https:\/\/www.edenpalace.ch\/wp-content\/uploads\/2015\/11\/Eden-Palace-evenement-prive-box-350x350.jpg\" class=\"attachment-shop_catalog size-shop_catalog wp-post-image\" alt=\"\" srcset=\"https:\/\/www.edenpalace.ch\/wp-content\/uploads\/2015\/11\/Eden-Palace-evenement-prive-box.jpg 350w, https:\/\/www.edenpalace.ch\/wp-content\/uploads\/2015\/11\/Eden-Palace-evenement-prive-box-100x100.jpg 100w, https:\/\/www.edenpalace.ch\/wp-content\/uploads\/2015\/11\/Eden-Palace-evenement-prive-box-150x150.jpg 150w, https:\/\/www.edenpalace.ch\/wp-content\/uploads\/2015\/11\/Eden-Palace-evenement-prive-box-300x300.jpg 300w, https:\/\/www.edenpalace.ch\/wp-content\/uploads\/2015\/11\/Eden-Palace-evenement-prive-box-130x130.jpg 130w\" sizes=\"auto, (max-width: 350px) 100vw, 350px\" \/>\t\t\t<\/div><!--.product_thumbnail-->\n\n\t\t\t\n\t\t\t\t\t\t\n\t\t\t<div class=\"product_caption\">\n\t\t\t\t<div class=\"product_list_price\">\n\t\t\t\t\t\t\n\t\t\t\t<\/div>\n\t\t\t\t<div class=\"product-category\">\n\t\t\t\t\tPrivaten Events\t\t\t\t<\/div>\n\t\t\t\t<h3><a class=\"product-title-link\" href=\"https:\/\/www.edenpalace.ch\/de\/produit\/der-saal-1900\/\">Der Saal 1900<\/a><\/h3>\n\n\t\t\t\t\n\t\t\t<\/div>\n\n\t\t<\/div><!--.product_images_wrapper-->\n\n<\/li>                            \n<li class=\"\">\n\n\t<a href=\"https:\/\/www.edenpalace.ch\/de\/produit\/salon-villa-eden\/\" class=\"woocommerce-LoopProduct-link woocommerce-loop-product__link\">\n\n\n\t\t\n\t\t\n\t\t<div class=\"product_images_wrapper \">\n\n\t\t\t<div class=\"product_thumbnail\">\n\t\t\t\t\t<div class=\"product_images_hover\">\n\t\t\t\t\t\t<a class=\"read_more_product\" href=\"https:\/\/www.edenpalace.ch\/de\/produit\/salon-villa-eden\/\"><\/a>\n\t\t\t\t\t\t\n\t\t\t\t\t<\/div>\n\t\t\t\t\t<img loading=\"lazy\" decoding=\"async\" width=\"350\" height=\"350\" src=\"https:\/\/www.edenpalace.ch\/wp-content\/uploads\/2015\/11\/Eden-Palace-salle-conferences-box4-350x350.jpg\" class=\"attachment-shop_catalog size-shop_catalog wp-post-image\" alt=\"\" srcset=\"https:\/\/www.edenpalace.ch\/wp-content\/uploads\/2015\/11\/Eden-Palace-salle-conferences-box4.jpg 350w, https:\/\/www.edenpalace.ch\/wp-content\/uploads\/2015\/11\/Eden-Palace-salle-conferences-box4-100x100.jpg 100w, https:\/\/www.edenpalace.ch\/wp-content\/uploads\/2015\/11\/Eden-Palace-salle-conferences-box4-150x150.jpg 150w, https:\/\/www.edenpalace.ch\/wp-content\/uploads\/2015\/11\/Eden-Palace-salle-conferences-box4-300x300.jpg 300w, https:\/\/www.edenpalace.ch\/wp-content\/uploads\/2015\/11\/Eden-Palace-salle-conferences-box4-130x130.jpg 130w\" sizes=\"auto, (max-width: 350px) 100vw, 350px\" \/>\t\t\t<\/div><!--.product_thumbnail-->\n\n\t\t\t\n\t\t\t\t\t\t\n\t\t\t<div class=\"product_caption\">\n\t\t\t\t<div class=\"product_list_price\">\n\t\t\t\t\t\t\n\t\t\t\t<\/div>\n\t\t\t\t<div class=\"product-category\">\n\t\t\t\t\tPrivaten Events\t\t\t\t<\/div>\n\t\t\t\t<h3><a class=\"product-title-link\" href=\"https:\/\/www.edenpalace.ch\/de\/produit\/salon-villa-eden\/\">Salon Villa Eden<\/a><\/h3>\n\n\t\t\t\t\n\t\t\t<\/div>\n\n\t\t<\/div><!--.product_images_wrapper-->\n\n<\/li>                            \n<li class=\"\">\n\n\t<a href=\"https:\/\/www.edenpalace.ch\/de\/produit\/die-terrasse\/\" class=\"woocommerce-LoopProduct-link woocommerce-loop-product__link\">\n\n\n\t\t\n\t\t\n\t\t<div class=\"product_images_wrapper \">\n\n\t\t\t<div class=\"product_thumbnail\">\n\t\t\t\t\t<div class=\"product_images_hover\">\n\t\t\t\t\t\t<a class=\"read_more_product\" href=\"https:\/\/www.edenpalace.ch\/de\/produit\/die-terrasse\/\"><\/a>\n\t\t\t\t\t\t\n\t\t\t\t\t<\/div>\n\t\t\t\t\t<img loading=\"lazy\" decoding=\"async\" width=\"350\" height=\"533\" src=\"https:\/\/www.edenpalace.ch\/wp-content\/uploads\/2025\/05\/Terrasse-Pergola-11-1-350x533.jpg\" class=\"attachment-shop_catalog size-shop_catalog wp-post-image\" alt=\"\" \/>\t\t\t<\/div><!--.product_thumbnail-->\n\n\t\t\t\n\t\t\t\t\t\t\n\t\t\t<div class=\"product_caption\">\n\t\t\t\t<div class=\"product_list_price\">\n\t\t\t\t\t\t\n\t\t\t\t<\/div>\n\t\t\t\t<div class=\"product-category\">\n\t\t\t\t\tPrivaten Events\t\t\t\t<\/div>\n\t\t\t\t<h3><a class=\"product-title-link\" href=\"https:\/\/www.edenpalace.ch\/de\/produit\/die-terrasse\/\">Die Terrasse<\/a><\/h3>\n\n\t\t\t\t\n\t\t\t<\/div>\n\n\t\t<\/div><!--.product_images_wrapper-->\n\n<\/li>                    \t\t<\/ul>\n\t<\/div>\n\t<div class=\"ult-spacer spacer-69e4c2a82541b\" data-id=\"69e4c2a82541b\" data-height=\"40\" data-height-mobile=\"40\" data-height-tab=\"40\" data-height-tab-portrait=\"\" data-height-mobile-landscape=\"\" style=\"clear:both;display:block;\"><\/div>[\/vc_column][\/vc_row][vc_row type=&#8221;boxed&#8221;][vc_column][vc_column_text]<\/p>\n<p style=\"text-align: center;\">Der Eden Palace au Lac ist stets bestrebt, ihre W\u00fcnsche zu erf\u00fcllen und f\u00fcr Ihr Wohlbefinden und Ihre Entspannung zu sorgen. Unser \u00ab\u00a0<em>Salon 1900\u00a0\u00bb,<\/em> im Stil der \u00ab\u00a0<em>Belle Epoque<\/em>\u00a0\u00bb bietet Ihnen ein einzigartiges Dekor f\u00fcr Ihre Empf\u00e4nge. Auf 340m2 finden bis zu 250 G\u00e4ste Platz, mit einem fantastischen Ausblick \u00fcber den Genfer See und die Alpen. Wenden Sie sich einfach an uns, wenn Sie weitere Informationen zu Banketts und Empf\u00e4ngen w\u00fcnschen.<\/p>\n<p>[\/vc_column_text]<div class=\"ult-spacer spacer-69e4c2a825454\" data-id=\"69e4c2a825454\" data-height=\"50\" data-height-mobile=\"30\" data-height-tab=\"30\" data-height-tab-portrait=\"30\" data-height-mobile-landscape=\"30\" style=\"clear:both;display:block;\"><\/div>[\/vc_column][\/vc_row][vc_row type=&#8221;boxed&#8221;][vc_column width=&#8221;1\/2&#8243;]<div class=\"ult-spacer spacer-69e4c2a825483\" data-id=\"69e4c2a825483\" data-height=\"50\" data-height-mobile=\"30\" data-height-tab=\"30\" data-height-tab-portrait=\"30\" data-height-mobile-landscape=\"30\" style=\"clear:both;display:block;\"><\/div><div class=\"benz_block_title style_9 \">\n\t\t\t\t<h2 class=\"title\" style=\"color:#303030\">Cocktail Partys<\/h2>\n\t\t\t<\/div>[vc_column_text]<\/p>\n<p style=\"text-align: center;\">Unser Haus \u00f6ffnet Ihnen seinen Salon der Belle Epoque mit 40m2. Ideal f\u00fcr Ihre Events, mit Zugang zu privater Terrasse und Tageslicht am Tag.<\/p>\n<p>[\/vc_column_text][\/vc_column][vc_column width=&#8221;1\/2&#8243;][vc_single_image image=&#8221;1758&#8243; alignment=&#8221;center&#8221; style=&#8221;vc_box_border&#8221; border_color=&#8221;chino&#8221;][\/vc_column][\/vc_row][vc_row][vc_column]<div class=\"ult-spacer spacer-69e4c2a8254d8\" data-id=\"69e4c2a8254d8\" data-height=\"50\" data-height-mobile=\"30\" data-height-tab=\"30\" data-height-tab-portrait=\"30\" data-height-mobile-landscape=\"30\" style=\"clear:both;display:block;\"><\/div>[\/vc_column][\/vc_row][vc_row equal_height=&#8221;yes&#8221; type=&#8221;boxed&#8221; el_class=&#8221;nova-icon-home-1 bloc-avantages&#8221;][vc_column width=&#8221;1\/4&#8243;]<div class=\"nova-icon-component   style_2\"><div class=\"nova-icon-box square_box-icon\" style=\"border-color:#e8e8e8;border-style:solid;border-width:1px;background-color:rgba(255,255,255,0.01);\" data-min-height='250px' data-hover-icon-color=#ffffff data-hover-icon-color-bg=#140459 data-hover-icon-color-border=#303030 ><div class=\"nova-icon-square_box\"><div class=\"ult-just-icon-wrapper  \"><div class=\"align-icon\" style=\"text-align:center;\">\n<div class=\"aio-icon advanced \"  style=\"color:#ffffff;background:#303030;border-style:solid;border-color:#303030;border-width:0px;width:75px;height:75px;line-height:75px;border-radius:75px;font-size:24px;display:inline-block;\">\n\t<i class=\"Defaults-user\"><\/i>\n<\/div><\/div><\/div><\/div><div class=\"nova-icon-header\"><h3 class=\"nova-icon-title\" style=\"font-size:14px;line-height:24px;color:#303030;\">Verschiedene Aufnahmekapazit\u00e4t<\/h3><\/div> <!-- header --><div class=\"nova-icon-description\" style=\"font-size:12px;line-height:24px;color:#515151;\">Von 15 bis 250 Personen, unser Hotel kann alle Ihre private Ereignisse empfangen<strong>.<\/strong><\/div> <!-- description --><\/div> <!-- nova-icon-box --><\/div><!-- nova-icon-component --><div class=\"ult-spacer spacer-69e4c2a82566d\" data-id=\"69e4c2a82566d\" data-height=\"10\" data-height-mobile=\"10\" data-height-tab=\"10\" data-height-tab-portrait=\"\" data-height-mobile-landscape=\"\" style=\"clear:both;display:block;\"><\/div>[\/vc_column][vc_column width=&#8221;1\/4&#8243;]<div class=\"nova-icon-component   style_2\"><div class=\"nova-icon-box square_box-icon\" style=\"border-color:#e8e8e8;border-style:solid;border-width:1px;background-color:rgba(255,255,255,0.01);\" data-min-height='250px' data-hover-icon-color=#ffffff data-hover-icon-color-bg=#140459 data-hover-icon-color-border=#303030 ><div class=\"nova-icon-square_box\"><div class=\"ult-just-icon-wrapper  \"><div class=\"align-icon\" style=\"text-align:center;\">\n<div class=\"aio-icon advanced \"  style=\"color:#ffffff;background:#303030;border-style:solid;border-color:#303030;border-width:0px;width:75px;height:75px;line-height:75px;border-radius:75px;font-size:24px;display:inline-block;\">\n\t<i class=\"Defaults-bed hotel\"><\/i>\n<\/div><\/div><\/div><\/div><div class=\"nova-icon-header\"><h3 class=\"nova-icon-title\" style=\"font-size:14px;line-height:24px;color:#303030;\">Unterkunft vor Ort<\/h3><\/div> <!-- header --><div class=\"nova-icon-description\" style=\"font-size:12px;line-height:24px;color:#515151;\">Der Hotel hat Zimmer, um alle ihre G\u00e4ste zu empfangen.<\/div> <!-- description --><\/div> <!-- nova-icon-box --><\/div><!-- nova-icon-component --><div class=\"ult-spacer spacer-69e4c2a82574e\" data-id=\"69e4c2a82574e\" data-height=\"10\" data-height-mobile=\"10\" data-height-tab=\"10\" data-height-tab-portrait=\"\" data-height-mobile-landscape=\"\" style=\"clear:both;display:block;\"><\/div>[\/vc_column][vc_column width=&#8221;1\/4&#8243;]<div class=\"nova-icon-component   style_2\"><div class=\"nova-icon-box square_box-icon\" style=\"border-color:#e8e8e8;border-style:solid;border-width:1px;background-color:rgba(255,255,255,0.01);\" data-min-height='250px' data-hover-icon-color=#ffffff data-hover-icon-color-bg=#140459 data-hover-icon-color-border=#303030 ><div class=\"nova-icon-square_box\"><div class=\"ult-just-icon-wrapper  \"><div class=\"align-icon\" style=\"text-align:center;\">\n<div class=\"aio-icon advanced \"  style=\"color:#ffffff;background:#303030;border-style:solid;border-color:#303030;border-width:0px;width:75px;height:75px;line-height:75px;border-radius:75px;font-size:24px;display:inline-block;\">\n\t<i class=\"Defaults-spoon\"><\/i>\n<\/div><\/div><\/div><\/div><div class=\"nova-icon-header\"><h3 class=\"nova-icon-title\" style=\"font-size:14px;line-height:24px;color:#303030;\">Restauration vor Ort<\/h3><\/div> <!-- header --><div class=\"nova-icon-description\" style=\"font-size:12px;line-height:24px;color:#515151;\">Unser Restaurant\u00a0<em>Chez Gaston<\/em> schl\u00e4gt Ihnen vor, euch in seinen Tisch zu setzen. Oder die Verpflegung von Ihrem privaten Ereignis zu organisieren.<\/div> <!-- description --><\/div> <!-- nova-icon-box --><\/div><!-- nova-icon-component --><div class=\"ult-spacer spacer-69e4c2a825866\" data-id=\"69e4c2a825866\" data-height=\"10\" data-height-mobile=\"10\" data-height-tab=\"10\" data-height-tab-portrait=\"\" data-height-mobile-landscape=\"\" style=\"clear:both;display:block;\"><\/div>[\/vc_column][vc_column width=&#8221;1\/4&#8243;]<div class=\"nova-icon-component   style_2\"><div class=\"nova-icon-box square_box-icon\" style=\"border-color:#e8e8e8;border-style:solid;border-width:1px;background-color:rgba(255,255,255,0.01);\" data-min-height='250px' data-hover-icon-color=#ffffff data-hover-icon-color-bg=#140459 data-hover-icon-color-border=#303030 ><div class=\"nova-icon-square_box\"><div class=\"ult-just-icon-wrapper  \"><div class=\"align-icon\" style=\"text-align:center;\">\n<div class=\"aio-icon advanced \"  style=\"color:#ffffff;background:#303030;border-style:solid;border-color:#303030;border-width:0px;width:75px;height:75px;line-height:75px;border-radius:75px;font-size:24px;display:inline-block;\">\n\t<i class=\"Defaults-train\"><\/i>\n<\/div><\/div><\/div><\/div><div class=\"nova-icon-header\"><h3 class=\"nova-icon-title\" style=\"font-size:14px;line-height:24px;color:#303030;\">Ideal gelegt<\/h3><\/div> <!-- header --><div class=\"nova-icon-description\" style=\"font-size:12px;line-height:24px;color:#515151;\">Unser Hotel findet sich von einer Stunde des Flughafens von Genf, drei\u00dfig Minuten des Bahnhofes von Lausanne und f\u00fcnf Minuten von derjenigen von Montreux gelegt.<\/div> <!-- description --><\/div> <!-- nova-icon-box --><\/div><!-- nova-icon-component --><div class=\"ult-spacer spacer-69e4c2a825944\" data-id=\"69e4c2a825944\" data-height=\"10\" data-height-mobile=\"10\" data-height-tab=\"10\" data-height-tab-portrait=\"\" data-height-mobile-landscape=\"\" style=\"clear:both;display:block;\"><\/div>[\/vc_column][\/vc_row][vc_row css=&#8221;.vc_custom_1474301378574{padding-top: 30px !important;}&#8221;][vc_column width=&#8221;1\/3&#8243;]<div class=\"ult-spacer spacer-69e4c2a82596b\" data-id=\"69e4c2a82596b\" data-height=\"10\" data-height-mobile=\"10\" data-height-tab=\"10\" data-height-tab-portrait=\"\" data-height-mobile-landscape=\"\" style=\"clear:both;display:block;\"><\/div>[\/vc_column][vc_column width=&#8221;1\/3&#8243; el_class=&#8221;text-align-center&#8221;]<a href=\"#\" target=\"_self\" data-hover-background-color=#140459 data-hover-border-color=#140459 data-hover-color=#ffffff class=\"nova-button  medium default\" style=\"font-size: 12px; line-height: 24px; text-align: right; color: #000000; background-color: rgba(255,255,255,0.01);border-style:solid;border-color:#000000;border-width:3px;border-radius: 10px;-moz-border-radius: 10px;-webkit-border-radius: 10px; \"><span> Kontaktieren Sie uns<\/span><\/a><div class=\"ult-spacer spacer-69e4c2a8259e0\" data-id=\"69e4c2a8259e0\" data-height=\"30\" data-height-mobile=\"10\" data-height-tab=\"20\" data-height-tab-portrait=\"20\" data-height-mobile-landscape=\"10\" style=\"clear:both;display:block;\"><\/div>[\/vc_column][vc_column width=&#8221;1\/3&#8243;]<div class=\"ult-spacer spacer-69e4c2a825a06\" data-id=\"69e4c2a825a06\" data-height=\"10\" data-height-mobile=\"10\" data-height-tab=\"10\" data-height-tab-portrait=\"\" data-height-mobile-landscape=\"\" style=\"clear:both;display:block;\"><\/div>[\/vc_column][\/vc_row]<\/p>\n<\/div>","protected":false},"excerpt":{"rendered":"<p>[vc_row][vc_column][rev_slider_vc alias=&#8221;banquet&#8221;][\/vc_column][\/vc_row][vc_row][vc_column][vc_row_inner][vc_column_inner width=&#8221;1\/6&#8243;][\/vc_column_inner][vc_column_inner width=&#8221;2\/3&#8243;][vc_column_text] Der Eden Palace au Lac stellt Ihnen seine R\u00e4umlichkeiten f\u00fcr Ihre Banketts, Galaabende oder Unternehmensfeiern zur Verf\u00fcgung. Genie\u00dfen Sie eine raffinierte K\u00fcche in einem eleganten Rahmen, der sich harmonisch in die Landschaft einf\u00fcgt. [\/vc_column_text][\/vc_column_inner][vc_column_inner width=&#8221;1\/6&#8243;][\/vc_column_inner][\/vc_row_inner][\/vc_column][\/vc_row][vc_row css=&#8221;.vc_custom_1471443292398{margin-top: 30px !important;}&#8221;][vc_column][\/vc_column][\/vc_row][vc_row type=&#8221;boxed&#8221;][vc_column][vc_column_text] Der Eden Palace au Lac ist stets bestrebt, ihre W\u00fcnsche zu erf\u00fcllen [&hellip;]<\/p>\n","protected":false},"author":1,"featured_media":0,"parent":2415,"menu_order":0,"comment_status":"closed","ping_status":"closed","template":"page-full-width.php","meta":{"_acf_changed":false,"footnotes":""},"class_list":["post-2419","page","type-page","status-publish","hentry"],"acf":[],"yoast_head":"<!-- This site is optimized with the Yoast SEO plugin v25.3 - https:\/\/yoast.com\/wordpress\/plugins\/seo\/ -->\n<title>BANKETTS UND GALAABENDE - Eden Palace<\/title>\n<meta name=\"description\" content=\"Der Eden Palace au Lac stellt Ihnen seine R\u00e4umlichkeiten f\u00fcr Ihre Banketts, Galaabende oder Unternehmensfeiern zur Verf\u00fcgung.\" \/>\n<meta name=\"robots\" content=\"index, follow, max-snippet:-1, max-image-preview:large, max-video-preview:-1\" \/>\n<link rel=\"canonical\" href=\"https:\/\/www.edenpalace.ch\/fr\/votre-evenement\/banquet-et-gala\/\" \/>\n<meta property=\"og:locale\" content=\"de_DE\" \/>\n<meta property=\"og:type\" content=\"article\" \/>\n<meta property=\"og:title\" content=\"BANKETTS UND GALAABENDE - Eden Palace\" \/>\n<meta property=\"og:description\" content=\"Der Eden Palace au Lac stellt Ihnen seine R\u00e4umlichkeiten f\u00fcr Ihre Banketts, Galaabende oder Unternehmensfeiern zur Verf\u00fcgung.\" \/>\n<meta property=\"og:url\" content=\"https:\/\/www.edenpalace.ch\/fr\/votre-evenement\/banquet-et-gala\/\" \/>\n<meta property=\"og:site_name\" content=\"Eden Palace\" \/>\n<meta property=\"article:modified_time\" content=\"2016-12-14T14:43:43+00:00\" \/>\n<meta name=\"twitter:card\" content=\"summary_large_image\" \/>\n<meta name=\"twitter:label1\" content=\"Gesch\u00e4tzte Lesezeit\" \/>\n\t<meta name=\"twitter:data1\" content=\"5\u00a0Minuten\" \/>\n<script type=\"application\/ld+json\" class=\"yoast-schema-graph\">{\"@context\":\"https:\/\/schema.org\",\"@graph\":[{\"@type\":\"WebPage\",\"@id\":\"https:\/\/www.edenpalace.ch\/fr\/votre-evenement\/banquet-et-gala\/\",\"url\":\"https:\/\/www.edenpalace.ch\/fr\/votre-evenement\/banquet-et-gala\/\",\"name\":\"BANKETTS UND GALAABENDE - Eden Palace\",\"isPartOf\":{\"@id\":\"https:\/\/www.edenpalace.ch\/en\/#website\"},\"datePublished\":\"2016-11-22T13:41:50+00:00\",\"dateModified\":\"2016-12-14T14:43:43+00:00\",\"description\":\"Der Eden Palace au Lac stellt Ihnen seine R\u00e4umlichkeiten f\u00fcr Ihre Banketts, Galaabende oder Unternehmensfeiern zur Verf\u00fcgung.\",\"breadcrumb\":{\"@id\":\"https:\/\/www.edenpalace.ch\/fr\/votre-evenement\/banquet-et-gala\/#breadcrumb\"},\"inLanguage\":\"de\",\"potentialAction\":[{\"@type\":\"ReadAction\",\"target\":[\"https:\/\/www.edenpalace.ch\/fr\/votre-evenement\/banquet-et-gala\/\"]}]},{\"@type\":\"BreadcrumbList\",\"@id\":\"https:\/\/www.edenpalace.ch\/fr\/votre-evenement\/banquet-et-gala\/#breadcrumb\",\"itemListElement\":[{\"@type\":\"ListItem\",\"position\":1,\"name\":\"Accueil\",\"item\":\"https:\/\/www.edenpalace.ch\/de\/\"},{\"@type\":\"ListItem\",\"position\":2,\"name\":\"Ihr Event\",\"item\":\"https:\/\/www.edenpalace.ch\/fr\/votre-evenement\/\"},{\"@type\":\"ListItem\",\"position\":3,\"name\":\"Banketts und Galaabende\"}]},{\"@type\":\"WebSite\",\"@id\":\"https:\/\/www.edenpalace.ch\/en\/#website\",\"url\":\"https:\/\/www.edenpalace.ch\/en\/\",\"name\":\"Eden Palace\",\"description\":\"Un site utilisant WordPress\",\"potentialAction\":[{\"@type\":\"SearchAction\",\"target\":{\"@type\":\"EntryPoint\",\"urlTemplate\":\"https:\/\/www.edenpalace.ch\/en\/?s={search_term_string}\"},\"query-input\":{\"@type\":\"PropertyValueSpecification\",\"valueRequired\":true,\"valueName\":\"search_term_string\"}}],\"inLanguage\":\"de\"}]}<\/script>\n<!-- \/ Yoast SEO plugin. -->","yoast_head_json":{"title":"BANKETTS UND GALAABENDE - Eden Palace","description":"Der Eden Palace au Lac stellt Ihnen seine R\u00e4umlichkeiten f\u00fcr Ihre Banketts, Galaabende oder Unternehmensfeiern zur Verf\u00fcgung.","robots":{"index":"index","follow":"follow","max-snippet":"max-snippet:-1","max-image-preview":"max-image-preview:large","max-video-preview":"max-video-preview:-1"},"canonical":"https:\/\/www.edenpalace.ch\/fr\/votre-evenement\/banquet-et-gala\/","og_locale":"de_DE","og_type":"article","og_title":"BANKETTS UND GALAABENDE - Eden Palace","og_description":"Der Eden Palace au Lac stellt Ihnen seine R\u00e4umlichkeiten f\u00fcr Ihre Banketts, Galaabende oder Unternehmensfeiern zur Verf\u00fcgung.","og_url":"https:\/\/www.edenpalace.ch\/fr\/votre-evenement\/banquet-et-gala\/","og_site_name":"Eden Palace","article_modified_time":"2016-12-14T14:43:43+00:00","twitter_card":"summary_large_image","twitter_misc":{"Gesch\u00e4tzte Lesezeit":"5\u00a0Minuten"},"schema":{"@context":"https:\/\/schema.org","@graph":[{"@type":"WebPage","@id":"https:\/\/www.edenpalace.ch\/fr\/votre-evenement\/banquet-et-gala\/","url":"https:\/\/www.edenpalace.ch\/fr\/votre-evenement\/banquet-et-gala\/","name":"BANKETTS UND GALAABENDE - Eden Palace","isPartOf":{"@id":"https:\/\/www.edenpalace.ch\/en\/#website"},"datePublished":"2016-11-22T13:41:50+00:00","dateModified":"2016-12-14T14:43:43+00:00","description":"Der Eden Palace au Lac stellt Ihnen seine R\u00e4umlichkeiten f\u00fcr Ihre Banketts, Galaabende oder Unternehmensfeiern zur Verf\u00fcgung.","breadcrumb":{"@id":"https:\/\/www.edenpalace.ch\/fr\/votre-evenement\/banquet-et-gala\/#breadcrumb"},"inLanguage":"de","potentialAction":[{"@type":"ReadAction","target":["https:\/\/www.edenpalace.ch\/fr\/votre-evenement\/banquet-et-gala\/"]}]},{"@type":"BreadcrumbList","@id":"https:\/\/www.edenpalace.ch\/fr\/votre-evenement\/banquet-et-gala\/#breadcrumb","itemListElement":[{"@type":"ListItem","position":1,"name":"Accueil","item":"https:\/\/www.edenpalace.ch\/de\/"},{"@type":"ListItem","position":2,"name":"Ihr Event","item":"https:\/\/www.edenpalace.ch\/fr\/votre-evenement\/"},{"@type":"ListItem","position":3,"name":"Banketts und Galaabende"}]},{"@type":"WebSite","@id":"https:\/\/www.edenpalace.ch\/en\/#website","url":"https:\/\/www.edenpalace.ch\/en\/","name":"Eden Palace","description":"Un site utilisant WordPress","potentialAction":[{"@type":"SearchAction","target":{"@type":"EntryPoint","urlTemplate":"https:\/\/www.edenpalace.ch\/en\/?s={search_term_string}"},"query-input":{"@type":"PropertyValueSpecification","valueRequired":true,"valueName":"search_term_string"}}],"inLanguage":"de"}]}},"_links":{"self":[{"href":"https:\/\/www.edenpalace.ch\/de\/wp-json\/wp\/v2\/pages\/2419","targetHints":{"allow":["GET"]}}],"collection":[{"href":"https:\/\/www.edenpalace.ch\/de\/wp-json\/wp\/v2\/pages"}],"about":[{"href":"https:\/\/www.edenpalace.ch\/de\/wp-json\/wp\/v2\/types\/page"}],"author":[{"embeddable":true,"href":"https:\/\/www.edenpalace.ch\/de\/wp-json\/wp\/v2\/users\/1"}],"replies":[{"embeddable":true,"href":"https:\/\/www.edenpalace.ch\/de\/wp-json\/wp\/v2\/comments?post=2419"}],"version-history":[{"count":15,"href":"https:\/\/www.edenpalace.ch\/de\/wp-json\/wp\/v2\/pages\/2419\/revisions"}],"predecessor-version":[{"id":4163,"href":"https:\/\/www.edenpalace.ch\/de\/wp-json\/wp\/v2\/pages\/2419\/revisions\/4163"}],"up":[{"embeddable":true,"href":"https:\/\/www.edenpalace.ch\/de\/wp-json\/wp\/v2\/pages\/2415"}],"wp:attachment":[{"href":"https:\/\/www.edenpalace.ch\/de\/wp-json\/wp\/v2\/media?parent=2419"}],"curies":[{"name":"wp","href":"https:\/\/api.w.org\/{rel}","templated":true}]}}