 
{"id":2413,"date":"2016-11-22T14:36:16","date_gmt":"2016-11-22T13:36:16","guid":{"rendered":"https:\/\/www.edenpalace.ch\/de\/?page_id=2413"},"modified":"2016-12-14T14:53:49","modified_gmt":"2016-12-14T13:53:49","slug":"fruehstueck-am-ufer-des-sees","status":"publish","type":"page","link":"https:\/\/www.edenpalace.ch\/de\/restaurants\/fruehstueck-am-ufer-des-sees\/","title":{"rendered":"Fr\u00fchst\u00fcck am Ufer des Sees"},"content":{"rendered":"<div class=\"wpb-content-wrapper\"><p>[vc_row full_width=&#8221;stretch_row_content_no_spaces&#8221;][vc_column][rev_slider_vc alias=&#8221;petit-dejeuner-au-bord-du-lac&#8221;][\/vc_column][\/vc_row][vc_row][vc_column]<div class=\"ult-spacer spacer-6a0804bcba7ff\" data-id=\"6a0804bcba7ff\" data-height=\"50\" data-height-mobile=\"\" data-height-tab=\"20\" data-height-tab-portrait=\"20\" data-height-mobile-landscape=\"10\" style=\"clear:both;display:block;\"><\/div>[\/vc_column][\/vc_row][vc_row type=&#8221;boxed&#8221; css=&#8221;.vc_custom_1477504928784{margin-top: 30px !important;}&#8221;][vc_column width=&#8221;1\/2&#8243;][vc_single_image image=&#8221;1645&#8243; alignment=&#8221;center&#8221;][\/vc_column][vc_column width=&#8221;1\/2&#8243;]<div class=\"benz_block_title style_9 \">\n\t\t\t\t<h2 class=\"title\" style=\"color:#303030\">Fr\u00fchst\u00fcck am Ufer des Sees<\/h2>\n\t\t\t<\/div>[vc_column_text]<\/p>\n<p style=\"text-align: center;\">Um gut in den Tag zu starten, bietet Ihnen der Eden Palace au Lac ein raffiniertes und k\u00f6stliches Fr\u00fchst\u00fcck.<\/p>\n<p style=\"text-align: center;\">Genie\u00dfen Sie Ihr Hotel auf Ihren Zimmern, auf Ihrem Balkon oder im Dekor der Belle Epoque unseres S<em>alon 1900<\/em>. Wie bieten ein reiches und abwechslungsreiches B\u00fcffet oder eine Auswahl an Speisen \u00e0 la Carte, damit jeder auf seine Kosten kommt.<\/p>\n<p style=\"text-align: center;\">Besucher, die keine G\u00e4ste des Hotels sind, k\u00f6nnen ebenfalls bei uns fr\u00fchst\u00fccken.<\/p>\n<p>[\/vc_column_text][\/vc_column][\/vc_row][vc_row][vc_column]<div class=\"ult-spacer spacer-6a0804bcba899\" data-id=\"6a0804bcba899\" data-height=\"50\" data-height-mobile=\"\" data-height-tab=\"20\" data-height-tab-portrait=\"20\" data-height-mobile-landscape=\"10\" style=\"clear:both;display:block;\"><\/div><div class=\"benz_block_title style_9 \">\n\t\t\t\t<h2 class=\"title\" style=\"color:#303030\">Ihren Aufenthalt<\/h2>\n\t\t\t<\/div>    \t\n\t\t\n\t\t\n\t\t\t<div class=\"benz_products_furniture woocommerce\">\n\t\t<ul id=\"benz-products-furniture-934264243\" class=\"products product small-block-grid-1 medium-block-grid-2 large-block-grid-4\">\n                                    \n<li class=\"\">\n\n\t<a href=\"https:\/\/www.edenpalace.ch\/de\/produit\/ihren-aufenthalt-unterkunft-2\/\" class=\"woocommerce-LoopProduct-link woocommerce-loop-product__link\">\n\n\n\t\t\n\t\t\n\t\t<div class=\"product_images_wrapper \">\n\n\t\t\t<div class=\"product_thumbnail\">\n\t\t\t\t\t<div class=\"product_images_hover\">\n\t\t\t\t\t\t<a class=\"read_more_product\" href=\"https:\/\/www.edenpalace.ch\/de\/produit\/ihren-aufenthalt-unterkunft-2\/\"><\/a>\n\t\t\t\t\t\t\n\t\t\t\t\t<\/div>\n\t\t\t\t\t<img loading=\"lazy\" decoding=\"async\" width=\"350\" height=\"278\" src=\"https:\/\/www.edenpalace.ch\/wp-content\/uploads\/2024\/01\/eden-palace-chambre-deluxe-04-350x278.jpg\" class=\"attachment-shop_catalog size-shop_catalog wp-post-image\" alt=\"\" \/>\t\t\t<\/div><!--.product_thumbnail-->\n\n\t\t\t\n\t\t\t\t\t\t\n\t\t\t<div class=\"product_caption\">\n\t\t\t\t<div class=\"product_list_price\">\n\t\t\t\t\t\t\n\t\t\t\t<\/div>\n\t\t\t\t<div class=\"product-category\">\n\t\t\t\t\tIhren Aufenthalt\t\t\t\t<\/div>\n\t\t\t\t<h3><a class=\"product-title-link\" href=\"https:\/\/www.edenpalace.ch\/de\/produit\/ihren-aufenthalt-unterkunft-2\/\">Unterkunft<\/a><\/h3>\n\n\t\t\t\t\n\t\t\t<\/div>\n\n\t\t<\/div><!--.product_images_wrapper-->\n\n<\/li>                            \n<li class=\"\">\n\n\t<a href=\"https:\/\/www.edenpalace.ch\/de\/produit\/ihren-aufenthalt-firmenevents-privaten-events\/\" class=\"woocommerce-LoopProduct-link woocommerce-loop-product__link\">\n\n\n\t\t\n\t\t\n\t\t<div class=\"product_images_wrapper \">\n\n\t\t\t<div class=\"product_thumbnail\">\n\t\t\t\t\t<div class=\"product_images_hover\">\n\t\t\t\t\t\t<a class=\"read_more_product\" href=\"https:\/\/www.edenpalace.ch\/de\/produit\/ihren-aufenthalt-firmenevents-privaten-events\/\"><\/a>\n\t\t\t\t\t\t\n\t\t\t\t\t<\/div>\n\t\t\t\t\t<img loading=\"lazy\" decoding=\"async\" width=\"350\" height=\"350\" src=\"https:\/\/www.edenpalace.ch\/wp-content\/uploads\/2015\/11\/Eden-Palace-evenement-prive-box-350x350.jpg\" class=\"attachment-shop_catalog size-shop_catalog wp-post-image\" alt=\"\" srcset=\"https:\/\/www.edenpalace.ch\/wp-content\/uploads\/2015\/11\/Eden-Palace-evenement-prive-box.jpg 350w, https:\/\/www.edenpalace.ch\/wp-content\/uploads\/2015\/11\/Eden-Palace-evenement-prive-box-100x100.jpg 100w, https:\/\/www.edenpalace.ch\/wp-content\/uploads\/2015\/11\/Eden-Palace-evenement-prive-box-150x150.jpg 150w, https:\/\/www.edenpalace.ch\/wp-content\/uploads\/2015\/11\/Eden-Palace-evenement-prive-box-300x300.jpg 300w, https:\/\/www.edenpalace.ch\/wp-content\/uploads\/2015\/11\/Eden-Palace-evenement-prive-box-130x130.jpg 130w\" sizes=\"auto, (max-width: 350px) 100vw, 350px\" \/>\t\t\t<\/div><!--.product_thumbnail-->\n\n\t\t\t\n\t\t\t\t\t\t\n\t\t\t<div class=\"product_caption\">\n\t\t\t\t<div class=\"product_list_price\">\n\t\t\t\t\t\t\n\t\t\t\t<\/div>\n\t\t\t\t<div class=\"product-category\">\n\t\t\t\t\tIhren Aufenthalt\t\t\t\t<\/div>\n\t\t\t\t<h3><a class=\"product-title-link\" href=\"https:\/\/www.edenpalace.ch\/de\/produit\/ihren-aufenthalt-firmenevents-privaten-events\/\">Firmenevents \/ Privaten Events<\/a><\/h3>\n\n\t\t\t\t\n\t\t\t<\/div>\n\n\t\t<\/div><!--.product_images_wrapper-->\n\n<\/li>                            \n<li class=\"\">\n\n\t<a href=\"https:\/\/www.edenpalace.ch\/de\/produit\/ihren-aufenthalt-restaurants\/\" class=\"woocommerce-LoopProduct-link woocommerce-loop-product__link\">\n\n\n\t\t\n\t\t\n\t\t<div class=\"product_images_wrapper \">\n\n\t\t\t<div class=\"product_thumbnail\">\n\t\t\t\t\t<div class=\"product_images_hover\">\n\t\t\t\t\t\t<a class=\"read_more_product\" href=\"https:\/\/www.edenpalace.ch\/de\/produit\/ihren-aufenthalt-restaurants\/\"><\/a>\n\t\t\t\t\t\t\n\t\t\t\t\t<\/div>\n\t\t\t\t\t<img loading=\"lazy\" decoding=\"async\" width=\"350\" height=\"350\" src=\"https:\/\/www.edenpalace.ch\/wp-content\/uploads\/2016\/10\/eden-palace-terrasse-eden001-350x350.jpg\" class=\"attachment-shop_catalog size-shop_catalog wp-post-image\" alt=\"\" srcset=\"https:\/\/www.edenpalace.ch\/wp-content\/uploads\/2016\/10\/eden-palace-terrasse-eden001-350x350.jpg 350w, https:\/\/www.edenpalace.ch\/wp-content\/uploads\/2016\/10\/eden-palace-terrasse-eden001-100x100.jpg 100w, https:\/\/www.edenpalace.ch\/wp-content\/uploads\/2016\/10\/eden-palace-terrasse-eden001-150x150.jpg 150w, https:\/\/www.edenpalace.ch\/wp-content\/uploads\/2016\/10\/eden-palace-terrasse-eden001-130x130.jpg 130w\" sizes=\"auto, (max-width: 350px) 100vw, 350px\" \/>\t\t\t<\/div><!--.product_thumbnail-->\n\n\t\t\t\n\t\t\t\t\t\t\n\t\t\t<div class=\"product_caption\">\n\t\t\t\t<div class=\"product_list_price\">\n\t\t\t\t\t\t\n\t\t\t\t<\/div>\n\t\t\t\t<div class=\"product-category\">\n\t\t\t\t\tIhren Aufenthalt\t\t\t\t<\/div>\n\t\t\t\t<h3><a class=\"product-title-link\" href=\"https:\/\/www.edenpalace.ch\/de\/produit\/ihren-aufenthalt-restaurants\/\">Restaurants<\/a><\/h3>\n\n\t\t\t\t\n\t\t\t<\/div>\n\n\t\t<\/div><!--.product_images_wrapper-->\n\n<\/li>                            \n<li class=\"\">\n\n\t<a href=\"https:\/\/www.edenpalace.ch\/de\/produit\/ihren-aufenthalt-montreux-2\/\" class=\"woocommerce-LoopProduct-link woocommerce-loop-product__link\">\n\n\n\t\t\n\t\t\n\t\t<div class=\"product_images_wrapper \">\n\n\t\t\t<div class=\"product_thumbnail\">\n\t\t\t\t\t<div class=\"product_images_hover\">\n\t\t\t\t\t\t<a class=\"read_more_product\" href=\"https:\/\/www.edenpalace.ch\/de\/produit\/ihren-aufenthalt-montreux-2\/\"><\/a>\n\t\t\t\t\t\t\n\t\t\t\t\t<\/div>\n\t\t\t\t\t<img loading=\"lazy\" decoding=\"async\" width=\"337\" height=\"337\" src=\"https:\/\/www.edenpalace.ch\/wp-content\/uploads\/2016\/09\/eden-palace-chambre-montreux.png\" class=\"attachment-shop_catalog size-shop_catalog wp-post-image\" alt=\"\" srcset=\"https:\/\/www.edenpalace.ch\/wp-content\/uploads\/2016\/09\/eden-palace-chambre-montreux.png 337w, https:\/\/www.edenpalace.ch\/wp-content\/uploads\/2016\/09\/eden-palace-chambre-montreux-100x100.png 100w, https:\/\/www.edenpalace.ch\/wp-content\/uploads\/2016\/09\/eden-palace-chambre-montreux-150x150.png 150w, https:\/\/www.edenpalace.ch\/wp-content\/uploads\/2016\/09\/eden-palace-chambre-montreux-300x300.png 300w, https:\/\/www.edenpalace.ch\/wp-content\/uploads\/2016\/09\/eden-palace-chambre-montreux-130x130.png 130w\" sizes=\"auto, (max-width: 337px) 100vw, 337px\" \/>\t\t\t<\/div><!--.product_thumbnail-->\n\n\t\t\t\n\t\t\t\t\t\t\n\t\t\t<div class=\"product_caption\">\n\t\t\t\t<div class=\"product_list_price\">\n\t\t\t\t\t\t\n\t\t\t\t<\/div>\n\t\t\t\t<div class=\"product-category\">\n\t\t\t\t\tIhren Aufenthalt\t\t\t\t<\/div>\n\t\t\t\t<h3><a class=\"product-title-link\" href=\"https:\/\/www.edenpalace.ch\/de\/produit\/ihren-aufenthalt-montreux-2\/\">Montreux<\/a><\/h3>\n\n\t\t\t\t\n\t\t\t<\/div>\n\n\t\t<\/div><!--.product_images_wrapper-->\n\n<\/li>                    \t\t<\/ul>\n\t<\/div>\n\t[\/vc_column][\/vc_row]<\/p>\n<\/div>","protected":false},"excerpt":{"rendered":"<p>[vc_row full_width=&#8221;stretch_row_content_no_spaces&#8221;][vc_column][rev_slider_vc alias=&#8221;petit-dejeuner-au-bord-du-lac&#8221;][\/vc_column][\/vc_row][vc_row][vc_column][\/vc_column][\/vc_row][vc_row type=&#8221;boxed&#8221; css=&#8221;.vc_custom_1477504928784{margin-top: 30px !important;}&#8221;][vc_column width=&#8221;1\/2&#8243;][vc_single_image image=&#8221;1645&#8243; alignment=&#8221;center&#8221;][\/vc_column][vc_column width=&#8221;1\/2&#8243;][vc_column_text] Um gut in den Tag zu starten, bietet Ihnen der Eden Palace au Lac ein raffiniertes und k\u00f6stliches Fr\u00fchst\u00fcck. Genie\u00dfen Sie Ihr Hotel auf Ihren Zimmern, auf Ihrem Balkon oder im Dekor der Belle Epoque unseres Salon 1900. Wie bieten ein reiches und abwechslungsreiches [&hellip;]<\/p>\n","protected":false},"author":1,"featured_media":0,"parent":2404,"menu_order":0,"comment_status":"closed","ping_status":"closed","template":"page-full-width.php","meta":{"_acf_changed":false,"footnotes":""},"class_list":["post-2413","page","type-page","status-publish","hentry"],"acf":[],"yoast_head":"<!-- This site is optimized with the Yoast SEO plugin v25.3 - https:\/\/yoast.com\/wordpress\/plugins\/seo\/ -->\n<title>FR\u00dcHST\u00dcCK - Eden Palace<\/title>\n<meta name=\"description\" content=\"Um gut in den Tag zu starten, bietet Ihnen der Eden Palace au Lac ein raffiniertes und k\u00f6stliches Fr\u00fchst\u00fcck.\" \/>\n<meta name=\"robots\" content=\"index, follow, max-snippet:-1, max-image-preview:large, max-video-preview:-1\" \/>\n<link rel=\"canonical\" href=\"https:\/\/www.edenpalace.ch\/fr\/restauration\/petit-dejeuner-au-bord-du-lac\/\" \/>\n<meta property=\"og:locale\" content=\"de_DE\" \/>\n<meta property=\"og:type\" content=\"article\" \/>\n<meta property=\"og:title\" content=\"FR\u00dcHST\u00dcCK - Eden Palace\" \/>\n<meta property=\"og:description\" content=\"Um gut in den Tag zu starten, bietet Ihnen der Eden Palace au Lac ein raffiniertes und k\u00f6stliches Fr\u00fchst\u00fcck.\" \/>\n<meta property=\"og:url\" content=\"https:\/\/www.edenpalace.ch\/fr\/restauration\/petit-dejeuner-au-bord-du-lac\/\" \/>\n<meta property=\"og:site_name\" content=\"Eden Palace\" \/>\n<meta property=\"article:modified_time\" content=\"2016-12-14T13:53:49+00:00\" \/>\n<meta name=\"twitter:card\" content=\"summary_large_image\" \/>\n<meta name=\"twitter:label1\" content=\"Gesch\u00e4tzte Lesezeit\" \/>\n\t<meta name=\"twitter:data1\" content=\"1\u00a0Minute\" \/>\n<script type=\"application\/ld+json\" class=\"yoast-schema-graph\">{\"@context\":\"https:\/\/schema.org\",\"@graph\":[{\"@type\":\"WebPage\",\"@id\":\"https:\/\/www.edenpalace.ch\/fr\/restauration\/petit-dejeuner-au-bord-du-lac\/\",\"url\":\"https:\/\/www.edenpalace.ch\/fr\/restauration\/petit-dejeuner-au-bord-du-lac\/\",\"name\":\"FR\u00dcHST\u00dcCK - Eden Palace\",\"isPartOf\":{\"@id\":\"https:\/\/www.edenpalace.ch\/en\/#website\"},\"datePublished\":\"2016-11-22T13:36:16+00:00\",\"dateModified\":\"2016-12-14T13:53:49+00:00\",\"description\":\"Um gut in den Tag zu starten, bietet Ihnen der Eden Palace au Lac ein raffiniertes und k\u00f6stliches Fr\u00fchst\u00fcck.\",\"breadcrumb\":{\"@id\":\"https:\/\/www.edenpalace.ch\/fr\/restauration\/petit-dejeuner-au-bord-du-lac\/#breadcrumb\"},\"inLanguage\":\"de\",\"potentialAction\":[{\"@type\":\"ReadAction\",\"target\":[\"https:\/\/www.edenpalace.ch\/fr\/restauration\/petit-dejeuner-au-bord-du-lac\/\"]}]},{\"@type\":\"BreadcrumbList\",\"@id\":\"https:\/\/www.edenpalace.ch\/fr\/restauration\/petit-dejeuner-au-bord-du-lac\/#breadcrumb\",\"itemListElement\":[{\"@type\":\"ListItem\",\"position\":1,\"name\":\"Accueil\",\"item\":\"https:\/\/www.edenpalace.ch\/de\/\"},{\"@type\":\"ListItem\",\"position\":2,\"name\":\"Restaurants\",\"item\":\"https:\/\/www.edenpalace.ch\/de\/restaurants\/\"},{\"@type\":\"ListItem\",\"position\":3,\"name\":\"Fr\u00fchst\u00fcck am Ufer des Sees\"}]},{\"@type\":\"WebSite\",\"@id\":\"https:\/\/www.edenpalace.ch\/en\/#website\",\"url\":\"https:\/\/www.edenpalace.ch\/en\/\",\"name\":\"Eden Palace\",\"description\":\"Un site utilisant WordPress\",\"potentialAction\":[{\"@type\":\"SearchAction\",\"target\":{\"@type\":\"EntryPoint\",\"urlTemplate\":\"https:\/\/www.edenpalace.ch\/en\/?s={search_term_string}\"},\"query-input\":{\"@type\":\"PropertyValueSpecification\",\"valueRequired\":true,\"valueName\":\"search_term_string\"}}],\"inLanguage\":\"de\"}]}<\/script>\n<!-- \/ Yoast SEO plugin. -->","yoast_head_json":{"title":"FR\u00dcHST\u00dcCK - Eden Palace","description":"Um gut in den Tag zu starten, bietet Ihnen der Eden Palace au Lac ein raffiniertes und k\u00f6stliches Fr\u00fchst\u00fcck.","robots":{"index":"index","follow":"follow","max-snippet":"max-snippet:-1","max-image-preview":"max-image-preview:large","max-video-preview":"max-video-preview:-1"},"canonical":"https:\/\/www.edenpalace.ch\/fr\/restauration\/petit-dejeuner-au-bord-du-lac\/","og_locale":"de_DE","og_type":"article","og_title":"FR\u00dcHST\u00dcCK - Eden Palace","og_description":"Um gut in den Tag zu starten, bietet Ihnen der Eden Palace au Lac ein raffiniertes und k\u00f6stliches Fr\u00fchst\u00fcck.","og_url":"https:\/\/www.edenpalace.ch\/fr\/restauration\/petit-dejeuner-au-bord-du-lac\/","og_site_name":"Eden Palace","article_modified_time":"2016-12-14T13:53:49+00:00","twitter_card":"summary_large_image","twitter_misc":{"Gesch\u00e4tzte Lesezeit":"1\u00a0Minute"},"schema":{"@context":"https:\/\/schema.org","@graph":[{"@type":"WebPage","@id":"https:\/\/www.edenpalace.ch\/fr\/restauration\/petit-dejeuner-au-bord-du-lac\/","url":"https:\/\/www.edenpalace.ch\/fr\/restauration\/petit-dejeuner-au-bord-du-lac\/","name":"FR\u00dcHST\u00dcCK - Eden Palace","isPartOf":{"@id":"https:\/\/www.edenpalace.ch\/en\/#website"},"datePublished":"2016-11-22T13:36:16+00:00","dateModified":"2016-12-14T13:53:49+00:00","description":"Um gut in den Tag zu starten, bietet Ihnen der Eden Palace au Lac ein raffiniertes und k\u00f6stliches Fr\u00fchst\u00fcck.","breadcrumb":{"@id":"https:\/\/www.edenpalace.ch\/fr\/restauration\/petit-dejeuner-au-bord-du-lac\/#breadcrumb"},"inLanguage":"de","potentialAction":[{"@type":"ReadAction","target":["https:\/\/www.edenpalace.ch\/fr\/restauration\/petit-dejeuner-au-bord-du-lac\/"]}]},{"@type":"BreadcrumbList","@id":"https:\/\/www.edenpalace.ch\/fr\/restauration\/petit-dejeuner-au-bord-du-lac\/#breadcrumb","itemListElement":[{"@type":"ListItem","position":1,"name":"Accueil","item":"https:\/\/www.edenpalace.ch\/de\/"},{"@type":"ListItem","position":2,"name":"Restaurants","item":"https:\/\/www.edenpalace.ch\/de\/restaurants\/"},{"@type":"ListItem","position":3,"name":"Fr\u00fchst\u00fcck am Ufer des Sees"}]},{"@type":"WebSite","@id":"https:\/\/www.edenpalace.ch\/en\/#website","url":"https:\/\/www.edenpalace.ch\/en\/","name":"Eden Palace","description":"Un site utilisant WordPress","potentialAction":[{"@type":"SearchAction","target":{"@type":"EntryPoint","urlTemplate":"https:\/\/www.edenpalace.ch\/en\/?s={search_term_string}"},"query-input":{"@type":"PropertyValueSpecification","valueRequired":true,"valueName":"search_term_string"}}],"inLanguage":"de"}]}},"_links":{"self":[{"href":"https:\/\/www.edenpalace.ch\/de\/wp-json\/wp\/v2\/pages\/2413","targetHints":{"allow":["GET"]}}],"collection":[{"href":"https:\/\/www.edenpalace.ch\/de\/wp-json\/wp\/v2\/pages"}],"about":[{"href":"https:\/\/www.edenpalace.ch\/de\/wp-json\/wp\/v2\/types\/page"}],"author":[{"embeddable":true,"href":"https:\/\/www.edenpalace.ch\/de\/wp-json\/wp\/v2\/users\/1"}],"replies":[{"embeddable":true,"href":"https:\/\/www.edenpalace.ch\/de\/wp-json\/wp\/v2\/comments?post=2413"}],"version-history":[{"count":5,"href":"https:\/\/www.edenpalace.ch\/de\/wp-json\/wp\/v2\/pages\/2413\/revisions"}],"predecessor-version":[{"id":4110,"href":"https:\/\/www.edenpalace.ch\/de\/wp-json\/wp\/v2\/pages\/2413\/revisions\/4110"}],"up":[{"embeddable":true,"href":"https:\/\/www.edenpalace.ch\/de\/wp-json\/wp\/v2\/pages\/2404"}],"wp:attachment":[{"href":"https:\/\/www.edenpalace.ch\/de\/wp-json\/wp\/v2\/media?parent=2413"}],"curies":[{"name":"wp","href":"https:\/\/api.w.org\/{rel}","templated":true}]}}