 
{"id":2407,"date":"2016-11-22T14:32:57","date_gmt":"2016-11-22T13:32:57","guid":{"rendered":"https:\/\/www.edenpalace.ch\/de\/?page_id=2407"},"modified":"2024-10-19T10:42:08","modified_gmt":"2024-10-19T08:42:08","slug":"chez-gaston","status":"publish","type":"page","link":"https:\/\/www.edenpalace.ch\/de\/restaurants\/chez-gaston\/","title":{"rendered":"Chez Gaston"},"content":{"rendered":"<div class=\"wpb-content-wrapper\"><p>[vc_row][vc_column][rev_slider_vc alias=&#8221;eden-palace-restauration-chez-gaston-de&#8221;][\/vc_column][\/vc_row][vc_row type=&#8221;boxed&#8221; css=&#8221;.vc_custom_1475499756361{padding-top: 40px !important;padding-bottom: 30px !important;}&#8221;][vc_column width=&#8221;1\/2&#8243; css=&#8221;.vc_custom_1475499617608{padding-top: px !important;padding-right: px !important;padding-left: px !important;}&#8221;][rev_slider_vc alias=&#8221;eden-palace-chez-gaston&#8221;][\/vc_column][vc_column width=&#8221;1\/2&#8243; css=&#8221;.vc_custom_1475499782532{padding-top: 20px !important;}&#8221;][vc_row_inner][vc_column_inner]<div class=\"benz_block_title style_9 \">\n\t\t\t\t<h2 class=\"title\" style=\"color:#303030\">\u00ab Chez Gaston \u00bb<\/h2>\n\t\t\t<\/div><div class=\"benz_block_sub_title style_9 \">\n\t\t\t\t<h2 class=\"title\" style=\"color:#515151\">rep\u00e8re gastronomique et gourmand \u00e0 Montreux. <\/h2>\n\t\t\t<\/div>\n\t\t\t[vc_column_text css=&#8221;.vc_custom_1625211874497{padding-right: 30px !important;padding-left: 30px !important;}&#8221;]<\/p>\n<p style=\"text-align: justify;\">In unserem Hotel finden Sie das Restaurant \u00ab\u00a0<u>Chez Gaston<\/u>\u00a0\u00bb, eine bei Feinschmeckern beliebte Adresse in Montreux.<\/p>\n<p style=\"text-align: justify;\">In einem herzlichen Ambiente auf unserer Terrasse mit Blick \u00fcber den Genfer See Genie\u00dfen Sie jede Woche eins der raffinierten Men\u00fcs unseres Chefkochs.<\/p>\n<p style=\"text-align: justify;\">Der Eden Palace au Lac empf\u00e4ngt Sie f\u00fcr entspannte Momente und Genuss, f\u00fcr Paare, Familien oder Gruppen.<\/p>\n<p><strong><em>\u00a0<\/em><\/strong>[\/vc_column_text][\/vc_column_inner][\/vc_row_inner][vc_row_inner css=&#8221;.vc_custom_1480613220188{padding-right: 50px !important;padding-left: 50px !important;}&#8221;][vc_column_inner el_class=&#8221;text-align-center&#8221; width=&#8221;1\/2&#8243;]<a href=\"https:\/\/www.edenpalace.ch\/wp-content\/uploads\/2024\/10\/chez_gaston_carte_hiver_2024.pdf\" target=\"_blank\" data-hover-background-color=#140459 data-hover-border-color=#140459 data-hover-color=#ffffff class=\"nova-button  large default\" style=\"font-size: 15px; line-height: 24px; text-align: center; color: #000000; background-color: rgba(255,255,255,0.01);border-style:solid;border-color:#000000;border-width:3px;border-radius: 10px;-moz-border-radius: 10px;-webkit-border-radius: 10px; \"><span> Men\u00fc<\/span><\/a><div class=\"ult-spacer spacer-6a0984d7a75ea\" data-id=\"6a0984d7a75ea\" data-height=\"30\" data-height-mobile=\"15\" data-height-tab=\"20\" data-height-tab-portrait=\"20\" data-height-mobile-landscape=\"15\" style=\"clear:both;display:block;\"><\/div>[\/vc_column_inner][vc_column_inner el_class=&#8221;text-align-center&#8221; width=&#8221;1\/2&#8243;]<a href=\"https:\/\/module.lafourchette.com\/fr_CH\/module\/33536-14b07\" target=\"_blank\" data-hover-background-color=#140459 data-hover-border-color=#140459 data-hover-color=#ffffff class=\"nova-button  large default\" style=\"font-size: 15px; line-height: 24px; text-align: center; color: #000000; background-color: rgba(255,255,255,0.01);border-style:solid;border-color:#000000;border-width:3px;border-radius: 10px;-moz-border-radius: 10px;-webkit-border-radius: 10px; \"><span> Buchen<\/span><\/a><div class=\"ult-spacer spacer-6a0984d7a768b\" data-id=\"6a0984d7a768b\" data-height=\"30\" data-height-mobile=\"15\" data-height-tab=\"20\" data-height-tab-portrait=\"20\" data-height-mobile-landscape=\"15\" style=\"clear:both;display:block;\"><\/div>[\/vc_column_inner][\/vc_row_inner][\/vc_column][\/vc_row][vc_row full_width=&#8221;stretch_row_content_no_spaces&#8221; equal_height=&#8221;yes&#8221; css=&#8221;.vc_custom_1481209141840{padding-top: 30px !important;padding-bottom: 30px !important;background-color: #eeeeee !important;}&#8221;][vc_column][vc_row_inner equal_height=&#8221;yes&#8221; type=&#8221;boxed&#8221;][vc_column_inner el_class=&#8221;text-align-center&#8221; width=&#8221;1\/2&#8243;]<div class=\"benz_block_title style_9 \">\n\t\t\t\t<h2 class=\"title\" style=\"color:#303030\">Reservieren Sie einen Tisch<\/h2>\n\t\t\t<\/div>[vc_column_text]<\/p>\n<p style=\"text-align: center; font-size: 30px !important; line-height: 14px; font-family: Dancing Script; color: #303030;\">+41 21 966 08 00<\/p>\n<p>[\/vc_column_text]<a href=\"https:\/\/module.lafourchette.com\/fr_CH\/module\/33536-14b07\" target=\"_blank\" data-hover-background-color=#140459 data-hover-border-color=#140459 data-hover-color=#ffffff class=\"nova-button  medium default\" style=\"font-size: 15px; line-height: 24px; text-align: center; color: #000000; background-color: rgba(255,255,255,0.01);border-style:solid;border-color:#000000;border-width:3px;border-radius: 10px;-moz-border-radius: 10px;-webkit-border-radius: 10px; \"><span> Buchen<\/span><\/a><div class=\"ult-spacer spacer-6a0984d7a7729\" data-id=\"6a0984d7a7729\" data-height=\"30\" data-height-mobile=\"30\" data-height-tab=\"30\" data-height-tab-portrait=\"30\" data-height-mobile-landscape=\"30\" style=\"clear:both;display:block;\"><\/div>[\/vc_column_inner][vc_column_inner width=&#8221;1\/2&#8243;][vc_single_image image=&#8221;1157&#8243; alignment=&#8221;center&#8221; style=&#8221;vc_box_border_circle_2&#8243;][\/vc_column_inner][\/vc_row_inner][\/vc_column][\/vc_row][vc_row][vc_column]<div class=\"ult-spacer spacer-6a0984d7a775d\" data-id=\"6a0984d7a775d\" data-height=\"30\" data-height-mobile=\"15\" data-height-tab=\"20\" data-height-tab-portrait=\"20\" data-height-mobile-landscape=\"15\" style=\"clear:both;display:block;\"><\/div><div class=\"benz_block_title style_9 \">\n\t\t\t\t<h2 class=\"title\" style=\"color:#303030\">Ihren Aufenthalt<\/h2>\n\t\t\t<\/div>    \t\n\t\t\n\t\t\n\t\t\t<div class=\"benz_products_furniture woocommerce\">\n\t\t<ul id=\"benz-products-furniture-1301200668\" class=\"products product small-block-grid-1 medium-block-grid-2 large-block-grid-4\">\n                                    \n<li class=\"\">\n\n\t<a href=\"https:\/\/www.edenpalace.ch\/de\/produit\/ihren-aufenthalt-unterkunft-2\/\" class=\"woocommerce-LoopProduct-link woocommerce-loop-product__link\">\n\n\n\t\t\n\t\t\n\t\t<div class=\"product_images_wrapper \">\n\n\t\t\t<div class=\"product_thumbnail\">\n\t\t\t\t\t<div class=\"product_images_hover\">\n\t\t\t\t\t\t<a class=\"read_more_product\" href=\"https:\/\/www.edenpalace.ch\/de\/produit\/ihren-aufenthalt-unterkunft-2\/\"><\/a>\n\t\t\t\t\t\t\n\t\t\t\t\t<\/div>\n\t\t\t\t\t<img loading=\"lazy\" decoding=\"async\" width=\"350\" height=\"278\" src=\"https:\/\/www.edenpalace.ch\/wp-content\/uploads\/2024\/01\/eden-palace-chambre-deluxe-04-350x278.jpg\" class=\"attachment-shop_catalog size-shop_catalog wp-post-image\" alt=\"\" \/>\t\t\t<\/div><!--.product_thumbnail-->\n\n\t\t\t\n\t\t\t\t\t\t\n\t\t\t<div class=\"product_caption\">\n\t\t\t\t<div class=\"product_list_price\">\n\t\t\t\t\t\t\n\t\t\t\t<\/div>\n\t\t\t\t<div class=\"product-category\">\n\t\t\t\t\tIhren Aufenthalt\t\t\t\t<\/div>\n\t\t\t\t<h3><a class=\"product-title-link\" href=\"https:\/\/www.edenpalace.ch\/de\/produit\/ihren-aufenthalt-unterkunft-2\/\">Unterkunft<\/a><\/h3>\n\n\t\t\t\t\n\t\t\t<\/div>\n\n\t\t<\/div><!--.product_images_wrapper-->\n\n<\/li>                            \n<li class=\"\">\n\n\t<a href=\"https:\/\/www.edenpalace.ch\/de\/produit\/ihren-aufenthalt-firmenevents-privaten-events\/\" class=\"woocommerce-LoopProduct-link woocommerce-loop-product__link\">\n\n\n\t\t\n\t\t\n\t\t<div class=\"product_images_wrapper \">\n\n\t\t\t<div class=\"product_thumbnail\">\n\t\t\t\t\t<div class=\"product_images_hover\">\n\t\t\t\t\t\t<a class=\"read_more_product\" href=\"https:\/\/www.edenpalace.ch\/de\/produit\/ihren-aufenthalt-firmenevents-privaten-events\/\"><\/a>\n\t\t\t\t\t\t\n\t\t\t\t\t<\/div>\n\t\t\t\t\t<img loading=\"lazy\" decoding=\"async\" width=\"350\" height=\"350\" src=\"https:\/\/www.edenpalace.ch\/wp-content\/uploads\/2015\/11\/Eden-Palace-evenement-prive-box-350x350.jpg\" class=\"attachment-shop_catalog size-shop_catalog wp-post-image\" alt=\"\" srcset=\"https:\/\/www.edenpalace.ch\/wp-content\/uploads\/2015\/11\/Eden-Palace-evenement-prive-box.jpg 350w, https:\/\/www.edenpalace.ch\/wp-content\/uploads\/2015\/11\/Eden-Palace-evenement-prive-box-100x100.jpg 100w, https:\/\/www.edenpalace.ch\/wp-content\/uploads\/2015\/11\/Eden-Palace-evenement-prive-box-150x150.jpg 150w, https:\/\/www.edenpalace.ch\/wp-content\/uploads\/2015\/11\/Eden-Palace-evenement-prive-box-300x300.jpg 300w, https:\/\/www.edenpalace.ch\/wp-content\/uploads\/2015\/11\/Eden-Palace-evenement-prive-box-130x130.jpg 130w\" sizes=\"auto, (max-width: 350px) 100vw, 350px\" \/>\t\t\t<\/div><!--.product_thumbnail-->\n\n\t\t\t\n\t\t\t\t\t\t\n\t\t\t<div class=\"product_caption\">\n\t\t\t\t<div class=\"product_list_price\">\n\t\t\t\t\t\t\n\t\t\t\t<\/div>\n\t\t\t\t<div class=\"product-category\">\n\t\t\t\t\tIhren Aufenthalt\t\t\t\t<\/div>\n\t\t\t\t<h3><a class=\"product-title-link\" href=\"https:\/\/www.edenpalace.ch\/de\/produit\/ihren-aufenthalt-firmenevents-privaten-events\/\">Firmenevents \/ Privaten Events<\/a><\/h3>\n\n\t\t\t\t\n\t\t\t<\/div>\n\n\t\t<\/div><!--.product_images_wrapper-->\n\n<\/li>                            \n<li class=\"\">\n\n\t<a href=\"https:\/\/www.edenpalace.ch\/de\/produit\/ihren-aufenthalt-restaurants\/\" class=\"woocommerce-LoopProduct-link woocommerce-loop-product__link\">\n\n\n\t\t\n\t\t\n\t\t<div class=\"product_images_wrapper \">\n\n\t\t\t<div class=\"product_thumbnail\">\n\t\t\t\t\t<div class=\"product_images_hover\">\n\t\t\t\t\t\t<a class=\"read_more_product\" href=\"https:\/\/www.edenpalace.ch\/de\/produit\/ihren-aufenthalt-restaurants\/\"><\/a>\n\t\t\t\t\t\t\n\t\t\t\t\t<\/div>\n\t\t\t\t\t<img loading=\"lazy\" decoding=\"async\" width=\"350\" height=\"350\" src=\"https:\/\/www.edenpalace.ch\/wp-content\/uploads\/2016\/10\/eden-palace-terrasse-eden001-350x350.jpg\" class=\"attachment-shop_catalog size-shop_catalog wp-post-image\" alt=\"\" srcset=\"https:\/\/www.edenpalace.ch\/wp-content\/uploads\/2016\/10\/eden-palace-terrasse-eden001-350x350.jpg 350w, https:\/\/www.edenpalace.ch\/wp-content\/uploads\/2016\/10\/eden-palace-terrasse-eden001-100x100.jpg 100w, https:\/\/www.edenpalace.ch\/wp-content\/uploads\/2016\/10\/eden-palace-terrasse-eden001-150x150.jpg 150w, https:\/\/www.edenpalace.ch\/wp-content\/uploads\/2016\/10\/eden-palace-terrasse-eden001-130x130.jpg 130w\" sizes=\"auto, (max-width: 350px) 100vw, 350px\" \/>\t\t\t<\/div><!--.product_thumbnail-->\n\n\t\t\t\n\t\t\t\t\t\t\n\t\t\t<div class=\"product_caption\">\n\t\t\t\t<div class=\"product_list_price\">\n\t\t\t\t\t\t\n\t\t\t\t<\/div>\n\t\t\t\t<div class=\"product-category\">\n\t\t\t\t\tIhren Aufenthalt\t\t\t\t<\/div>\n\t\t\t\t<h3><a class=\"product-title-link\" href=\"https:\/\/www.edenpalace.ch\/de\/produit\/ihren-aufenthalt-restaurants\/\">Restaurants<\/a><\/h3>\n\n\t\t\t\t\n\t\t\t<\/div>\n\n\t\t<\/div><!--.product_images_wrapper-->\n\n<\/li>                            \n<li class=\"\">\n\n\t<a href=\"https:\/\/www.edenpalace.ch\/de\/produit\/ihren-aufenthalt-montreux-2\/\" class=\"woocommerce-LoopProduct-link woocommerce-loop-product__link\">\n\n\n\t\t\n\t\t\n\t\t<div class=\"product_images_wrapper \">\n\n\t\t\t<div class=\"product_thumbnail\">\n\t\t\t\t\t<div class=\"product_images_hover\">\n\t\t\t\t\t\t<a class=\"read_more_product\" href=\"https:\/\/www.edenpalace.ch\/de\/produit\/ihren-aufenthalt-montreux-2\/\"><\/a>\n\t\t\t\t\t\t\n\t\t\t\t\t<\/div>\n\t\t\t\t\t<img loading=\"lazy\" decoding=\"async\" width=\"337\" height=\"337\" src=\"https:\/\/www.edenpalace.ch\/wp-content\/uploads\/2016\/09\/eden-palace-chambre-montreux.png\" class=\"attachment-shop_catalog size-shop_catalog wp-post-image\" alt=\"\" srcset=\"https:\/\/www.edenpalace.ch\/wp-content\/uploads\/2016\/09\/eden-palace-chambre-montreux.png 337w, https:\/\/www.edenpalace.ch\/wp-content\/uploads\/2016\/09\/eden-palace-chambre-montreux-100x100.png 100w, https:\/\/www.edenpalace.ch\/wp-content\/uploads\/2016\/09\/eden-palace-chambre-montreux-150x150.png 150w, https:\/\/www.edenpalace.ch\/wp-content\/uploads\/2016\/09\/eden-palace-chambre-montreux-300x300.png 300w, https:\/\/www.edenpalace.ch\/wp-content\/uploads\/2016\/09\/eden-palace-chambre-montreux-130x130.png 130w\" sizes=\"auto, (max-width: 337px) 100vw, 337px\" \/>\t\t\t<\/div><!--.product_thumbnail-->\n\n\t\t\t\n\t\t\t\t\t\t\n\t\t\t<div class=\"product_caption\">\n\t\t\t\t<div class=\"product_list_price\">\n\t\t\t\t\t\t\n\t\t\t\t<\/div>\n\t\t\t\t<div class=\"product-category\">\n\t\t\t\t\tIhren Aufenthalt\t\t\t\t<\/div>\n\t\t\t\t<h3><a class=\"product-title-link\" href=\"https:\/\/www.edenpalace.ch\/de\/produit\/ihren-aufenthalt-montreux-2\/\">Montreux<\/a><\/h3>\n\n\t\t\t\t\n\t\t\t<\/div>\n\n\t\t<\/div><!--.product_images_wrapper-->\n\n<\/li>                    \t\t<\/ul>\n\t<\/div>\n\t[\/vc_column][\/vc_row]<\/p>\n<\/div>","protected":false},"excerpt":{"rendered":"<p>[vc_row][vc_column][rev_slider_vc alias=&#8221;eden-palace-restauration-chez-gaston-de&#8221;][\/vc_column][\/vc_row][vc_row type=&#8221;boxed&#8221; css=&#8221;.vc_custom_1475499756361{padding-top: 40px !important;padding-bottom: 30px !important;}&#8221;][vc_column width=&#8221;1\/2&#8243; css=&#8221;.vc_custom_1475499617608{padding-top: px !important;padding-right: px !important;padding-left: px !important;}&#8221;][rev_slider_vc alias=&#8221;eden-palace-chez-gaston&#8221;][\/vc_column][vc_column width=&#8221;1\/2&#8243; css=&#8221;.vc_custom_1475499782532{padding-top: 20px !important;}&#8221;][vc_row_inner][vc_column_inner][vc_column_text css=&#8221;.vc_custom_1625211874497{padding-right: 30px !important;padding-left: 30px !important;}&#8221;] In unserem Hotel finden Sie das Restaurant \u00ab\u00a0Chez Gaston\u00a0\u00bb, eine bei Feinschmeckern beliebte Adresse in Montreux. In einem herzlichen Ambiente auf unserer Terrasse mit Blick \u00fcber den Genfer See [&hellip;]<\/p>\n","protected":false},"author":1,"featured_media":0,"parent":2404,"menu_order":0,"comment_status":"closed","ping_status":"closed","template":"page-full-width.php","meta":{"_acf_changed":false,"footnotes":""},"class_list":["post-2407","page","type-page","status-publish","hentry"],"acf":[],"yoast_head":"<!-- This site is optimized with the Yoast SEO plugin v25.3 - https:\/\/yoast.com\/wordpress\/plugins\/seo\/ -->\n<title>RESTAURANT CHEZ GASTON - Eden Palace<\/title>\n<meta name=\"description\" content=\"In unserem Hotel finden Sie das Restaurant \u00ab Chez Gaston \u00bb, eine bei Feinschmeckern beliebte Adresse in Montreux.\" \/>\n<meta name=\"robots\" content=\"index, follow, max-snippet:-1, max-image-preview:large, max-video-preview:-1\" \/>\n<link rel=\"canonical\" href=\"https:\/\/www.edenpalace.ch\/fr\/restauration\/chez-gaston\/\" \/>\n<meta property=\"og:locale\" content=\"de_DE\" \/>\n<meta property=\"og:type\" content=\"article\" \/>\n<meta property=\"og:title\" content=\"RESTAURANT CHEZ GASTON - Eden Palace\" \/>\n<meta property=\"og:description\" content=\"In unserem Hotel finden Sie das Restaurant \u00ab Chez Gaston \u00bb, eine bei Feinschmeckern beliebte Adresse in Montreux.\" \/>\n<meta property=\"og:url\" content=\"https:\/\/www.edenpalace.ch\/fr\/restauration\/chez-gaston\/\" \/>\n<meta property=\"og:site_name\" content=\"Eden Palace\" \/>\n<meta property=\"article:modified_time\" content=\"2024-10-19T08:42:08+00:00\" \/>\n<meta name=\"twitter:card\" content=\"summary_large_image\" \/>\n<meta name=\"twitter:label1\" content=\"Gesch\u00e4tzte Lesezeit\" \/>\n\t<meta name=\"twitter:data1\" content=\"3\u00a0Minuten\" \/>\n<script type=\"application\/ld+json\" class=\"yoast-schema-graph\">{\"@context\":\"https:\/\/schema.org\",\"@graph\":[{\"@type\":\"WebPage\",\"@id\":\"https:\/\/www.edenpalace.ch\/fr\/restauration\/chez-gaston\/\",\"url\":\"https:\/\/www.edenpalace.ch\/fr\/restauration\/chez-gaston\/\",\"name\":\"RESTAURANT CHEZ GASTON - Eden Palace\",\"isPartOf\":{\"@id\":\"https:\/\/www.edenpalace.ch\/en\/#website\"},\"datePublished\":\"2016-11-22T13:32:57+00:00\",\"dateModified\":\"2024-10-19T08:42:08+00:00\",\"description\":\"In unserem Hotel finden Sie das Restaurant \u00ab Chez Gaston \u00bb, eine bei Feinschmeckern beliebte Adresse in Montreux.\",\"breadcrumb\":{\"@id\":\"https:\/\/www.edenpalace.ch\/fr\/restauration\/chez-gaston\/#breadcrumb\"},\"inLanguage\":\"de\",\"potentialAction\":[{\"@type\":\"ReadAction\",\"target\":[\"https:\/\/www.edenpalace.ch\/fr\/restauration\/chez-gaston\/\"]}]},{\"@type\":\"BreadcrumbList\",\"@id\":\"https:\/\/www.edenpalace.ch\/fr\/restauration\/chez-gaston\/#breadcrumb\",\"itemListElement\":[{\"@type\":\"ListItem\",\"position\":1,\"name\":\"Accueil\",\"item\":\"https:\/\/www.edenpalace.ch\/de\/\"},{\"@type\":\"ListItem\",\"position\":2,\"name\":\"Restaurants\",\"item\":\"https:\/\/www.edenpalace.ch\/de\/restaurants\/\"},{\"@type\":\"ListItem\",\"position\":3,\"name\":\"Chez Gaston\"}]},{\"@type\":\"WebSite\",\"@id\":\"https:\/\/www.edenpalace.ch\/en\/#website\",\"url\":\"https:\/\/www.edenpalace.ch\/en\/\",\"name\":\"Eden Palace\",\"description\":\"Un site utilisant WordPress\",\"potentialAction\":[{\"@type\":\"SearchAction\",\"target\":{\"@type\":\"EntryPoint\",\"urlTemplate\":\"https:\/\/www.edenpalace.ch\/en\/?s={search_term_string}\"},\"query-input\":{\"@type\":\"PropertyValueSpecification\",\"valueRequired\":true,\"valueName\":\"search_term_string\"}}],\"inLanguage\":\"de\"}]}<\/script>\n<!-- \/ Yoast SEO plugin. -->","yoast_head_json":{"title":"RESTAURANT CHEZ GASTON - Eden Palace","description":"In unserem Hotel finden Sie das Restaurant \u00ab Chez Gaston \u00bb, eine bei Feinschmeckern beliebte Adresse in Montreux.","robots":{"index":"index","follow":"follow","max-snippet":"max-snippet:-1","max-image-preview":"max-image-preview:large","max-video-preview":"max-video-preview:-1"},"canonical":"https:\/\/www.edenpalace.ch\/fr\/restauration\/chez-gaston\/","og_locale":"de_DE","og_type":"article","og_title":"RESTAURANT CHEZ GASTON - Eden Palace","og_description":"In unserem Hotel finden Sie das Restaurant \u00ab Chez Gaston \u00bb, eine bei Feinschmeckern beliebte Adresse in Montreux.","og_url":"https:\/\/www.edenpalace.ch\/fr\/restauration\/chez-gaston\/","og_site_name":"Eden Palace","article_modified_time":"2024-10-19T08:42:08+00:00","twitter_card":"summary_large_image","twitter_misc":{"Gesch\u00e4tzte Lesezeit":"3\u00a0Minuten"},"schema":{"@context":"https:\/\/schema.org","@graph":[{"@type":"WebPage","@id":"https:\/\/www.edenpalace.ch\/fr\/restauration\/chez-gaston\/","url":"https:\/\/www.edenpalace.ch\/fr\/restauration\/chez-gaston\/","name":"RESTAURANT CHEZ GASTON - Eden Palace","isPartOf":{"@id":"https:\/\/www.edenpalace.ch\/en\/#website"},"datePublished":"2016-11-22T13:32:57+00:00","dateModified":"2024-10-19T08:42:08+00:00","description":"In unserem Hotel finden Sie das Restaurant \u00ab Chez Gaston \u00bb, eine bei Feinschmeckern beliebte Adresse in Montreux.","breadcrumb":{"@id":"https:\/\/www.edenpalace.ch\/fr\/restauration\/chez-gaston\/#breadcrumb"},"inLanguage":"de","potentialAction":[{"@type":"ReadAction","target":["https:\/\/www.edenpalace.ch\/fr\/restauration\/chez-gaston\/"]}]},{"@type":"BreadcrumbList","@id":"https:\/\/www.edenpalace.ch\/fr\/restauration\/chez-gaston\/#breadcrumb","itemListElement":[{"@type":"ListItem","position":1,"name":"Accueil","item":"https:\/\/www.edenpalace.ch\/de\/"},{"@type":"ListItem","position":2,"name":"Restaurants","item":"https:\/\/www.edenpalace.ch\/de\/restaurants\/"},{"@type":"ListItem","position":3,"name":"Chez Gaston"}]},{"@type":"WebSite","@id":"https:\/\/www.edenpalace.ch\/en\/#website","url":"https:\/\/www.edenpalace.ch\/en\/","name":"Eden Palace","description":"Un site utilisant WordPress","potentialAction":[{"@type":"SearchAction","target":{"@type":"EntryPoint","urlTemplate":"https:\/\/www.edenpalace.ch\/en\/?s={search_term_string}"},"query-input":{"@type":"PropertyValueSpecification","valueRequired":true,"valueName":"search_term_string"}}],"inLanguage":"de"}]}},"_links":{"self":[{"href":"https:\/\/www.edenpalace.ch\/de\/wp-json\/wp\/v2\/pages\/2407","targetHints":{"allow":["GET"]}}],"collection":[{"href":"https:\/\/www.edenpalace.ch\/de\/wp-json\/wp\/v2\/pages"}],"about":[{"href":"https:\/\/www.edenpalace.ch\/de\/wp-json\/wp\/v2\/types\/page"}],"author":[{"embeddable":true,"href":"https:\/\/www.edenpalace.ch\/de\/wp-json\/wp\/v2\/users\/1"}],"replies":[{"embeddable":true,"href":"https:\/\/www.edenpalace.ch\/de\/wp-json\/wp\/v2\/comments?post=2407"}],"version-history":[{"count":50,"href":"https:\/\/www.edenpalace.ch\/de\/wp-json\/wp\/v2\/pages\/2407\/revisions"}],"predecessor-version":[{"id":6293,"href":"https:\/\/www.edenpalace.ch\/de\/wp-json\/wp\/v2\/pages\/2407\/revisions\/6293"}],"up":[{"embeddable":true,"href":"https:\/\/www.edenpalace.ch\/de\/wp-json\/wp\/v2\/pages\/2404"}],"wp:attachment":[{"href":"https:\/\/www.edenpalace.ch\/de\/wp-json\/wp\/v2\/media?parent=2407"}],"curies":[{"name":"wp","href":"https:\/\/api.w.org\/{rel}","templated":true}]}}