 
{"id":2400,"date":"2016-11-22T14:05:26","date_gmt":"2016-11-22T13:05:26","guid":{"rendered":"https:\/\/www.edenpalace.ch\/de\/?page_id=2400"},"modified":"2016-12-12T11:44:08","modified_gmt":"2016-12-12T10:44:08","slug":"villa-eden","status":"publish","type":"page","link":"https:\/\/www.edenpalace.ch\/de\/unterkunft\/villa-eden\/","title":{"rendered":"Villa Eden"},"content":{"rendered":"<div class=\"wpb-content-wrapper\"><p>[vc_row][vc_column][rev_slider_vc alias=&#8221;eden-palace-hebergement-chambre-deluxe&#8221;][\/vc_column][\/vc_row][vc_row type=&#8221;boxed&#8221; css=&#8221;.vc_custom_1477589326683{margin-top: 60px !important;margin-bottom: 0px !important;}&#8221;][vc_column width=&#8221;1\/2&#8243;][vc_empty_space][vc_single_image image=&#8221;1759&#8243; alignment=&#8221;center&#8221; style=&#8221;vc_box_border&#8221; border_color=&#8221;chino&#8221; img_size=&#8221;600&#215;450&#8243;][\/vc_column][vc_column width=&#8221;1\/2&#8243; el_class=&#8221;text-align-center&#8221;]<div class=\"benz_block_title style_9 \">\n\t\t\t\t<h2 class=\"title\" style=\"color:#303030\">Villa Eden<\/h2>\n\t\t\t<\/div>[vc_column_text]<\/p>\n<p style=\"text-align: justify;\">Das Hotel Eden Palace au Lac in Montreux bietet Ihnen eine einmalige Unterkunft in der <em>Villa Eden au Lac. <\/em>Die Villa Eden liegt am Ufer des Genfer Sees, gegen\u00fcber dem Hotel, und bietet einen Panoramablick \u00fcber den See und die Alpen. Hier finden Sie 5 h\u00f6chst komfortable Zimmer. Die Villa Eden au Lac ist ideal f\u00fcr romantische Ferien in der entspannten Atmosph\u00e4re unseres Hauses. Sie k\u00f6nnen die Villa auch f\u00fcr Ihre Familie oder VIP Gruppen reservieren. Alle G\u00e4ste in der Villa Eden genie\u00dfen das gleiche Serviceangebot, wie die G\u00e4ste des Eden Palace au Lac.<\/p>\n<p>[\/vc_column_text]<a href=\"https:\/\/www.edenpalace.ch\/de\/buchen\/\" target=\"_self\" data-hover-background-color=#140459 data-hover-border-color=#140459 data-hover-color=#ffffff class=\"nova-button  medium default\" style=\"font-size: 16px; line-height: 24px; color: #000000; background-color: rgba(255,255,255,0.01);border-style:solid;border-color:#000000;border-width:3px;border-radius: 10px;-moz-border-radius: 10px;-webkit-border-radius: 10px; \"><span> Buchen<\/span><\/a><div class=\"ult-spacer spacer-69e4ed0180263\" data-id=\"69e4ed0180263\" data-height=\"120\" data-height-mobile=\"60\" data-height-tab=\"60\" data-height-tab-portrait=\"60\" data-height-mobile-landscape=\"60\" style=\"clear:both;display:block;\"><\/div>[\/vc_column][\/vc_row][vc_row][vc_column]    \t\n\t\t\n\t\t\n\t\t\t<div class=\"benz_products_furniture woocommerce\">\n\t\t<ul id=\"benz-products-furniture-1143533576\" class=\"products product small-block-grid-1 medium-block-grid-2 large-block-grid-4\">\n                                    \n<li class=\"\">\n\n\t<a href=\"https:\/\/www.edenpalace.ch\/de\/produit\/ihren-aufenthalt-restaurant-chez-gaston\/\" class=\"woocommerce-LoopProduct-link woocommerce-loop-product__link\">\n\n\n\t\t\n\t\t\n\t\t<div class=\"product_images_wrapper \">\n\n\t\t\t<div class=\"product_thumbnail\">\n\t\t\t\t\t<div class=\"product_images_hover\">\n\t\t\t\t\t\t<a class=\"read_more_product\" href=\"https:\/\/www.edenpalace.ch\/de\/produit\/ihren-aufenthalt-restaurant-chez-gaston\/\"><\/a>\n\t\t\t\t\t\t\n\t\t\t\t\t<\/div>\n\t\t\t\t\t<img loading=\"lazy\" decoding=\"async\" width=\"350\" height=\"350\" src=\"https:\/\/www.edenpalace.ch\/wp-content\/uploads\/2016\/10\/eden-palace-restauration-gaston-box-350x350.jpg\" class=\"attachment-shop_catalog size-shop_catalog wp-post-image\" alt=\"\" srcset=\"https:\/\/www.edenpalace.ch\/wp-content\/uploads\/2016\/10\/eden-palace-restauration-gaston-box.jpg 350w, https:\/\/www.edenpalace.ch\/wp-content\/uploads\/2016\/10\/eden-palace-restauration-gaston-box-100x100.jpg 100w, https:\/\/www.edenpalace.ch\/wp-content\/uploads\/2016\/10\/eden-palace-restauration-gaston-box-150x150.jpg 150w, https:\/\/www.edenpalace.ch\/wp-content\/uploads\/2016\/10\/eden-palace-restauration-gaston-box-300x300.jpg 300w, https:\/\/www.edenpalace.ch\/wp-content\/uploads\/2016\/10\/eden-palace-restauration-gaston-box-130x130.jpg 130w\" sizes=\"auto, (max-width: 350px) 100vw, 350px\" \/>\t\t\t<\/div><!--.product_thumbnail-->\n\n\t\t\t\n\t\t\t\t\t\t\n\t\t\t<div class=\"product_caption\">\n\t\t\t\t<div class=\"product_list_price\">\n\t\t\t\t\t\t\n\t\t\t\t<\/div>\n\t\t\t\t<div class=\"product-category\">\n\t\t\t\t\tIhren Aufenthalt\t\t\t\t<\/div>\n\t\t\t\t<h3><a class=\"product-title-link\" href=\"https:\/\/www.edenpalace.ch\/de\/produit\/ihren-aufenthalt-restaurant-chez-gaston\/\">Restaurant Chez Gaston<\/a><\/h3>\n\n\t\t\t\t\n\t\t\t<\/div>\n\n\t\t<\/div><!--.product_images_wrapper-->\n\n<\/li>                            \n<li class=\"\">\n\n\t<a href=\"https:\/\/www.edenpalace.ch\/de\/produit\/ihren-aufenthalt-unterkunft\/\" class=\"woocommerce-LoopProduct-link woocommerce-loop-product__link\">\n\n\n\t\t\n\t\t\n\t\t<div class=\"product_images_wrapper \">\n\n\t\t\t<div class=\"product_thumbnail\">\n\t\t\t\t\t<div class=\"product_images_hover\">\n\t\t\t\t\t\t<a class=\"read_more_product\" href=\"https:\/\/www.edenpalace.ch\/de\/produit\/ihren-aufenthalt-unterkunft\/\"><\/a>\n\t\t\t\t\t\t\n\t\t\t\t\t<\/div>\n\t\t\t\t\t<img loading=\"lazy\" decoding=\"async\" width=\"350\" height=\"496\" src=\"https:\/\/www.edenpalace.ch\/wp-content\/uploads\/2024\/01\/edenpalace-chambre-deluxe-02-350x496.jpg\" class=\"attachment-shop_catalog size-shop_catalog wp-post-image\" alt=\"\" \/>\t\t\t<\/div><!--.product_thumbnail-->\n\n\t\t\t\n\t\t\t\t\t\t\n\t\t\t<div class=\"product_caption\">\n\t\t\t\t<div class=\"product_list_price\">\n\t\t\t\t\t\t\n\t\t\t\t<\/div>\n\t\t\t\t<div class=\"product-category\">\n\t\t\t\t\tIhren Aufenthalt\t\t\t\t<\/div>\n\t\t\t\t<h3><a class=\"product-title-link\" href=\"https:\/\/www.edenpalace.ch\/de\/produit\/ihren-aufenthalt-unterkunft\/\">Unterkunft<\/a><\/h3>\n\n\t\t\t\t\n\t\t\t<\/div>\n\n\t\t<\/div><!--.product_images_wrapper-->\n\n<\/li>                            \n<li class=\"\">\n\n\t<a href=\"https:\/\/www.edenpalace.ch\/de\/produit\/ihren-aufenthalt-firmenevents\/\" class=\"woocommerce-LoopProduct-link woocommerce-loop-product__link\">\n\n\n\t\t\n\t\t\n\t\t<div class=\"product_images_wrapper \">\n\n\t\t\t<div class=\"product_thumbnail\">\n\t\t\t\t\t<div class=\"product_images_hover\">\n\t\t\t\t\t\t<a class=\"read_more_product\" href=\"https:\/\/www.edenpalace.ch\/de\/produit\/ihren-aufenthalt-firmenevents\/\"><\/a>\n\t\t\t\t\t\t\n\t\t\t\t\t<\/div>\n\t\t\t\t\t<img loading=\"lazy\" decoding=\"async\" width=\"350\" height=\"350\" src=\"https:\/\/www.edenpalace.ch\/wp-content\/uploads\/2015\/11\/Eden-Palace-salle-conferences-box4-350x350.jpg\" class=\"attachment-shop_catalog size-shop_catalog wp-post-image\" alt=\"\" srcset=\"https:\/\/www.edenpalace.ch\/wp-content\/uploads\/2015\/11\/Eden-Palace-salle-conferences-box4.jpg 350w, https:\/\/www.edenpalace.ch\/wp-content\/uploads\/2015\/11\/Eden-Palace-salle-conferences-box4-100x100.jpg 100w, https:\/\/www.edenpalace.ch\/wp-content\/uploads\/2015\/11\/Eden-Palace-salle-conferences-box4-150x150.jpg 150w, https:\/\/www.edenpalace.ch\/wp-content\/uploads\/2015\/11\/Eden-Palace-salle-conferences-box4-300x300.jpg 300w, https:\/\/www.edenpalace.ch\/wp-content\/uploads\/2015\/11\/Eden-Palace-salle-conferences-box4-130x130.jpg 130w\" sizes=\"auto, (max-width: 350px) 100vw, 350px\" \/>\t\t\t<\/div><!--.product_thumbnail-->\n\n\t\t\t\n\t\t\t\t\t\t\n\t\t\t<div class=\"product_caption\">\n\t\t\t\t<div class=\"product_list_price\">\n\t\t\t\t\t\t\n\t\t\t\t<\/div>\n\t\t\t\t<div class=\"product-category\">\n\t\t\t\t\tIhren Aufenthalt\t\t\t\t<\/div>\n\t\t\t\t<h3><a class=\"product-title-link\" href=\"https:\/\/www.edenpalace.ch\/de\/produit\/ihren-aufenthalt-firmenevents\/\">Firmenevents<\/a><\/h3>\n\n\t\t\t\t\n\t\t\t<\/div>\n\n\t\t<\/div><!--.product_images_wrapper-->\n\n<\/li>                            \n<li class=\"\">\n\n\t<a href=\"https:\/\/www.edenpalace.ch\/de\/produit\/ihren-aufenthalt-montreux\/\" class=\"woocommerce-LoopProduct-link woocommerce-loop-product__link\">\n\n\n\t\t\n\t\t\n\t\t<div class=\"product_images_wrapper \">\n\n\t\t\t<div class=\"product_thumbnail\">\n\t\t\t\t\t<div class=\"product_images_hover\">\n\t\t\t\t\t\t<a class=\"read_more_product\" href=\"https:\/\/www.edenpalace.ch\/de\/produit\/ihren-aufenthalt-montreux\/\"><\/a>\n\t\t\t\t\t\t\n\t\t\t\t\t<\/div>\n\t\t\t\t\t<img loading=\"lazy\" decoding=\"async\" width=\"337\" height=\"337\" src=\"https:\/\/www.edenpalace.ch\/wp-content\/uploads\/2016\/09\/eden-palace-chambre-montreux.png\" class=\"attachment-shop_catalog size-shop_catalog wp-post-image\" alt=\"\" srcset=\"https:\/\/www.edenpalace.ch\/wp-content\/uploads\/2016\/09\/eden-palace-chambre-montreux.png 337w, https:\/\/www.edenpalace.ch\/wp-content\/uploads\/2016\/09\/eden-palace-chambre-montreux-100x100.png 100w, https:\/\/www.edenpalace.ch\/wp-content\/uploads\/2016\/09\/eden-palace-chambre-montreux-150x150.png 150w, https:\/\/www.edenpalace.ch\/wp-content\/uploads\/2016\/09\/eden-palace-chambre-montreux-300x300.png 300w, https:\/\/www.edenpalace.ch\/wp-content\/uploads\/2016\/09\/eden-palace-chambre-montreux-130x130.png 130w\" sizes=\"auto, (max-width: 337px) 100vw, 337px\" \/>\t\t\t<\/div><!--.product_thumbnail-->\n\n\t\t\t\n\t\t\t\t\t\t\n\t\t\t<div class=\"product_caption\">\n\t\t\t\t<div class=\"product_list_price\">\n\t\t\t\t\t\t\n\t\t\t\t<\/div>\n\t\t\t\t<div class=\"product-category\">\n\t\t\t\t\tIhren Aufenthalt\t\t\t\t<\/div>\n\t\t\t\t<h3><a class=\"product-title-link\" href=\"https:\/\/www.edenpalace.ch\/de\/produit\/ihren-aufenthalt-montreux\/\">Montreux<\/a><\/h3>\n\n\t\t\t\t\n\t\t\t<\/div>\n\n\t\t<\/div><!--.product_images_wrapper-->\n\n<\/li>                    \t\t<\/ul>\n\t<\/div>\n\t[\/vc_column][\/vc_row]<\/p>\n<\/div>","protected":false},"excerpt":{"rendered":"<p>[vc_row][vc_column][rev_slider_vc alias=&#8221;eden-palace-hebergement-chambre-deluxe&#8221;][\/vc_column][\/vc_row][vc_row type=&#8221;boxed&#8221; css=&#8221;.vc_custom_1477589326683{margin-top: 60px !important;margin-bottom: 0px !important;}&#8221;][vc_column width=&#8221;1\/2&#8243;][vc_empty_space][vc_single_image image=&#8221;1759&#8243; alignment=&#8221;center&#8221; style=&#8221;vc_box_border&#8221; border_color=&#8221;chino&#8221; img_size=&#8221;600&#215;450&#8243;][\/vc_column][vc_column width=&#8221;1\/2&#8243; el_class=&#8221;text-align-center&#8221;][vc_column_text] Das Hotel Eden Palace au Lac in Montreux bietet Ihnen eine einmalige Unterkunft in der Villa Eden au Lac. Die Villa Eden liegt am Ufer des Genfer Sees, gegen\u00fcber dem Hotel, und bietet einen Panoramablick \u00fcber den See und [&hellip;]<\/p>\n","protected":false},"author":1,"featured_media":0,"parent":2389,"menu_order":0,"comment_status":"closed","ping_status":"closed","template":"page-full-width.php","meta":{"_acf_changed":false,"footnotes":""},"class_list":["post-2400","page","type-page","status-publish","hentry"],"acf":[],"yoast_head":"<!-- This site is optimized with the Yoast SEO plugin v25.3 - https:\/\/yoast.com\/wordpress\/plugins\/seo\/ -->\n<title>VILLA EDEN - Eden Palace<\/title>\n<meta name=\"description\" content=\"Das Hotel Eden Palace au Lac in Montreux bietet Ihnen eine einmalige Unterkunft in der Villa Eden au Lac.\" \/>\n<meta name=\"robots\" content=\"index, follow, max-snippet:-1, max-image-preview:large, max-video-preview:-1\" \/>\n<link rel=\"canonical\" href=\"https:\/\/www.edenpalace.ch\/fr\/hebergement\/villa-eden\/\" \/>\n<meta property=\"og:locale\" content=\"de_DE\" \/>\n<meta property=\"og:type\" content=\"article\" \/>\n<meta property=\"og:title\" content=\"VILLA EDEN - Eden Palace\" \/>\n<meta property=\"og:description\" content=\"Das Hotel Eden Palace au Lac in Montreux bietet Ihnen eine einmalige Unterkunft in der Villa Eden au Lac.\" \/>\n<meta property=\"og:url\" content=\"https:\/\/www.edenpalace.ch\/fr\/hebergement\/villa-eden\/\" \/>\n<meta property=\"og:site_name\" content=\"Eden Palace\" \/>\n<meta property=\"article:modified_time\" content=\"2016-12-12T10:44:08+00:00\" \/>\n<meta name=\"twitter:card\" content=\"summary_large_image\" \/>\n<meta name=\"twitter:label1\" content=\"Gesch\u00e4tzte Lesezeit\" \/>\n\t<meta name=\"twitter:data1\" content=\"1\u00a0Minute\" \/>\n<script type=\"application\/ld+json\" class=\"yoast-schema-graph\">{\"@context\":\"https:\/\/schema.org\",\"@graph\":[{\"@type\":\"WebPage\",\"@id\":\"https:\/\/www.edenpalace.ch\/fr\/hebergement\/villa-eden\/\",\"url\":\"https:\/\/www.edenpalace.ch\/fr\/hebergement\/villa-eden\/\",\"name\":\"VILLA EDEN - Eden Palace\",\"isPartOf\":{\"@id\":\"https:\/\/www.edenpalace.ch\/en\/#website\"},\"datePublished\":\"2016-11-22T13:05:26+00:00\",\"dateModified\":\"2016-12-12T10:44:08+00:00\",\"description\":\"Das Hotel Eden Palace au Lac in Montreux bietet Ihnen eine einmalige Unterkunft in der Villa Eden au Lac.\",\"breadcrumb\":{\"@id\":\"https:\/\/www.edenpalace.ch\/fr\/hebergement\/villa-eden\/#breadcrumb\"},\"inLanguage\":\"de\",\"potentialAction\":[{\"@type\":\"ReadAction\",\"target\":[\"https:\/\/www.edenpalace.ch\/fr\/hebergement\/villa-eden\/\"]}]},{\"@type\":\"BreadcrumbList\",\"@id\":\"https:\/\/www.edenpalace.ch\/fr\/hebergement\/villa-eden\/#breadcrumb\",\"itemListElement\":[{\"@type\":\"ListItem\",\"position\":1,\"name\":\"Accueil\",\"item\":\"https:\/\/www.edenpalace.ch\/de\/\"},{\"@type\":\"ListItem\",\"position\":2,\"name\":\"Unterkunft\",\"item\":\"https:\/\/www.edenpalace.ch\/fr\/hebergement\/\"},{\"@type\":\"ListItem\",\"position\":3,\"name\":\"Villa Eden\"}]},{\"@type\":\"WebSite\",\"@id\":\"https:\/\/www.edenpalace.ch\/en\/#website\",\"url\":\"https:\/\/www.edenpalace.ch\/en\/\",\"name\":\"Eden Palace\",\"description\":\"Un site utilisant WordPress\",\"potentialAction\":[{\"@type\":\"SearchAction\",\"target\":{\"@type\":\"EntryPoint\",\"urlTemplate\":\"https:\/\/www.edenpalace.ch\/en\/?s={search_term_string}\"},\"query-input\":{\"@type\":\"PropertyValueSpecification\",\"valueRequired\":true,\"valueName\":\"search_term_string\"}}],\"inLanguage\":\"de\"}]}<\/script>\n<!-- \/ Yoast SEO plugin. -->","yoast_head_json":{"title":"VILLA EDEN - Eden Palace","description":"Das Hotel Eden Palace au Lac in Montreux bietet Ihnen eine einmalige Unterkunft in der Villa Eden au Lac.","robots":{"index":"index","follow":"follow","max-snippet":"max-snippet:-1","max-image-preview":"max-image-preview:large","max-video-preview":"max-video-preview:-1"},"canonical":"https:\/\/www.edenpalace.ch\/fr\/hebergement\/villa-eden\/","og_locale":"de_DE","og_type":"article","og_title":"VILLA EDEN - Eden Palace","og_description":"Das Hotel Eden Palace au Lac in Montreux bietet Ihnen eine einmalige Unterkunft in der Villa Eden au Lac.","og_url":"https:\/\/www.edenpalace.ch\/fr\/hebergement\/villa-eden\/","og_site_name":"Eden Palace","article_modified_time":"2016-12-12T10:44:08+00:00","twitter_card":"summary_large_image","twitter_misc":{"Gesch\u00e4tzte Lesezeit":"1\u00a0Minute"},"schema":{"@context":"https:\/\/schema.org","@graph":[{"@type":"WebPage","@id":"https:\/\/www.edenpalace.ch\/fr\/hebergement\/villa-eden\/","url":"https:\/\/www.edenpalace.ch\/fr\/hebergement\/villa-eden\/","name":"VILLA EDEN - Eden Palace","isPartOf":{"@id":"https:\/\/www.edenpalace.ch\/en\/#website"},"datePublished":"2016-11-22T13:05:26+00:00","dateModified":"2016-12-12T10:44:08+00:00","description":"Das Hotel Eden Palace au Lac in Montreux bietet Ihnen eine einmalige Unterkunft in der Villa Eden au Lac.","breadcrumb":{"@id":"https:\/\/www.edenpalace.ch\/fr\/hebergement\/villa-eden\/#breadcrumb"},"inLanguage":"de","potentialAction":[{"@type":"ReadAction","target":["https:\/\/www.edenpalace.ch\/fr\/hebergement\/villa-eden\/"]}]},{"@type":"BreadcrumbList","@id":"https:\/\/www.edenpalace.ch\/fr\/hebergement\/villa-eden\/#breadcrumb","itemListElement":[{"@type":"ListItem","position":1,"name":"Accueil","item":"https:\/\/www.edenpalace.ch\/de\/"},{"@type":"ListItem","position":2,"name":"Unterkunft","item":"https:\/\/www.edenpalace.ch\/fr\/hebergement\/"},{"@type":"ListItem","position":3,"name":"Villa Eden"}]},{"@type":"WebSite","@id":"https:\/\/www.edenpalace.ch\/en\/#website","url":"https:\/\/www.edenpalace.ch\/en\/","name":"Eden Palace","description":"Un site utilisant WordPress","potentialAction":[{"@type":"SearchAction","target":{"@type":"EntryPoint","urlTemplate":"https:\/\/www.edenpalace.ch\/en\/?s={search_term_string}"},"query-input":{"@type":"PropertyValueSpecification","valueRequired":true,"valueName":"search_term_string"}}],"inLanguage":"de"}]}},"_links":{"self":[{"href":"https:\/\/www.edenpalace.ch\/de\/wp-json\/wp\/v2\/pages\/2400","targetHints":{"allow":["GET"]}}],"collection":[{"href":"https:\/\/www.edenpalace.ch\/de\/wp-json\/wp\/v2\/pages"}],"about":[{"href":"https:\/\/www.edenpalace.ch\/de\/wp-json\/wp\/v2\/types\/page"}],"author":[{"embeddable":true,"href":"https:\/\/www.edenpalace.ch\/de\/wp-json\/wp\/v2\/users\/1"}],"replies":[{"embeddable":true,"href":"https:\/\/www.edenpalace.ch\/de\/wp-json\/wp\/v2\/comments?post=2400"}],"version-history":[{"count":9,"href":"https:\/\/www.edenpalace.ch\/de\/wp-json\/wp\/v2\/pages\/2400\/revisions"}],"predecessor-version":[{"id":4005,"href":"https:\/\/www.edenpalace.ch\/de\/wp-json\/wp\/v2\/pages\/2400\/revisions\/4005"}],"up":[{"embeddable":true,"href":"https:\/\/www.edenpalace.ch\/de\/wp-json\/wp\/v2\/pages\/2389"}],"wp:attachment":[{"href":"https:\/\/www.edenpalace.ch\/de\/wp-json\/wp\/v2\/media?parent=2400"}],"curies":[{"name":"wp","href":"https:\/\/api.w.org\/{rel}","templated":true}]}}